{"id":2466,"date":"2025-11-06T11:41:18","date_gmt":"2025-11-06T14:41:18","guid":{"rendered":"https:\/\/plataformaprojetos.site\/loja1wagner\/?post_type=product&#038;p=2466"},"modified":"2025-11-06T11:49:41","modified_gmt":"2025-11-06T14:49:41","slug":"fritadeira-eletrica-air-fryer-mondial-af-36-fb-pratic-36l-lampada-piloto-aviso-sonoro-preta-110v","status":"publish","type":"product","link":"https:\/\/plataformaprojetos.site\/loja1wagner\/produto\/fritadeira-eletrica-air-fryer-mondial-af-36-fb-pratic-36l-lampada-piloto-aviso-sonoro-preta-110v\/","title":{"rendered":"Fritadeira El\u00e9trica Air Fryer Mondial AF-36-FB Pratic 3,6L L\u00e2mpada Piloto Aviso Sonoro Preta &#8211; 110V"},"content":{"rendered":"<div id=\"product-special-content-partner\" data-testid=\"product-special-content\">\n<div class=\"css-1n35da2\" data-component=\"special-content\" data-version=\"1.0.1-2\">\n<div class=\"css-1wb3f7s\">\n<div class=\"css-gbwsnk\"><img decoding=\"async\" src=\"https:\/\/imgs.via.com.br\/special-contents\/1f2a01c6-8ee8-4993-8ac2-17f6efc90e36\/7a2fa27c-cd3a-4c7f-8ca6-c9e8c4aff8a2.jpg\" alt=\"Fritadeira El\u00e9trica Sem \u00d3leo Air Fryer Mondial AF-36-FB 3,6L - Preta - 110V\" \/><\/div>\n<div class=\"css-gbwsnk\"><img decoding=\"async\" src=\"https:\/\/imgs.via.com.br\/special-contents\/1f2a01c6-8ee8-4993-8ac2-17f6efc90e36\/55cc3aa1-b787-4007-ba54-e90849919291.jpg\" alt=\"Fritadeira El\u00e9trica Sem \u00d3leo Air Fryer Mondial AF-36-FB 3,6L - Preta - 110V\" \/><\/div>\n<div class=\"css-gbwsnk\"><img decoding=\"async\" src=\"https:\/\/imgs.via.com.br\/special-contents\/1f2a01c6-8ee8-4993-8ac2-17f6efc90e36\/3f1c379d-20b0-43b1-b456-b94233a172f4.jpg\" alt=\"Fritadeira El\u00e9trica Sem \u00d3leo Air Fryer Mondial AF-36-FB 3,6L - Preta - 110V\" \/><\/div>\n<div class=\"css-gbwsnk\"><img decoding=\"async\" src=\"https:\/\/imgs.via.com.br\/special-contents\/1f2a01c6-8ee8-4993-8ac2-17f6efc90e36\/11813db2-e27d-4fa2-8b39-48d3b8aa2c99.jpg\" alt=\"Fritadeira El\u00e9trica Sem \u00d3leo Air Fryer Mondial AF-36-FB 3,6L - Preta - 110V\" \/><\/div>\n<div class=\"css-gbwsnk\"><img decoding=\"async\" src=\"https:\/\/imgs.via.com.br\/special-contents\/1f2a01c6-8ee8-4993-8ac2-17f6efc90e36\/a3c6b6e4-beb0-4739-941a-cb460d2bb7ac.jpg\" alt=\"Fritadeira El\u00e9trica Sem \u00d3leo Air Fryer Mondial AF-36-FB 3,6L - Preta - 110V\" \/><\/div>\n<div class=\"css-gbwsnk\"><img decoding=\"async\" src=\"https:\/\/imgs.via.com.br\/special-contents\/1f2a01c6-8ee8-4993-8ac2-17f6efc90e36\/fa03cb6e-2f92-4f7d-8f07-3f2a9ad68ced.jpg\" alt=\"Fritadeira El\u00e9trica Sem \u00d3leo Air Fryer Mondial AF-36-FB 3,6L - Preta - 110V\" \/><\/div>\n<\/div>\n<\/div>\n<\/div>\n<div>\n<div id=\"product-description\"><strong>Fritadeira El\u00e9trica Air Fryer Mondial AF-36-FB Pratic 3,6L &#8211; Alimenta\u00e7\u00e3o mais saud\u00e1vel e sem complica\u00e7\u00e3o!<\/strong>Acrescente praticidade e sa\u00fade \u00e0 sua rotina di\u00e1ria com a Air Fryer Mondial AF-36-FB. A Tecnologia de Circula\u00e7\u00e3o de Ar Quente cozinha, frita (a ar), assa e tosta os alimentos sem precisar adicionar \u00f3leo ou manteiga.<\/p>\n<p>Al\u00e9m disso, a alta pot\u00eancia proporciona rapidez no preparo das receitas. A Air Fryer possui capacidade de 3,6 litros e o cesto \u00e9 revestido com antiaderente Duraflon, tecnologia exclusiva Mondial.<\/p>\n<p>A Air Fryer \u00e9 vers\u00e1til e permite que voc\u00ea prepare pratos que v\u00e3o muito al\u00e9m da cl\u00e1ssica batata frita. \u00c9 poss\u00edvel preparar legumes, carnes, peixes, lasanha, pizzas, al\u00e9m de pratos doces, como pudim, bolo de chocolate e cookies.<\/p>\n<\/div>\n<\/div>\n","protected":false},"excerpt":{"rendered":"<p>Fritadeira El\u00e9trica Air Fryer Mondial AF-36-FB Pratic 3,6L &#8211; Alimenta\u00e7\u00e3o mais saud\u00e1vel e sem complica\u00e7\u00e3o!Acrescente praticidade e sa\u00fade \u00e0 sua rotina di\u00e1ria com a Air Fryer Mondial AF-36-FB. A Tecnologia de Circula\u00e7\u00e3o de Ar Quente cozinha, frita (a ar), assa e tosta os alimentos sem precisar adicionar \u00f3leo ou manteiga. Al\u00e9m disso, a alta pot\u00eancia [&hellip;]<\/p>\n","protected":false},"featured_media":2471,"comment_status":"open","ping_status":"closed","template":"","meta":[],"product_brand":[],"product_cat":[72,79],"product_tag":[],"class_list":{"0":"post-2466","1":"product","2":"type-product","3":"status-publish","4":"has-post-thumbnail","6":"product_cat-eletroportateis","7":"product_cat-utilidades-domestica","9":"first","10":"instock","11":"shipping-taxable","12":"purchasable","13":"product-type-simple"},"_links":{"self":[{"href":"https:\/\/plataformaprojetos.site\/loja1wagner\/wp-json\/wp\/v2\/product\/2466","targetHints":{"allow":["GET"]}}],"collection":[{"href":"https:\/\/plataformaprojetos.site\/loja1wagner\/wp-json\/wp\/v2\/product"}],"about":[{"href":"https:\/\/plataformaprojetos.site\/loja1wagner\/wp-json\/wp\/v2\/types\/product"}],"replies":[{"embeddable":true,"href":"https:\/\/plataformaprojetos.site\/loja1wagner\/wp-json\/wp\/v2\/comments?post=2466"}],"wp:featuredmedia":[{"embeddable":true,"href":"https:\/\/plataformaprojetos.site\/loja1wagner\/wp-json\/wp\/v2\/media\/2471"}],"wp:attachment":[{"href":"https:\/\/plataformaprojetos.site\/loja1wagner\/wp-json\/wp\/v2\/media?parent=2466"}],"wp:term":[{"taxonomy":"product_brand","embeddable":true,"href":"https:\/\/plataformaprojetos.site\/loja1wagner\/wp-json\/wp\/v2\/product_brand?post=2466"},{"taxonomy":"product_cat","embeddable":true,"href":"https:\/\/plataformaprojetos.site\/loja1wagner\/wp-json\/wp\/v2\/product_cat?post=2466"},{"taxonomy":"product_tag","embeddable":true,"href":"https:\/\/plataformaprojetos.site\/loja1wagner\/wp-json\/wp\/v2\/product_tag?post=2466"}],"curies":[{"name":"wp","href":"https:\/\/api.w.org\/{rel}","templated":true}]}}