{"id":2475,"date":"2025-11-06T11:49:05","date_gmt":"2025-11-06T14:49:05","guid":{"rendered":"https:\/\/plataformaprojetos.site\/loja1wagner\/?post_type=product&#038;p=2475"},"modified":"2025-12-15T13:30:08","modified_gmt":"2025-12-15T16:30:08","slug":"aspirador-po-e-agua-electrolux-hidrolux-awd01-1400w-5l-com-acessorios-preto-110v","status":"publish","type":"product","link":"https:\/\/plataformaprojetos.site\/loja1wagner\/produto\/aspirador-po-e-agua-electrolux-hidrolux-awd01-1400w-5l-com-acessorios-preto-110v\/","title":{"rendered":"Aspirador P\u00f3 e \u00c1gua Electrolux Hidrolux AWD01 1400W 5L com Acess\u00f3rios Preto &#8211; 110V"},"content":{"rendered":"<div id=\"product-special-content-partner\" data-testid=\"product-special-content\">\n<div class=\"css-1n35da2\" data-component=\"special-content\" data-version=\"1.0.1-2\">\n<div class=\"css-1wb3f7s\">\n<div class=\"css-gbwsnk\"><img decoding=\"async\" src=\"https:\/\/imgs.via.com.br\/special-contents\/dfb8214f-5092-4c60-a749-6770aaed010f\/fdf49311-c142-47f4-8322-5215303acafe.jpg\" alt=\"Aspirador \u00c1gua P\u00f3 Electrolux Hidrolux AWD01 1250W\" \/><\/div>\n<div class=\"css-qk8zzo\">\n<div>\n<h2><strong>Aspirador de \u00c1gua e P\u00f3 Electrolux Hidrolux AWD01<\/strong><\/h2>\n<p class=\"ql-align-justify\">Eficiente e multifuncional, o\u00a0<strong>Aspirador de \u00c1gua e P\u00f3 Electrolux Hidrolux AWD01\u00a0<\/strong>vai facilitar a limpeza de pisos, tapetes e estofados, proporcionando higiene e bem estar. Compacto e potente, este aparelho \u00e9 f\u00e1cil de manusear e ainda conta com dois bocais (um para todos os tipos de pisos e outro para cantos e frestas) e dois tubos prolongadores de pl\u00e1stico.<\/p>\n<\/div>\n<\/div>\n<div class=\"css-gbwsnk\"><img decoding=\"async\" src=\"https:\/\/imgs.via.com.br\/special-contents\/dfb8214f-5092-4c60-a749-6770aaed010f\/b0f7ad89-831c-4de4-8114-ac5125782e16.jpg\" alt=\"Aspirador Electrolux Hidrolux 5 litros \u00c1gua 1,2L litro P\u00f3\" \/><\/div>\n<div class=\"css-qk8zzo\">\n<div>\n<h3><strong>Produto multifuncional<\/strong><\/h3>\n<p class=\"ql-align-justify\">Com alto poder de suc\u00e7\u00e3o para res\u00edduos s\u00f3lidos ou l\u00edquidos, o Hidrolux AWD01 consegue armazenar\u00a0<strong>at\u00e9 1,2 litro de p\u00f3 e 5 litros de \u00e1gua<\/strong>, podendo aspirar inclusive lama, al\u00e9m de auxiliar no desentupimento de pias. Como se n\u00e3o bastasse, este\u00a0<a href=\"https:\/\/www.casasbahia.com.br\/eletroportateis?filtro=c73&amp;utm_source=paginaespecial&amp;utm_medium=casasbahia&amp;utm_campaign=aspirador\" target=\"_blank\" rel=\"noopener noreferrer\">eletroport\u00e1til<\/a>\u00a0ainda conta com a\u00a0<strong>fun\u00e7\u00e3o Sopro<\/strong>, que oferece total praticidade para encher bal\u00f5es, colch\u00f5es de ar, acender churrasqueira, etc.<\/p>\n<\/div>\n<\/div>\n<div class=\"css-gbwsnk\"><img decoding=\"async\" src=\"https:\/\/imgs.via.com.br\/special-contents\/dfb8214f-5092-4c60-a749-6770aaed010f\/5e2afac8-93a0-48c8-996d-8a3a8b703e78.jpg\" alt=\"Aspirador \u00c1gua P\u00f3 Electrolux Hidrolux AWD01 \" \/><\/div>\n<div class=\"css-qk8zzo\">\n<div>\n<h3><strong>1250W de pot\u00eancia Pr\u00e1tico e eficiente<\/strong><\/h3>\n<p class=\"ql-align-justify\">Pr\u00e1tico, potente e eficiente, este\u00a0<a href=\"https:\/\/www.casasbahia.com.br\/aspirador-electrolux\/b?&amp;utm_source=paginaespecial&amp;utm_medium=casasbahia&amp;utm_campaign=aspirador_electrolux\" target=\"_blank\" rel=\"noopener noreferrer\"><u>aspirador de \u00e1gua e p\u00f3 Electrolux<\/u><\/a>\u00a0cont\u00e9m\u00a0<strong>sistema triplo de filtragem<\/strong>, composto por saco armazenador, microfiltro da boia e microfiltro da entrada do motor. E, para garantir total mobilidade e autonomia durante o uso, este aparelho possui uma\u00a0<strong>\u00e1rea de alcance de 4,5m<\/strong>. Lembrando que a al\u00e7a e as rodas s\u00e3o pr\u00f3prias para transporte, ou seja, n\u00e3o riscam nem marcam o piso.<\/p>\n<\/div>\n<\/div>\n<\/div>\n<\/div>\n<\/div>\n<div>\n<div id=\"product-description\">\n<p><strong>Pot\u00eancia e Capacidade de Suc\u00e7\u00e3o Excepcionais: Conhe\u00e7a o Aspirador de P\u00f3 e \u00c1gua Hidrolux AWD01!<\/strong><\/p>\n<p>O\u00a0<strong>Aspirador de P\u00f3 e \u00c1gua Hidrolux AWD01<\/strong>\u00a0\u00e9 a solu\u00e7\u00e3o ideal para suas\u00a0<strong>limpezas residenciais<\/strong>. Com um\u00a0<strong>motor potente de 1400W<\/strong>, ele garante um\u00a0<strong>alto poder de suc\u00e7\u00e3o<\/strong>, perfeito para aspirar tanto\u00a0<strong>res\u00edduos s\u00f3lidos quanto l\u00edquidos<\/strong>. Sua\u00a0<strong>capacidade \u00fatil de 5L<\/strong>\u00a0permite limpezas extensas, sem a necessidade de esvaziar o recipiente a todo momento. Para tarefas maiores, o\u00a0<strong>volume total de 12L<\/strong>\u00a0do recipiente oferece flexibilidade extra.<\/p>\n<p><strong>Multifuncionalidade e Versatilidade que Surpreendem!<\/strong><\/p>\n<p>Este\u00a0<strong>aspirador multifuncional<\/strong>\u00a0vai muito al\u00e9m da remo\u00e7\u00e3o de sujeira e l\u00edquidos. O\u00a0<strong>Hidrolux AWD01<\/strong>\u00a0\u00e9 capaz de\u00a0<strong>aspirar at\u00e9 lama<\/strong>\u00a0e desobstruir pias, gra\u00e7as \u00e0 sua\u00a0<strong>robusta pot\u00eancia de suc\u00e7\u00e3o<\/strong>. Al\u00e9m disso, ele vem equipado com a pr\u00e1tica\u00a0<strong>fun\u00e7\u00e3o sopro<\/strong>, ideal para encher bal\u00f5es, colch\u00f5es de ar e at\u00e9 acender churrasqueiras, tornando-se um aliado \u00fatil em diversas situa\u00e7\u00f5es do dia a dia.<\/p>\n<p><strong>Praticidade e Efici\u00eancia para o Seu Dia a Dia!<\/strong><\/p>\n<p><strong>Compacto e f\u00e1cil de manusear<\/strong>, o\u00a0<strong>Aspirador de P\u00f3 e \u00c1gua Hidrolux AWD01<\/strong>\u00a0\u00e9 perfeito para uso em casas e apartamentos. Sua capacidade de aspirar diferentes tipos de res\u00edduos com efici\u00eancia torna a limpeza uma tarefa simples e r\u00e1pida. Se voc\u00ea busca um equipamento com\u00a0<strong>m\u00faltiplas fun\u00e7\u00f5es<\/strong>\u00a0e\u00a0<strong>desempenho excepcional<\/strong>, o\u00a0<strong>Hidrolux AWD01<\/strong>\u00a0\u00e9 a escolha ideal para voc\u00ea!<\/p>\n<\/div>\n<\/div>\n","protected":false},"excerpt":{"rendered":"<p>Aspirador de \u00c1gua e P\u00f3 Electrolux Hidrolux AWD01 Eficiente e multifuncional, o\u00a0Aspirador de \u00c1gua e P\u00f3 Electrolux Hidrolux AWD01\u00a0vai facilitar a limpeza de pisos, tapetes e estofados, proporcionando higiene e bem estar. Compacto e potente, este aparelho \u00e9 f\u00e1cil de manusear e ainda conta com dois bocais (um para todos os tipos de pisos e [&hellip;]<\/p>\n","protected":false},"featured_media":2484,"comment_status":"open","ping_status":"closed","template":"","meta":[],"product_brand":[],"product_cat":[72,79],"product_tag":[],"class_list":{"0":"post-2475","1":"product","2":"type-product","3":"status-publish","4":"has-post-thumbnail","6":"product_cat-eletroportateis","7":"product_cat-utilidades-domestica","9":"first","10":"instock","11":"shipping-taxable","12":"purchasable","13":"product-type-simple"},"_links":{"self":[{"href":"https:\/\/plataformaprojetos.site\/loja1wagner\/wp-json\/wp\/v2\/product\/2475","targetHints":{"allow":["GET"]}}],"collection":[{"href":"https:\/\/plataformaprojetos.site\/loja1wagner\/wp-json\/wp\/v2\/product"}],"about":[{"href":"https:\/\/plataformaprojetos.site\/loja1wagner\/wp-json\/wp\/v2\/types\/product"}],"replies":[{"embeddable":true,"href":"https:\/\/plataformaprojetos.site\/loja1wagner\/wp-json\/wp\/v2\/comments?post=2475"}],"wp:featuredmedia":[{"embeddable":true,"href":"https:\/\/plataformaprojetos.site\/loja1wagner\/wp-json\/wp\/v2\/media\/2484"}],"wp:attachment":[{"href":"https:\/\/plataformaprojetos.site\/loja1wagner\/wp-json\/wp\/v2\/media?parent=2475"}],"wp:term":[{"taxonomy":"product_brand","embeddable":true,"href":"https:\/\/plataformaprojetos.site\/loja1wagner\/wp-json\/wp\/v2\/product_brand?post=2475"},{"taxonomy":"product_cat","embeddable":true,"href":"https:\/\/plataformaprojetos.site\/loja1wagner\/wp-json\/wp\/v2\/product_cat?post=2475"},{"taxonomy":"product_tag","embeddable":true,"href":"https:\/\/plataformaprojetos.site\/loja1wagner\/wp-json\/wp\/v2\/product_tag?post=2475"}],"curies":[{"name":"wp","href":"https:\/\/api.w.org\/{rel}","templated":true}]}}