{"id":2503,"date":"2025-11-06T12:06:53","date_gmt":"2025-11-06T15:06:53","guid":{"rendered":"https:\/\/plataformaprojetos.site\/loja1wagner\/?post_type=product&#038;p=2503"},"modified":"2025-11-06T12:07:27","modified_gmt":"2025-11-06T15:07:27","slug":"frete-gratis-sul-e-sudesteretira-rapido-cafeteira-eletrica-electrolux-efficient-ecm20-30-xicaras-aco-inox-escovado-preto-110v","status":"publish","type":"product","link":"https:\/\/plataformaprojetos.site\/loja1wagner\/produto\/frete-gratis-sul-e-sudesteretira-rapido-cafeteira-eletrica-electrolux-efficient-ecm20-30-xicaras-aco-inox-escovado-preto-110v\/","title":{"rendered":"Cafeteira El\u00e9trica Electrolux Efficient ECM20 30 X\u00edcaras A\u00e7o Inox Escovado\/Preto &#8211; 110V"},"content":{"rendered":"<div id=\"product-special-content-partner\" data-testid=\"product-special-content\">\n<div class=\"css-1n35da2\" data-component=\"special-content\" data-version=\"1.0.1-2\">\n<div class=\"css-1wb3f7s\">\n<div class=\"css-gbwsnk\"><img decoding=\"async\" src=\"https:\/\/imgs.via.com.br\/special-contents\/b9c779ba-8f73-4d68-8d18-10b001bc8cd2\/2273ea68-21d3-4683-bc02-3f2bc418ee74.png\" alt=\"Cafeteira El\u00e9trica Electrolux Efficient ECM20\" \/><\/div>\n<div class=\"css-gbwsnk\"><img decoding=\"async\" src=\"https:\/\/imgs.via.com.br\/special-contents\/b9c779ba-8f73-4d68-8d18-10b001bc8cd2\/cece7e9c-9fe5-44c4-ac99-24ec2a8e05ee.png\" alt=\"Cafeteira El\u00e9trica Electrolux Efficient ECM20\" \/><\/div>\n<div class=\"css-gbwsnk\"><img decoding=\"async\" src=\"https:\/\/imgs.via.com.br\/special-contents\/b9c779ba-8f73-4d68-8d18-10b001bc8cd2\/cafa6e0f-4fc3-4a94-a9d6-c42e0fe8d0d6.png\" alt=\"Cafeteira El\u00e9trica Electrolux Efficient ECM20\" \/><\/div>\n<div class=\"css-gbwsnk\"><img decoding=\"async\" src=\"https:\/\/imgs.via.com.br\/special-contents\/b9c779ba-8f73-4d68-8d18-10b001bc8cd2\/3f5a6b46-b3ab-4b17-ad38-a1c23216f8c2.png\" alt=\"Cafeteira El\u00e9trica Electrolux Efficient ECM20\" \/><\/div>\n<div class=\"css-gbwsnk\"><img decoding=\"async\" src=\"https:\/\/imgs.via.com.br\/special-contents\/b9c779ba-8f73-4d68-8d18-10b001bc8cd2\/db4d65ef-5ff0-47d6-a7a3-89cea5b6bd71.png\" alt=\"Cafeteira El\u00e9trica Electrolux Efficient ECM20\" \/><\/div>\n<div class=\"css-gbwsnk\"><img decoding=\"async\" src=\"https:\/\/imgs.via.com.br\/special-contents\/b9c779ba-8f73-4d68-8d18-10b001bc8cd2\/2b08738f-5053-4154-bcf8-0c3c9887a7f4.png\" alt=\"Cafeteira El\u00e9trica Electrolux Efficient ECM20\" \/><\/div>\n<div class=\"css-gbwsnk\"><img decoding=\"async\" src=\"https:\/\/imgs.via.com.br\/special-contents\/b9c779ba-8f73-4d68-8d18-10b001bc8cd2\/a02ffcdd-1533-40fa-9041-6bd206d53cfc.png\" alt=\"Cafeteira El\u00e9trica Electrolux Efficient ECM20\" \/><\/div>\n<div class=\"css-gbwsnk\"><img decoding=\"async\" src=\"https:\/\/imgs.via.com.br\/special-contents\/b9c779ba-8f73-4d68-8d18-10b001bc8cd2\/45b37c20-e932-484e-98a3-ad1a43458420.png\" alt=\"Cafeteira El\u00e9trica Electrolux Efficient ECM20\" \/><\/div>\n<div class=\"css-gbwsnk\"><img decoding=\"async\" src=\"https:\/\/imgs.via.com.br\/special-contents\/b9c779ba-8f73-4d68-8d18-10b001bc8cd2\/2e53e147-aaa2-46de-ab3e-273773ce9b06.png\" alt=\"Cafeteira El\u00e9trica Electrolux Efficient ECM20\" \/><\/div>\n<\/div>\n<\/div>\n<\/div>\n<div>\n<div id=\"product-description\">\n<p>Prepare um caf\u00e9 delicioso com praticidade e efici\u00eancia usando a\u00a0<strong>Cafeteira El\u00e9trica Inox 30 X\u00edcaras Efficient ECM20\u00a0<\/strong>da\u00a0<strong>Electrolux.\u00a0<\/strong>Com acabamento em a\u00e7o inox escovado, ela une\u00a0<strong>design moderno<\/strong>\u00a0e\u00a0<strong>qualidade superior<\/strong>\u00a0para sua cozinha.<\/p>\n<p>Com\u00a0<strong>jarra de vidro resistente de 1,2L<\/strong>, voc\u00ea prepara at\u00e9\u00a0<strong>30 cafezinhos<\/strong>, ideal para reunir fam\u00edlia e amigos. O\u00a0<strong>indicador transparente do n\u00edvel de \u00e1gua<\/strong>\u00a0facilita o preparo, garantindo a medida certa para cada ocasi\u00e3o.<\/p>\n<p>Economize e contribua com o meio ambiente com o\u00a0<strong>filtro permanente e remov\u00edvel<\/strong>, que elimina o uso de at\u00e9\u00a0<strong>730 filtros de papel por ano.<\/strong><\/p>\n<p>O\u00a0<strong>sistema corta pingos<\/strong>\u00a0evita respingos na base antiaderente, tornando a limpeza mais pr\u00e1tica. E com a\u00a0<strong>fun\u00e7\u00e3o manter aquecido<\/strong>, seu caf\u00e9 permanece quente por mais tempo, sem perder sabor ou qualidade.<\/p>\n<p>N\u00e3o fique sem a sua\u00a0<strong>Cafeteira El\u00e9trica ECM20<\/strong>\u00a0da\u00a0<strong>Electrolux<\/strong>\u00a0. Garanta j\u00e1 a sua e transforme sua rotina com mais sabor e praticidade!<\/p>\n<\/div>\n<\/div>\n","protected":false},"excerpt":{"rendered":"<p>Prepare um caf\u00e9 delicioso com praticidade e efici\u00eancia usando a\u00a0Cafeteira El\u00e9trica Inox 30 X\u00edcaras Efficient ECM20\u00a0da\u00a0Electrolux.\u00a0Com acabamento em a\u00e7o inox escovado, ela une\u00a0design moderno\u00a0e\u00a0qualidade superior\u00a0para sua cozinha. Com\u00a0jarra de vidro resistente de 1,2L, voc\u00ea prepara at\u00e9\u00a030 cafezinhos, ideal para reunir fam\u00edlia e amigos. O\u00a0indicador transparente do n\u00edvel de \u00e1gua\u00a0facilita o preparo, garantindo a medida certa [&hellip;]<\/p>\n","protected":false},"featured_media":2506,"comment_status":"open","ping_status":"closed","template":"","meta":[],"product_brand":[],"product_cat":[72,79],"product_tag":[],"class_list":{"0":"post-2503","1":"product","2":"type-product","3":"status-publish","4":"has-post-thumbnail","6":"product_cat-eletroportateis","7":"product_cat-utilidades-domestica","9":"first","10":"instock","11":"shipping-taxable","12":"purchasable","13":"product-type-simple"},"_links":{"self":[{"href":"https:\/\/plataformaprojetos.site\/loja1wagner\/wp-json\/wp\/v2\/product\/2503","targetHints":{"allow":["GET"]}}],"collection":[{"href":"https:\/\/plataformaprojetos.site\/loja1wagner\/wp-json\/wp\/v2\/product"}],"about":[{"href":"https:\/\/plataformaprojetos.site\/loja1wagner\/wp-json\/wp\/v2\/types\/product"}],"replies":[{"embeddable":true,"href":"https:\/\/plataformaprojetos.site\/loja1wagner\/wp-json\/wp\/v2\/comments?post=2503"}],"wp:featuredmedia":[{"embeddable":true,"href":"https:\/\/plataformaprojetos.site\/loja1wagner\/wp-json\/wp\/v2\/media\/2506"}],"wp:attachment":[{"href":"https:\/\/plataformaprojetos.site\/loja1wagner\/wp-json\/wp\/v2\/media?parent=2503"}],"wp:term":[{"taxonomy":"product_brand","embeddable":true,"href":"https:\/\/plataformaprojetos.site\/loja1wagner\/wp-json\/wp\/v2\/product_brand?post=2503"},{"taxonomy":"product_cat","embeddable":true,"href":"https:\/\/plataformaprojetos.site\/loja1wagner\/wp-json\/wp\/v2\/product_cat?post=2503"},{"taxonomy":"product_tag","embeddable":true,"href":"https:\/\/plataformaprojetos.site\/loja1wagner\/wp-json\/wp\/v2\/product_tag?post=2503"}],"curies":[{"name":"wp","href":"https:\/\/api.w.org\/{rel}","templated":true}]}}