{"id":2510,"date":"2025-11-06T12:14:19","date_gmt":"2025-11-06T15:14:19","guid":{"rendered":"https:\/\/plataformaprojetos.site\/loja1wagner\/?post_type=product&#038;p=2510"},"modified":"2025-11-06T12:14:19","modified_gmt":"2025-11-06T15:14:19","slug":"panela-eletrica-de-arroz-electrolux-efficient-erc20-por-rita-lobo-com-trava-de-seguranca-35l-inox-e-preta-panela-eletrica-de-arroz-electrolux-efficient-35l","status":"publish","type":"product","link":"https:\/\/plataformaprojetos.site\/loja1wagner\/produto\/panela-eletrica-de-arroz-electrolux-efficient-erc20-por-rita-lobo-com-trava-de-seguranca-35l-inox-e-preta-panela-eletrica-de-arroz-electrolux-efficient-35l\/","title":{"rendered":"Panela El\u00e9trica de Arroz Electrolux Efficient ERC20 por Rita Lobo com Trava de Seguran\u00e7a 3,5L \u2013 Inox e Preta &#8211; Panela El\u00e9trica de Arroz Electrolux Efficient 3,5L"},"content":{"rendered":"<div id=\"product-special-content-partner\" data-testid=\"product-special-content\">\n<div class=\"css-1n35da2\" data-component=\"special-content\" data-version=\"1.0.1-2\">\n<div class=\"css-1wb3f7s\">\n<div class=\"css-gbwsnk\"><img decoding=\"async\" src=\"https:\/\/imgs.via.com.br\/special-contents\/fef91e99-8abc-4320-b33a-c63e18d06ae8\/063b3e74-eb3f-48eb-b925-cc144dbafffb.png\" alt=\"Panela El\u00e9trica de Arroz Electrolux Efficient ERC2\" \/><\/div>\n<div class=\"css-gbwsnk\"><img decoding=\"async\" src=\"https:\/\/imgs.via.com.br\/special-contents\/fef91e99-8abc-4320-b33a-c63e18d06ae8\/8b93f31b-a2fb-4b6f-b22c-44ceb516fa09.png\" alt=\"Panela El\u00e9trica de Arroz Electrolux Efficient ERC2\" \/><\/div>\n<div class=\"css-gbwsnk\"><img decoding=\"async\" src=\"https:\/\/imgs.via.com.br\/special-contents\/fef91e99-8abc-4320-b33a-c63e18d06ae8\/a85598f1-2489-40c1-af99-8908b4fc3b51.png\" alt=\"Panela El\u00e9trica de Arroz Electrolux Efficient ERC2\" \/><\/div>\n<div class=\"css-gbwsnk\"><img decoding=\"async\" src=\"https:\/\/imgs.via.com.br\/special-contents\/fef91e99-8abc-4320-b33a-c63e18d06ae8\/83bf9fa3-627c-4629-be60-6a6fe4bcf907.png\" alt=\"Panela El\u00e9trica de Arroz Electrolux Efficient ERC2\" \/><\/div>\n<div class=\"css-gbwsnk\"><img decoding=\"async\" src=\"https:\/\/imgs.via.com.br\/special-contents\/fef91e99-8abc-4320-b33a-c63e18d06ae8\/e68f2443-50da-47e1-8a43-c8631f5e5dab.png\" alt=\"Panela El\u00e9trica de Arroz Electrolux Efficient ERC2\" \/><\/div>\n<div class=\"css-gbwsnk\"><img decoding=\"async\" src=\"https:\/\/imgs.via.com.br\/special-contents\/fef91e99-8abc-4320-b33a-c63e18d06ae8\/d06d397e-00e3-4267-92bd-70b30b72af80.png\" alt=\"Panela El\u00e9trica de Arroz Electrolux Efficient ERC2\" \/><\/div>\n<\/div>\n<\/div>\n<\/div>\n<div>\n<div id=\"product-description\">Versatilidade 2 em 1<br \/>\nA Panela El\u00e9trica de Arroz Electrolux Efficient ERC20 \u00e9 perfeita para otimizar seu tempo na cozinha. Com uma capacidade de 3,5L, ela permite preparar um delicioso arroz enquanto cozinha outros alimentos a vapor com a bandeja inclusa. Ideal para preparar at\u00e9 10 x\u00edcaras de arroz, uma quantidade certa para toda a fam\u00edlia.<\/p>\n<p>Fun\u00e7\u00e3o Manter Aquecido<br \/>\nPara maior praticidade, a fun\u00e7\u00e3o &#8220;Manter Aquecido&#8221; desliga automaticamente ao t\u00e9rmino do cozimento e mant\u00e9m suas receitas quentinhas por at\u00e9 2 horas, como se estivessem rec\u00e9m preparadas. Perfeita para quem precisa de flexibilidade na hora de servir.<\/p>\n<p>Facilidade de uso e limpeza<br \/>\nO recipiente interno antiaderente \u00e9 remov\u00edvel e f\u00e1cil de limpar, garantindo que o alimento n\u00e3o grude no fundo da panela. Al\u00e9m disso, o kit de acess\u00f3rios incluso \u2013 bandeja de cozimento a vapor, copo medidor e colher \u2013 facilita ainda mais o uso di\u00e1rio.<\/p>\n<p>Seguran\u00e7a garantida<br \/>\nProjetada com a seguran\u00e7a em mente, esta panela possui uma tampa com trava de seguran\u00e7a e um protetor t\u00e9rmico, proporcionando tranquilidade para toda a fam\u00edlia.<\/p><\/div>\n<\/div>\n","protected":false},"excerpt":{"rendered":"<p>Versatilidade 2 em 1 A Panela El\u00e9trica de Arroz Electrolux Efficient ERC20 \u00e9 perfeita para otimizar seu tempo na cozinha. Com uma capacidade de 3,5L, ela permite preparar um delicioso arroz enquanto cozinha outros alimentos a vapor com a bandeja inclusa. Ideal para preparar at\u00e9 10 x\u00edcaras de arroz, uma quantidade certa para toda a [&hellip;]<\/p>\n","protected":false},"featured_media":2514,"comment_status":"open","ping_status":"closed","template":"","meta":[],"product_brand":[],"product_cat":[79],"product_tag":[],"class_list":{"0":"post-2510","1":"product","2":"type-product","3":"status-publish","4":"has-post-thumbnail","6":"product_cat-utilidades-domestica","8":"first","9":"instock","10":"shipping-taxable","11":"purchasable","12":"product-type-simple"},"_links":{"self":[{"href":"https:\/\/plataformaprojetos.site\/loja1wagner\/wp-json\/wp\/v2\/product\/2510","targetHints":{"allow":["GET"]}}],"collection":[{"href":"https:\/\/plataformaprojetos.site\/loja1wagner\/wp-json\/wp\/v2\/product"}],"about":[{"href":"https:\/\/plataformaprojetos.site\/loja1wagner\/wp-json\/wp\/v2\/types\/product"}],"replies":[{"embeddable":true,"href":"https:\/\/plataformaprojetos.site\/loja1wagner\/wp-json\/wp\/v2\/comments?post=2510"}],"wp:featuredmedia":[{"embeddable":true,"href":"https:\/\/plataformaprojetos.site\/loja1wagner\/wp-json\/wp\/v2\/media\/2514"}],"wp:attachment":[{"href":"https:\/\/plataformaprojetos.site\/loja1wagner\/wp-json\/wp\/v2\/media?parent=2510"}],"wp:term":[{"taxonomy":"product_brand","embeddable":true,"href":"https:\/\/plataformaprojetos.site\/loja1wagner\/wp-json\/wp\/v2\/product_brand?post=2510"},{"taxonomy":"product_cat","embeddable":true,"href":"https:\/\/plataformaprojetos.site\/loja1wagner\/wp-json\/wp\/v2\/product_cat?post=2510"},{"taxonomy":"product_tag","embeddable":true,"href":"https:\/\/plataformaprojetos.site\/loja1wagner\/wp-json\/wp\/v2\/product_tag?post=2510"}],"curies":[{"name":"wp","href":"https:\/\/api.w.org\/{rel}","templated":true}]}}