{"id":2519,"date":"2025-11-06T12:19:15","date_gmt":"2025-11-06T15:19:15","guid":{"rendered":"https:\/\/plataformaprojetos.site\/loja1wagner\/?post_type=product&#038;p=2519"},"modified":"2025-11-06T12:19:15","modified_gmt":"2025-11-06T15:19:15","slug":"smart-tv-britania-32-polegadas-hd-led-dolby-audio-roku-tv-3-hdmi-2-usb-btv32g7pr2csgblh","status":"publish","type":"product","link":"https:\/\/plataformaprojetos.site\/loja1wagner\/produto\/smart-tv-britania-32-polegadas-hd-led-dolby-audio-roku-tv-3-hdmi-2-usb-btv32g7pr2csgblh\/","title":{"rendered":"Smart TV Brit\u00e2nia 32 Polegadas HD LED Dolby \u00c1udio Roku TV 3 HDMI 2 USB BTV32G7PR2CSGBLH"},"content":{"rendered":"<p>Com a Smart TV Brit\u00e2nia 32, voc\u00ea ter\u00e1 entretenimento e alta performance em um \u00fanico produto. Conecte sua TV \u00e0 internet e tenha acesso a uma vasta sele\u00e7\u00e3o de filmes, programas de TV e aplicativos dispon\u00edveis em canais como Netflix, Globo Play e muito mais.<\/p>\n<p>O sistema de busca inteligente da Smart TV Brit\u00e2nia 32 permite encontrar facilmente seus filmes, s\u00e9ries e canais favoritos de maneira r\u00e1pida e intuitiva. Ela tamb\u00e9m possui conex\u00f5es HDMI e USB, e sistema Roku TV que se atualiza automaticamente, proporcionando diferentes possibilidades e uma experi\u00eancia incr\u00edvel.<\/p>\n<p>Equipada com um processador Quad Core, a Smart TV Brit\u00e2nia 32 oferece alta velocidade e desempenho ideais para o seu televisor. Al\u00e9m disso, seu sistema de som Dolby Audio permite desfrutar de uma incr\u00edvel qualidade sonora reproduzida em 5.1 canais. Aproveite o m\u00e1ximo desempenho e tecnologia da Smart TV Brit\u00e2nia 32!<\/p>\n<p>Caracter\u00edsticas do Produto<br \/>\nTipo de TV: Smart TV<br \/>\nModelo: BTV32G7PR2CSGBLH<br \/>\nLinha: Roku TV<br \/>\nPolegadas: 32 Polegadas<br \/>\nResolu\u00e7\u00e3o da Tela: 1366 X 768<br \/>\nFrequ\u00eancia: 60 Hz<br \/>\nSistemas de Cor: PAL-M, PAL-N, NTSC<br \/>\nConsumo Aproximado de Energia: 24,7 W; 1 em stand-by<br \/>\nConex\u00f5es: HDMI, USB, Rede, P2, \u00c1udio e V\u00eddeo, Wi-fi, RF, S\/PDIF<br \/>\nEntradas USB: 1<br \/>\nEntradas HDMI: 2<br \/>\nEntradas de \u00c1udio e V\u00eddeo Est\u00e9reo: 1<br \/>\nEntradas de V\u00eddeo Componente: 1<br \/>\nSa\u00eddas de V\u00eddeo Componente: 1<br \/>\nSa\u00eddas de \u00c1udio: 2<br \/>\nQuantidade de \u00d3culos 3D: N\u00e3o possui<br \/>\nAplicativos Pr\u00e9-Instalados: Netflix, Prime Video, TV, Disney, Youtube<br \/>\nIdiomas do Menu: Portugu\u00eas, Ingl\u00eas<br \/>\nAcess\u00f3rios Compat\u00edveis: Controle<br \/>\nC\u00f3digo da Homologa\u00e7\u00e3o: 18197-22-11928 Anatel<\/p>\n<p>Itens Inclusos:<br \/>\nControle remoto<br \/>\nCabo de alimenta\u00e7\u00e3o AC<br \/>\nGuia de In\u00edcio R\u00e1pido em Portugu\u00eas<br \/>\nParafusos da base e Base<\/p>\n<p>Dimens\u00f5es e Peso<br \/>\nAltura com Base: 46,5 cm<br \/>\nLargura com Base: 72 cm<br \/>\nProfundidade com Base: 17,5 cm<br \/>\nPeso com Base: 4,1 kg<\/p>\n<p>Garantia do Fornecedor: 12 Meses<\/p>\n<p>Observa\u00e7\u00f5es:<br \/>\nImagem meramente ilustrativa<br \/>\nTodas as informa\u00e7\u00f5es divulgadas s\u00e3o de responsabilidade do fabricante\/fornecedor<br \/>\nAs cores podem sofrer varia\u00e7\u00f5es de acordo com o tipo, configura\u00e7\u00e3o e resolu\u00e7\u00e3o do seu monitor<br \/>\nVerifique a do produto antes de colocar no carrinho<br \/>\nVerifique as dimens\u00f5es do produto. Certifique-se de que ele passar\u00e1 por elevadores, portas, escadas e\/ou corredores, evitando imprevistos com a entrega do produto.<\/p>\n","protected":false},"excerpt":{"rendered":"<p>Com a Smart TV Brit\u00e2nia 32, voc\u00ea ter\u00e1 entretenimento e alta performance em um \u00fanico produto. Conecte sua TV \u00e0 internet e tenha acesso a uma vasta sele\u00e7\u00e3o de filmes, programas de TV e aplicativos dispon\u00edveis em canais como Netflix, Globo Play e muito mais. O sistema de busca inteligente da Smart TV Brit\u00e2nia 32 [&hellip;]<\/p>\n","protected":false},"featured_media":2523,"comment_status":"open","ping_status":"closed","template":"","meta":[],"product_brand":[],"product_cat":[68],"product_tag":[],"class_list":{"0":"post-2519","1":"product","2":"type-product","3":"status-publish","4":"has-post-thumbnail","6":"product_cat-tvs","8":"first","9":"instock","10":"shipping-taxable","11":"purchasable","12":"product-type-simple"},"_links":{"self":[{"href":"https:\/\/plataformaprojetos.site\/loja1wagner\/wp-json\/wp\/v2\/product\/2519","targetHints":{"allow":["GET"]}}],"collection":[{"href":"https:\/\/plataformaprojetos.site\/loja1wagner\/wp-json\/wp\/v2\/product"}],"about":[{"href":"https:\/\/plataformaprojetos.site\/loja1wagner\/wp-json\/wp\/v2\/types\/product"}],"replies":[{"embeddable":true,"href":"https:\/\/plataformaprojetos.site\/loja1wagner\/wp-json\/wp\/v2\/comments?post=2519"}],"wp:featuredmedia":[{"embeddable":true,"href":"https:\/\/plataformaprojetos.site\/loja1wagner\/wp-json\/wp\/v2\/media\/2523"}],"wp:attachment":[{"href":"https:\/\/plataformaprojetos.site\/loja1wagner\/wp-json\/wp\/v2\/media?parent=2519"}],"wp:term":[{"taxonomy":"product_brand","embeddable":true,"href":"https:\/\/plataformaprojetos.site\/loja1wagner\/wp-json\/wp\/v2\/product_brand?post=2519"},{"taxonomy":"product_cat","embeddable":true,"href":"https:\/\/plataformaprojetos.site\/loja1wagner\/wp-json\/wp\/v2\/product_cat?post=2519"},{"taxonomy":"product_tag","embeddable":true,"href":"https:\/\/plataformaprojetos.site\/loja1wagner\/wp-json\/wp\/v2\/product_tag?post=2519"}],"curies":[{"name":"wp","href":"https:\/\/api.w.org\/{rel}","templated":true}]}}