{"id":2524,"date":"2025-11-06T12:26:24","date_gmt":"2025-11-06T15:26:24","guid":{"rendered":"https:\/\/plataformaprojetos.site\/loja1wagner\/?post_type=product&#038;p=2524"},"modified":"2025-11-06T12:36:50","modified_gmt":"2025-11-06T15:36:50","slug":"cafeteira-eletrica-electrolux-efficiente-ecm10-15-xicaras-preta-110v","status":"publish","type":"product","link":"https:\/\/plataformaprojetos.site\/loja1wagner\/produto\/cafeteira-eletrica-electrolux-efficiente-ecm10-15-xicaras-preta-110v\/","title":{"rendered":"Cafeteira El\u00e9trica Electrolux Efficiente ECM10 15 X\u00edcaras &#8211; Preta &#8211; 110V"},"content":{"rendered":"<div id=\"product-special-content-partner\" data-testid=\"product-special-content\">\n<div class=\"css-1n35da2\" data-component=\"special-content\" data-version=\"1.0.1-2\">\n<div class=\"css-1wb3f7s\">\n<div>\n<div id=\"pd-details\">\n<div class=\"pd-image-full\"><img fetchpriority=\"high\" decoding=\"async\" src=\"https:\/\/www.casasbahia-imagens.com.br\/html\/conteudo-produto\/73\/55033884\/imagens\/cafeteira-eletrica-electrolux-ecm10_01.jpg\" alt=\"Cafeteira El\u00e9trica Digital Electrolux Efficient ECM10\" width=\"990\" height=\"56\" \/><img decoding=\"async\" src=\"https:\/\/www.casasbahia-imagens.com.br\/html\/conteudo-produto\/73\/55033884\/imagens\/cafeteira-eletrica-electrolux-ecm10_02.jpg\" alt=\"\" width=\"990\" height=\"57\" \/><img decoding=\"async\" src=\"https:\/\/www.casasbahia-imagens.com.br\/html\/conteudo-produto\/73\/55033884\/imagens\/cafeteira-eletrica-electrolux-ecm10_03.jpg\" alt=\"\" width=\"990\" height=\"56\" \/><img loading=\"lazy\" decoding=\"async\" src=\"https:\/\/www.casasbahia-imagens.com.br\/html\/conteudo-produto\/73\/55033884\/imagens\/cafeteira-eletrica-electrolux-ecm10_04.jpg\" alt=\"\" width=\"990\" height=\"57\" \/><img loading=\"lazy\" decoding=\"async\" src=\"https:\/\/www.casasbahia-imagens.com.br\/html\/conteudo-produto\/73\/55033884\/imagens\/cafeteira-eletrica-electrolux-ecm10_05.jpg\" alt=\"\" width=\"990\" height=\"56\" \/><img loading=\"lazy\" decoding=\"async\" src=\"https:\/\/www.casasbahia-imagens.com.br\/html\/conteudo-produto\/73\/55033884\/imagens\/cafeteira-eletrica-electrolux-ecm10_06.jpg\" alt=\"\" width=\"990\" height=\"57\" \/><img loading=\"lazy\" decoding=\"async\" src=\"https:\/\/www.casasbahia-imagens.com.br\/html\/conteudo-produto\/73\/55033884\/imagens\/cafeteira-eletrica-electrolux-ecm10_07.jpg\" alt=\"\" width=\"990\" height=\"56\" \/><img loading=\"lazy\" decoding=\"async\" src=\"https:\/\/www.casasbahia-imagens.com.br\/html\/conteudo-produto\/73\/55033884\/imagens\/cafeteira-eletrica-electrolux-ecm10_08.jpg\" alt=\"\" width=\"990\" height=\"56\" \/><img loading=\"lazy\" decoding=\"async\" src=\"https:\/\/www.casasbahia-imagens.com.br\/html\/conteudo-produto\/73\/55033884\/imagens\/cafeteira-eletrica-electrolux-ecm10_09.jpg\" alt=\"\" width=\"990\" height=\"57\" \/><img loading=\"lazy\" decoding=\"async\" src=\"https:\/\/www.casasbahia-imagens.com.br\/html\/conteudo-produto\/73\/55033884\/imagens\/cafeteira-eletrica-electrolux-ecm10_10.jpg\" alt=\"\" width=\"990\" height=\"56\" \/><img loading=\"lazy\" decoding=\"async\" src=\"https:\/\/www.casasbahia-imagens.com.br\/html\/conteudo-produto\/73\/55033884\/imagens\/cafeteira-eletrica-electrolux-ecm10_11.jpg\" alt=\"\" width=\"990\" height=\"57\" \/><img loading=\"lazy\" decoding=\"async\" src=\"https:\/\/www.casasbahia-imagens.com.br\/html\/conteudo-produto\/73\/55033884\/imagens\/cafeteira-eletrica-electrolux-ecm10_12.jpg\" alt=\"\" width=\"990\" height=\"56\" \/><img loading=\"lazy\" decoding=\"async\" src=\"https:\/\/www.casasbahia-imagens.com.br\/html\/conteudo-produto\/73\/55033884\/imagens\/cafeteira-eletrica-electrolux-ecm10_13.jpg\" alt=\"\" width=\"990\" height=\"56\" \/><img loading=\"lazy\" decoding=\"async\" src=\"https:\/\/www.casasbahia-imagens.com.br\/html\/conteudo-produto\/73\/55033884\/imagens\/cafeteira-eletrica-electrolux-ecm10_14.jpg\" alt=\"\" width=\"990\" height=\"57\" \/><img loading=\"lazy\" decoding=\"async\" src=\"https:\/\/www.casasbahia-imagens.com.br\/html\/conteudo-produto\/73\/55033884\/imagens\/cafeteira-eletrica-electrolux-ecm10_15.jpg\" alt=\"\" width=\"990\" height=\"56\" \/><img loading=\"lazy\" decoding=\"async\" src=\"https:\/\/www.casasbahia-imagens.com.br\/html\/conteudo-produto\/73\/55033884\/imagens\/cafeteira-eletrica-electrolux-ecm10_16.jpg\" alt=\"\" width=\"990\" height=\"57\" \/><img loading=\"lazy\" decoding=\"async\" src=\"https:\/\/www.casasbahia-imagens.com.br\/html\/conteudo-produto\/73\/55033884\/imagens\/cafeteira-eletrica-electrolux-ecm10_17.jpg\" alt=\"\" width=\"990\" height=\"56\" \/><img loading=\"lazy\" decoding=\"async\" src=\"https:\/\/www.casasbahia-imagens.com.br\/html\/conteudo-produto\/73\/55033884\/imagens\/cafeteira-eletrica-electrolux-ecm10_18.jpg\" alt=\"\" width=\"990\" height=\"57\" \/><img loading=\"lazy\" decoding=\"async\" src=\"https:\/\/www.casasbahia-imagens.com.br\/html\/conteudo-produto\/73\/55033884\/imagens\/cafeteira-eletrica-electrolux-ecm10_19.jpg\" alt=\"\" width=\"990\" height=\"56\" \/><img loading=\"lazy\" decoding=\"async\" src=\"https:\/\/www.casasbahia-imagens.com.br\/html\/conteudo-produto\/73\/55033884\/imagens\/cafeteira-eletrica-electrolux-ecm10_20.jpg\" alt=\"\" width=\"990\" height=\"56\" \/><img loading=\"lazy\" decoding=\"async\" src=\"https:\/\/www.casasbahia-imagens.com.br\/html\/conteudo-produto\/73\/55033884\/imagens\/cafeteira-eletrica-electrolux-ecm10_21.jpg\" alt=\"\" width=\"990\" height=\"57\" \/><img loading=\"lazy\" decoding=\"async\" src=\"https:\/\/www.casasbahia-imagens.com.br\/html\/conteudo-produto\/73\/55033884\/imagens\/cafeteira-eletrica-electrolux-ecm10_22.jpg\" alt=\"\" width=\"990\" height=\"56\" \/><img loading=\"lazy\" decoding=\"async\" src=\"https:\/\/www.casasbahia-imagens.com.br\/html\/conteudo-produto\/73\/55033884\/imagens\/cafeteira-eletrica-electrolux-ecm10_23.jpg\" alt=\"\" width=\"990\" height=\"57\" \/><img loading=\"lazy\" decoding=\"async\" src=\"https:\/\/www.casasbahia-imagens.com.br\/html\/conteudo-produto\/73\/55033884\/imagens\/cafeteira-eletrica-electrolux-ecm10_24.jpg\" alt=\"\" width=\"990\" height=\"56\" \/><img loading=\"lazy\" decoding=\"async\" src=\"https:\/\/www.casasbahia-imagens.com.br\/html\/conteudo-produto\/73\/55033884\/imagens\/cafeteira-eletrica-electrolux-ecm10_25.jpg\" alt=\"\" width=\"990\" height=\"56\" \/><img loading=\"lazy\" decoding=\"async\" src=\"https:\/\/www.casasbahia-imagens.com.br\/html\/conteudo-produto\/73\/55033884\/imagens\/cafeteira-eletrica-electrolux-ecm10_26.jpg\" alt=\"\" width=\"990\" height=\"57\" \/><img loading=\"lazy\" decoding=\"async\" src=\"https:\/\/www.casasbahia-imagens.com.br\/html\/conteudo-produto\/73\/55033884\/imagens\/cafeteira-eletrica-electrolux-ecm10_27.jpg\" alt=\"\" width=\"990\" height=\"56\" \/><img loading=\"lazy\" decoding=\"async\" src=\"https:\/\/www.casasbahia-imagens.com.br\/html\/conteudo-produto\/73\/55033884\/imagens\/cafeteira-eletrica-electrolux-ecm10_28.jpg\" alt=\"\" width=\"990\" height=\"57\" \/><img loading=\"lazy\" decoding=\"async\" src=\"https:\/\/www.casasbahia-imagens.com.br\/html\/conteudo-produto\/73\/55033884\/imagens\/cafeteira-eletrica-electrolux-ecm10_29.jpg\" alt=\"\" width=\"990\" height=\"56\" \/><img loading=\"lazy\" decoding=\"async\" src=\"https:\/\/www.casasbahia-imagens.com.br\/html\/conteudo-produto\/73\/55033884\/imagens\/cafeteira-eletrica-electrolux-ecm10_30.jpg\" alt=\"\" width=\"990\" height=\"57\" \/><img loading=\"lazy\" decoding=\"async\" src=\"https:\/\/www.casasbahia-imagens.com.br\/html\/conteudo-produto\/73\/55033884\/imagens\/cafeteira-eletrica-electrolux-ecm10_31.jpg\" alt=\"\" width=\"990\" height=\"56\" \/><img loading=\"lazy\" decoding=\"async\" src=\"https:\/\/www.casasbahia-imagens.com.br\/html\/conteudo-produto\/73\/55033884\/imagens\/cafeteira-eletrica-electrolux-ecm10_32.jpg\" alt=\"\" width=\"990\" height=\"56\" \/><img loading=\"lazy\" decoding=\"async\" src=\"https:\/\/www.casasbahia-imagens.com.br\/html\/conteudo-produto\/73\/55033884\/imagens\/cafeteira-eletrica-electrolux-ecm10_33.jpg\" alt=\"\" width=\"990\" height=\"57\" \/><img loading=\"lazy\" decoding=\"async\" src=\"https:\/\/www.casasbahia-imagens.com.br\/html\/conteudo-produto\/73\/55033884\/imagens\/cafeteira-eletrica-electrolux-ecm10_34.jpg\" alt=\"\" width=\"990\" height=\"56\" \/><img loading=\"lazy\" decoding=\"async\" src=\"https:\/\/www.casasbahia-imagens.com.br\/html\/conteudo-produto\/73\/55033884\/imagens\/cafeteira-eletrica-electrolux-ecm10_35.jpg\" alt=\"\" width=\"990\" height=\"57\" \/><img loading=\"lazy\" decoding=\"async\" src=\"https:\/\/www.casasbahia-imagens.com.br\/html\/conteudo-produto\/73\/55033884\/imagens\/cafeteira-eletrica-electrolux-ecm10_36.jpg\" alt=\"\" width=\"990\" height=\"56\" \/><img loading=\"lazy\" decoding=\"async\" src=\"https:\/\/www.casasbahia-imagens.com.br\/html\/conteudo-produto\/73\/55033884\/imagens\/cafeteira-eletrica-electrolux-ecm10_37.jpg\" alt=\"\" width=\"990\" height=\"57\" \/><img loading=\"lazy\" decoding=\"async\" src=\"https:\/\/www.casasbahia-imagens.com.br\/html\/conteudo-produto\/73\/55033884\/imagens\/cafeteira-eletrica-electrolux-ecm10_38.jpg\" alt=\"\" width=\"990\" height=\"56\" \/><img loading=\"lazy\" decoding=\"async\" src=\"https:\/\/www.casasbahia-imagens.com.br\/html\/conteudo-produto\/73\/55033884\/imagens\/cafeteira-eletrica-electrolux-ecm10_39.jpg\" alt=\"\" width=\"990\" height=\"56\" \/><img loading=\"lazy\" decoding=\"async\" src=\"https:\/\/www.casasbahia-imagens.com.br\/html\/conteudo-produto\/73\/55033884\/imagens\/cafeteira-eletrica-electrolux-ecm10_40.jpg\" alt=\"\" width=\"990\" height=\"57\" \/><img loading=\"lazy\" decoding=\"async\" src=\"https:\/\/www.casasbahia-imagens.com.br\/html\/conteudo-produto\/73\/55033884\/imagens\/cafeteira-eletrica-electrolux-ecm10_41.jpg\" alt=\"\" width=\"990\" height=\"56\" \/><img loading=\"lazy\" decoding=\"async\" src=\"https:\/\/www.casasbahia-imagens.com.br\/html\/conteudo-produto\/73\/55033884\/imagens\/cafeteira-eletrica-electrolux-ecm10_42.jpg\" alt=\"\" width=\"990\" height=\"57\" \/><img loading=\"lazy\" decoding=\"async\" src=\"https:\/\/www.casasbahia-imagens.com.br\/html\/conteudo-produto\/73\/55033884\/imagens\/cafeteira-eletrica-electrolux-ecm10_43.jpg\" alt=\"\" width=\"990\" height=\"56\" \/><img loading=\"lazy\" decoding=\"async\" src=\"https:\/\/www.casasbahia-imagens.com.br\/html\/conteudo-produto\/73\/55033884\/imagens\/cafeteira-eletrica-electrolux-ecm10_44.jpg\" alt=\"\" width=\"990\" height=\"56\" \/><img loading=\"lazy\" decoding=\"async\" src=\"https:\/\/www.casasbahia-imagens.com.br\/html\/conteudo-produto\/73\/55033884\/imagens\/cafeteira-eletrica-electrolux-ecm10_45.jpg\" alt=\"\" width=\"990\" height=\"57\" \/><img loading=\"lazy\" decoding=\"async\" src=\"https:\/\/www.casasbahia-imagens.com.br\/html\/conteudo-produto\/73\/55033884\/imagens\/cafeteira-eletrica-electrolux-ecm10_46.jpg\" alt=\"\" width=\"990\" height=\"56\" \/><img loading=\"lazy\" decoding=\"async\" src=\"https:\/\/www.casasbahia-imagens.com.br\/html\/conteudo-produto\/73\/55033884\/imagens\/cafeteira-eletrica-electrolux-ecm10_47.jpg\" alt=\"\" width=\"990\" height=\"57\" \/><img loading=\"lazy\" decoding=\"async\" src=\"https:\/\/www.casasbahia-imagens.com.br\/html\/conteudo-produto\/73\/55033884\/imagens\/cafeteira-eletrica-electrolux-ecm10_48.jpg\" alt=\"\" width=\"990\" height=\"56\" \/><img loading=\"lazy\" decoding=\"async\" src=\"https:\/\/www.casasbahia-imagens.com.br\/html\/conteudo-produto\/73\/55033884\/imagens\/cafeteira-eletrica-electrolux-ecm10_49.jpg\" alt=\"\" width=\"990\" height=\"57\" \/><img loading=\"lazy\" decoding=\"async\" src=\"https:\/\/www.casasbahia-imagens.com.br\/html\/conteudo-produto\/73\/55033884\/imagens\/cafeteira-eletrica-electrolux-ecm10_50.jpg\" alt=\"\" width=\"990\" height=\"56\" \/><\/div>\n<\/div>\n<\/div>\n<\/div>\n<\/div>\n<\/div>\n<div>\n<div id=\"product-description\">Com a Cafeteira El\u00e9trica Electrolux Efficiente ECM10 15 X\u00edcaras &#8211; Preta voc\u00ea pode servir o caf\u00e9 mesmo durante a prepara\u00e7\u00e3o sem se preocupar. O sistema evita que pingue na base. Sua jarra de 600ml, \u00e9 compacta e pr\u00e1tica para fazer um caf\u00e9 delicioso de forma f\u00e1cil, por ser resistente, pode ser levada \u00e0 lava-lou\u00e7as. Ainda conta com a fun\u00e7\u00e3o manter aquecido que \u00e9 perfeita para conservar seu caf\u00e9 quentinho por mais tempo depois de pronto. Tenha o melhor dos aparelhos Electrolux em sua casa e deixe sua cozinha muito mais moderna.<\/div>\n<\/div>\n","protected":false},"excerpt":{"rendered":"<p>Com a Cafeteira El\u00e9trica Electrolux Efficiente ECM10 15 X\u00edcaras &#8211; Preta voc\u00ea pode servir o caf\u00e9 mesmo durante a prepara\u00e7\u00e3o sem se preocupar. O sistema evita que pingue na base. Sua jarra de 600ml, \u00e9 compacta e pr\u00e1tica para fazer um caf\u00e9 delicioso de forma f\u00e1cil, por ser resistente, pode ser levada \u00e0 lava-lou\u00e7as. Ainda [&hellip;]<\/p>\n","protected":false},"featured_media":2527,"comment_status":"open","ping_status":"closed","template":"","meta":[],"product_brand":[],"product_cat":[72,79],"product_tag":[],"class_list":{"0":"post-2524","1":"product","2":"type-product","3":"status-publish","4":"has-post-thumbnail","6":"product_cat-eletroportateis","7":"product_cat-utilidades-domestica","9":"first","10":"instock","11":"shipping-taxable","12":"purchasable","13":"product-type-simple"},"_links":{"self":[{"href":"https:\/\/plataformaprojetos.site\/loja1wagner\/wp-json\/wp\/v2\/product\/2524","targetHints":{"allow":["GET"]}}],"collection":[{"href":"https:\/\/plataformaprojetos.site\/loja1wagner\/wp-json\/wp\/v2\/product"}],"about":[{"href":"https:\/\/plataformaprojetos.site\/loja1wagner\/wp-json\/wp\/v2\/types\/product"}],"replies":[{"embeddable":true,"href":"https:\/\/plataformaprojetos.site\/loja1wagner\/wp-json\/wp\/v2\/comments?post=2524"}],"wp:featuredmedia":[{"embeddable":true,"href":"https:\/\/plataformaprojetos.site\/loja1wagner\/wp-json\/wp\/v2\/media\/2527"}],"wp:attachment":[{"href":"https:\/\/plataformaprojetos.site\/loja1wagner\/wp-json\/wp\/v2\/media?parent=2524"}],"wp:term":[{"taxonomy":"product_brand","embeddable":true,"href":"https:\/\/plataformaprojetos.site\/loja1wagner\/wp-json\/wp\/v2\/product_brand?post=2524"},{"taxonomy":"product_cat","embeddable":true,"href":"https:\/\/plataformaprojetos.site\/loja1wagner\/wp-json\/wp\/v2\/product_cat?post=2524"},{"taxonomy":"product_tag","embeddable":true,"href":"https:\/\/plataformaprojetos.site\/loja1wagner\/wp-json\/wp\/v2\/product_tag?post=2524"}],"curies":[{"name":"wp","href":"https:\/\/api.w.org\/{rel}","templated":true}]}}