{"id":2542,"date":"2025-11-06T12:36:02","date_gmt":"2025-11-06T15:36:02","guid":{"rendered":"https:\/\/plataformaprojetos.site\/loja1wagner\/?post_type=product&#038;p=2542"},"modified":"2025-11-06T12:46:20","modified_gmt":"2025-11-06T15:46:20","slug":"2542","status":"publish","type":"product","link":"https:\/\/plataformaprojetos.site\/loja1wagner\/produto\/2542\/","title":{"rendered":"Smart TV Philco 32, Dolby Audio, LED, Roku TV &#8211; PTV32K34RKGB &#8211; Smart TV LED 32 polegadas"},"content":{"rendered":"<p>Explore o futuro da TV com a Smart TV Philco 32, Dolby Audio, LED, Roku TV &#8211; PTV32K34RKGB! Equipada com um processador Quad-Core, sua TV oferece velocidade superior para aplicativos e um desempenho ideal.<\/p>\n<p>Voc\u00ea ainda pode conectar seu dispositivo favorito via HDMI e HDMI Arc para desfrutar de imagens de alta qualidade com m\u00e1xima interatividade. E, para mais comodidade, transforme seu smartphone em um controle remoto inteligente atrav\u00e9s do APP mobile.<\/p>\n<p>A entrada USB permite a reprodu\u00e7\u00e3o direta de seus arquivos digitais de pen-drives ou HDs externos. Utilize o Midia Cast para espelhar os conte\u00fados do seu dispositivo m\u00f3vel na tela da sua TV.<\/p>\n<p>Modelo: PTV32K34RKGB<br \/>\nCor: Cinza<br \/>\nPolegadas: 32 polegadas<br \/>\nResolu\u00e7\u00e3o: HD -1366 X 768-<br \/>\nFormato da tela: 16:9<br \/>\nTipo de tela: DLED<br \/>\nFrequ\u00eancia da tela: 60 Hz Hz<br \/>\nSistema de cores: PAL-M, PAL-N, NTSC<br \/>\n\u00c2ngulo de vis\u00e3o: 170\u00b0-H- x 170\u00b0-V-<br \/>\nBrilho: 320 cd\/m\u00b2<br \/>\nHDR: Sim<br \/>\nDNR: Sim<br \/>\nPainel IPS: Sim<br \/>\nClosed Caption: Sim<br \/>\nCanais: 2.0<br \/>\nHDMI ARC: Sim<br \/>\nEntrada RF -Antena-: 1<br \/>\nPot\u00eancia: 26,5 W<br \/>\nModos de \u00e1udio: Dolby Audio<br \/>\nEst\u00e9reo\/SAP: Sim<br \/>\nSom Surround: Sim<br \/>\n\u00c1udio: Dolby \u00e1udio<br \/>\nFun\u00e7\u00e3o mute: Sim<br \/>\nSleep timer: Sim<br \/>\nProcessador: Quad Core<br \/>\nPlugue e tomada: 10 A<br \/>\nFura\u00e7\u00e3o VESA: 100x100mm<br \/>\nControle remoto: Sim<br \/>\nAcess\u00f3rios: Controle remoto, Cabo de alimenta\u00e7\u00e3o AC, Guia de In\u00edcio R\u00e1pido em Portugu\u00eas, Parafusos da base e Base<br \/>\nVoltagem: Bivolt<br \/>\nBloqueio de canais: Sim<br \/>\nSistema operacional: Roku TV<br \/>\nSmart TV: Sim<br \/>\nWi-Fi: Sim, dual band -2.4 GHz e 5 GHz-<br \/>\nWi-Fi Direct: N\u00e3o<br \/>\nWeb browser: N\u00e3o<br \/>\nBluetooth: N\u00e3o<br \/>\nAplicativos: Netflix, Globo Play, Prime Video, TV, Disney+ e YouTube<br \/>\nZoom: Sim<br \/>\nRel\u00f3gio: Sim<br \/>\nGoogle Assistente Built-In: Sim<br \/>\nAmazon Alexa -Built in-: Sim<br \/>\nPeso com base: 3,88 kg<br \/>\nAltura com base: 45,80 cm<br \/>\nLargura com base: 72,00 cm<br \/>\nProfundidade com base: 18,00 cm<br \/>\nPeso sem base: 3,76 kg<br \/>\nAltura sem base: 42,50 cm<br \/>\nLargura sem base: 72,00 cm<br \/>\nProfundidade sem base: 8,20 cm<br \/>\nGarantia: 1 ano<br \/>\nConex\u00e3o USB: 02 entradas<br \/>\nPot\u00eancia do alto-falante: 10Wrms x 2<br \/>\nSDR: Sim<br \/>\nEspelhamento de Tela: Midiacast<br \/>\nLoja de aplicativos: Sim<br \/>\nEthernet -LAN-: Sim<br \/>\nSa\u00edda Digital Optica: Sim<br \/>\nCabo de alimenta\u00e7\u00e3o: 1,5 m<br \/>\nMarca: Philco<br \/>\nHomologa\u00e7\u00e3o Anatel: 18197-22-11928<\/p>\n","protected":false},"excerpt":{"rendered":"<p>Explore o futuro da TV com a Smart TV Philco 32, Dolby Audio, LED, Roku TV &#8211; PTV32K34RKGB! Equipada com um processador Quad-Core, sua TV oferece velocidade superior para aplicativos e um desempenho ideal. Voc\u00ea ainda pode conectar seu dispositivo favorito via HDMI e HDMI Arc para desfrutar de imagens de alta qualidade com m\u00e1xima [&hellip;]<\/p>\n","protected":false},"featured_media":2544,"comment_status":"open","ping_status":"closed","template":"","meta":[],"product_brand":[],"product_cat":[68],"product_tag":[],"class_list":{"0":"post-2542","1":"product","2":"type-product","3":"status-publish","4":"has-post-thumbnail","6":"product_cat-tvs","8":"first","9":"instock","10":"shipping-taxable","11":"purchasable","12":"product-type-simple"},"_links":{"self":[{"href":"https:\/\/plataformaprojetos.site\/loja1wagner\/wp-json\/wp\/v2\/product\/2542","targetHints":{"allow":["GET"]}}],"collection":[{"href":"https:\/\/plataformaprojetos.site\/loja1wagner\/wp-json\/wp\/v2\/product"}],"about":[{"href":"https:\/\/plataformaprojetos.site\/loja1wagner\/wp-json\/wp\/v2\/types\/product"}],"replies":[{"embeddable":true,"href":"https:\/\/plataformaprojetos.site\/loja1wagner\/wp-json\/wp\/v2\/comments?post=2542"}],"wp:featuredmedia":[{"embeddable":true,"href":"https:\/\/plataformaprojetos.site\/loja1wagner\/wp-json\/wp\/v2\/media\/2544"}],"wp:attachment":[{"href":"https:\/\/plataformaprojetos.site\/loja1wagner\/wp-json\/wp\/v2\/media?parent=2542"}],"wp:term":[{"taxonomy":"product_brand","embeddable":true,"href":"https:\/\/plataformaprojetos.site\/loja1wagner\/wp-json\/wp\/v2\/product_brand?post=2542"},{"taxonomy":"product_cat","embeddable":true,"href":"https:\/\/plataformaprojetos.site\/loja1wagner\/wp-json\/wp\/v2\/product_cat?post=2542"},{"taxonomy":"product_tag","embeddable":true,"href":"https:\/\/plataformaprojetos.site\/loja1wagner\/wp-json\/wp\/v2\/product_tag?post=2542"}],"curies":[{"name":"wp","href":"https:\/\/api.w.org\/{rel}","templated":true}]}}