{"id":2666,"date":"2025-11-10T17:53:45","date_gmt":"2025-11-10T20:53:45","guid":{"rendered":"https:\/\/plataformaprojetos.site\/loja1wagner\/?post_type=product&#038;p=2666"},"modified":"2025-12-15T13:28:59","modified_gmt":"2025-12-15T16:28:59","slug":"fritadeira-airfryer-philips-walita-serie-1000-xl-62l-1700w-grelha-removivel-preto-110v","status":"publish","type":"product","link":"https:\/\/plataformaprojetos.site\/loja1wagner\/produto\/fritadeira-airfryer-philips-walita-serie-1000-xl-62l-1700w-grelha-removivel-preto-110v\/","title":{"rendered":"Fritadeira Airfryer Philips Walita S\u00e9rie 1000 XL 6,2L 1700W Grelha Remov\u00edvel Preto &#8211; 110V"},"content":{"rendered":"<div id=\"product-special-content-partner\" data-testid=\"product-special-content\">\n<div class=\"css-1n35da2\" data-component=\"special-content\" data-version=\"1.0.1-2\">\n<div class=\"css-1wb3f7s\">\n<div class=\"css-gbwsnk\"><img decoding=\"async\" src=\"https:\/\/imgs.via.com.br\/special-contents\/dc7aed55-6053-4767-a982-9737f87a5e8b\/d94d5d92-ea24-479d-82c5-7d053874a762.png\" alt=\"Fritadeira Airfryer Philips Walita S\u00e9rie 1000 XL 6,2L 1700W\" \/><\/div>\n<div class=\"css-gbwsnk\"><img decoding=\"async\" src=\"https:\/\/imgs.via.com.br\/special-contents\/dc7aed55-6053-4767-a982-9737f87a5e8b\/2eb6ec30-c1d1-4d6d-a18d-3eb0e84c42ce.png\" alt=\"Fritadeira Airfryer Philips Walita S\u00e9rie 1000 XL 6,2L 1700W\" \/><\/div>\n<div class=\"css-gbwsnk\"><img decoding=\"async\" src=\"https:\/\/imgs.via.com.br\/special-contents\/dc7aed55-6053-4767-a982-9737f87a5e8b\/df173619-6e8b-486d-abbf-39a1fbdd24ce.png\" alt=\"Fritadeira Airfryer Philips Walita S\u00e9rie 1000 XL 6,2L 1700W\" \/><\/div>\n<div class=\"css-gbwsnk\"><img decoding=\"async\" src=\"https:\/\/imgs.via.com.br\/special-contents\/dc7aed55-6053-4767-a982-9737f87a5e8b\/21466b87-fb81-4c8b-bb18-1563317eb4cb.png\" alt=\"Fritadeira Airfryer Philips Walita S\u00e9rie 1000 XL 6,2L 1700W\" \/><\/div>\n<div class=\"css-gbwsnk\"><img decoding=\"async\" src=\"https:\/\/imgs.via.com.br\/special-contents\/dc7aed55-6053-4767-a982-9737f87a5e8b\/0db6329b-c43e-466c-87d7-b9006c548d41.png\" alt=\"Fritadeira Airfryer Philips Walita S\u00e9rie 1000 XL 6,2L 1700W\" \/><\/div>\n<div class=\"css-gbwsnk\"><img decoding=\"async\" src=\"https:\/\/imgs.via.com.br\/special-contents\/dc7aed55-6053-4767-a982-9737f87a5e8b\/3e49221b-0adb-435b-9602-ec55c6dca39f.png\" alt=\"Fritadeira Airfryer Philips Walita S\u00e9rie 1000 XL 6,2L 1700W\" \/><\/div>\n<\/div>\n<\/div>\n<\/div>\n<div>\n<div id=\"product-description\">Prepare suas refei\u00e7\u00f5es de forma saud\u00e1vel e rapidamente com a\u00a0<strong>Fritadeira Airfryer Philips Walita S\u00e9rie 1000 XL<\/strong>. Garantindo alimentos crocantes por fora, macios por dentro, com muito mais sabor e praticidade no preparo.<br \/>\nCom capacidade total de\u00a0<strong>6,2L<\/strong>\u00a0(suficiente para at\u00e9 1,2kg de alimentos), pensada para fam\u00edlias de at\u00e9 6 pessoas. Sua\u00a0<strong>pot\u00eancia de 1700W<\/strong>\u00a0aliada \u00e0 exclusiva\u00a0<strong>Tecnologia RapidAir<\/strong>\u00a0proporciona\u00a0<strong>circula\u00e7\u00e3o de ar por todos os lados<\/strong>, garantindo cozimento uniforme e r\u00e1pido.<\/p>\n<p>A\u00a0<strong>grelha remov\u00edvel antiaderente<\/strong>\u00a0facilita o preparo de receitas variadas e aumenta o espa\u00e7o interno da cesta. Al\u00e9m disso, a limpeza \u00e9 descomplicada com as\u00a0<strong>pe\u00e7as remov\u00edveis compat\u00edveis com lava-lou\u00e7as<\/strong>.<\/p>\n<ul>\n<li style=\"list-style-type: none;\">\n<ul>\n<li>Capacidade de 6,2L: ideal para at\u00e9 6 pessoas<\/li>\n<\/ul>\n<\/li>\n<\/ul>\n<ul>\n<li style=\"list-style-type: none;\">\n<ul>\n<li>Tecnologia RapidAir: cozimento r\u00e1pido e uniforme<\/li>\n<\/ul>\n<\/li>\n<\/ul>\n<ul>\n<li style=\"list-style-type: none;\">\n<ul>\n<li>Grelha remov\u00edvel antiaderente: mais espa\u00e7o e f\u00e1cil limpeza<\/li>\n<\/ul>\n<\/li>\n<\/ul>\n<ul>\n<li style=\"list-style-type: none;\">\n<ul>\n<li>Timer de 60 minutos com desligamento autom\u00e1tico<\/li>\n<\/ul>\n<\/li>\n<\/ul>\n<ul>\n<li style=\"list-style-type: none;\">\n<ul>\n<li>Compat\u00edvel com o aplicativo HomeID para novas receitas<\/li>\n<\/ul>\n<\/li>\n<\/ul>\n<p>Com\u00a0<strong>ajuste de temperatura de 80\u00b0C a 200\u00b0C<\/strong>\u00a0e\u00a0<strong>timer de 60 minutos<\/strong>\u00a0com desligamento autom\u00e1tico, voc\u00ea tem total controle sobre suas receitas. O aparelho ainda conta com\u00a0<strong>porta-fio<\/strong>\u00a0e\u00a0<strong>fun\u00e7\u00e3o antiaquecimento externo<\/strong>, garantindo seguran\u00e7a no uso di\u00e1rio.<\/div>\n<\/div>\n","protected":false},"excerpt":{"rendered":"<p>Prepare suas refei\u00e7\u00f5es de forma saud\u00e1vel e rapidamente com a\u00a0Fritadeira Airfryer Philips Walita S\u00e9rie 1000 XL. Garantindo alimentos crocantes por fora, macios por dentro, com muito mais sabor e praticidade no preparo. Com capacidade total de\u00a06,2L\u00a0(suficiente para at\u00e9 1,2kg de alimentos), pensada para fam\u00edlias de at\u00e9 6 pessoas. Sua\u00a0pot\u00eancia de 1700W\u00a0aliada \u00e0 exclusiva\u00a0Tecnologia RapidAir\u00a0proporciona\u00a0circula\u00e7\u00e3o de [&hellip;]<\/p>\n","protected":false},"featured_media":2668,"comment_status":"open","ping_status":"closed","template":"","meta":[],"product_brand":[],"product_cat":[72,79],"product_tag":[],"class_list":{"0":"post-2666","1":"product","2":"type-product","3":"status-publish","4":"has-post-thumbnail","6":"product_cat-eletroportateis","7":"product_cat-utilidades-domestica","9":"first","10":"instock","11":"shipping-taxable","12":"purchasable","13":"product-type-simple"},"_links":{"self":[{"href":"https:\/\/plataformaprojetos.site\/loja1wagner\/wp-json\/wp\/v2\/product\/2666","targetHints":{"allow":["GET"]}}],"collection":[{"href":"https:\/\/plataformaprojetos.site\/loja1wagner\/wp-json\/wp\/v2\/product"}],"about":[{"href":"https:\/\/plataformaprojetos.site\/loja1wagner\/wp-json\/wp\/v2\/types\/product"}],"replies":[{"embeddable":true,"href":"https:\/\/plataformaprojetos.site\/loja1wagner\/wp-json\/wp\/v2\/comments?post=2666"}],"wp:featuredmedia":[{"embeddable":true,"href":"https:\/\/plataformaprojetos.site\/loja1wagner\/wp-json\/wp\/v2\/media\/2668"}],"wp:attachment":[{"href":"https:\/\/plataformaprojetos.site\/loja1wagner\/wp-json\/wp\/v2\/media?parent=2666"}],"wp:term":[{"taxonomy":"product_brand","embeddable":true,"href":"https:\/\/plataformaprojetos.site\/loja1wagner\/wp-json\/wp\/v2\/product_brand?post=2666"},{"taxonomy":"product_cat","embeddable":true,"href":"https:\/\/plataformaprojetos.site\/loja1wagner\/wp-json\/wp\/v2\/product_cat?post=2666"},{"taxonomy":"product_tag","embeddable":true,"href":"https:\/\/plataformaprojetos.site\/loja1wagner\/wp-json\/wp\/v2\/product_tag?post=2666"}],"curies":[{"name":"wp","href":"https:\/\/api.w.org\/{rel}","templated":true}]}}