{"id":2693,"date":"2025-11-10T18:24:43","date_gmt":"2025-11-10T21:24:43","guid":{"rendered":"https:\/\/plataformaprojetos.site\/loja1wagner\/?post_type=product&#038;p=2693"},"modified":"2025-12-15T13:28:47","modified_gmt":"2025-12-15T16:28:47","slug":"air-fryer-britania-bfr37-preto-com-timer-42l","status":"publish","type":"product","link":"https:\/\/plataformaprojetos.site\/loja1wagner\/produto\/air-fryer-britania-bfr37-preto-com-timer-42l\/","title":{"rendered":"Air Fryer Brit\u00e2nia BFR37 Preto com Timer 4,2L"},"content":{"rendered":"<div class=\"relative px-md overflow-hidden border-on-surface-8 after:pointer-events-none after:absolute after:bottom-[0] after:left-[0] after:h-[72px] after:w-full after:bg-gradient-to-b after:from-[#FFFFFF00] after:to-[#FFFFFF] md:after:content-none md:px-lg max-md:border-b-thin\" data-testid=\"tab-product-detail\">\n<div data-testid=\"product-detail\">\n<div class=\"mt-md font-xsm-regular\" data-testid=\"product-detail-description\">A fritadeira el\u00e9trica Sem \u00d3leo\/Air Fryer Brit\u00e2nia BFR37 na cor preta vai simplificar o preparo das suas receitas tornando-as mais saud\u00e1veis, pois n\u00e3o utiliza \u00f3leo. O cesto remov\u00edvel e antiaderente com capacidade total de 4,2L tem a capacidade ideal para preparar receitas de diferentes tamanhos. Seja para uma refei\u00e7\u00e3o individual ou para toda a fam\u00edlia, essa fritadeira tem o espa\u00e7o necess\u00e1rio para voc\u00ea soltar a criatividade e inovar nos preparos. Al\u00e9m disso, o cesto possui o revestimento Dura Mais com antiaderente de alta durabilidade que evita que os alimentos grudem no fundo, al\u00e9m da limpeza ficar muito mais f\u00e1cil e r\u00e1pida. Seja para fritar, assar ou grelhar, com ela voc\u00ea pode fazer isso com pouqu\u00edssimo ou nenhum \u00f3leo e ter alimentos mais saud\u00e1veis. E para garantir praticidade e seguran\u00e7a, tamb\u00e9m conta com timer de 60 minutos com desligamento autom\u00e1tico. Isso permite que voc\u00ea programe o tempo de cozimento desejado que ela desligar\u00e1 automaticamente quando o tempo acabar.<\/div>\n<\/div>\n<\/div>\n<div class=\"hidden border-on-surface-8 md:px-lg md:block md:py-md\" data-testid=\"tab-product-factsheet\">\n<h2 class=\"text-on-surface-2 font-md-bold md:font-title-large-highlight md:mb-md\" data-testid=\"product-factsheet-title\">Ficha T\u00e9cnica<\/h2>\n<div class=\"pt-2xsm\">\n<table class=\"w-full list-none\" data-testid=\"table-factsheet\">\n<tbody>\n<tr class=\"text-on-surface-3 even:bg-surface-container-lower\">\n<td class=\"px-md py-sm align-top font-xsm-bold table-cell w-1\/2\" data-testid=\"table-factsheet-key\">Marca<\/td>\n<td class=\"list-item w-full px-md py-sm align-top font-xsm-regular\"><a class=\"underline hover:text-interaction-default\" href=\"https:\/\/m.magazineluiza.com.br\/marcas\/britania\/\">Brit\u00e2nia<\/a><\/td>\n<\/tr>\n<tr class=\"text-on-surface-3 even:bg-surface-container-lower\">\n<td class=\"px-md py-sm align-top font-xsm-bold table-cell w-1\/2\" data-testid=\"table-factsheet-key\">Refer\u00eancia<\/td>\n<td class=\"list-item w-full px-md py-sm align-top font-xsm-regular\">BFR37<\/td>\n<\/tr>\n<tr class=\"text-on-surface-3 even:bg-surface-container-lower\">\n<td class=\"px-md py-sm align-top font-xsm-bold table-cell w-1\/2\" data-testid=\"table-factsheet-key\">Modelo<\/td>\n<td class=\"list-item w-full px-md py-sm align-top font-xsm-regular\">BFR37<\/td>\n<\/tr>\n<tr class=\"text-on-surface-3 even:bg-surface-container-lower\">\n<td class=\"px-md py-sm align-top font-xsm-bold table-cell w-1\/2\" data-testid=\"table-factsheet-key\">Modo de Fritura<\/td>\n<td class=\"list-item w-full px-md py-sm align-top font-xsm-regular\">Sem \u00d3leo\/Air Fryer<\/td>\n<\/tr>\n<tr class=\"text-on-surface-3 even:bg-surface-container-lower\">\n<td class=\"px-md py-sm align-top font-xsm-bold table-cell w-1\/2\" data-testid=\"table-factsheet-key\">Capacidade Total<\/td>\n<td class=\"list-item w-full px-md py-sm align-top font-xsm-regular\">4,2L<\/td>\n<\/tr>\n<tr class=\"text-on-surface-3 even:bg-surface-container-lower\">\n<td class=\"px-md py-sm align-top font-xsm-bold table-cell w-1\/2\" data-testid=\"table-factsheet-key\">Capacidade do Cesto<\/td>\n<td class=\"list-item w-full px-md py-sm align-top font-xsm-regular\">4L<\/td>\n<\/tr>\n<tr class=\"text-on-surface-3 even:bg-surface-container-lower\">\n<td class=\"px-md py-sm align-top font-xsm-bold table-cell w-1\/2\" data-testid=\"table-factsheet-key\">Cesto de Fritura<\/td>\n<td class=\"list-item w-full px-md py-sm align-top font-xsm-regular\">Remov\u00edvel e antiaderente<\/td>\n<\/tr>\n<tr class=\"text-on-surface-3 even:bg-surface-container-lower\">\n<td class=\"px-md py-sm align-top font-xsm-bold table-cell w-1\/2\" data-testid=\"table-factsheet-key\">Pot\u00eancia<\/td>\n<td class=\"list-item w-full px-md py-sm align-top font-xsm-regular\">1500W<\/td>\n<\/tr>\n<tr class=\"text-on-surface-3 even:bg-surface-container-lower\">\n<td class=\"px-md py-sm align-top font-xsm-bold table-cell w-1\/2\" data-testid=\"table-factsheet-key\">Temperatura<\/td>\n<td class=\"list-item w-full px-md py-sm align-top font-xsm-regular\">200\u00baC<\/td>\n<\/tr>\n<tr class=\"text-on-surface-3 even:bg-surface-container-lower\">\n<td class=\"px-md py-sm align-top font-xsm-bold table-cell w-1\/2\" data-testid=\"table-factsheet-key\">Funcionalidades<\/td>\n<td class=\"list-item w-full px-md py-sm align-top font-xsm-regular\">Timer 60 minutos<\/td>\n<\/tr>\n<tr class=\"text-on-surface-3 even:bg-surface-container-lower\">\n<td class=\"px-md py-sm align-top font-xsm-bold table-cell w-1\/2\" data-testid=\"table-factsheet-key\">Voltagem<\/td>\n<td class=\"list-item w-full px-md py-sm align-top font-xsm-regular\">110V<\/td>\n<\/tr>\n<tr class=\"text-on-surface-3 even:bg-surface-container-lower\">\n<td class=\"px-md py-sm align-top font-xsm-bold table-cell w-1\/2\" data-testid=\"table-factsheet-key\">Tipo de Tomada<\/td>\n<td class=\"list-item w-full px-md py-sm align-top font-xsm-regular\">12A<\/td>\n<\/tr>\n<tr class=\"text-on-surface-3 even:bg-surface-container-lower\">\n<td class=\"px-md py-sm align-top font-xsm-bold table-cell w-1\/2\" data-testid=\"table-factsheet-key\">Consumo Aproximado de Energia<\/td>\n<td class=\"list-item w-full px-md py-sm align-top font-xsm-regular\">1,5kWh<\/td>\n<\/tr>\n<tr class=\"text-on-surface-3 even:bg-surface-container-lower\">\n<td class=\"px-md py-sm align-top font-xsm-bold table-cell w-1\/2\" data-testid=\"table-factsheet-key\">Material<\/td>\n<td class=\"list-item w-full px-md py-sm align-top font-xsm-regular\">Pl\u00e1stico e metal<\/td>\n<\/tr>\n<tr class=\"text-on-surface-3 even:bg-surface-container-lower\">\n<td class=\"px-md py-sm align-top font-xsm-bold table-cell w-1\/2\" data-testid=\"table-factsheet-key\">Cor<\/td>\n<td class=\"list-item w-full px-md py-sm align-top font-xsm-regular\">Preto<\/td>\n<\/tr>\n<tr class=\"text-on-surface-3 even:bg-surface-container-lower\">\n<td class=\"px-md py-sm align-top font-xsm-bold table-cell w-1\/2\" data-testid=\"table-factsheet-key\">Certificado Homologado pelo Inmetro N\u00famero<\/td>\n<td class=\"list-item w-full px-md py-sm align-top font-xsm-regular\">BRA-CERT211101113-05<\/td>\n<\/tr>\n<tr class=\"text-on-surface-3 even:bg-surface-container-lower\">\n<td class=\"px-md py-sm align-top font-xsm-bold table-cell w-1\/2\" data-testid=\"table-factsheet-key\">Peso do Produto<\/td>\n<td class=\"list-item w-full px-md py-sm align-top font-xsm-regular\">4,11kg<\/td>\n<\/tr>\n<tr class=\"text-on-surface-3 even:bg-surface-container-lower\">\n<td class=\"px-md py-sm align-top font-xsm-bold table-cell w-1\/2\" data-testid=\"table-factsheet-key\">Dimens\u00f5es do Produto<\/td>\n<td class=\"list-item w-full px-md py-sm align-top font-xsm-regular\">Largura 27,5cm Altura 32,5cm Profundidade 35cm<\/td>\n<\/tr>\n<tr class=\"text-on-surface-3 even:bg-surface-container-lower\">\n<td class=\"px-md py-sm align-top font-xsm-bold table-cell w-1\/2\" data-testid=\"table-factsheet-key\">Prazo de Garantia<\/td>\n<td class=\"list-item w-full px-md py-sm align-top font-xsm-regular\">01 ano (3 meses de garantia legal e mais 9 meses de garantia especial concedida pelo fabricante)<\/td>\n<\/tr>\n<tr class=\"text-on-surface-3 even:bg-surface-container-lower\">\n<td class=\"px-md py-sm align-top font-xsm-bold table-cell w-1\/2\" data-testid=\"table-factsheet-key\">Conte\u00fado da Embalagem<\/td>\n<td class=\"list-item w-full px-md py-sm align-top font-xsm-regular\">1 Fritadeira El\u00e9trica<\/td>\n<\/tr>\n<tr class=\"text-on-surface-3 even:bg-surface-container-lower\">\n<td class=\"px-md py-sm align-top font-xsm-bold table-cell w-1\/2\" data-testid=\"table-factsheet-key\">Caracter\u00edsticas<\/td>\n<td class=\"list-item w-full px-md py-sm align-top font-xsm-regular\">Tecnologia 360\u00ba Air Flow. Revestimento Dura Mais com antiaderente de alta durabilidade e f\u00e1cil de limpar.<\/td>\n<\/tr>\n<\/tbody>\n<\/table>\n<\/div>\n<\/div>\n","protected":false},"excerpt":{"rendered":"<p>A fritadeira el\u00e9trica Sem \u00d3leo\/Air Fryer Brit\u00e2nia BFR37 na cor preta vai simplificar o preparo das suas receitas tornando-as mais saud\u00e1veis, pois n\u00e3o utiliza \u00f3leo. O cesto remov\u00edvel e antiaderente com capacidade total de 4,2L tem a capacidade ideal para preparar receitas de diferentes tamanhos. Seja para uma refei\u00e7\u00e3o individual ou para toda a fam\u00edlia, [&hellip;]<\/p>\n","protected":false},"featured_media":2694,"comment_status":"open","ping_status":"closed","template":"","meta":[],"product_brand":[],"product_cat":[72,79],"product_tag":[],"class_list":{"0":"post-2693","1":"product","2":"type-product","3":"status-publish","4":"has-post-thumbnail","6":"product_cat-eletroportateis","7":"product_cat-utilidades-domestica","9":"first","10":"instock","11":"shipping-taxable","12":"purchasable","13":"product-type-simple"},"_links":{"self":[{"href":"https:\/\/plataformaprojetos.site\/loja1wagner\/wp-json\/wp\/v2\/product\/2693","targetHints":{"allow":["GET"]}}],"collection":[{"href":"https:\/\/plataformaprojetos.site\/loja1wagner\/wp-json\/wp\/v2\/product"}],"about":[{"href":"https:\/\/plataformaprojetos.site\/loja1wagner\/wp-json\/wp\/v2\/types\/product"}],"replies":[{"embeddable":true,"href":"https:\/\/plataformaprojetos.site\/loja1wagner\/wp-json\/wp\/v2\/comments?post=2693"}],"wp:featuredmedia":[{"embeddable":true,"href":"https:\/\/plataformaprojetos.site\/loja1wagner\/wp-json\/wp\/v2\/media\/2694"}],"wp:attachment":[{"href":"https:\/\/plataformaprojetos.site\/loja1wagner\/wp-json\/wp\/v2\/media?parent=2693"}],"wp:term":[{"taxonomy":"product_brand","embeddable":true,"href":"https:\/\/plataformaprojetos.site\/loja1wagner\/wp-json\/wp\/v2\/product_brand?post=2693"},{"taxonomy":"product_cat","embeddable":true,"href":"https:\/\/plataformaprojetos.site\/loja1wagner\/wp-json\/wp\/v2\/product_cat?post=2693"},{"taxonomy":"product_tag","embeddable":true,"href":"https:\/\/plataformaprojetos.site\/loja1wagner\/wp-json\/wp\/v2\/product_tag?post=2693"}],"curies":[{"name":"wp","href":"https:\/\/api.w.org\/{rel}","templated":true}]}}