{"id":2720,"date":"2025-11-10T18:59:55","date_gmt":"2025-11-10T21:59:55","guid":{"rendered":"https:\/\/plataformaprojetos.site\/loja1wagner\/?post_type=product&#038;p=2720"},"modified":"2025-12-15T13:27:53","modified_gmt":"2025-12-15T16:27:53","slug":"panela-eletrica-de-arroz-mondial-npe-08-fast-rice-premium-5-xicaras-preta-110v-220v","status":"publish","type":"product","link":"https:\/\/plataformaprojetos.site\/loja1wagner\/produto\/panela-eletrica-de-arroz-mondial-npe-08-fast-rice-premium-5-xicaras-preta-110v-220v\/","title":{"rendered":"Panela El\u00e9trica de Arroz Mondial NPE-08 &#8211; Fast Rice, Premium, 5 X\u00edcaras, Preta 110V &#8211; 220V"},"content":{"rendered":"<p>Caracter\u00edsticas do produto:<br \/>\nTipo de Panela: Panela El\u00e9trica de Arroz<br \/>\nPot\u00eancia: 400W<\/p>\n<p>Informa\u00e7\u00f5es adicionais:<br \/>\nModelo: NPE-08-5X<br \/>\nPot\u00eancia: 400W<br \/>\nConsumo:0,4Kw\/h<br \/>\nCor: Preto<br \/>\nDecora\u00e7\u00e3o exclusiva<br \/>\nTampa com v\u00e1lvula de sa\u00edda de vapor<br \/>\nRevestimento antiaderente<br \/>\nFun\u00e7\u00f5es Cozinhar e Aquecer<\/p>\n<p>Peso:<br \/>\nPeso l\u00edquido unit\u00e1rio: 1,4 Kg<br \/>\nPeso Bruto unit\u00e1rio: 1,66 Kg<\/p>\n<p>Dimens\u00f5es:<br \/>\nDimens\u00f5es do produto sem embalagem (AxLxP): 21 x 21 x 35,7 Cm<br \/>\nDimens\u00f5es do produto com a embalagem (AxLxP): 25,6 x 24,2 x 24,2 Cm<\/p>\n<p>Garantia: 1 ano (Ofertada pelo fornecedor)<\/p>\n<p>Fornecedor &#8211; Mondial<\/p>\n","protected":false},"excerpt":{"rendered":"<p>Caracter\u00edsticas do produto: Tipo de Panela: Panela El\u00e9trica de Arroz Pot\u00eancia: 400W Informa\u00e7\u00f5es adicionais: Modelo: NPE-08-5X Pot\u00eancia: 400W Consumo:0,4Kw\/h Cor: Preto Decora\u00e7\u00e3o exclusiva Tampa com v\u00e1lvula de sa\u00edda de vapor Revestimento antiaderente Fun\u00e7\u00f5es Cozinhar e Aquecer Peso: Peso l\u00edquido unit\u00e1rio: 1,4 Kg Peso Bruto unit\u00e1rio: 1,66 Kg Dimens\u00f5es: Dimens\u00f5es do produto sem embalagem (AxLxP): 21 [&hellip;]<\/p>\n","protected":false},"featured_media":2723,"comment_status":"open","ping_status":"closed","template":"","meta":[],"product_brand":[],"product_cat":[72,79],"product_tag":[],"class_list":{"0":"post-2720","1":"product","2":"type-product","3":"status-publish","4":"has-post-thumbnail","6":"product_cat-eletroportateis","7":"product_cat-utilidades-domestica","9":"first","10":"instock","11":"shipping-taxable","12":"purchasable","13":"product-type-simple"},"_links":{"self":[{"href":"https:\/\/plataformaprojetos.site\/loja1wagner\/wp-json\/wp\/v2\/product\/2720","targetHints":{"allow":["GET"]}}],"collection":[{"href":"https:\/\/plataformaprojetos.site\/loja1wagner\/wp-json\/wp\/v2\/product"}],"about":[{"href":"https:\/\/plataformaprojetos.site\/loja1wagner\/wp-json\/wp\/v2\/types\/product"}],"replies":[{"embeddable":true,"href":"https:\/\/plataformaprojetos.site\/loja1wagner\/wp-json\/wp\/v2\/comments?post=2720"}],"wp:featuredmedia":[{"embeddable":true,"href":"https:\/\/plataformaprojetos.site\/loja1wagner\/wp-json\/wp\/v2\/media\/2723"}],"wp:attachment":[{"href":"https:\/\/plataformaprojetos.site\/loja1wagner\/wp-json\/wp\/v2\/media?parent=2720"}],"wp:term":[{"taxonomy":"product_brand","embeddable":true,"href":"https:\/\/plataformaprojetos.site\/loja1wagner\/wp-json\/wp\/v2\/product_brand?post=2720"},{"taxonomy":"product_cat","embeddable":true,"href":"https:\/\/plataformaprojetos.site\/loja1wagner\/wp-json\/wp\/v2\/product_cat?post=2720"},{"taxonomy":"product_tag","embeddable":true,"href":"https:\/\/plataformaprojetos.site\/loja1wagner\/wp-json\/wp\/v2\/product_tag?post=2720"}],"curies":[{"name":"wp","href":"https:\/\/api.w.org\/{rel}","templated":true}]}}