{"id":2724,"date":"2025-11-10T19:09:21","date_gmt":"2025-11-10T22:09:21","guid":{"rendered":"https:\/\/plataformaprojetos.site\/loja1wagner\/?post_type=product&#038;p=2724"},"modified":"2025-11-10T19:09:21","modified_gmt":"2025-11-10T22:09:21","slug":"panela-eletrica-de-arroz-mondial-bianca-rice-pe-10-10-xicaras-branca-110v","status":"publish","type":"product","link":"https:\/\/plataformaprojetos.site\/loja1wagner\/produto\/panela-eletrica-de-arroz-mondial-bianca-rice-pe-10-10-xicaras-branca-110v\/","title":{"rendered":"Panela El\u00e9trica de Arroz Mondial Bianca Rice PE-10 10 X\u00edcaras &#8211; Branca &#8211; 110V"},"content":{"rendered":"<div id=\"product-special-content-partner\" data-testid=\"product-special-content\">\n<div class=\"css-1n35da2\" data-component=\"special-content\" data-version=\"1.0.1-2\">\n<div class=\"css-1wb3f7s\">\n<div class=\"css-gbwsnk\"><img decoding=\"async\" src=\"https:\/\/imgs.via.com.br\/special-contents\/fbdabbf1-5532-4e5a-b2df-8090692e871f\/4837f212-a8fc-430f-9fee-d6a5804b77a2.jpg\" alt=\"-Design moderno com decora\u00e7\u00e3o exclusiva: mais charme e beleza em sua cozinha; -Capacidade para at\u00e9 10 x\u00edcaras; -Prepara arroz, risotos e muito mais; -Acompanha livro de receitas; -V\u00e1lvula de sa\u00edda de vapor: regula a press\u00e3o interna para um cozimento perfeito; -Tampa basculante com trava de seguran\u00e7a: permite a utiliza\u00e7\u00e3o pr\u00e1tica e segura; -Revestimento antiaderente: facilita a limpeza; -L\u00e2mpada Piloto: indica o funcionamento do aparelho; -Al\u00e7a que facilita o transporte; -Coletor de vapor: recolhe a \u00e1gua\" \/><\/div>\n<div class=\"css-gbwsnk\"><img decoding=\"async\" src=\"https:\/\/imgs.via.com.br\/special-contents\/fbdabbf1-5532-4e5a-b2df-8090692e871f\/efdf97d8-4130-4af1-88bb-6d14451590b6.jpg\" alt=\"-Design moderno com decora\u00e7\u00e3o exclusiva: mais charme e beleza em sua cozinha; -Capacidade para at\u00e9 10 x\u00edcaras; -Prepara arroz, risotos e muito mais; -Acompanha livro de receitas; -V\u00e1lvula de sa\u00edda de vapor: regula a press\u00e3o interna para um cozimento perfeito; -Tampa basculante com trava de seguran\u00e7a: permite a utiliza\u00e7\u00e3o pr\u00e1tica e segura; -Revestimento antiaderente: facilita a limpeza; -L\u00e2mpada Piloto: indica o funcionamento do aparelho; -Al\u00e7a que facilita o transporte; -Coletor de vapor: recolhe a \u00e1gua\" \/><\/div>\n<div class=\"css-gbwsnk\"><img decoding=\"async\" src=\"https:\/\/imgs.via.com.br\/special-contents\/fbdabbf1-5532-4e5a-b2df-8090692e871f\/f54f1c85-3fa7-49a1-bdad-ffe6a6a423ba.jpg\" alt=\"-Design moderno com decora\u00e7\u00e3o exclusiva: mais charme e beleza em sua cozinha; -Capacidade para at\u00e9 10 x\u00edcaras; -Prepara arroz, risotos e muito mais; -Acompanha livro de receitas; -V\u00e1lvula de sa\u00edda de vapor: regula a press\u00e3o interna para um cozimento perfeito; -Tampa basculante com trava de seguran\u00e7a: permite a utiliza\u00e7\u00e3o pr\u00e1tica e segura; -Revestimento antiaderente: facilita a limpeza; -L\u00e2mpada Piloto: indica o funcionamento do aparelho; -Al\u00e7a que facilita o transporte; -Coletor de vapor: recolhe a \u00e1gua\" \/><\/div>\n<div class=\"css-gbwsnk\"><img decoding=\"async\" src=\"https:\/\/imgs.via.com.br\/special-contents\/fbdabbf1-5532-4e5a-b2df-8090692e871f\/cfdb3a21-39d9-4479-98f4-2fd744cb976b.jpg\" alt=\"-Design moderno com decora\u00e7\u00e3o exclusiva: mais charme e beleza em sua cozinha; -Capacidade para at\u00e9 10 x\u00edcaras; -Prepara arroz, risotos e muito mais; -Acompanha livro de receitas; -V\u00e1lvula de sa\u00edda de vapor: regula a press\u00e3o interna para um cozimento perfeito; -Tampa basculante com trava de seguran\u00e7a: permite a utiliza\u00e7\u00e3o pr\u00e1tica e segura; -Revestimento antiaderente: facilita a limpeza; -L\u00e2mpada Piloto: indica o funcionamento do aparelho; -Al\u00e7a que facilita o transporte; -Coletor de vapor: recolhe a \u00e1gua\" \/><\/div>\n<div class=\"css-gbwsnk\"><img decoding=\"async\" src=\"https:\/\/imgs.via.com.br\/special-contents\/fbdabbf1-5532-4e5a-b2df-8090692e871f\/e2d62898-a313-4056-bc3d-f1d95a552203.jpg\" alt=\"-Design moderno com decora\u00e7\u00e3o exclusiva: mais charme e beleza em sua cozinha; -Capacidade para at\u00e9 10 x\u00edcaras; -Prepara arroz, risotos e muito mais; -Acompanha livro de receitas; -V\u00e1lvula de sa\u00edda de vapor: regula a press\u00e3o interna para um cozimento perfeito; -Tampa basculante com trava de seguran\u00e7a: permite a utiliza\u00e7\u00e3o pr\u00e1tica e segura; -Revestimento antiaderente: facilita a limpeza; -L\u00e2mpada Piloto: indica o funcionamento do aparelho; -Al\u00e7a que facilita o transporte; -Coletor de vapor: recolhe a \u00e1gua\" \/><\/div>\n<div class=\"css-gbwsnk\"><img decoding=\"async\" src=\"https:\/\/imgs.via.com.br\/special-contents\/fbdabbf1-5532-4e5a-b2df-8090692e871f\/40bfe7d3-68fb-442e-9657-c9ba816cf23c.jpg\" alt=\"-Design moderno com decora\u00e7\u00e3o exclusiva: mais charme e beleza em sua cozinha; -Capacidade para at\u00e9 10 x\u00edcaras; -Prepara arroz, risotos e muito mais; -Acompanha livro de receitas; -V\u00e1lvula de sa\u00edda de vapor: regula a press\u00e3o interna para um cozimento perfeito; -Tampa basculante com trava de seguran\u00e7a: permite a utiliza\u00e7\u00e3o pr\u00e1tica e segura; -Revestimento antiaderente: facilita a limpeza; -L\u00e2mpada Piloto: indica o funcionamento do aparelho; -Al\u00e7a que facilita o transporte; -Coletor de vapor: recolhe a \u00e1gua\" \/><\/div>\n<\/div>\n<\/div>\n<\/div>\n<div>\n<div id=\"product-description\">\n<p>A\u00a0<strong>Panela El\u00e9trica Bianca Rice PE-10<\/strong>\u00a0da\u00a0<strong>Mondial<\/strong>\u00a0\u00e9 a sua mais nova \u201cMelhor Amiga\u201d na cozinha. Uma maneira bem mais pr\u00e1tica de preparar seu arroz e outras receitas &#8211; e torn\u00e1-las ainda mais saborosas!<\/p>\n<p>Com a\u00a0<strong>Bianca Rice<\/strong>\u00a0seu\u00a0<strong>arroz fica soltinho<\/strong>, e n\u00e3o corre o risco de passar do ponto, pois ela \u00e9 equipada com um\u00a0<strong>termostato que n\u00e3o deixa o alimento queimar<\/strong>, pois quando a \u00e1gua seca completamente o sensor \u00e9 ativado e a panela ir\u00e1 se\u00a0<strong>desligar automaticamente<\/strong>\u00a0e a fun\u00e7\u00e3o aquecer \u00e9 ativada. Tudo isso sem que voc\u00ea precise estar por perto.<\/p>\n<p>A\u00a0<strong>fun\u00e7\u00e3o aquecer<\/strong>\u00a0mant\u00e9m a temperatura do alimento pronto, sem queim\u00e1-lo. Assim ele pode ser servido na temperatura adequada at\u00e9\u00a0<strong>8 horas ap\u00f3s o preparo<\/strong>.<\/p>\n<p>Uma panela el\u00e9trica sofisticada e eficiente que vai tornar suas receitas especiais todos os dias!<\/p>\n<\/div>\n<\/div>\n","protected":false},"excerpt":{"rendered":"<p>A\u00a0Panela El\u00e9trica Bianca Rice PE-10\u00a0da\u00a0Mondial\u00a0\u00e9 a sua mais nova \u201cMelhor Amiga\u201d na cozinha. Uma maneira bem mais pr\u00e1tica de preparar seu arroz e outras receitas &#8211; e torn\u00e1-las ainda mais saborosas! Com a\u00a0Bianca Rice\u00a0seu\u00a0arroz fica soltinho, e n\u00e3o corre o risco de passar do ponto, pois ela \u00e9 equipada com um\u00a0termostato que n\u00e3o deixa o [&hellip;]<\/p>\n","protected":false},"featured_media":2728,"comment_status":"open","ping_status":"closed","template":"","meta":[],"product_brand":[],"product_cat":[69,72,79],"product_tag":[],"class_list":{"0":"post-2724","1":"product","2":"type-product","3":"status-publish","4":"has-post-thumbnail","6":"product_cat-eletrodomesticos","7":"product_cat-eletroportateis","8":"product_cat-utilidades-domestica","10":"first","11":"instock","12":"shipping-taxable","13":"purchasable","14":"product-type-simple"},"_links":{"self":[{"href":"https:\/\/plataformaprojetos.site\/loja1wagner\/wp-json\/wp\/v2\/product\/2724","targetHints":{"allow":["GET"]}}],"collection":[{"href":"https:\/\/plataformaprojetos.site\/loja1wagner\/wp-json\/wp\/v2\/product"}],"about":[{"href":"https:\/\/plataformaprojetos.site\/loja1wagner\/wp-json\/wp\/v2\/types\/product"}],"replies":[{"embeddable":true,"href":"https:\/\/plataformaprojetos.site\/loja1wagner\/wp-json\/wp\/v2\/comments?post=2724"}],"wp:featuredmedia":[{"embeddable":true,"href":"https:\/\/plataformaprojetos.site\/loja1wagner\/wp-json\/wp\/v2\/media\/2728"}],"wp:attachment":[{"href":"https:\/\/plataformaprojetos.site\/loja1wagner\/wp-json\/wp\/v2\/media?parent=2724"}],"wp:term":[{"taxonomy":"product_brand","embeddable":true,"href":"https:\/\/plataformaprojetos.site\/loja1wagner\/wp-json\/wp\/v2\/product_brand?post=2724"},{"taxonomy":"product_cat","embeddable":true,"href":"https:\/\/plataformaprojetos.site\/loja1wagner\/wp-json\/wp\/v2\/product_cat?post=2724"},{"taxonomy":"product_tag","embeddable":true,"href":"https:\/\/plataformaprojetos.site\/loja1wagner\/wp-json\/wp\/v2\/product_tag?post=2724"}],"curies":[{"name":"wp","href":"https:\/\/api.w.org\/{rel}","templated":true}]}}