{"id":2732,"date":"2025-11-10T19:17:41","date_gmt":"2025-11-10T22:17:41","guid":{"rendered":"https:\/\/plataformaprojetos.site\/loja1wagner\/?post_type=product&#038;p=2732"},"modified":"2025-12-15T13:27:23","modified_gmt":"2025-12-15T16:27:23","slug":"aspirador-de-po-vertical-2-em-1-electrolux-stk15-com-fio-urban-1450w-cinza-110v","status":"publish","type":"product","link":"https:\/\/plataformaprojetos.site\/loja1wagner\/produto\/aspirador-de-po-vertical-2-em-1-electrolux-stk15-com-fio-urban-1450w-cinza-110v\/","title":{"rendered":"Aspirador de P\u00f3 Vertical 2 em 1 Electrolux STK15 com Fio Urban 1450W Cinza &#8211; 110V"},"content":{"rendered":"<div id=\"product-special-content-partner\" data-testid=\"product-special-content\">\n<div class=\"css-1n35da2\" data-component=\"special-content\" data-version=\"1.0.1-2\">\n<div class=\"css-1wb3f7s\">\n<div class=\"css-gbwsnk\"><img decoding=\"async\" src=\"https:\/\/imgs.via.com.br\/special-contents\/39580eef-71c8-4391-90a0-03cec71fb497\/abaebceb-7ad0-4f05-a162-0e70ef10802e.png\" alt=\"Aspirador de P\u00f3 Vertical 2 em 1 Electrolux STK15\" \/><\/div>\n<div class=\"css-gbwsnk\"><img decoding=\"async\" src=\"https:\/\/imgs.via.com.br\/special-contents\/39580eef-71c8-4391-90a0-03cec71fb497\/f59b7ff1-f0e0-4811-b392-7d64be55686b.png\" alt=\"Aspirador de P\u00f3 Vertical 2 em 1 Electrolux STK15\" \/><\/div>\n<div class=\"css-gbwsnk\"><img decoding=\"async\" src=\"https:\/\/imgs.via.com.br\/special-contents\/39580eef-71c8-4391-90a0-03cec71fb497\/25c09088-40e0-4f1b-abb7-4cf5499e9f40.png\" alt=\"Aspirador de P\u00f3 Vertical 2 em 1 Electrolux STK15\" \/><\/div>\n<div class=\"css-gbwsnk\"><img decoding=\"async\" src=\"https:\/\/imgs.via.com.br\/special-contents\/39580eef-71c8-4391-90a0-03cec71fb497\/0b607db5-cd8a-4793-9285-4d353e60a5a7.png\" alt=\"Aspirador de P\u00f3 Vertical 2 em 1 Electrolux STK15\" \/><\/div>\n<\/div>\n<\/div>\n<\/div>\n<div>\n<div id=\"product-description\">\n<p>Com o\u00a0<strong>Aspirador Vertical com Fio STK15 Electrolux<\/strong>, a limpeza da sua casa se torna muito mais f\u00e1cil e eficiente. Com um design vers\u00e1til, ele se transforma em aspirador de m\u00e3o, perfeito para limpezas r\u00e1pidas e para alcan\u00e7ar os cantos mais dif\u00edceis. Sua\u00a0<strong>pot\u00eancia de 1450W<\/strong>\u00a0e alto poder de suc\u00e7\u00e3o garantem uma limpeza profunda em todos os tipos de piso.<\/p>\n<p>Proteja sua fam\u00edlia com o\u00a0<strong>Filtro HEPA Allergy Protect<\/strong>. Ele ret\u00e9m at\u00e9 99,9% das impurezas, \u00e1caros e alerg\u00eanicos, devolvendo um ar mais puro e saud\u00e1vel para sua casa. \u00c9 a escolha ideal para quem se preocupa com a sa\u00fade respirat\u00f3ria e o bem-estar de todos.<\/p>\n<p>O\u00a0<strong>Aspirador STK15<\/strong>\u00a0vem com acess\u00f3rios pensados para cada necessidade. O\u00a0<strong>bocal 180\u00b0<\/strong>\u00a0permite limpar com agilidade todos os cantos e frestas, enquanto o\u00a0<strong>bocal UltraClean 2 em 1<\/strong>\u00a0\u00e9 perfeito para superf\u00edcies delicadas como estofados e m\u00f3veis. E com o\u00a0<strong>cabo el\u00e9trico extra longo de 6 metros<\/strong>, voc\u00ea n\u00e3o precisa se preocupar em trocar de tomada a todo momento, garantindo uma limpeza cont\u00ednua e sem interrup\u00e7\u00f5es. Adquira j\u00e1 o seu e transforme a sua rotina de limpeza!<\/p>\n<\/div>\n<\/div>\n","protected":false},"excerpt":{"rendered":"<p>Com o\u00a0Aspirador Vertical com Fio STK15 Electrolux, a limpeza da sua casa se torna muito mais f\u00e1cil e eficiente. Com um design vers\u00e1til, ele se transforma em aspirador de m\u00e3o, perfeito para limpezas r\u00e1pidas e para alcan\u00e7ar os cantos mais dif\u00edceis. Sua\u00a0pot\u00eancia de 1450W\u00a0e alto poder de suc\u00e7\u00e3o garantem uma limpeza profunda em todos os [&hellip;]<\/p>\n","protected":false},"featured_media":2733,"comment_status":"open","ping_status":"closed","template":"","meta":[],"product_brand":[],"product_cat":[72,79],"product_tag":[],"class_list":{"0":"post-2732","1":"product","2":"type-product","3":"status-publish","4":"has-post-thumbnail","6":"product_cat-eletroportateis","7":"product_cat-utilidades-domestica","9":"first","10":"instock","11":"shipping-taxable","12":"purchasable","13":"product-type-simple"},"_links":{"self":[{"href":"https:\/\/plataformaprojetos.site\/loja1wagner\/wp-json\/wp\/v2\/product\/2732","targetHints":{"allow":["GET"]}}],"collection":[{"href":"https:\/\/plataformaprojetos.site\/loja1wagner\/wp-json\/wp\/v2\/product"}],"about":[{"href":"https:\/\/plataformaprojetos.site\/loja1wagner\/wp-json\/wp\/v2\/types\/product"}],"replies":[{"embeddable":true,"href":"https:\/\/plataformaprojetos.site\/loja1wagner\/wp-json\/wp\/v2\/comments?post=2732"}],"wp:featuredmedia":[{"embeddable":true,"href":"https:\/\/plataformaprojetos.site\/loja1wagner\/wp-json\/wp\/v2\/media\/2733"}],"wp:attachment":[{"href":"https:\/\/plataformaprojetos.site\/loja1wagner\/wp-json\/wp\/v2\/media?parent=2732"}],"wp:term":[{"taxonomy":"product_brand","embeddable":true,"href":"https:\/\/plataformaprojetos.site\/loja1wagner\/wp-json\/wp\/v2\/product_brand?post=2732"},{"taxonomy":"product_cat","embeddable":true,"href":"https:\/\/plataformaprojetos.site\/loja1wagner\/wp-json\/wp\/v2\/product_cat?post=2732"},{"taxonomy":"product_tag","embeddable":true,"href":"https:\/\/plataformaprojetos.site\/loja1wagner\/wp-json\/wp\/v2\/product_tag?post=2732"}],"curies":[{"name":"wp","href":"https:\/\/api.w.org\/{rel}","templated":true}]}}