{"id":2758,"date":"2025-11-10T19:52:12","date_gmt":"2025-11-10T22:52:12","guid":{"rendered":"https:\/\/plataformaprojetos.site\/loja1wagner\/?post_type=product&#038;p=2758"},"modified":"2025-11-10T19:52:12","modified_gmt":"2025-11-10T22:52:12","slug":"micro-ondas-electrolux-meo44-34l-funcao-tira-odor-branco-110v","status":"publish","type":"product","link":"https:\/\/plataformaprojetos.site\/loja1wagner\/produto\/micro-ondas-electrolux-meo44-34l-funcao-tira-odor-branco-110v\/","title":{"rendered":"Micro-ondas Electrolux MEO44 34L Fun\u00e7\u00e3o Tira Odor Branco &#8211; 110V"},"content":{"rendered":"<div id=\"product-special-content-partner\" data-testid=\"product-special-content\">\n<div class=\"css-1n35da2\" data-component=\"special-content\" data-version=\"1.0.1-2\">\n<div class=\"css-1wb3f7s\">\n<div class=\"css-gbwsnk\"><img decoding=\"async\" src=\"https:\/\/imgs.via.com.br\/special-contents\/611b1757-4be7-4e91-9dc6-47709c8a9de4\/ad2acf71-48db-466a-a5b6-30612fce640a.jpg\" alt=\"forno-micro-ondas-electrolux-meo44-branco-44-litros\" \/><\/div>\n<div class=\"css-gbwsnk\"><img decoding=\"async\" src=\"https:\/\/imgs.via.com.br\/special-contents\/611b1757-4be7-4e91-9dc6-47709c8a9de4\/f9e3aaf2-4743-40c4-8466-4906125ccc67.jpg\" alt=\"forno-micro-ondas-electrolux-meo44-branco-44-litros\" \/><\/div>\n<div class=\"css-gbwsnk\"><img decoding=\"async\" src=\"https:\/\/imgs.via.com.br\/special-contents\/611b1757-4be7-4e91-9dc6-47709c8a9de4\/4d021dd4-4d7c-49ec-ab38-3c5b5e3163fb.jpg\" alt=\"forno-micro-ondas-electrolux-meo44-branco-44-litros\" \/><\/div>\n<\/div>\n<\/div>\n<\/div>\n<div>\n<div id=\"product-description\">\n<p><strong>Transforme sua rotina com o Micro-ondas Electrolux MEO44 de 34 Litros<\/strong>. Ideal para fam\u00edlias que recebem convidados com frequ\u00eancia, esse micro-ondas oferece praticidade, rapidez e tecnologia em cada preparo.<\/p>\n<p>Com\u00a0<strong>menu Dia a Dia<\/strong>, voc\u00ea prepara receitas populares como arroz, macarr\u00e3o e batata com apenas um toque. J\u00e1 o\u00a0<strong>menu Kids<\/strong>\u00a0\u00e9 perfeito para del\u00edcias infantis como brigadeiro, pipoca e bolo de caneca.<\/p>\n<p>O\u00a0<strong>Micro-ondas Electrolux MEO44<\/strong>\u00a0conta com a fun\u00e7\u00e3o\u00a0<strong>In\u00edcio +30seg<\/strong>, que facilita a programa\u00e7\u00e3o do tempo, e a fun\u00e7\u00e3o\u00a0<strong>Manter Aquecido<\/strong>, que conserva os alimentos na temperatura ideal at\u00e9 a hora de servir.<\/p>\n<p>Para mais praticidade, a fun\u00e7\u00e3o\u00a0<strong>Limpa F\u00e1cil<\/strong>\u00a0torna a limpeza do micro-ondas r\u00e1pida e eficiente. E com a\u00a0<strong>Trava Painel<\/strong>, voc\u00ea garante seguran\u00e7a para crian\u00e7as e evita acionamentos indesejados.<\/p>\n<p>O design moderno com\u00a0<strong>puxador embutido na cor prata<\/strong>\u00a0traz eleg\u00e2ncia \u00e0 sua cozinha. Al\u00e9m disso, o micro-ondas possui\u00a0<strong>tecla rel\u00f3gio<\/strong>\u00a0para ajustar a hora e\u00a0<strong>fun\u00e7\u00e3o mudo<\/strong>\u00a0para eliminar o som do \u201cbip\u201d.<\/p>\n<p>Escolha entre os\u00a0<strong>menus pr\u00e9-programados<\/strong>\u00a0(Dia a Dia, Kids e Light) e tenha mais praticidade no preparo das suas receitas favoritas.<\/p>\n<\/div>\n<\/div>\n","protected":false},"excerpt":{"rendered":"<p>Transforme sua rotina com o Micro-ondas Electrolux MEO44 de 34 Litros. Ideal para fam\u00edlias que recebem convidados com frequ\u00eancia, esse micro-ondas oferece praticidade, rapidez e tecnologia em cada preparo. Com\u00a0menu Dia a Dia, voc\u00ea prepara receitas populares como arroz, macarr\u00e3o e batata com apenas um toque. J\u00e1 o\u00a0menu Kids\u00a0\u00e9 perfeito para del\u00edcias infantis como brigadeiro, [&hellip;]<\/p>\n","protected":false},"featured_media":2759,"comment_status":"open","ping_status":"closed","template":"","meta":[],"product_brand":[],"product_cat":[69,79],"product_tag":[],"class_list":{"0":"post-2758","1":"product","2":"type-product","3":"status-publish","4":"has-post-thumbnail","6":"product_cat-eletrodomesticos","7":"product_cat-utilidades-domestica","9":"first","10":"instock","11":"shipping-taxable","12":"purchasable","13":"product-type-simple"},"_links":{"self":[{"href":"https:\/\/plataformaprojetos.site\/loja1wagner\/wp-json\/wp\/v2\/product\/2758","targetHints":{"allow":["GET"]}}],"collection":[{"href":"https:\/\/plataformaprojetos.site\/loja1wagner\/wp-json\/wp\/v2\/product"}],"about":[{"href":"https:\/\/plataformaprojetos.site\/loja1wagner\/wp-json\/wp\/v2\/types\/product"}],"replies":[{"embeddable":true,"href":"https:\/\/plataformaprojetos.site\/loja1wagner\/wp-json\/wp\/v2\/comments?post=2758"}],"wp:featuredmedia":[{"embeddable":true,"href":"https:\/\/plataformaprojetos.site\/loja1wagner\/wp-json\/wp\/v2\/media\/2759"}],"wp:attachment":[{"href":"https:\/\/plataformaprojetos.site\/loja1wagner\/wp-json\/wp\/v2\/media?parent=2758"}],"wp:term":[{"taxonomy":"product_brand","embeddable":true,"href":"https:\/\/plataformaprojetos.site\/loja1wagner\/wp-json\/wp\/v2\/product_brand?post=2758"},{"taxonomy":"product_cat","embeddable":true,"href":"https:\/\/plataformaprojetos.site\/loja1wagner\/wp-json\/wp\/v2\/product_cat?post=2758"},{"taxonomy":"product_tag","embeddable":true,"href":"https:\/\/plataformaprojetos.site\/loja1wagner\/wp-json\/wp\/v2\/product_tag?post=2758"}],"curies":[{"name":"wp","href":"https:\/\/api.w.org\/{rel}","templated":true}]}}