{"id":2833,"date":"2025-11-13T13:22:50","date_gmt":"2025-11-13T16:22:50","guid":{"rendered":"https:\/\/plataformaprojetos.site\/loja1wagner\/?post_type=product&#038;p=2833"},"modified":"2025-11-13T13:22:51","modified_gmt":"2025-11-13T16:22:51","slug":"smart-tv-40-philco-full-hd-led-ptv40m9gr2cgb-com-sistema-operacional-roku-tv-dolby-audio-processador-quad-core-entradas-usb-e-hdmi","status":"publish","type":"product","link":"https:\/\/plataformaprojetos.site\/loja1wagner\/produto\/smart-tv-40-philco-full-hd-led-ptv40m9gr2cgb-com-sistema-operacional-roku-tv-dolby-audio-processador-quad-core-entradas-usb-e-hdmi\/","title":{"rendered":"Smart TV 40&#8243; Philco Full HD LED PTV40M9GR2CGB com Sistema Operacional Roku TV, Dolby Audio, Processador Quad-Core, Entradas USB e HDMI"},"content":{"rendered":"<p>Smart TV 40&#8243; Philco PTV40M9GR2CGB: som imersivo com Dolby Audio<br \/>\nEquipada com tecnologia Dolby Audio, a Smart TV 40&#8243; Philco proporciona uma experi\u00eancia sonora envolvente e de alta qualidade, garantindo que filmes, s\u00e9ries e v\u00eddeos sejam reproduzidos com um \u00e1udio mais din\u00e2mico e realista. O sistema Dolby Digital 5.1 canais distribui o som de forma equilibrada, criando um efeito de imers\u00e3o, como se voc\u00ea estivesse dentro da cena. Com essa tecnologia, di\u00e1logos ficam mais n\u00edtidos, efeitos sonoros mais profundos e a qualidade do \u00e1udio \u00e9 aprimorada para oferecer um entretenimento ainda mais impactante.<\/p>\n<p>Entretenimento inteligente e controle remoto via APP<br \/>\nCom acesso direto aos aplicativos Globo Play e YouTube, voc\u00ea pode assistir a novelas, filmes, s\u00e9ries e v\u00eddeos de diferentes categorias a qualquer momento. Al\u00e9m disso, a TV pode ser controlada de forma pr\u00e1tica atrav\u00e9s do APP mobile, transformando seu smartphone em um controle remoto completo e intuitivo. Com esse recurso, \u00e9 poss\u00edvel navegar pelos menus, digitar textos com mais facilidade e at\u00e9 mesmo utilizar comandos de voz, tornando sua experi\u00eancia ainda mais interativa e conveniente.<\/p>\n<p>Alto desempenho e conectividade vers\u00e1til com o processador Quad-Core<br \/>\nO processador Quad-Core garante velocidade e efici\u00eancia para rodar aplicativos e conte\u00fados sem travamentos, proporcionando uma navega\u00e7\u00e3o fluida e responsiva. Al\u00e9m disso, as portas HDMI e HDMI ARC permitem conectar dispositivos como consoles, notebooks e soundbars, garantindo uma transmiss\u00e3o de imagem e som com m\u00e1xima qualidade. J\u00e1 a entrada USB possibilita a reprodu\u00e7\u00e3o de v\u00eddeos, m\u00fasicas e imagens diretamente de um pendrive ou HD externo, ampliando ainda mais as op\u00e7\u00f5es de entretenimento.<\/p>\n","protected":false},"excerpt":{"rendered":"<p>Smart TV 40&#8243; Philco PTV40M9GR2CGB: som imersivo com Dolby Audio Equipada com tecnologia Dolby Audio, a Smart TV 40&#8243; Philco proporciona uma experi\u00eancia sonora envolvente e de alta qualidade, garantindo que filmes, s\u00e9ries e v\u00eddeos sejam reproduzidos com um \u00e1udio mais din\u00e2mico e realista. O sistema Dolby Digital 5.1 canais distribui o som de forma [&hellip;]<\/p>\n","protected":false},"featured_media":2834,"comment_status":"open","ping_status":"closed","template":"","meta":[],"product_brand":[],"product_cat":[68],"product_tag":[],"class_list":{"0":"post-2833","1":"product","2":"type-product","3":"status-publish","4":"has-post-thumbnail","6":"product_cat-tvs","8":"first","9":"instock","10":"shipping-taxable","11":"purchasable","12":"product-type-simple"},"_links":{"self":[{"href":"https:\/\/plataformaprojetos.site\/loja1wagner\/wp-json\/wp\/v2\/product\/2833","targetHints":{"allow":["GET"]}}],"collection":[{"href":"https:\/\/plataformaprojetos.site\/loja1wagner\/wp-json\/wp\/v2\/product"}],"about":[{"href":"https:\/\/plataformaprojetos.site\/loja1wagner\/wp-json\/wp\/v2\/types\/product"}],"replies":[{"embeddable":true,"href":"https:\/\/plataformaprojetos.site\/loja1wagner\/wp-json\/wp\/v2\/comments?post=2833"}],"wp:featuredmedia":[{"embeddable":true,"href":"https:\/\/plataformaprojetos.site\/loja1wagner\/wp-json\/wp\/v2\/media\/2834"}],"wp:attachment":[{"href":"https:\/\/plataformaprojetos.site\/loja1wagner\/wp-json\/wp\/v2\/media?parent=2833"}],"wp:term":[{"taxonomy":"product_brand","embeddable":true,"href":"https:\/\/plataformaprojetos.site\/loja1wagner\/wp-json\/wp\/v2\/product_brand?post=2833"},{"taxonomy":"product_cat","embeddable":true,"href":"https:\/\/plataformaprojetos.site\/loja1wagner\/wp-json\/wp\/v2\/product_cat?post=2833"},{"taxonomy":"product_tag","embeddable":true,"href":"https:\/\/plataformaprojetos.site\/loja1wagner\/wp-json\/wp\/v2\/product_tag?post=2833"}],"curies":[{"name":"wp","href":"https:\/\/api.w.org\/{rel}","templated":true}]}}