{"id":2843,"date":"2025-11-13T13:39:32","date_gmt":"2025-11-13T16:39:32","guid":{"rendered":"https:\/\/plataformaprojetos.site\/loja1wagner\/?post_type=product&#038;p=2843"},"modified":"2025-12-15T13:27:03","modified_gmt":"2025-12-15T16:27:03","slug":"batedeira-planetaria-mondial-bp-03w-2b-com-12-velocidades-e-700w-branca-110v","status":"publish","type":"product","link":"https:\/\/plataformaprojetos.site\/loja1wagner\/produto\/batedeira-planetaria-mondial-bp-03w-2b-com-12-velocidades-e-700w-branca-110v\/","title":{"rendered":"Batedeira Planet\u00e1ria Mondial BP-03W-2B com 12 Velocidades e 700W &#8211; Branca &#8211; 110V"},"content":{"rendered":"<div id=\"product-special-content-partner\" data-testid=\"product-special-content\">\n<div class=\"css-1n35da2\" data-component=\"special-content\" data-version=\"1.0.1-2\">\n<div class=\"css-1wb3f7s\">\n<div class=\"css-gbwsnk\"><img decoding=\"async\" src=\"https:\/\/imgs.via.com.br\/special-contents\/f6d605e9-6aa1-424d-875c-880cb424d7d7\/0056cff5-1aef-4b65-a3a9-bff4c9f337f7.jpg\" alt=\"Batedeira Planet\u00e1ria Mondial BP-03W-2B com 12 Velocidades e 700 W - Branca\" \/><\/div>\n<div class=\"css-qk8zzo\">\n<div>\n<h2>Equipe a sua cozinha com a\u00a0<strong>Batedeira Planet\u00e1ria Mondial BP-03W-2B<\/strong>. Ela permitir\u00e1 o preparo com maior rapidez de diversas massas para receitas. Como isso \u00e9 poss\u00edvel? Gra\u00e7as aos\u00a0<strong>700W de pot\u00eancia<\/strong>\u00a0e as\u00a0<strong>12 velocidades dispon\u00edveis<\/strong>. Voc\u00ea se surpreender\u00e1 com tamanha efici\u00eancia e qualidade.<\/h2>\n<\/div>\n<\/div>\n<div class=\"css-gbwsnk\"><img decoding=\"async\" src=\"https:\/\/imgs.via.com.br\/special-contents\/f6d605e9-6aa1-424d-875c-880cb424d7d7\/50da3435-29d1-43ba-a4bc-2201b1924bd2.jpg\" alt=\"BOLO FATIADO\" \/><\/div>\n<div class=\"css-qk8zzo\">\n<div>\n<h2><strong>MISTURAS HOMOG\u00caNEAS<\/strong><\/h2>\n<p>&nbsp;<\/p>\n<h3>Outro ganho que voc\u00ea ter\u00e1 com a\u00a0<strong>Mondial BP-03W-2B\u00a0<\/strong>s\u00e3o massas mais homog\u00eaneas, devido ao\u00a0<strong>movimento planet\u00e1rio<\/strong>\u00a0dos batedores. Al\u00e9m disso, a batedeira facilita a limpeza e evita sujeira, por conta do sistema de abertura autom\u00e1tico e da tampa antirrespingos com abertura para colocar ingredientes durante os preparos.<\/h3>\n<\/div>\n<\/div>\n<div class=\"css-gbwsnk\"><img decoding=\"async\" src=\"https:\/\/imgs.via.com.br\/special-contents\/f6d605e9-6aa1-424d-875c-880cb424d7d7\/162eeffa-4dd0-4d58-b842-06458a501528.jpg\" alt=\"Batedeira planet\u00e1ria mondial design\" \/><\/div>\n<div class=\"css-hgwafj\">\n<div>\n<h2><strong>COM 2 TIGELAS E 3 BATEDORES<\/strong><\/h2>\n<p>&nbsp;<\/p>\n<p>A\u00a0<a href=\"https:\/\/www.casasbahia.com.br\/batedeira-mondial\/b?&amp;utm_source=paginaespecial&amp;utm_medium=casasbahia&amp;utm_campaign=eletroportateis\" target=\"_blank\" rel=\"noopener noreferrer\"><u>batedeira da Mondial<\/u><\/a>\u00a0BP-03W-2B vai acompanhada por\u00a0<strong>2 tigelas,<\/strong>\u00a0com capacidade total de 4,5 litros cada,\u00a0<strong>3 tipos de batedores,\u00a0<\/strong>um para cada tipo de massa (leve, m\u00e9dia e pesada) e uma esp\u00e1tula. N\u00e3o perca tempo e tenha esse eletroport\u00e1til que ir\u00e1 lhe auxiliar a preparar bolos, tortas, p\u00e3es e pizzas com muito mais praticidade.<\/p>\n<\/div>\n<\/div>\n<div class=\"css-gbwsnk\"><img decoding=\"async\" src=\"https:\/\/imgs.via.com.br\/special-contents\/f6d605e9-6aa1-424d-875c-880cb424d7d7\/80ebcc95-f69d-4fbe-bb87-b4bf1baceb28.jpg\" alt=\"batedeira-planetaria-mondial-bp03w-2b-700w-branca\" \/><\/div>\n<div class=\"css-gbwsnk\"><img decoding=\"async\" src=\"https:\/\/imgs.via.com.br\/special-contents\/f6d605e9-6aa1-424d-875c-880cb424d7d7\/75847ee3-9dde-47f6-ad58-7647fd3b6675.jpg\" alt=\"batedeira-planetaria-mondial-bp03w-2b-700w-branca\" \/><\/div>\n<div class=\"css-gbwsnk\"><img decoding=\"async\" src=\"https:\/\/imgs.via.com.br\/special-contents\/f6d605e9-6aa1-424d-875c-880cb424d7d7\/f39183ec-616c-4377-8030-f9c088e2c9f2.jpg\" alt=\"batedeira-planetaria-mondial-bp03w-2b-700w-branca\" \/><\/div>\n<div class=\"css-gbwsnk\"><img decoding=\"async\" src=\"https:\/\/imgs.via.com.br\/special-contents\/f6d605e9-6aa1-424d-875c-880cb424d7d7\/793daf86-8456-4b65-b79e-ea9f7a9ff0c6.jpg\" alt=\"batedeira-planetaria-mondial-bp03w-2b-700w-branca\" \/><\/div>\n<div class=\"css-gbwsnk\"><img decoding=\"async\" src=\"https:\/\/imgs.via.com.br\/special-contents\/f6d605e9-6aa1-424d-875c-880cb424d7d7\/2bdf03c0-3511-420e-97cc-c06f5d9d18dd.jpg\" alt=\"batedeira-planetaria-mondial-bp03w-2b-700w-branca\" \/><\/div>\n<\/div>\n<\/div>\n<\/div>\n<div>\n<div id=\"product-description\">\n<p><strong>Descubra a pot\u00eancia e a eleg\u00e2ncia da Batedeira Planet\u00e1ria Mondial BP-03W-2B<\/strong>, perfeita para quem ama cozinhar com praticidade e alto desempenho. Com\u00a0<strong>700W de pot\u00eancia<\/strong>, ela \u00e9 ideal para preparar desde bolos fofinhos at\u00e9 massas pesadas, como p\u00e3es e pizzas.<\/p>\n<p>Seu sistema de\u00a0<strong>batimento planet\u00e1rio<\/strong>\u00a0mistura os ingredientes de forma homog\u00eanea e r\u00e1pida, girando ao redor de si e da tigela ao mesmo tempo. Isso garante receitas mais bem preparadas e com textura perfeita.<\/p>\n<p>A\u00a0<strong>Batedeira Mondial BP-03W-2B<\/strong>\u00a0acompanha\u00a0<strong>3 tipos de batedores<\/strong>\u00a0para massas leves, m\u00e9dias e pesadas, al\u00e9m de\u00a0<strong>12 velocidades<\/strong>\u00a0que se adaptam a cada etapa do preparo. Versatilidade e controle total em suas m\u00e3os!<\/p>\n<p>Ela vem com\u00a0<strong>duas tigelas de 4,5L<\/strong>, ideais para grandes receitas, e conta com\u00a0<strong>sistema de abertura autom\u00e1tica<\/strong>, facilitando o manuseio. A\u00a0<strong>tampa antirrespingos<\/strong>\u00a0permite adicionar ingredientes sem precisar desligar o aparelho, mantendo sua cozinha limpa e organizada.<\/p>\n<p>Charmosa, eficiente e robusta, essa batedeira \u00e9 o toque que faltava na sua cozinha.\u00a0<strong>Garanta j\u00e1 a sua Batedeira Planet\u00e1ria Mondial<\/strong>\u00a0e prepare receitas incr\u00edveis com mais facilidade e estilo!<\/p>\n<\/div>\n<\/div>\n","protected":false},"excerpt":{"rendered":"<p>Equipe a sua cozinha com a\u00a0Batedeira Planet\u00e1ria Mondial BP-03W-2B. Ela permitir\u00e1 o preparo com maior rapidez de diversas massas para receitas. Como isso \u00e9 poss\u00edvel? Gra\u00e7as aos\u00a0700W de pot\u00eancia\u00a0e as\u00a012 velocidades dispon\u00edveis. Voc\u00ea se surpreender\u00e1 com tamanha efici\u00eancia e qualidade. MISTURAS HOMOG\u00caNEAS &nbsp; Outro ganho que voc\u00ea ter\u00e1 com a\u00a0Mondial BP-03W-2B\u00a0s\u00e3o massas mais homog\u00eaneas, devido [&hellip;]<\/p>\n","protected":false},"featured_media":2844,"comment_status":"open","ping_status":"closed","template":"","meta":[],"product_brand":[],"product_cat":[72,79],"product_tag":[],"class_list":{"0":"post-2843","1":"product","2":"type-product","3":"status-publish","4":"has-post-thumbnail","6":"product_cat-eletroportateis","7":"product_cat-utilidades-domestica","9":"first","10":"instock","11":"shipping-taxable","12":"purchasable","13":"product-type-simple"},"_links":{"self":[{"href":"https:\/\/plataformaprojetos.site\/loja1wagner\/wp-json\/wp\/v2\/product\/2843","targetHints":{"allow":["GET"]}}],"collection":[{"href":"https:\/\/plataformaprojetos.site\/loja1wagner\/wp-json\/wp\/v2\/product"}],"about":[{"href":"https:\/\/plataformaprojetos.site\/loja1wagner\/wp-json\/wp\/v2\/types\/product"}],"replies":[{"embeddable":true,"href":"https:\/\/plataformaprojetos.site\/loja1wagner\/wp-json\/wp\/v2\/comments?post=2843"}],"wp:featuredmedia":[{"embeddable":true,"href":"https:\/\/plataformaprojetos.site\/loja1wagner\/wp-json\/wp\/v2\/media\/2844"}],"wp:attachment":[{"href":"https:\/\/plataformaprojetos.site\/loja1wagner\/wp-json\/wp\/v2\/media?parent=2843"}],"wp:term":[{"taxonomy":"product_brand","embeddable":true,"href":"https:\/\/plataformaprojetos.site\/loja1wagner\/wp-json\/wp\/v2\/product_brand?post=2843"},{"taxonomy":"product_cat","embeddable":true,"href":"https:\/\/plataformaprojetos.site\/loja1wagner\/wp-json\/wp\/v2\/product_cat?post=2843"},{"taxonomy":"product_tag","embeddable":true,"href":"https:\/\/plataformaprojetos.site\/loja1wagner\/wp-json\/wp\/v2\/product_tag?post=2843"}],"curies":[{"name":"wp","href":"https:\/\/api.w.org\/{rel}","templated":true}]}}