{"id":2852,"date":"2025-11-13T14:05:23","date_gmt":"2025-11-13T17:05:23","guid":{"rendered":"https:\/\/plataformaprojetos.site\/loja1wagner\/?post_type=product&#038;p=2852"},"modified":"2025-11-13T14:05:23","modified_gmt":"2025-11-13T17:05:23","slug":"escova-secadora-mondial-space-shine-es-20-tourmaline-ion-1300w-bivolt-grafite","status":"publish","type":"product","link":"https:\/\/plataformaprojetos.site\/loja1wagner\/produto\/escova-secadora-mondial-space-shine-es-20-tourmaline-ion-1300w-bivolt-grafite\/","title":{"rendered":"Escova Secadora Mondial Space Shine ES-20 Tourmaline \u00cdon 1300W Bivolt Grafite"},"content":{"rendered":"<div id=\"product-special-content-partner\" data-testid=\"product-special-content\">\n<div class=\"css-1n35da2\" data-component=\"special-content\" data-version=\"1.0.1-2\">\n<div class=\"css-1wb3f7s\">\n<div class=\"css-q1runt\">\n<div>\n<h2><strong class=\"ql-size-large\">Escova Secadora Mondial Space Shine ES-20 Tourmaline \u00cdon 1300W Bivolt Grafite<\/strong><\/h2>\n<\/div>\n<\/div>\n<div class=\"css-qk8zzo\">\n<div>\n<h3 class=\"ql-align-justify\">Descubra a praticidade de ter cabelos modelados com brilho intenso em qualquer lugar com a\u00a0<strong>Escova Secadora Mondial Space Shine ES-20<\/strong>. Compacta e eficiente, ela \u00e9 ideal para quem busca resultados r\u00e1pidos e profissionais no dia a dia. Seu design slim e moderno foi pensado para facilitar a modelagem de cabelos curtos, franjas e finaliza\u00e7\u00f5es delicadas, oferecendo precis\u00e3o e controle durante o uso.<\/h3>\n<h3 class=\"ql-align-justify\">Al\u00e9m de ser perfeita para levar em viagens, a\u00a0<strong>escova secadora Mondial<\/strong>\u00a0combina tecnologia e estilo para transformar sua rotina de cuidados com os cabelos. Com ela, voc\u00ea conquista fios alinhados, com menos frizz e muito mais brilho, sem abrir m\u00e3o da praticidade. \u00c9 a escolha ideal para quem quer beleza e desempenho em um \u00fanico produto.<\/h3>\n<\/div>\n<\/div>\n<div class=\"css-gbwsnk\"><img decoding=\"async\" src=\"https:\/\/imgs.via.com.br\/special-contents\/b244faf1-1f9c-40f4-a898-6891ea657600\/d2c94a73-b127-492e-b193-5c7d61ae48b9.png\" alt=\"Escova Secadora Mondial Space Shine ES-20 Tourmaline \u00cdon 1300W Bivolt Grafite\" \/><\/div>\n<div class=\"css-qk8zzo\">\n<div>\n<h3 class=\"ql-align-justify\">A tecnologia\u00a0<strong>Brilho Extremo<\/strong>\u00a0foi desenvolvida para transformar a apar\u00eancia dos cabelos, proporcionando fios radiantes, sedosos e com toque super macio. Ideal para quem busca resultados profissionais em casa, essa inova\u00e7\u00e3o atua diretamente na estrutura capilar, garantindo um acabamento luminoso e saud\u00e1vel. Com ela, o cuidado di\u00e1rio se torna mais eficaz, elevando o n\u00edvel de beleza e prote\u00e7\u00e3o dos fios.<\/h3>\n<h3><\/h3>\n<h3 class=\"ql-align-justify\">O\u00a0<strong>revestimento cer\u00e2mico com Tourmaline \u00cdon<\/strong>\u00a0potencializa ainda mais os resultados. Ao ser aquecido, libera \u00edons negativos que selam as cut\u00edculas dos cabelos, promovendo um brilho intenso e reduzindo significativamente o frizz. Essa tecnologia avan\u00e7ada \u00e9 perfeita para quem deseja cabelos alinhados, com apar\u00eancia natural e livre de eletricidade est\u00e1tica, tornando o processo de modelagem mais r\u00e1pido e duradouro.<\/h3>\n<\/div>\n<\/div>\n<div class=\"css-gbwsnk\"><img decoding=\"async\" src=\"https:\/\/imgs.via.com.br\/special-contents\/b244faf1-1f9c-40f4-a898-6891ea657600\/5d139c2b-0ff9-47bb-b457-3443ab3ce4be.gif\" alt=\"Escova Secadora Mondial Space Shine ES-20 Tourmaline \u00cdon 1300W Bivolt Grafite\" \/><\/div>\n<div class=\"css-qk8zzo\">\n<div>\n<h3 class=\"ql-align-justify\">A tecnologia do\u00a0<strong>seletor de temperatura<\/strong>\u00a0oferece tr\u00eas op\u00e7\u00f5es de ajuste, permitindo que voc\u00ea escolha o n\u00edvel ideal de calor para cada tipo de cabelo e estilo desejado. Essa funcionalidade garante mais controle durante o uso, ajudando a preservar a sa\u00fade dos fios enquanto proporciona resultados personalizados, seja para alisar, modelar ou dar volume.<\/h3>\n<h3 class=\"ql-align-justify\"><\/h3>\n<h3 class=\"ql-align-justify\">J\u00e1 o\u00a0<strong>cabo 360\u00b0 girat\u00f3rio<\/strong>\u00a0proporciona liberdade total de movimento, evitando que o fio enrole ou limite seus gestos durante a modelagem. Com essa inova\u00e7\u00e3o, voc\u00ea ganha mais autonomia e conforto, tornando o processo de estiliza\u00e7\u00e3o mais pr\u00e1tico e eficiente. Diga adeus ao cabo embolado e aproveite uma experi\u00eancia de uso muito mais fluida e profissional.<\/h3>\n<\/div>\n<\/div>\n<\/div>\n<\/div>\n<\/div>\n<div>\n<div id=\"product-description\">\n<p><strong>Escova Secadora Mondial Space Shine ES-20: Hiper Brilho e Praticidade para Cabelos Curtos e Franjas!<\/strong><\/p>\n<p>Descubra a liberdade de ter cabelos perfeitamente modelados e com\u00a0<strong>hiper brilho<\/strong>\u00a0em qualquer lugar com a\u00a0<strong>Escova Secadora Space Shine ES-20<\/strong>\u00a0da\u00a0<strong><a href=\"https:\/\/www.casasbahia.com.br\/mondial\/b\">Mondial<\/a><\/strong>. Seu\u00a0<strong>design slim e moderno<\/strong>\u00a0foi especialmente pensado para oferecer precis\u00e3o na modelagem de cabelos curtos, franjas e finaliza\u00e7\u00f5es delicadas, tornando-se sua aliada indispens\u00e1vel no dia a dia e em viagens.<\/p>\n<p>A tecnologia avan\u00e7ada da Space Shine trabalha para real\u00e7ar a beleza dos seus fios: o\u00a0<strong>Revestimento Cer\u00e2mico com Tourmaline \u00cdon<\/strong>\u00a0distribui o calor uniformemente, libera \u00edons negativos que selam as cut\u00edculas,\u00a0<strong>reduzindo o frizz e proporcionando um brilho radiante<\/strong>\u00a0e duradouro. Com\u00a0<strong>1.300W de pot\u00eancia<\/strong>, voc\u00ea garante uma secagem e modelagem r\u00e1pidas e eficazes, transformando sua rotina de cuidados.<\/p>\n<p>Compacta, leve e com\u00a0<strong>Bivolt Chaveado<\/strong>, a ES-20 te acompanha para onde voc\u00ea for, com a liberdade de usar em qualquer tomada (127V ou 220V). Escolha entre as\u00a0<strong>3 op\u00e7\u00f5es de temperatura<\/strong>\u00a0para o resultado ideal, e desfrute da seguran\u00e7a e conforto que a ponta fria e o cabo girat\u00f3rio 360\u00ba oferecem. Al\u00e9m disso, as cerdas duplas especiais e o exclusivo suporte de apoio garantem a durabilidade e a performance do seu aparelho.\u00a0<strong>Mondial: a escolha inteligente para brilhar!<\/strong><\/p>\n<p><strong>Caracter\u00edsticas e Vantagens Exclusivas:<\/strong><\/p>\n<ul>\n<li style=\"list-style-type: none;\">\n<ul>\n<li><strong>Hiper Brilho e Redu\u00e7\u00e3o de Frizz:<\/strong>\u00a0Tecnologia Tourmaline \u00cdon e Revestimento Cer\u00e2mico selam as cut\u00edculas, entregando cabelos radiantes, macios e sem frizz.<\/li>\n<li><strong>Design Slim e Compacto:<\/strong>\u00a0Ideal para modelar cabelos curtos, franjas e para levar em viagens. Leveza e praticidade.<\/li>\n<li><strong>Pot\u00eancia de 1.300W:<\/strong>\u00a0Secagem e modelagem r\u00e1pidas e eficientes para otimizar seu tempo.<\/li>\n<li><strong>Cerdas Duplas Especiais:<\/strong>\u00a0Mais resistentes, dur\u00e1veis e firmes para alisar e modelar com precis\u00e3o.<\/li>\n<\/ul>\n<\/li>\n<\/ul>\n<p><strong>Bivolt Chaveado (127V e 220V):<\/strong><\/p>\n<ul>\n<li style=\"list-style-type: none;\">\n<ul>\u00a0Use em qualquer lugar, com total liberdade e seguran\u00e7a.<\/ul>\n<\/li>\n<\/ul>\n<ul>\n<li style=\"list-style-type: none;\">\n<ul>\n<li><strong>Seletor de Temperatura:<\/strong>\u00a03 op\u00e7\u00f5es de ajuste para personalizar o resultado desejado.<\/li>\n<\/ul>\n<\/li>\n<\/ul>\n<ul>\n<li style=\"list-style-type: none;\">\n<ul>\n<li><strong>Ponta Fria e Cabo Girat\u00f3rio 360\u00ba:<\/strong>\u00a0Seguran\u00e7a ao manusear e autonomia de movimento, sem emaranhados.<\/li>\n<\/ul>\n<\/li>\n<\/ul>\n<ul>\n<li><strong>Suporte de Apoio Exclusivo:<\/strong>\u00a0Preserva a forma das cerdas e aumenta a vida \u00fatil da sua escova.<\/li>\n<\/ul>\n<\/div>\n<\/div>\n","protected":false},"excerpt":{"rendered":"<p>Escova Secadora Mondial Space Shine ES-20 Tourmaline \u00cdon 1300W Bivolt Grafite Descubra a praticidade de ter cabelos modelados com brilho intenso em qualquer lugar com a\u00a0Escova Secadora Mondial Space Shine ES-20. Compacta e eficiente, ela \u00e9 ideal para quem busca resultados r\u00e1pidos e profissionais no dia a dia. Seu design slim e moderno foi pensado [&hellip;]<\/p>\n","protected":false},"featured_media":2854,"comment_status":"open","ping_status":"closed","template":"","meta":[],"product_brand":[],"product_cat":[77],"product_tag":[],"class_list":{"0":"post-2852","1":"product","2":"type-product","3":"status-publish","4":"has-post-thumbnail","6":"product_cat-beleza-e-saude","8":"first","9":"instock","10":"shipping-taxable","11":"purchasable","12":"product-type-simple"},"_links":{"self":[{"href":"https:\/\/plataformaprojetos.site\/loja1wagner\/wp-json\/wp\/v2\/product\/2852","targetHints":{"allow":["GET"]}}],"collection":[{"href":"https:\/\/plataformaprojetos.site\/loja1wagner\/wp-json\/wp\/v2\/product"}],"about":[{"href":"https:\/\/plataformaprojetos.site\/loja1wagner\/wp-json\/wp\/v2\/types\/product"}],"replies":[{"embeddable":true,"href":"https:\/\/plataformaprojetos.site\/loja1wagner\/wp-json\/wp\/v2\/comments?post=2852"}],"wp:featuredmedia":[{"embeddable":true,"href":"https:\/\/plataformaprojetos.site\/loja1wagner\/wp-json\/wp\/v2\/media\/2854"}],"wp:attachment":[{"href":"https:\/\/plataformaprojetos.site\/loja1wagner\/wp-json\/wp\/v2\/media?parent=2852"}],"wp:term":[{"taxonomy":"product_brand","embeddable":true,"href":"https:\/\/plataformaprojetos.site\/loja1wagner\/wp-json\/wp\/v2\/product_brand?post=2852"},{"taxonomy":"product_cat","embeddable":true,"href":"https:\/\/plataformaprojetos.site\/loja1wagner\/wp-json\/wp\/v2\/product_cat?post=2852"},{"taxonomy":"product_tag","embeddable":true,"href":"https:\/\/plataformaprojetos.site\/loja1wagner\/wp-json\/wp\/v2\/product_tag?post=2852"}],"curies":[{"name":"wp","href":"https:\/\/api.w.org\/{rel}","templated":true}]}}