{"id":2860,"date":"2025-11-13T14:20:25","date_gmt":"2025-11-13T17:20:25","guid":{"rendered":"https:\/\/plataformaprojetos.site\/loja1wagner\/?post_type=product&#038;p=2860"},"modified":"2025-11-13T14:20:25","modified_gmt":"2025-11-13T17:20:25","slug":"escova-secadora-britania-bec02pr-cabo-giratorio-bivolt-1300w-preta-e-rosa","status":"publish","type":"product","link":"https:\/\/plataformaprojetos.site\/loja1wagner\/produto\/escova-secadora-britania-bec02pr-cabo-giratorio-bivolt-1300w-preta-e-rosa\/","title":{"rendered":"Escova Secadora Brit\u00e2nia BEC02PR Cabo Girat\u00f3rio Bivolt 1300W &#8211; Preta e Rosa"},"content":{"rendered":"<div id=\"product-special-content-partner\" data-testid=\"product-special-content\">\n<div class=\"css-1n35da2\" data-component=\"special-content\" data-version=\"1.0.1-2\">\n<div class=\"css-1wb3f7s\">\n<div class=\"css-gbwsnk\"><img decoding=\"async\" src=\"https:\/\/imgs.via.com.br\/special-contents\/34390a6a-64b2-4b37-8064-b1e7557a03d9\/b3f364e7-9176-410d-80e6-47eb4598a62d.jpg\" alt=\"Escova Secadora Brit\u00e2nia BEC02PR Cabo Girat\u00f3rio Bivolt 1300W Preta e Rosa\" \/><\/div>\n<div class=\"css-qk8zzo\">\n<div>\n<h2><strong>Escova Secadora Brit\u00e2nia BEC02PR<\/strong>\u00a0<strong>&#8211; Preta e Rosa<\/strong><\/h2>\n<p>Cuide dos seus cabelos na tranquilidade de casa e tenha resultados incr\u00edveis, fazendo uso da\u00a0<strong>Escova Secadora Brit\u00e2nia BEC02PR<\/strong>. Perfeita para quem busca praticidade e efici\u00eancia na hora de cuidar das madeixas, ela possui\u00a0<strong>1300W de pot\u00eancia<\/strong>, possibilitando que voc\u00ea seque, alise, modele e d\u00ea volume aos fios, deixando-os devidamente arrumados, macios e com brilho.<\/p>\n<\/div>\n<\/div>\n<div class=\"css-gbwsnk\"><img decoding=\"async\" src=\"https:\/\/imgs.via.com.br\/special-contents\/34390a6a-64b2-4b37-8064-b1e7557a03d9\/14fc4413-9edb-4270-9374-328f8c1610f6.jpg\" alt=\"Escova Secadora Brit\u00e2nia BEC02PR revestimento cer\u00e2mico 3 temperaturas 2 velocidades\" \/><\/div>\n<div class=\"css-qk8zzo\">\n<div>\n<h2><strong>Com revestimento cer\u00e2mico e \u00cdon Tourmaline<\/strong><\/h2>\n<p>Fabricada com a tecnologia \u00cdon Tourmaline, a\u00a0<a href=\"https:\/\/www.casasbahia.com.br\/Escova%20Secadora%20Brit%C3%A2nia%20\/b?utm_source=paginaespecial&amp;utm_medium=casasbahia&amp;utm_campaign=beleza\" target=\"_blank\" rel=\"noopener noreferrer\"><strong><u>escova Brit\u00e2nia<\/u><\/strong><\/a>\u00a0BEC02PR conta com\u00a0<strong>revestimento cer\u00e2mico<\/strong>, que garantir\u00e1 prote\u00e7\u00e3o extra aos cabelos. Isso porque tanto as part\u00edculas de cer\u00e2mica quanto o mineral Turmalina potencializam a a\u00e7\u00e3o dos \u00edons negativos, que diminuem o frizz e ajudam na modelagem, garantindo maciez e brilho radiante aos fios. Lembrando que esta escova secadora possui\u00a0<strong>tr\u00eas n\u00edveis de temperatura<\/strong>\u00a0e\u00a0<strong>duas velocidades<\/strong>.<\/p>\n<\/div>\n<\/div>\n<div class=\"css-gbwsnk\"><img decoding=\"async\" src=\"https:\/\/imgs.via.com.br\/special-contents\/34390a6a-64b2-4b37-8064-b1e7557a03d9\/0e14122c-64b6-4c96-b6de-7a720d9861f4.jpg\" alt=\"Escova Secadora Brit\u00e2nia BEC02PR cabo girat\u00f3rio cerdas com pontas emborrachadas\" \/><\/div>\n<div class=\"css-qk8zzo\">\n<div>\n<h2><strong>Cerdas emborrachadas e cabo girat\u00f3rio<\/strong><\/h2>\n<p>As cerdas da escova secadora Brit\u00e2nia BEC02PR contam com\u00a0<strong>pontas emborrachadas<\/strong>, que proporcionam maior conforto e seguran\u00e7a ao pentear, facilitando o processo de desembara\u00e7o dos fios. Al\u00e9m disso, o\u00a0<strong>cabo girat\u00f3rio em 360\u00b0C<\/strong>\u00a0e o cord\u00e3o de alimenta\u00e7\u00e3o de 1,8 metro garantem um pr\u00e1tico manuseio.<\/p>\n<\/div>\n<\/div>\n<div class=\"css-gbwsnk\"><img decoding=\"async\" src=\"https:\/\/imgs.via.com.br\/special-contents\/34390a6a-64b2-4b37-8064-b1e7557a03d9\/1b18f1bf-e530-4a31-8b67-ceb85feeb313.jpg\" alt=\"Escova Secadora Brit\u00e2nia BEC02PR \" \/><\/div>\n<\/div>\n<\/div>\n<\/div>\n<div>\n<div id=\"product-description\">Para voc\u00ea que n\u00e3o abre m\u00e3o de praticidade na hora de cuidar do seus cabelos, voc\u00ea precisa conhecer a Escova Secadora Brit\u00e2nia BEC02PR.<\/p>\n<p>Ela \u00e9 4 em 1, seca, alisa, modela e d\u00e1 volume com rapidez e efici\u00eancia. Conta com 1300W de pot\u00eancia, 3 temperaturas e 2 velocidades que garantem alta performance e resultado de sal\u00e3o em instantes.<\/p>\n<p>O revestimento do tubo em cer\u00e2mica e as cerdas mistas com pontas emborrachadas da Escova Secadora Brit\u00e2nia promovem maior conforto e praticidade durante o uso, mantendo a hidrata\u00e7\u00e3o dos cabelos. \u00c9 bivolt e voc\u00ea pode lev\u00e1-la para onde for, al\u00e9m de possuir cord\u00e3o girat\u00f3rio 360\u00b0 com 1,80m de comprimento para maior liberdade de uso<\/p>\n<p>Tenha cabelos bem cuidados na hora que quiser com a Escova Secadora Brit\u00e2nia BEC02PR Bivolt 4 em 1 1300W.<\/p><\/div>\n<\/div>\n","protected":false},"excerpt":{"rendered":"<p>Escova Secadora Brit\u00e2nia BEC02PR\u00a0&#8211; Preta e Rosa Cuide dos seus cabelos na tranquilidade de casa e tenha resultados incr\u00edveis, fazendo uso da\u00a0Escova Secadora Brit\u00e2nia BEC02PR. Perfeita para quem busca praticidade e efici\u00eancia na hora de cuidar das madeixas, ela possui\u00a01300W de pot\u00eancia, possibilitando que voc\u00ea seque, alise, modele e d\u00ea volume aos fios, deixando-os devidamente [&hellip;]<\/p>\n","protected":false},"featured_media":2863,"comment_status":"open","ping_status":"closed","template":"","meta":[],"product_brand":[],"product_cat":[77],"product_tag":[],"class_list":{"0":"post-2860","1":"product","2":"type-product","3":"status-publish","4":"has-post-thumbnail","6":"product_cat-beleza-e-saude","8":"first","9":"instock","10":"shipping-taxable","11":"purchasable","12":"product-type-simple"},"_links":{"self":[{"href":"https:\/\/plataformaprojetos.site\/loja1wagner\/wp-json\/wp\/v2\/product\/2860","targetHints":{"allow":["GET"]}}],"collection":[{"href":"https:\/\/plataformaprojetos.site\/loja1wagner\/wp-json\/wp\/v2\/product"}],"about":[{"href":"https:\/\/plataformaprojetos.site\/loja1wagner\/wp-json\/wp\/v2\/types\/product"}],"replies":[{"embeddable":true,"href":"https:\/\/plataformaprojetos.site\/loja1wagner\/wp-json\/wp\/v2\/comments?post=2860"}],"wp:featuredmedia":[{"embeddable":true,"href":"https:\/\/plataformaprojetos.site\/loja1wagner\/wp-json\/wp\/v2\/media\/2863"}],"wp:attachment":[{"href":"https:\/\/plataformaprojetos.site\/loja1wagner\/wp-json\/wp\/v2\/media?parent=2860"}],"wp:term":[{"taxonomy":"product_brand","embeddable":true,"href":"https:\/\/plataformaprojetos.site\/loja1wagner\/wp-json\/wp\/v2\/product_brand?post=2860"},{"taxonomy":"product_cat","embeddable":true,"href":"https:\/\/plataformaprojetos.site\/loja1wagner\/wp-json\/wp\/v2\/product_cat?post=2860"},{"taxonomy":"product_tag","embeddable":true,"href":"https:\/\/plataformaprojetos.site\/loja1wagner\/wp-json\/wp\/v2\/product_tag?post=2860"}],"curies":[{"name":"wp","href":"https:\/\/api.w.org\/{rel}","templated":true}]}}