{"id":2872,"date":"2025-11-13T14:25:03","date_gmt":"2025-11-13T17:25:03","guid":{"rendered":"https:\/\/plataformaprojetos.site\/loja1wagner\/?post_type=product&#038;p=2872"},"modified":"2025-11-13T14:25:03","modified_gmt":"2025-11-13T17:25:03","slug":"escova-secadora-soft-britania-bec07-1300w-bivolt-rosa","status":"publish","type":"product","link":"https:\/\/plataformaprojetos.site\/loja1wagner\/produto\/escova-secadora-soft-britania-bec07-1300w-bivolt-rosa\/","title":{"rendered":"Escova Secadora Soft Brit\u00e2nia BEC07 1300w Bivolt &#8211; Rosa"},"content":{"rendered":"<div id=\"product-special-content-partner\" data-testid=\"product-special-content\">\n<div class=\"css-1n35da2\" data-component=\"special-content\" data-version=\"1.0.1-2\">\n<div class=\"css-1wb3f7s\">\n<div>\n<div class=\"special-content\">\n<div class=\"back1\"><img decoding=\"async\" class=\"imagem1\" title=\"Escova Secadora Brit\u00e2nia Soft BEC07\" src=\"https:\/\/www.casasbahia-imagens.com.br\/html\/conteudo-produto\/102\/55014247\/imagens\/chapinha_1.png\" alt=\"Escova Secadora Brit\u00e2nia Soft BEC07\" \/><\/p>\n<div class=\"caixa1\">\n<article class=\"texto1\">\n<h4>Escova Secadora<br \/>\n<strong>Soft BEC07 da Brit\u00e2nia<\/strong><\/h4>\n<p class=\"branco\">A\u00a0<strong>Escova Secadora Brit\u00e2nia Soft BEC07<\/strong>\u00a0vai deixar seus cabelos cuidados com praticidade e muita tecnologia. Tudo come\u00e7a com\u00a0<strong>cerdas macias e de nylon<\/strong>\u00a0que n\u00e3o agridem os fios, proporcionando maior brilho a eles. Essa escova compacta, que d\u00e1 para levar na bolsa, tamb\u00e9m conta com tecnologia \u00cdon Tourmaline, revestimento de cer\u00e2mica e muito mais para voc\u00ea arrasar nos penteados.<\/p>\n<\/article>\n<\/div>\n<\/div>\n<div class=\"back2\"><img decoding=\"async\" class=\"imagem2\" title=\"Com 1300W de pot\u00eancia\" src=\"https:\/\/www.casasbahia-imagens.com.br\/html\/conteudo-produto\/102\/55014247\/imagens\/chapinha_2.png\" alt=\"Escova Secadora Brit\u00e2nia Soft BEC07 pot\u00eancia\" \/><\/p>\n<div class=\"caixa2\">\n<article class=\"texto2\">\n<h5>\u00cdon Tourmaline<\/h5>\n<p class=\"branco\">A\u00a0<strong>tecnologia \u00cdon Tourmaline<\/strong>\u00a0torna essa escova ideal para todos os tipos de cabelos. Este recurso ajuda a eliminar a est\u00e1tica dos fios, deixando-os macios, sem efeito frizz e n\u00e3o ressecando-os, mantendo sua umidade natural.<\/p>\n<\/article>\n<\/div>\n<\/div>\n<div class=\"back3\"><img decoding=\"async\" class=\"imagem3\" title=\"Com 3 temperaturas e 2 velocidades\" src=\"https:\/\/www.casasbahia-imagens.com.br\/html\/conteudo-produto\/102\/55014247\/imagens\/chapinha_3.png\" alt=\"Escova Secadora Brit\u00e2nia Soft BEC07 temperatura\" \/><\/p>\n<div class=\"caixa3\">\n<article class=\"texto3\">\n<h5>Esquenta mais r\u00e1pido<\/h5>\n<p class=\"branco\">A\u00a0<a href=\"https:\/\/www.casasbahia.com.br\/escova-secadora-britania\/b?utm_source=paginaespecial&amp;utm_medium=casasbahia&amp;utm_campaign=beleza\" target=\"_blank\" rel=\"noopener\">escova da Brit\u00e2nia<\/a>\u00a0Soft BEC07 tamb\u00e9m esquenta mais rapidamente e isso se deve ao\u00a0<strong>revestimento em cer\u00e2mica<\/strong>, tornando, principalmente, o processo de secagem mais eficiente. Aproveite e garanta essa escova secadora 3 em 1, que\u00a0<strong>alisa, seca e modela<\/strong>, al\u00e9m de deixar seus cabelos perfeitos quando desejar.<\/p>\n<\/article>\n<\/div>\n<\/div>\n<div class=\"pd-image-full\"><img decoding=\"async\" src=\"https:\/\/www.casasbahia-imagens.com.br\/html\/conteudo-produto\/102\/55014247\/imagens\/escova-secadora-soft-britania-bec07_01.jpg\" alt=\"\" width=\"990\" height=\"28\" \/><img decoding=\"async\" src=\"https:\/\/www.casasbahia-imagens.com.br\/html\/conteudo-produto\/102\/55014247\/imagens\/escova-secadora-soft-britania-bec07_02.jpg\" alt=\"\" width=\"990\" height=\"28\" \/><img decoding=\"async\" src=\"https:\/\/www.casasbahia-imagens.com.br\/html\/conteudo-produto\/102\/55014247\/imagens\/escova-secadora-soft-britania-bec07_03.jpg\" alt=\"\" width=\"990\" height=\"27\" \/><img loading=\"lazy\" decoding=\"async\" src=\"https:\/\/www.casasbahia-imagens.com.br\/html\/conteudo-produto\/102\/55014247\/imagens\/escova-secadora-soft-britania-bec07_04.jpg\" alt=\"\" width=\"990\" height=\"28\" \/><img loading=\"lazy\" decoding=\"async\" src=\"https:\/\/www.casasbahia-imagens.com.br\/html\/conteudo-produto\/102\/55014247\/imagens\/escova-secadora-soft-britania-bec07_05.jpg\" alt=\"\" width=\"990\" height=\"28\" \/><img loading=\"lazy\" decoding=\"async\" src=\"https:\/\/www.casasbahia-imagens.com.br\/html\/conteudo-produto\/102\/55014247\/imagens\/escova-secadora-soft-britania-bec07_06.jpg\" alt=\"\" width=\"990\" height=\"28\" \/><img loading=\"lazy\" decoding=\"async\" src=\"https:\/\/www.casasbahia-imagens.com.br\/html\/conteudo-produto\/102\/55014247\/imagens\/escova-secadora-soft-britania-bec07_07.jpg\" alt=\"\" width=\"990\" height=\"28\" \/><img loading=\"lazy\" decoding=\"async\" src=\"https:\/\/www.casasbahia-imagens.com.br\/html\/conteudo-produto\/102\/55014247\/imagens\/escova-secadora-soft-britania-bec07_08.jpg\" alt=\"\" width=\"990\" height=\"27\" \/><img loading=\"lazy\" decoding=\"async\" src=\"https:\/\/www.casasbahia-imagens.com.br\/html\/conteudo-produto\/102\/55014247\/imagens\/escova-secadora-soft-britania-bec07_09.jpg\" alt=\"\" width=\"990\" height=\"28\" \/><img loading=\"lazy\" decoding=\"async\" src=\"https:\/\/www.casasbahia-imagens.com.br\/html\/conteudo-produto\/102\/55014247\/imagens\/escova-secadora-soft-britania-bec07_10.jpg\" alt=\"\" width=\"990\" height=\"28\" \/><img loading=\"lazy\" decoding=\"async\" src=\"https:\/\/www.casasbahia-imagens.com.br\/html\/conteudo-produto\/102\/55014247\/imagens\/escova-secadora-soft-britania-bec07_11.jpg\" alt=\"\" width=\"990\" height=\"28\" \/><img loading=\"lazy\" decoding=\"async\" src=\"https:\/\/www.casasbahia-imagens.com.br\/html\/conteudo-produto\/102\/55014247\/imagens\/escova-secadora-soft-britania-bec07_12.jpg\" alt=\"\" width=\"990\" height=\"28\" \/><img loading=\"lazy\" decoding=\"async\" src=\"https:\/\/www.casasbahia-imagens.com.br\/html\/conteudo-produto\/102\/55014247\/imagens\/escova-secadora-soft-britania-bec07_13.jpg\" alt=\"\" width=\"990\" height=\"27\" \/><img loading=\"lazy\" decoding=\"async\" src=\"https:\/\/www.casasbahia-imagens.com.br\/html\/conteudo-produto\/102\/55014247\/imagens\/escova-secadora-soft-britania-bec07_14.jpg\" alt=\"\" width=\"990\" height=\"28\" \/><img loading=\"lazy\" decoding=\"async\" src=\"https:\/\/www.casasbahia-imagens.com.br\/html\/conteudo-produto\/102\/55014247\/imagens\/escova-secadora-soft-britania-bec07_15.jpg\" alt=\"\" width=\"990\" height=\"28\" \/><img loading=\"lazy\" decoding=\"async\" src=\"https:\/\/www.casasbahia-imagens.com.br\/html\/conteudo-produto\/102\/55014247\/imagens\/escova-secadora-soft-britania-bec07_16.jpg\" alt=\"\" width=\"990\" height=\"28\" \/><img loading=\"lazy\" decoding=\"async\" src=\"https:\/\/www.casasbahia-imagens.com.br\/html\/conteudo-produto\/102\/55014247\/imagens\/escova-secadora-soft-britania-bec07_17.jpg\" alt=\"\" width=\"990\" height=\"28\" \/><img loading=\"lazy\" decoding=\"async\" src=\"https:\/\/www.casasbahia-imagens.com.br\/html\/conteudo-produto\/102\/55014247\/imagens\/escova-secadora-soft-britania-bec07_18.jpg\" alt=\"\" width=\"990\" height=\"27\" \/><img loading=\"lazy\" decoding=\"async\" src=\"https:\/\/www.casasbahia-imagens.com.br\/html\/conteudo-produto\/102\/55014247\/imagens\/escova-secadora-soft-britania-bec07_19.jpg\" alt=\"\" width=\"990\" height=\"28\" \/><img loading=\"lazy\" decoding=\"async\" src=\"https:\/\/www.casasbahia-imagens.com.br\/html\/conteudo-produto\/102\/55014247\/imagens\/escova-secadora-soft-britania-bec07_20.jpg\" alt=\"\" width=\"990\" height=\"28\" \/><\/p>\n<\/div>\n<\/div>\n<\/div>\n<\/div>\n<\/div>\n<\/div>\n<div>\n<div id=\"product-description\">Com cerdas macias e cerdas de nylon que n\u00e3o agridem os fios e proporcionam mais brilho. Ela \u00e9 perfeita para levar em qualquer lugar, maior pot\u00eancia em um \u00fanico produto.<\/p>\n<p>A\u00a0<strong>Escova Secadora Soft Brit\u00e2nia BEC07 Bivolt &#8211; Rosa<\/strong>\u00a0tem \u00ccon Tourmaline. Os \u00edon negativos eliminam a est\u00e1tica gerando maciez e eliminando o frizz, mantendo a umidade natural dos fios, \u00e9 perfeita para todos os tipos de cabelos.<\/p>\n<p>Com revestimento em cer\u00e2mica possibilita maior alcance de altas temperaturas e muito mais r\u00e1pida, conta com melhor abertura para a passagem de calor, proporcionando uma secagem bastante eficaz.<\/p>\n<p>Ela \u00e9 3 em 1 pois alisa, seca e modela. Tem\u00a0<strong>Luz Infrared<\/strong>\u00a0a tecnologia que evita danos aos fios, ressecamento excessivo, antifrizz e sela as cut\u00edculas capilares.<\/div>\n<\/div>\n","protected":false},"excerpt":{"rendered":"<p>Escova Secadora Soft BEC07 da Brit\u00e2nia A\u00a0Escova Secadora Brit\u00e2nia Soft BEC07\u00a0vai deixar seus cabelos cuidados com praticidade e muita tecnologia. Tudo come\u00e7a com\u00a0cerdas macias e de nylon\u00a0que n\u00e3o agridem os fios, proporcionando maior brilho a eles. Essa escova compacta, que d\u00e1 para levar na bolsa, tamb\u00e9m conta com tecnologia \u00cdon Tourmaline, revestimento de cer\u00e2mica e [&hellip;]<\/p>\n","protected":false},"featured_media":2874,"comment_status":"open","ping_status":"closed","template":"","meta":[],"product_brand":[],"product_cat":[77],"product_tag":[],"class_list":{"0":"post-2872","1":"product","2":"type-product","3":"status-publish","4":"has-post-thumbnail","6":"product_cat-beleza-e-saude","8":"first","9":"instock","10":"shipping-taxable","11":"purchasable","12":"product-type-simple"},"_links":{"self":[{"href":"https:\/\/plataformaprojetos.site\/loja1wagner\/wp-json\/wp\/v2\/product\/2872","targetHints":{"allow":["GET"]}}],"collection":[{"href":"https:\/\/plataformaprojetos.site\/loja1wagner\/wp-json\/wp\/v2\/product"}],"about":[{"href":"https:\/\/plataformaprojetos.site\/loja1wagner\/wp-json\/wp\/v2\/types\/product"}],"replies":[{"embeddable":true,"href":"https:\/\/plataformaprojetos.site\/loja1wagner\/wp-json\/wp\/v2\/comments?post=2872"}],"wp:featuredmedia":[{"embeddable":true,"href":"https:\/\/plataformaprojetos.site\/loja1wagner\/wp-json\/wp\/v2\/media\/2874"}],"wp:attachment":[{"href":"https:\/\/plataformaprojetos.site\/loja1wagner\/wp-json\/wp\/v2\/media?parent=2872"}],"wp:term":[{"taxonomy":"product_brand","embeddable":true,"href":"https:\/\/plataformaprojetos.site\/loja1wagner\/wp-json\/wp\/v2\/product_brand?post=2872"},{"taxonomy":"product_cat","embeddable":true,"href":"https:\/\/plataformaprojetos.site\/loja1wagner\/wp-json\/wp\/v2\/product_cat?post=2872"},{"taxonomy":"product_tag","embeddable":true,"href":"https:\/\/plataformaprojetos.site\/loja1wagner\/wp-json\/wp\/v2\/product_tag?post=2872"}],"curies":[{"name":"wp","href":"https:\/\/api.w.org\/{rel}","templated":true}]}}