{"id":2892,"date":"2025-11-13T14:38:00","date_gmt":"2025-11-13T17:38:00","guid":{"rendered":"https:\/\/plataformaprojetos.site\/loja1wagner\/?post_type=product&#038;p=2892"},"modified":"2025-12-15T13:26:28","modified_gmt":"2025-12-15T16:26:28","slug":"micro-ondas-espelhado-electrolux-20l-com-tira-odor-mt30s-220v","status":"publish","type":"product","link":"https:\/\/plataformaprojetos.site\/loja1wagner\/produto\/micro-ondas-espelhado-electrolux-20l-com-tira-odor-mt30s-220v\/","title":{"rendered":"Micro-ondas espelhado Electrolux 20L com Tira Odor MT30S &#8211; 220v"},"content":{"rendered":"<div>Com o Micro-ondas MT30S sua vida na cozinha ficar\u00e1 muito mais f\u00e1cil e segura. Ele possui a fun\u00e7\u00e3o \u201ctira odor\u201d que minimiza os odores internos do seu aparelho e um design que facilita no momento da limpeza.<\/p>\n<p>O Micro-ondas MT30S possui um painel inteligente com diversas fun\u00e7\u00f5es e uma trava de seguran\u00e7a , que n\u00e3o permite que crian\u00e7as ou pessoas n\u00e3o autorizadas utilizem o produto.<\/p>\n<p>Dentre as in\u00fameras fun\u00e7\u00f5es que v\u00e3o facilitar a sua vida na hora de cozinhar, o micro-ondas MT30S cont\u00e9m um QR Code, que cont\u00e9m o passo a passo do modo de prapraro das receitas dos menus. Ou seja, ele \u00e9 um produto \u00fanico e que vai revolucionar a forma que voc\u00ea cozinha em casa.<\/p><\/div>\n<p><strong>Tira odor<\/strong><br \/>\nCom a fun\u00e7\u00e3o tira odor, seu micro-ondas minimiza os odores internos deixados por alimentos.<\/p>\n<p>&nbsp;<\/p>\n<p><strong>Esque\u00e7a caderninhos de receita<\/strong><br \/>\nPossui um QR Code exclusivo com o passo a passo da receita. Fa\u00e7a a leitura do QRCODE por um aplicativo de leitor de QR CODE no seu celular ou tablet e voc\u00ea ser\u00e1 automaticamente direcionado para um link exclusivo com os v\u00eddeos com modo de preparo das receitas do menu.<\/p>\n<p>&nbsp;<\/p>\n<p><strong>Mant\u00e9m aquecido<\/strong><br \/>\nCom a fun\u00e7\u00e3o de manter aquecido, suas receitas estar\u00e3o sempre no tempo e temperatura certa.<\/p>\n<p>&nbsp;<\/p>\n<p><strong>Porta Espelhada<\/strong><br \/>\nPorta espelhada que traz mais modernidade e sofistica\u00e7\u00e3o para a sua cozinha.<\/p>\n<p>&nbsp;<\/p>\n<p><strong>Menus e fun\u00e7\u00f5es adicionais<\/strong><br \/>\nPossui o menu com a fun\u00e7\u00e3o descongelar podendo ser utilizada as op\u00e7\u00f5es carne, frango, peixe e feij\u00e3o.<br \/>\nCom o menu light, voc\u00ea pode prepara receitas mais saud\u00e1veis como frutas, vegetais e sopas.<br \/>\nO menu kids, serve para preparar as receitas favoritas das crian\u00e7as como bolo de caneca, pipoca e brigadeiro.<br \/>\nE o menu dia-a-dia que separa as receitas mais usadas como o arroz, macarr\u00e3o e batata.<\/p>\n<p>&nbsp;<\/p>\n<p><strong>Seguran\u00e7a e comodidade<\/strong><br \/>\nExclusiva tecla que permite travar o uso do aparelho quando voc\u00ea quiser. Ideal para evitar que crian\u00e7as ou pessoas n\u00e3o autorizadas a usar o produto possam acion\u00e1-lo.<\/p>\n<p>&nbsp;<\/p>\n<p><strong>Reaque\u00e7a suas refei\u00e7\u00f5es<\/strong><br \/>\nCom essa exclusiva op\u00e7\u00e3o, voc\u00ea consegue reaquecer seus pratos prontos. Seus alimentos v\u00e3o ficar frescos, como se estivessem sido feitos na hora.<\/p>\n<p>&nbsp;<\/p>\n<p><strong>Escolha a pot\u00eancia<\/strong><br \/>\nVoc\u00ea pode escolher a pot\u00eancia que prefere esquentar seus alimentos, assim eles v\u00e3o ficar na temperatura ideal ao seu paladar.<\/p>\n","protected":false},"excerpt":{"rendered":"<p>Com o Micro-ondas MT30S sua vida na cozinha ficar\u00e1 muito mais f\u00e1cil e segura. Ele possui a fun\u00e7\u00e3o \u201ctira odor\u201d que minimiza os odores internos do seu aparelho e um design que facilita no momento da limpeza. O Micro-ondas MT30S possui um painel inteligente com diversas fun\u00e7\u00f5es e uma trava de seguran\u00e7a , que n\u00e3o [&hellip;]<\/p>\n","protected":false},"featured_media":2894,"comment_status":"open","ping_status":"closed","template":"","meta":[],"product_brand":[],"product_cat":[69,79],"product_tag":[],"class_list":{"0":"post-2892","1":"product","2":"type-product","3":"status-publish","4":"has-post-thumbnail","6":"product_cat-eletrodomesticos","7":"product_cat-utilidades-domestica","9":"first","10":"instock","11":"shipping-taxable","12":"purchasable","13":"product-type-simple"},"_links":{"self":[{"href":"https:\/\/plataformaprojetos.site\/loja1wagner\/wp-json\/wp\/v2\/product\/2892","targetHints":{"allow":["GET"]}}],"collection":[{"href":"https:\/\/plataformaprojetos.site\/loja1wagner\/wp-json\/wp\/v2\/product"}],"about":[{"href":"https:\/\/plataformaprojetos.site\/loja1wagner\/wp-json\/wp\/v2\/types\/product"}],"replies":[{"embeddable":true,"href":"https:\/\/plataformaprojetos.site\/loja1wagner\/wp-json\/wp\/v2\/comments?post=2892"}],"wp:featuredmedia":[{"embeddable":true,"href":"https:\/\/plataformaprojetos.site\/loja1wagner\/wp-json\/wp\/v2\/media\/2894"}],"wp:attachment":[{"href":"https:\/\/plataformaprojetos.site\/loja1wagner\/wp-json\/wp\/v2\/media?parent=2892"}],"wp:term":[{"taxonomy":"product_brand","embeddable":true,"href":"https:\/\/plataformaprojetos.site\/loja1wagner\/wp-json\/wp\/v2\/product_brand?post=2892"},{"taxonomy":"product_cat","embeddable":true,"href":"https:\/\/plataformaprojetos.site\/loja1wagner\/wp-json\/wp\/v2\/product_cat?post=2892"},{"taxonomy":"product_tag","embeddable":true,"href":"https:\/\/plataformaprojetos.site\/loja1wagner\/wp-json\/wp\/v2\/product_tag?post=2892"}],"curies":[{"name":"wp","href":"https:\/\/api.w.org\/{rel}","templated":true}]}}