{"id":2915,"date":"2025-11-13T15:25:21","date_gmt":"2025-11-13T18:25:21","guid":{"rendered":"https:\/\/plataformaprojetos.site\/loja1wagner\/?post_type=product&#038;p=2915"},"modified":"2025-12-15T13:26:15","modified_gmt":"2025-12-15T16:26:15","slug":"forno-de-micro-ondas-electrolux-efficient-me36s-com-funcoes-fermentar-e-manter-aquecido-prata-36l-110v","status":"publish","type":"product","link":"https:\/\/plataformaprojetos.site\/loja1wagner\/produto\/forno-de-micro-ondas-electrolux-efficient-me36s-com-funcoes-fermentar-e-manter-aquecido-prata-36l-110v\/","title":{"rendered":"Forno de Micro-ondas Electrolux Efficient ME36S com Fun\u00e7\u00f5es Fermentar e Manter Aquecido Prata &#8211; 36L &#8211; 110V"},"content":{"rendered":"<div id=\"product-special-content-partner\" data-testid=\"product-special-content\">\n<div class=\"css-1n35da2\" data-component=\"special-content\" data-version=\"1.0.1-2\">\n<div class=\"css-1wb3f7s\">\n<div class=\"css-gbwsnk\"><img decoding=\"async\" src=\"https:\/\/imgs.via.com.br\/special-contents\/9d392b48-c64a-4cdf-9505-a37e6e329a0c\/1164acfe-5074-4a99-bb23-af49796667d5.jpg\" alt=\"Microondas Electrolux Efficient ME36S Prata 36L\" \/><\/div>\n<div class=\"css-gbwsnk\"><img decoding=\"async\" src=\"https:\/\/imgs.via.com.br\/special-contents\/9d392b48-c64a-4cdf-9505-a37e6e329a0c\/4a3ef3c5-fc55-4030-9ebe-245f443cd4ba.jpg\" alt=\"Microondas Electrolux Efficient ME36S Prata 36L\" \/><\/div>\n<div class=\"css-gbwsnk\"><img decoding=\"async\" src=\"https:\/\/imgs.via.com.br\/special-contents\/9d392b48-c64a-4cdf-9505-a37e6e329a0c\/0396373e-16b3-464a-924f-e4d71e5312d0.jpg\" alt=\"Microondas Electrolux Efficient ME36S Prata 36L\" \/><\/div>\n<div class=\"css-gbwsnk\"><img decoding=\"async\" src=\"https:\/\/imgs.via.com.br\/special-contents\/9d392b48-c64a-4cdf-9505-a37e6e329a0c\/92599e40-4843-4931-b224-608ce3fe97b1.jpg\" alt=\"Microondas Electrolux Efficient ME36S Prata 36L\" \/><\/div>\n<div class=\"css-gbwsnk\"><img decoding=\"async\" src=\"https:\/\/imgs.via.com.br\/special-contents\/9d392b48-c64a-4cdf-9505-a37e6e329a0c\/057eb282-b1bd-42d2-b756-c90119c3c51c.jpg\" alt=\"Microondas Electrolux Efficient ME36S Prata 36L\" \/><\/div>\n<div class=\"css-gbwsnk\"><img decoding=\"async\" src=\"https:\/\/imgs.via.com.br\/special-contents\/9d392b48-c64a-4cdf-9505-a37e6e329a0c\/ee53fe16-358a-46be-aee5-aec8b90d0855.jpg\" alt=\"Microondas Electrolux Efficient ME36S Prata 36L\" \/><\/div>\n<div class=\"css-gbwsnk\"><img decoding=\"async\" src=\"https:\/\/imgs.via.com.br\/special-contents\/9d392b48-c64a-4cdf-9505-a37e6e329a0c\/e92ac81d-9ed8-41e8-bada-71abac2c7eb6.jpg\" alt=\"Microondas Electrolux Efficient ME36S Prata 36L\" \/><\/div>\n<div class=\"css-gbwsnk\"><img decoding=\"async\" src=\"https:\/\/imgs.via.com.br\/special-contents\/9d392b48-c64a-4cdf-9505-a37e6e329a0c\/0f78668f-b551-4f17-9ce6-a3deddaa866a.jpg\" alt=\"Microondas Electrolux Efficient ME36S Prata 36L\" \/><\/div>\n<div class=\"css-gbwsnk\"><img decoding=\"async\" src=\"https:\/\/imgs.via.com.br\/special-contents\/9d392b48-c64a-4cdf-9505-a37e6e329a0c\/d04d7621-41eb-484c-be33-f3a596a05475.jpg\" alt=\"Microondas Electrolux Efficient ME36S Prata 36L\" \/><\/div>\n<div class=\"css-gbwsnk\"><img decoding=\"async\" src=\"https:\/\/imgs.via.com.br\/special-contents\/9d392b48-c64a-4cdf-9505-a37e6e329a0c\/80f98e87-0844-471c-b560-78b53b491c27.jpg\" alt=\"Microondas Electrolux Efficient ME36S Prata 36L\" \/><\/div>\n<div class=\"css-gbwsnk\"><img decoding=\"async\" src=\"https:\/\/imgs.via.com.br\/special-contents\/9d392b48-c64a-4cdf-9505-a37e6e329a0c\/b26100d9-22d3-4fcb-afd4-25a491de545a.jpg\" alt=\"Microondas Electrolux Efficient ME36S Prata 36L\" \/><\/div>\n<\/div>\n<\/div>\n<\/div>\n<div>\n<div id=\"product-description\">O Micro-ondas Efficient ME36S da Electrolux \u00e9 pensado para facilitar sua rotina na cozinha. Ele conta com a tecnologia de Descongelamento Assistido da Electrolux para alcan\u00e7ar resultados mais uniformes ao descongelar os ingredientes, avisando no painel o momento certo de virar ou mexer os alimentos.<\/p>\n<p>Embora seja compacto por fora, o Efficient ME36S oferece uma ampla capacidade interna de 36L. \u00c9 ideal para receber diferentes tamanhos de travessas. Com ele, voc\u00ea otimiza o espa\u00e7o de sua cozinha sem perder capacidade.<\/p>\n<p>Seu painel inteligente, com ajustes autom\u00e1ticos de pot\u00eancia, disponibiliza cinco modos de preparo diferentes e funcionais para tornar sua rotina mais pr\u00e1tica: fermentar; derreter; desidratar; cozinhar r\u00e1pido e cozinhar delicado.<\/p>\n<p>A Fun\u00e7\u00e3o Fermentar auxilia a acelerar\u00b9 o processo de fermenta\u00e7\u00e3o em massas. Experimente para p\u00e3es e pizzas, por exemplo. Derreta chocolate e manteiga com facilidade e no ponto certo com a Fun\u00e7\u00e3o Derreter.<\/p>\n<p>Acione a Fun\u00e7\u00e3o Desidratar para fazer chips de frutas ou vegetais, al\u00e9m de desidratar ervas para conserv\u00e1-las por mais tempo. Selecione a Fun\u00e7\u00e3o Cozinhar Delicado se quiser preparar alimentos macios, como peixes e alguns tipos de vegetais. Para vegetais mais duros e carne bovina, utilize a Fun\u00e7\u00e3o Cozinhar delicado.<\/p>\n<p>O Micro-ondas Efficient ME36S da Electrolux possui a fun\u00e7\u00e3o Manter Aquecido, que conserva suas receitas rec\u00e9m preparadas quentes e deliciosas at\u00e9 o consumo. A fun\u00e7\u00e3o Tira Odor \u00e9 ideal para manter seu produto livre de poss\u00edveis odores dos preparos anteriores gra\u00e7as ao sistema de recircula\u00e7\u00e3o do ar interno.<\/p>\n<p>Um eletrodom\u00e9stico perfeito para tornar sua cozinha ainda mais pr\u00e1tica e bonita.<\/p><\/div>\n<\/div>\n","protected":false},"excerpt":{"rendered":"<p>O Micro-ondas Efficient ME36S da Electrolux \u00e9 pensado para facilitar sua rotina na cozinha. Ele conta com a tecnologia de Descongelamento Assistido da Electrolux para alcan\u00e7ar resultados mais uniformes ao descongelar os ingredientes, avisando no painel o momento certo de virar ou mexer os alimentos. Embora seja compacto por fora, o Efficient ME36S oferece uma [&hellip;]<\/p>\n","protected":false},"featured_media":2916,"comment_status":"open","ping_status":"closed","template":"","meta":[],"product_brand":[],"product_cat":[69,79],"product_tag":[],"class_list":{"0":"post-2915","1":"product","2":"type-product","3":"status-publish","4":"has-post-thumbnail","6":"product_cat-eletrodomesticos","7":"product_cat-utilidades-domestica","9":"first","10":"instock","11":"shipping-taxable","12":"purchasable","13":"product-type-simple"},"_links":{"self":[{"href":"https:\/\/plataformaprojetos.site\/loja1wagner\/wp-json\/wp\/v2\/product\/2915","targetHints":{"allow":["GET"]}}],"collection":[{"href":"https:\/\/plataformaprojetos.site\/loja1wagner\/wp-json\/wp\/v2\/product"}],"about":[{"href":"https:\/\/plataformaprojetos.site\/loja1wagner\/wp-json\/wp\/v2\/types\/product"}],"replies":[{"embeddable":true,"href":"https:\/\/plataformaprojetos.site\/loja1wagner\/wp-json\/wp\/v2\/comments?post=2915"}],"wp:featuredmedia":[{"embeddable":true,"href":"https:\/\/plataformaprojetos.site\/loja1wagner\/wp-json\/wp\/v2\/media\/2916"}],"wp:attachment":[{"href":"https:\/\/plataformaprojetos.site\/loja1wagner\/wp-json\/wp\/v2\/media?parent=2915"}],"wp:term":[{"taxonomy":"product_brand","embeddable":true,"href":"https:\/\/plataformaprojetos.site\/loja1wagner\/wp-json\/wp\/v2\/product_brand?post=2915"},{"taxonomy":"product_cat","embeddable":true,"href":"https:\/\/plataformaprojetos.site\/loja1wagner\/wp-json\/wp\/v2\/product_cat?post=2915"},{"taxonomy":"product_tag","embeddable":true,"href":"https:\/\/plataformaprojetos.site\/loja1wagner\/wp-json\/wp\/v2\/product_tag?post=2915"}],"curies":[{"name":"wp","href":"https:\/\/api.w.org\/{rel}","templated":true}]}}