{"id":2934,"date":"2025-11-13T15:35:43","date_gmt":"2025-11-13T18:35:43","guid":{"rendered":"https:\/\/plataformaprojetos.site\/loja1wagner\/?post_type=product&#038;p=2934"},"modified":"2025-11-13T15:35:43","modified_gmt":"2025-11-13T18:35:43","slug":"smartphone-samsung-galaxy-a06-4g-6-7-octa-core-128gb-4gb-camera-dupla-azul-escuro","status":"publish","type":"product","link":"https:\/\/plataformaprojetos.site\/loja1wagner\/produto\/smartphone-samsung-galaxy-a06-4g-6-7-octa-core-128gb-4gb-camera-dupla-azul-escuro\/","title":{"rendered":"Smartphone Samsung Galaxy A06 4G 6.7 Octa Core 128GB 4GB C\u00e2mera Dupla &#8211; Azul Escuro"},"content":{"rendered":"<p>Smartphone Samsung Galaxy A06 4G 6.7 Octa Core 128GB 4GB C\u00e2mera Dupla<\/p>\n<p>Smartphone com super tela, conex\u00e3o 4G, qualidade surreal, espa\u00e7o sem igual, autonomia e seguran\u00e7a genial! O Samsung Galaxy A06, possui tela de 6.7 polegadas com resolu\u00e7\u00e3o HD+ e taxa de atualiza\u00e7\u00e3o de 60 Hz, para que o passeio pelos conte\u00fados seja mais \u00e1gil e abrangente. O processador octa core com velocidade m\u00e1xima de 2GHz e a mem\u00f3ria RAM de 4GB proporcionam \u00f3tima navegabilidade. Confira mais detalhes:<\/p>\n<p>C\u00e2meras e armazenamento<br \/>\nO A06 traz um sistema de c\u00e2meras traseiras duplo, a lente principal \u00e9 de 50MP e a c\u00e2mera macro de 2MP. Tire fotos n\u00edtidas com cores vibrantes e todos os detalhes que voc\u00ea merece! Traga tudo para mais perto com o zoom digital de 10x, ou use a c\u00e2mera frontal de 8MP e o flash de LED frontal direto na tela para caprichar! Selfies, fotos de perto ou de longe n\u00e3o importa! \u00c9 s\u00f3 tirar e colocar os registros na mem\u00f3ria interna de 128GB ou inserir um cart\u00e3o de mem\u00f3ria de at\u00e9 1TB para aumentar o espa\u00e7o de armazenamento.<\/p>\n<p>Autonomia e seguran\u00e7a<br \/>\nO smartphone te acompanha por at\u00e9 2 dias devido a bateria de 5.000mAh, \u00e9 com carregamento r\u00e1pido de 25W e voc\u00ea ainda pode desbloque\u00e1-lo facilmente por biometria. Acesse, fotografe, conecte-se e armazene contatos e conte\u00fados em um dispositivo leve e poderoso que cabe no bolso!<\/p>\n<p>Sobre a marca: Pensou em tecnologia, pensou em Samsung.<br \/>\nReconhecidamente uma das empresas mais inovadoras no cen\u00e1rio mundial, hoje tamb\u00e9m faz parte do ranking das 10 maiores e mais admiradas empresas do mundo. A Samsung tem levado muito a s\u00e9rio seu lema principal, CRIAR O FUTURO, ali\u00e1s \u00e9 muito mais que isso, \u00e9 uma ideologia, por isso, sempre est\u00e1 na vanguarda tecnol\u00f3gica em diversos segmentos, mas principalmente em eletroeletr\u00f4nicos. \u00c9 dela os principais lan\u00e7amentos do mercado dos \u00faltimos anos. TVs QLED e MicroLED, novos conceitos em smartphones, tecnologia 8K e 5G, processadores, semi condutores, intelig\u00eancia artificial s\u00e3o algumas das v\u00e1rias inova\u00e7\u00f5es dessa empresa que acredita na transforma\u00e7\u00e3o digital em benef\u00edcio do ser humano.<\/p>\n<p>Caracter\u00edsticas:<br \/>\nMarca: Samsung<br \/>\nModelo: SM-A065M<br \/>\nLinha: Galaxy<br \/>\nS\u00e9rie: A06<br \/>\nTamanho da tela: 6.7<br \/>\nTecnologia da tela: HD+<br \/>\nResolu\u00e7\u00e3o da tela: 720 x 1600<br \/>\nSistema operacional: Android 14<br \/>\nProcessador: Octa core<br \/>\nVelocidade do processador: 2GHz<br \/>\nMem\u00f3ria interna: 128GB<br \/>\nMem\u00f3ria RAM: 4GB<br \/>\nExpans\u00e3o de mem\u00f3ria: At\u00e9 1TB<br \/>\nTipo de chip: Nano SIM<br \/>\nQuantidade de chips: 2 chips<br \/>\nResolu\u00e7\u00e3o c\u00e2mera traseira: 50MP + 2MP<br \/>\nResolu\u00e7\u00e3o c\u00e2mera frontal: 8MP<br \/>\nFlash: Flash Led<br \/>\nBluetooth: Vers\u00e3o 5.3<br \/>\nWi-Fi: 802.11a\/b\/g\/n\/ac 2.4GHz+5GHz, VHT80<br \/>\nTipo de conector: USB tipo C<br \/>\nCapacidade da bateria: 5.000mAh<br \/>\nNFC: Sim<br \/>\nSensores: Aceler\u00f4metro, proximidade, sensor de luminosidade<br \/>\nLeitor biom\u00e9trico: Sim<br \/>\nResist\u00eancia a \u00e1gua: N\u00e3o<br \/>\nR\u00e1dio FM: Sim<br \/>\nOrigem: Nacional<br \/>\nHomologa\u00e7\u00e3o da Anatel: 06350-24-00953<\/p>\n<p>Conte\u00fado da embalagem:<br \/>\n01 Smartphone Galaxy A06<br \/>\n01 Carregador<br \/>\n01 Cabo USB<br \/>\n01 Extrator de chip<br \/>\n01 Manual do usu\u00e1rio.<\/p>\n<p>Dimens\u00f5es:<br \/>\nAltura: 16,7 cm<br \/>\nLargura: 8 cm<br \/>\nProfundidade: 0,77 cm<br \/>\nPeso: 0,2 kg<\/p>\n<p>Garantia do Fabricante: 12 meses, sendo 3 meses de garantia legal e mais 9 meses de garantia especial concedida pelo fabricante.<\/p>\n<p>Detalhes sobre a compra:<br \/>\nFique de olho: siga sempre as orienta\u00e7\u00f5es do fabricante e utilize seu produto de acordo com o manual. A empresa n\u00e3o se responsabiliza pelo mau uso do produto, o que pode causar perda da garantia.#8239;<br \/>\nN\u00e3o nos encarregamos, no ato da entrega, por montagens e desmontagens, subir escadas\/elevadores ou transporte por guincho para apartamentos. Eventuais despesas s\u00e3o de responsabilidade do cliente.<br \/>\nO valor divulgado \u00e9 unit\u00e1rio e a imagem \u00e9 meramente ilustrativa. Precisou trocar ou devolver? O prazo \u00e9 de 7 dias a partir do recebimento do produto &#8211; Lei n\u00ba 8.078 &#8211; Sempre confira no ato da entrega.<\/p>\n","protected":false},"excerpt":{"rendered":"<p>Smartphone Samsung Galaxy A06 4G 6.7 Octa Core 128GB 4GB C\u00e2mera Dupla Smartphone com super tela, conex\u00e3o 4G, qualidade surreal, espa\u00e7o sem igual, autonomia e seguran\u00e7a genial! O Samsung Galaxy A06, possui tela de 6.7 polegadas com resolu\u00e7\u00e3o HD+ e taxa de atualiza\u00e7\u00e3o de 60 Hz, para que o passeio pelos conte\u00fados seja mais \u00e1gil [&hellip;]<\/p>\n","protected":false},"featured_media":2935,"comment_status":"open","ping_status":"closed","template":"","meta":[],"product_brand":[],"product_cat":[67],"product_tag":[],"class_list":{"0":"post-2934","1":"product","2":"type-product","3":"status-publish","4":"has-post-thumbnail","6":"product_cat-smartphones","8":"first","9":"instock","10":"shipping-taxable","11":"purchasable","12":"product-type-simple"},"_links":{"self":[{"href":"https:\/\/plataformaprojetos.site\/loja1wagner\/wp-json\/wp\/v2\/product\/2934","targetHints":{"allow":["GET"]}}],"collection":[{"href":"https:\/\/plataformaprojetos.site\/loja1wagner\/wp-json\/wp\/v2\/product"}],"about":[{"href":"https:\/\/plataformaprojetos.site\/loja1wagner\/wp-json\/wp\/v2\/types\/product"}],"replies":[{"embeddable":true,"href":"https:\/\/plataformaprojetos.site\/loja1wagner\/wp-json\/wp\/v2\/comments?post=2934"}],"wp:featuredmedia":[{"embeddable":true,"href":"https:\/\/plataformaprojetos.site\/loja1wagner\/wp-json\/wp\/v2\/media\/2935"}],"wp:attachment":[{"href":"https:\/\/plataformaprojetos.site\/loja1wagner\/wp-json\/wp\/v2\/media?parent=2934"}],"wp:term":[{"taxonomy":"product_brand","embeddable":true,"href":"https:\/\/plataformaprojetos.site\/loja1wagner\/wp-json\/wp\/v2\/product_brand?post=2934"},{"taxonomy":"product_cat","embeddable":true,"href":"https:\/\/plataformaprojetos.site\/loja1wagner\/wp-json\/wp\/v2\/product_cat?post=2934"},{"taxonomy":"product_tag","embeddable":true,"href":"https:\/\/plataformaprojetos.site\/loja1wagner\/wp-json\/wp\/v2\/product_tag?post=2934"}],"curies":[{"name":"wp","href":"https:\/\/api.w.org\/{rel}","templated":true}]}}