{"id":2955,"date":"2025-11-13T15:51:34","date_gmt":"2025-11-13T18:51:34","guid":{"rendered":"https:\/\/plataformaprojetos.site\/loja1wagner\/?post_type=product&#038;p=2955"},"modified":"2025-11-13T15:51:34","modified_gmt":"2025-11-13T18:51:34","slug":"smartphone-samsung-galaxy-a05s-tela-67-polegadas-128gb-6gb-ram-violeta-bivolt","status":"publish","type":"product","link":"https:\/\/plataformaprojetos.site\/loja1wagner\/produto\/smartphone-samsung-galaxy-a05s-tela-67-polegadas-128gb-6gb-ram-violeta-bivolt\/","title":{"rendered":"Smartphone Samsung Galaxy A05S Tela 6,7 Polegadas 128GB 6GB RAM &#8211; Violeta &#8211; Bivolt"},"content":{"rendered":"<div class=\"flix-samsung-black-text flix-samsung-module-white\" data-module=\"FM00002A\" data-modv=\"1\" data-modtarget=\"FM00002A-x9tfm\">\n<div class=\"flix-std-container-fluid\">\n<div class=\"flix-std-row\">\n<div class=\"flix-std-clmn-lg-12\">\n<div class=\"flix-std-clmn-lg-10 flix-std-clmn-lg-push-1\">\n<div class=\"flix-std-content flix-std-center\">\n<div class=\"flix-p3-title flix-d-h3 feature_modular_map_title\" role=\"heading\" aria-level=\"3\">Mergulhe no mundo da imensid\u00e3o<\/div>\n<div class=\"flix-p3-desc flix-d-p feature_modular_map_desc\">Desfrute de tudo com uma clareza estelar. Com a tela FHD+ de 6,7&#8243;, seus conte\u00fados e jogos favoritos se tornam imersivos com uma qualidade de imagem v\u00edvida e ideal.<\/div>\n<\/div>\n<\/div>\n<div class=\"flix-std-clmn-lg-12 flix-std-clmn-sm-12 flix-std-margintop flix-std-margintop\">\n<div class=\"flix-feature-image\"><img decoding=\"async\" class=\"flix-img-responsive\" src=\"https:\/\/media.flixcar.com\/modular\/static\/inpage\/9\/images\/loading.gif\" srcset=\"https:\/\/media.flixcar.com\/webp\/synd-asset\/Samsung-143132897-br-feature-dive-into-immersiveness-539590315--FB_TYPE_A_JPG-.jpg\" alt=\"Mergulhe no mundo da imensid\u00e3o\" data-flixsrcset=\"https:\/\/media.flixcar.com\/webp\/synd-asset\/Samsung-143132891-br-feature-dive-into-immersiveness-539590316--FB_TYPE_A_MO_JPG-.jpg 200w, https:\/\/media.flixcar.com\/webp\/synd-asset\/Samsung-143132891-br-feature-dive-into-immersiveness-539590316--FB_TYPE_A_MO_JPG-.jpg 400w, https:\/\/media.flixcar.com\/webp\/synd-asset\/Samsung-143132891-br-feature-dive-into-immersiveness-539590316--FB_TYPE_A_MO_JPG-.jpg 600w, https:\/\/media.flixcar.com\/webp\/synd-asset\/Samsung-143132897-br-feature-dive-into-immersiveness-539590315--FB_TYPE_A_JPG-.jpg 800w, https:\/\/media.flixcar.com\/webp\/synd-asset\/Samsung-143132897-br-feature-dive-into-immersiveness-539590315--FB_TYPE_A_JPG-.jpg 1000w\" data-sizes=\"auto\" \/><\/div>\n<\/div>\n<div class=\"flix-std-clmn-lg-12\">\n<div class=\"flix-p3-sub flix-d-small feature_modular_map_footnote flix-std-center\">&#8220;*Imagens meramente ilustrativas.<br \/>\n**Medido na diagonal, o tamanho da tela \u00e9 de 6.7&#8243; no ret\u00e2ngulo completo e 6,6&#8221; levando em conta os cantos arredondados. A \u00e1rea de visualiza\u00e7\u00e3o real \u00e9 menor devido aos cantos arredondados e ao recorte da c\u00e2mera.<\/div>\n<\/div>\n<\/div>\n<\/div>\n<\/div>\n<\/div>\n<div class=\"flix-samsung-black-text flix-samsung-module-white\" data-module=\"FM00002A\" data-modv=\"1\" data-modtarget=\"FM00002A-u3g91\">\n<div class=\"flix-std-container-fluid\">\n<div class=\"flix-std-row\">\n<div class=\"flix-std-clmn-lg-12\">\n<div class=\"flix-std-clmn-lg-10 flix-std-clmn-lg-push-1\">\n<div class=\"flix-std-content flix-std-center\">\n<div class=\"flix-p3-title flix-d-h3 feature_modular_map_title\" role=\"heading\" aria-level=\"3\">Abra\u00e7ando o essencial<\/div>\n<div class=\"flix-p3-desc flix-d-p feature_modular_map_desc\">Acabamentos refinados. Dispon\u00edvel em Violeta, Prata e Preto, o Galaxy A05s traz estilo em seu formato.<\/div>\n<\/div>\n<\/div>\n<div class=\"flix-std-clmn-lg-12 flix-std-clmn-sm-12 flix-std-margintop flix-std-margintop\">\n<div class=\"flix-feature-image\"><img decoding=\"async\" class=\"flix-img-responsive\" src=\"https:\/\/media.flixcar.com\/modular\/static\/inpage\/9\/images\/loading.gif\" srcset=\"https:\/\/media.flixcar.com\/webp\/synd-asset\/Samsung-143132910-br-feature-galaxy-a05s-sm-a057-539697445--FB_TYPE_A_JPG-.jpg\" alt=\"Abra\u00e7ando o essencial\" data-flixsrcset=\"https:\/\/media.flixcar.com\/webp\/synd-asset\/Samsung-143132904-br-feature-galaxy-a05s-sm-a057-539697516--FB_TYPE_A_MO_JPG-.jpg 200w, https:\/\/media.flixcar.com\/webp\/synd-asset\/Samsung-143132904-br-feature-galaxy-a05s-sm-a057-539697516--FB_TYPE_A_MO_JPG-.jpg 400w, https:\/\/media.flixcar.com\/webp\/synd-asset\/Samsung-143132904-br-feature-galaxy-a05s-sm-a057-539697516--FB_TYPE_A_MO_JPG-.jpg 600w, https:\/\/media.flixcar.com\/webp\/synd-asset\/Samsung-143132910-br-feature-galaxy-a05s-sm-a057-539697445--FB_TYPE_A_JPG-.jpg 800w, https:\/\/media.flixcar.com\/webp\/synd-asset\/Samsung-143132910-br-feature-galaxy-a05s-sm-a057-539697445--FB_TYPE_A_JPG-.jpg 1000w\" data-sizes=\"auto\" \/><\/div>\n<\/div>\n<div class=\"flix-std-clmn-lg-12\">\n<div class=\"flix-p3-sub flix-d-small feature_modular_map_footnote flix-std-center\">*A disponibilidade de cores pode variar de acordo com o pa\u00eds, a regi\u00e3o ou a operadora.<\/div>\n<\/div>\n<\/div>\n<\/div>\n<\/div>\n<\/div>\n<div class=\"flix-samsung-black-text flix-samsung-module-white\" data-module=\"FM00002A\" data-modv=\"1\" data-modtarget=\"FM00002A-74rm1\">\n<div class=\"flix-std-container-fluid\">\n<div class=\"flix-std-row\">\n<div class=\"flix-std-clmn-lg-12\">\n<div class=\"flix-std-clmn-lg-10 flix-std-clmn-lg-push-1\">\n<div class=\"flix-std-content flix-std-center\">\n<div class=\"flix-p3-title flix-d-h3 feature_modular_map_title\" role=\"heading\" aria-level=\"3\">Capture mais com m\u00faltiplas c\u00e2meras<\/div>\n<\/div>\n<\/div>\n<div class=\"flix-std-clmn-lg-12 flix-std-clmn-sm-12 flix-std-margintop flix-std-margintop\">\n<div class=\"flix-feature-image\"><img decoding=\"async\" class=\"flix-img-responsive\" src=\"https:\/\/media.flixcar.com\/modular\/static\/inpage\/9\/images\/loading.gif\" srcset=\"https:\/\/media.flixcar.com\/webp\/synd-asset\/Samsung-143132922-br-feature-galaxy-a05s-sm-a057-539697541--FB_TYPE_A_JPG-.jpg\" alt=\"Capture mais com m\u00faltiplas c\u00e2meras\" data-flixsrcset=\"https:\/\/media.flixcar.com\/webp\/synd-asset\/Samsung-143132916-br-feature-galaxy-a05s-sm-a057-539697542--FB_TYPE_A_MO_JPG-.jpg 200w, https:\/\/media.flixcar.com\/webp\/synd-asset\/Samsung-143132916-br-feature-galaxy-a05s-sm-a057-539697542--FB_TYPE_A_MO_JPG-.jpg 400w, https:\/\/media.flixcar.com\/webp\/synd-asset\/Samsung-143132916-br-feature-galaxy-a05s-sm-a057-539697542--FB_TYPE_A_MO_JPG-.jpg 600w, https:\/\/media.flixcar.com\/webp\/synd-asset\/Samsung-143132922-br-feature-galaxy-a05s-sm-a057-539697541--FB_TYPE_A_JPG-.jpg 800w, https:\/\/media.flixcar.com\/webp\/synd-asset\/Samsung-143132922-br-feature-galaxy-a05s-sm-a057-539697541--FB_TYPE_A_JPG-.jpg 1000w\" data-sizes=\"auto\" \/><\/div>\n<\/div>\n<div class=\"flix-std-clmn-lg-12\"><\/div>\n<\/div>\n<\/div>\n<\/div>\n<\/div>\n<div class=\"flix-samsung-black-text flix-samsung-module-white\" data-module=\"FM00003A\" data-modv=\"1\" data-modtarget=\"FM00003A-wrkk0\">\n<div class=\"flix-std-container-fluid\">\n<div class=\"flix-std-row\">\n<div class=\"flix-std-content flix-top-center-overlay\">\n<div class=\"flix-std-clmn-sm-10 flix-std-clmn-sm-push-1 flix-std-clmn-xs-10 flix-std-clmn-xs-push-1\">\n<div class=\"flix-p3-title flix-d-h3 feature_modular_map_title\" role=\"heading\" aria-level=\"3\">Momentos para relembrar e compartilhar<\/div>\n<div class=\"flix-p3-desc flix-d-p feature_modular_map_desc\">Relembre suas paisagens fotografadas com a c\u00e2mera principal de 50MP, as fotos detalhadas com a c\u00e2mera macro de 2MP, as fotos feitas com a c\u00e2mera de profundidade de 2MP para mais dimens\u00f5es e suas selfies favoritas com a c\u00e2mera frontal de 13MP.<\/div>\n<\/div>\n<\/div>\n<div class=\"flix-t3-feat-visual\">\n<div class=\"flix-t3-feat-img\"><img decoding=\"async\" class=\"flix-img-responsive\" src=\"https:\/\/media.flixcar.com\/modular\/static\/inpage\/9\/images\/loading.gif\" srcset=\"https:\/\/media.flixcar.com\/webp\/synd-asset\/Samsung-143132934-br-feature-your-moments-to-savor-and-share-539590307--ORIGIN_IMG-.jpg\" alt=\"Momentos para relembrar e compartilhar\" data-flixsrcset=\"https:\/\/media.flixcar.com\/webp\/synd-asset\/Samsung-143132928-br-feature-your-moments-to-savor-and-share-539590308--ORIGIN_IMG-.jpg 200w, https:\/\/media.flixcar.com\/webp\/synd-asset\/Samsung-143132928-br-feature-your-moments-to-savor-and-share-539590308--ORIGIN_IMG-.jpg 400w, https:\/\/media.flixcar.com\/webp\/synd-asset\/Samsung-143132928-br-feature-your-moments-to-savor-and-share-539590308--ORIGIN_IMG-.jpg 600w, https:\/\/media.flixcar.com\/webp\/synd-asset\/Samsung-143132934-br-feature-your-moments-to-savor-and-share-539590307--ORIGIN_IMG-.jpg 800w, https:\/\/media.flixcar.com\/webp\/synd-asset\/Samsung-143132934-br-feature-your-moments-to-savor-and-share-539590307--ORIGIN_IMG-.jpg 1000w\" data-sizes=\"auto\" \/><\/div>\n<\/div>\n<div class=\"flix-std-clmn-sm-10 flix-std-clmn-sm-push-1 flix-std-clmn-xs-10 flix-std-clmn-xs-push-1\"><\/div>\n<\/div>\n<\/div>\n<\/div>\n<div class=\"flix-samsung-black-text flix-samsung-module-white\" data-module=\"FM00004C\" data-modv=\"1\" data-modtarget=\"FM00004C-4z7f5\">\n<div class=\"flix-std-container-fluid flix-std-margintop\">\n<div class=\"flix-std-row\">\n<div class=\"flix-std-clmn-lg-12\">\n<div class=\"flix-std-content flix-std-center\">\n<div class=\"flix-p3-sub flix-d-small feature_modular_map_footnote\">*Imagens meramente ilustrativas.<\/div>\n<\/div>\n<\/div>\n<\/div>\n<\/div>\n<\/div>\n<div class=\"flix-samsung-black-text flix-samsung-module-white\" data-module=\"FM00002C\" data-modv=\"1\" data-modtarget=\"FM00002C-ekl4m\">\n<div class=\"flix-std-container-fluid\">\n<div class=\"flix-std-row\">\n<div class=\"flix-std-clmn-lg-6 flix-std-clmn-lg-push-6 flix-std-clmn-sm-12 flix-std-clmn-sm-push-0 flix-std-left\">\n<div class=\"flix-std-clmn-lg-10 flix-std-clmn-lg-push-1\">\n<div class=\"flix-std-content\">\n<div class=\"flix-p3-title flix-d-h3 feature_modular_map_title\" role=\"heading\" aria-level=\"3\">Equipado para um desempenho superior<\/div>\n<div class=\"flix-p3-desc flix-d-p feature_modular_map_desc\">Continue fazendo o que voc\u00ea ama. Com o poderoso processador Snapdragon\u00ae 680, 6GB de mem\u00f3ria e armazenamento interno de 128GB, o Galaxy A05s tem capacidade de desempenho para jogos, visualiza\u00e7\u00e3o e compartilhamento sem interrup\u00e7\u00f5es nas redes sociais.<\/div>\n<div class=\"flix-p3-sub flix-d-small feature_modular_map_footnote\">*As op\u00e7\u00f5es e a disponibilidade de mem\u00f3ria\/armazenamento podem variar de acordo com o pa\u00eds, com a regi\u00e3o ou com a operadora. A capacidade de mem\u00f3ria\/armazenamento dispon\u00edvel est\u00e1 sujeita ao software pr\u00e9-carregado.<br \/>\n**Produtos da marca Snapdragon\u00ae s\u00e3o produtos da Qualcomm Technologies, Inc. e\/ou suas subsidi\u00e1rias.<br \/>\n***Snapdragon\u00ae \u00e9 uma marca comercial ou marca registrada da Qualcomm Incorporated.<br \/>\n****Imagens meramente ilustrativas.<\/div>\n<\/div>\n<\/div>\n<\/div>\n<div class=\"flix-std-clmn-lg-6 flix-std-clmn-lg-pull-6 flix-std-clmn-sm-12 flix-std-clmn-sm-pull-0 flix-img-left\">\n<div class=\"flix-feature-image\"><img decoding=\"async\" class=\"flix-img-responsive\" src=\"https:\/\/media.flixcar.com\/modular\/static\/inpage\/9\/images\/loading.gif\" srcset=\"https:\/\/media.flixcar.com\/webp\/synd-asset\/Samsung-143132940-br-feature-equipped-for-superior-performance-539590322--FB_TYPE_C_MO_JPG-.png\" alt=\"Equipado para um desempenho superior\" data-flixsrcset=\"https:\/\/media.flixcar.com\/webp\/synd-asset\/Samsung-143132940-br-feature-equipped-for-superior-performance-539590322--FB_TYPE_C_MO_JPG-.png 200w, https:\/\/media.flixcar.com\/webp\/synd-asset\/Samsung-143132940-br-feature-equipped-for-superior-performance-539590322--FB_TYPE_C_MO_JPG-.png 400w, https:\/\/media.flixcar.com\/webp\/synd-asset\/Samsung-143132940-br-feature-equipped-for-superior-performance-539590322--FB_TYPE_C_MO_JPG-.png 600w, https:\/\/media.flixcar.com\/webp\/synd-asset\/Samsung-143132946-br-feature-equipped-for-superior-performance-539590321--FB_TYPE_C_JPG-.png 800w, https:\/\/media.flixcar.com\/webp\/synd-asset\/Samsung-143132946-br-feature-equipped-for-superior-performance-539590321--FB_TYPE_C_JPG-.png 1000w\" data-sizes=\"auto\" \/><\/div>\n<\/div>\n<\/div>\n<\/div>\n<\/div>\n<div class=\"flix-samsung-black-text flix-samsung-module-white\" data-module=\"FM00002A\" data-modv=\"1\" data-modtarget=\"FM00002A-436yj\">\n<div class=\"flix-std-container-fluid\">\n<div class=\"flix-std-row\">\n<div class=\"flix-std-clmn-lg-12\">\n<div class=\"flix-std-clmn-lg-10 flix-std-clmn-lg-push-1\">\n<div class=\"flix-std-content flix-std-center\">\n<div class=\"flix-p3-title flix-d-h3 feature_modular_map_title\" role=\"heading\" aria-level=\"3\">Bateria que mant\u00e9m voc\u00ea em movimento<\/div>\n<div class=\"flix-p3-desc flix-d-p feature_modular_map_desc\">A bateria de 5.000mAh (padr\u00e3o)** oferece mais tempo para fazer o que voc\u00ea ama \u2013 assistir, jogar, ver as redes sociais e muito mais. E com at\u00e9 25W de Carregamento Super-R\u00e1pido, o Galaxy A05s volta rapidamente a ter carga total.<\/div>\n<\/div>\n<\/div>\n<div class=\"flix-std-clmn-lg-12 flix-std-clmn-sm-12 flix-std-margintop flix-std-margintop\">\n<div class=\"flix-feature-image\"><img decoding=\"async\" class=\"flix-img-responsive\" src=\"https:\/\/media.flixcar.com\/modular\/static\/inpage\/9\/images\/loading.gif\" srcset=\"https:\/\/media.flixcar.com\/webp\/synd-asset\/Samsung-143132958-br-feature-power-that-keeps-you-going-539590325--FB_TYPE_A_JPG-.jpg\" alt=\"Bateria que mant\u00e9m voc\u00ea em movimento\" data-flixsrcset=\"https:\/\/media.flixcar.com\/webp\/synd-asset\/Samsung-143132952-br-feature-power-that-keeps-you-going-539590326--FB_TYPE_A_MO_JPG-.jpg 200w, https:\/\/media.flixcar.com\/webp\/synd-asset\/Samsung-143132952-br-feature-power-that-keeps-you-going-539590326--FB_TYPE_A_MO_JPG-.jpg 400w, https:\/\/media.flixcar.com\/webp\/synd-asset\/Samsung-143132952-br-feature-power-that-keeps-you-going-539590326--FB_TYPE_A_MO_JPG-.jpg 600w, https:\/\/media.flixcar.com\/webp\/synd-asset\/Samsung-143132958-br-feature-power-that-keeps-you-going-539590325--FB_TYPE_A_JPG-.jpg 800w, https:\/\/media.flixcar.com\/webp\/synd-asset\/Samsung-143132958-br-feature-power-that-keeps-you-going-539590325--FB_TYPE_A_JPG-.jpg 1000w\" data-sizes=\"auto\" \/><\/div>\n<\/div>\n<div class=\"flix-std-clmn-lg-12\">\n<div class=\"flix-p3-sub flix-d-small feature_modular_map_footnote flix-std-center\">*Carregador de 25W de Carregamento Super-R\u00e1pido vendido separadamente.<br \/>\n**Valor-padr\u00e3o testado sob condi\u00e7\u00f5es de laborat\u00f3rio de terceiros. O valor-padr\u00e3o \u00e9 o valor m\u00e9dio estimado considerando a varia\u00e7\u00e3o na capacidade da bateria entre as amostras de bateria testadas sob o padr\u00e3o IEC 61960. A capacidade nominal (m\u00ednima) \u00e9 de 4.900mAh.<\/div>\n<\/div>\n<\/div>\n<\/div>\n<\/div>\n<\/div>\n<div class=\"flix-samsung-black-text flix-samsung-module-white\" data-module=\"FM00002C\" data-modv=\"1\" data-modtarget=\"FM00002C-fzz3c\">\n<div class=\"flix-std-container-fluid\">\n<div class=\"flix-std-row\">\n<div class=\"flix-std-clmn-lg-6 flix-std-clmn-sm-12 flix-std-left\">\n<div class=\"flix-std-clmn-lg-10 flix-std-clmn-lg-push-1\">\n<div class=\"flix-std-content\">\n<div class=\"flix-p3-title flix-d-h3 feature_modular_map_title\" role=\"heading\" aria-level=\"3\">Sensor de impress\u00e3o digital lateral<\/div>\n<div class=\"flix-p3-desc flix-d-p feature_modular_map_desc\">Sua seguran\u00e7a verificada pelo sensor de impress\u00e3o digital lateral acess\u00edvel apenas pela sua impress\u00e3o digital.<\/div>\n<\/div>\n<\/div>\n<\/div>\n<div class=\"flix-std-clmn-lg-6 flix-std-clmn-sm-12 flix-img-right\">\n<div class=\"flix-feature-image\"><img decoding=\"async\" class=\"flix-img-responsive\" src=\"https:\/\/media.flixcar.com\/modular\/static\/inpage\/9\/images\/loading.gif\" srcset=\"https:\/\/media.flixcar.com\/webp\/synd-asset\/Samsung-143132964-br-feature-side-fingerprint-sensor-539590306--FB_TYPE_B_MO_JPG-.jpg\" alt=\"Sensor de impress\u00e3o digital lateral\" data-flixsrcset=\"https:\/\/media.flixcar.com\/webp\/synd-asset\/Samsung-143132964-br-feature-side-fingerprint-sensor-539590306--FB_TYPE_B_MO_JPG-.jpg 200w, https:\/\/media.flixcar.com\/webp\/synd-asset\/Samsung-143132964-br-feature-side-fingerprint-sensor-539590306--FB_TYPE_B_MO_JPG-.jpg 400w, https:\/\/media.flixcar.com\/webp\/synd-asset\/Samsung-143132964-br-feature-side-fingerprint-sensor-539590306--FB_TYPE_B_MO_JPG-.jpg 600w, https:\/\/media.flixcar.com\/webp\/synd-asset\/Samsung-143132970-br-feature-side-fingerprint-sensor-539590305--FB_TYPE_B_JPG-.jpg 800w, https:\/\/media.flixcar.com\/webp\/synd-asset\/Samsung-143132970-br-feature-side-fingerprint-sensor-539590305--FB_TYPE_B_JPG-.jpg 1000w\" data-sizes=\"auto\" \/><\/div>\n<\/div>\n<\/div>\n<\/div>\n<\/div>\n<div class=\"flix-samsung-black-text flix-samsung-module-white\" data-module=\"FM00002C\" data-modv=\"1\" data-modtarget=\"FM00002C-7dgzg\" data-flixtime3=\"1763059540027\">\n<div class=\"flix-std-container-fluid\">\n<div class=\"flix-std-row\">\n<div class=\"flix-std-clmn-lg-6 flix-std-clmn-lg-push-6 flix-std-clmn-sm-12 flix-std-clmn-sm-push-0 flix-std-left\">\n<div class=\"flix-std-clmn-lg-10 flix-std-clmn-lg-push-1\">\n<div class=\"flix-std-content\">\n<div class=\"flix-p3-title flix-d-h3 feature_modular_map_title\" role=\"heading\" aria-level=\"3\">Conecte e economize<\/div>\n<div class=\"flix-p3-desc flix-d-p feature_modular_map_desc\">Aqui para quando voc\u00ea precisar. A entrada para fones de ouvido de 3.5mm \u00e9 uma solu\u00e7\u00e3o simples e ideal para voc\u00ea, pode confiar.<\/div>\n<div class=\"flix-p3-sub flix-d-small feature_modular_map_footnote\">*Imagens meramente ilustrativas.<\/div>\n<\/div>\n<\/div>\n<\/div>\n<div class=\"flix-std-clmn-lg-6 flix-std-clmn-lg-pull-6 flix-std-clmn-sm-12 flix-std-clmn-sm-pull-0 flix-img-left\">\n<div class=\"flix-feature-image\"><img decoding=\"async\" class=\"flix-img-responsive\" src=\"https:\/\/media.flixcar.com\/modular\/static\/inpage\/9\/images\/loading.gif\" srcset=\"https:\/\/media.flixcar.com\/webp\/synd-asset\/Samsung-143132976-br-feature-plug-in-and-save-up-539590320--FB_TYPE_C_MO_JPG-.jpg\" alt=\"Conecte e economize\" data-flixsrcset=\"https:\/\/media.flixcar.com\/webp\/synd-asset\/Samsung-143132976-br-feature-plug-in-and-save-up-539590320--FB_TYPE_C_MO_JPG-.jpg 200w, https:\/\/media.flixcar.com\/webp\/synd-asset\/Samsung-143132976-br-feature-plug-in-and-save-up-539590320--FB_TYPE_C_MO_JPG-.jpg 400w, https:\/\/media.flixcar.com\/webp\/synd-asset\/Samsung-143132976-br-feature-plug-in-and-save-up-539590320--FB_TYPE_C_MO_JPG-.jpg 600w, https:\/\/media.flixcar.com\/webp\/synd-asset\/Samsung-143132982-br-feature-plug-in-and-save-up-539590319--FB_TYPE_C_JPG-.jpg 800w, https:\/\/media.flixcar.com\/webp\/synd-asset\/Samsung-143132982-br-feature-plug-in-and-save-up-539590319--FB_TYPE_C_JPG-.jpg 1000w\" data-sizes=\"auto\" \/><\/div>\n<\/div>\n<\/div>\n<\/div>\n<\/div>\n<div class=\"flix-3-clmn-feature flix-InteractiveMulti_WhiteBG flix-samsung-black-text flix-samsung-module-white\" data-module=\"FM00002L\" data-modv=\"1\" data-modtarget=\"FM00002L-t3ekf\" data-flixtime3=\"1763059539780\">\n<div class=\"flix-std-container-fluid\">\n<div class=\"flix-std-row\">\n<div class=\"flix-std-clmn-lg-12 flix-std-margintop flix-std-left\">\n<div class=\"flix-std-content\"><\/div>\n<\/div>\n<\/div>\n<\/div>\n<\/div>\n","protected":false},"excerpt":{"rendered":"<p>Mergulhe no mundo da imensid\u00e3o Desfrute de tudo com uma clareza estelar. Com a tela FHD+ de 6,7&#8243;, seus conte\u00fados e jogos favoritos se tornam imersivos com uma qualidade de imagem v\u00edvida e ideal. &#8220;*Imagens meramente ilustrativas. **Medido na diagonal, o tamanho da tela \u00e9 de 6.7&#8243; no ret\u00e2ngulo completo e 6,6&#8221; levando em conta [&hellip;]<\/p>\n","protected":false},"featured_media":2957,"comment_status":"open","ping_status":"closed","template":"","meta":[],"product_brand":[],"product_cat":[67],"product_tag":[],"class_list":{"0":"post-2955","1":"product","2":"type-product","3":"status-publish","4":"has-post-thumbnail","6":"product_cat-smartphones","8":"first","9":"instock","10":"shipping-taxable","11":"purchasable","12":"product-type-simple"},"_links":{"self":[{"href":"https:\/\/plataformaprojetos.site\/loja1wagner\/wp-json\/wp\/v2\/product\/2955","targetHints":{"allow":["GET"]}}],"collection":[{"href":"https:\/\/plataformaprojetos.site\/loja1wagner\/wp-json\/wp\/v2\/product"}],"about":[{"href":"https:\/\/plataformaprojetos.site\/loja1wagner\/wp-json\/wp\/v2\/types\/product"}],"replies":[{"embeddable":true,"href":"https:\/\/plataformaprojetos.site\/loja1wagner\/wp-json\/wp\/v2\/comments?post=2955"}],"wp:featuredmedia":[{"embeddable":true,"href":"https:\/\/plataformaprojetos.site\/loja1wagner\/wp-json\/wp\/v2\/media\/2957"}],"wp:attachment":[{"href":"https:\/\/plataformaprojetos.site\/loja1wagner\/wp-json\/wp\/v2\/media?parent=2955"}],"wp:term":[{"taxonomy":"product_brand","embeddable":true,"href":"https:\/\/plataformaprojetos.site\/loja1wagner\/wp-json\/wp\/v2\/product_brand?post=2955"},{"taxonomy":"product_cat","embeddable":true,"href":"https:\/\/plataformaprojetos.site\/loja1wagner\/wp-json\/wp\/v2\/product_cat?post=2955"},{"taxonomy":"product_tag","embeddable":true,"href":"https:\/\/plataformaprojetos.site\/loja1wagner\/wp-json\/wp\/v2\/product_tag?post=2955"}],"curies":[{"name":"wp","href":"https:\/\/api.w.org\/{rel}","templated":true}]}}