{"id":3020,"date":"2025-11-13T18:15:44","date_gmt":"2025-11-13T21:15:44","guid":{"rendered":"https:\/\/plataformaprojetos.site\/loja1wagner\/?post_type=product&#038;p=3020"},"modified":"2025-11-13T18:15:44","modified_gmt":"2025-11-13T21:15:44","slug":"smartphone-galaxy-a34-128gb-5g-tela-6-6-camera-tripla-48mp-selfie-13mp-android-13-samsung","status":"publish","type":"product","link":"https:\/\/plataformaprojetos.site\/loja1wagner\/produto\/smartphone-galaxy-a34-128gb-5g-tela-6-6-camera-tripla-48mp-selfie-13mp-android-13-samsung\/","title":{"rendered":"Smartphone Galaxy A34 128GB 5G Tela 6.6 C\u00e2mera Tripla 48MP Selfie 13MP Android 13 Samsung"},"content":{"rendered":"<p>Smartphone Samsung Galaxy A34 128GB 5G Tela 6.6 C\u00e2mera Tripla 48MP Selfie 13MP Android 13<\/p>\n<p>Caracter\u00edsticas:<br \/>\nModelo: Galaxy A34 5G<br \/>\nDura\u00e7\u00e3o Aproximada da Bateria (Em Stand-by):5000mAh<br \/>\nMem\u00f3ria Interna:128 GB<br \/>\nMem\u00f3ria RAM:6 GB<br \/>\nN\u00facleo Processador:Octa-Core<br \/>\nResolu\u00e7\u00e3o da C\u00e2mera Frontal:48MP +8MP + 5MP<br \/>\nPeso aproximado do produto sem embalagem:199g<br \/>\nC\u00f3digo da Certifica\u00e7\u00e3o ANATEL:21990-22-00953<\/p>\n<p>Itens Inclusos: Aparelho celular, carregador, cabo USB, Extrator de Chip e manual do usu\u00e1rio<\/p>\n","protected":false},"excerpt":{"rendered":"<p>Smartphone Samsung Galaxy A34 128GB 5G Tela 6.6 C\u00e2mera Tripla 48MP Selfie 13MP Android 13 Caracter\u00edsticas: Modelo: Galaxy A34 5G Dura\u00e7\u00e3o Aproximada da Bateria (Em Stand-by):5000mAh Mem\u00f3ria Interna:128 GB Mem\u00f3ria RAM:6 GB N\u00facleo Processador:Octa-Core Resolu\u00e7\u00e3o da C\u00e2mera Frontal:48MP +8MP + 5MP Peso aproximado do produto sem embalagem:199g C\u00f3digo da Certifica\u00e7\u00e3o ANATEL:21990-22-00953 Itens Inclusos: Aparelho celular, [&hellip;]<\/p>\n","protected":false},"featured_media":3021,"comment_status":"open","ping_status":"closed","template":"","meta":[],"product_brand":[],"product_cat":[67],"product_tag":[],"class_list":{"0":"post-3020","1":"product","2":"type-product","3":"status-publish","4":"has-post-thumbnail","6":"product_cat-smartphones","8":"first","9":"instock","10":"shipping-taxable","11":"purchasable","12":"product-type-simple"},"_links":{"self":[{"href":"https:\/\/plataformaprojetos.site\/loja1wagner\/wp-json\/wp\/v2\/product\/3020","targetHints":{"allow":["GET"]}}],"collection":[{"href":"https:\/\/plataformaprojetos.site\/loja1wagner\/wp-json\/wp\/v2\/product"}],"about":[{"href":"https:\/\/plataformaprojetos.site\/loja1wagner\/wp-json\/wp\/v2\/types\/product"}],"replies":[{"embeddable":true,"href":"https:\/\/plataformaprojetos.site\/loja1wagner\/wp-json\/wp\/v2\/comments?post=3020"}],"wp:featuredmedia":[{"embeddable":true,"href":"https:\/\/plataformaprojetos.site\/loja1wagner\/wp-json\/wp\/v2\/media\/3021"}],"wp:attachment":[{"href":"https:\/\/plataformaprojetos.site\/loja1wagner\/wp-json\/wp\/v2\/media?parent=3020"}],"wp:term":[{"taxonomy":"product_brand","embeddable":true,"href":"https:\/\/plataformaprojetos.site\/loja1wagner\/wp-json\/wp\/v2\/product_brand?post=3020"},{"taxonomy":"product_cat","embeddable":true,"href":"https:\/\/plataformaprojetos.site\/loja1wagner\/wp-json\/wp\/v2\/product_cat?post=3020"},{"taxonomy":"product_tag","embeddable":true,"href":"https:\/\/plataformaprojetos.site\/loja1wagner\/wp-json\/wp\/v2\/product_tag?post=3020"}],"curies":[{"name":"wp","href":"https:\/\/api.w.org\/{rel}","templated":true}]}}