{"id":3022,"date":"2025-11-13T18:21:57","date_gmt":"2025-11-13T21:21:57","guid":{"rendered":"https:\/\/plataformaprojetos.site\/loja1wagner\/?post_type=product&#038;p=3022"},"modified":"2025-11-13T18:21:57","modified_gmt":"2025-11-13T21:21:57","slug":"smartphone-motorola-moto-g05-128gb-4gb-ram-8gb-ram-boost-e-camera-50mp-com-ai-bateria-de-5200-mah-tela-6-7-e-superbrilho-cinza-vegan-leather","status":"publish","type":"product","link":"https:\/\/plataformaprojetos.site\/loja1wagner\/produto\/smartphone-motorola-moto-g05-128gb-4gb-ram-8gb-ram-boost-e-camera-50mp-com-ai-bateria-de-5200-mah-tela-6-7-e-superbrilho-cinza-vegan-leather\/","title":{"rendered":"Smartphone Motorola Moto g05 128GB 4GB RAM + 8GB Ram Boost e Camera 50MP com AI Bateria de 5200 mAh Tela 6.7&#8243; e Superbrilho Cinza Vegan Leather"},"content":{"rendered":"<p>Moto G05: maior, mais resistente e mais brilhante<br \/>\nO Smartphone Motorola Moto g05 \u00e9 o salto que faltava para sua produtividade. Se voc\u00ea procura um aparelho r\u00e1pido, resistente e inteligente o Moto g05 \u00e9 a op\u00e7\u00e3o ideal. Equipado com um display de 6,7\u201d e recurso Superbrilho, sua tela garante cores profundas e um brilho que se adapta a diferentes tipos de ilumina\u00e7\u00e3o ambiente.<\/p>\n<p>Alto Desempenho: at\u00e9 8GB de RAM Boost<br \/>\nO Moto G05 \u00e9 a combina\u00e7\u00e3o perfeita entre a velocidade do processador Helio G81 (2,0 GHz Octa-Core) e a pot\u00eancia da tecnologia RAM Boost que garante uma experi\u00eancia multitarefa em tempo real. Grave, jogue e navegue nas redes sem preocupa\u00e7\u00f5es!<\/p>\n<p>Durabilidade e acabamento premium<br \/>\nSeu revestimento em Gorilla Glass 3, entrega uma tela com superf\u00edcie refor\u00e7ada mais resistente \u00e0 marcas e riscos. Enquanto, sua tecnologia Smart Water Touch, combinada com sua estrutura em Vegan Leather s\u00e3o pontos que conferem uma durabilidade excepcional ao Moto G05, tornando-o mais resistente \u00e0 respingos de \u00e1gua.<\/p>\n<p>At\u00e9 40 horas longe da tomada<br \/>\nSua bateria de 5.200 mAh oferece at\u00e9 40 horas de autonomia para voc\u00ea aproveitar mais tempo longe das tomadas. Mas, com grandes baterias, tamb\u00e9m temos grandes carregadores. Por isso, ele acompanha um carregador r\u00e1pido de 10W que garante uma recarga r\u00e1pida e eficiente.<\/p>\n","protected":false},"excerpt":{"rendered":"<p>Moto G05: maior, mais resistente e mais brilhante O Smartphone Motorola Moto g05 \u00e9 o salto que faltava para sua produtividade. Se voc\u00ea procura um aparelho r\u00e1pido, resistente e inteligente o Moto g05 \u00e9 a op\u00e7\u00e3o ideal. Equipado com um display de 6,7\u201d e recurso Superbrilho, sua tela garante cores profundas e um brilho que [&hellip;]<\/p>\n","protected":false},"featured_media":3024,"comment_status":"open","ping_status":"closed","template":"","meta":[],"product_brand":[],"product_cat":[67],"product_tag":[],"class_list":{"0":"post-3022","1":"product","2":"type-product","3":"status-publish","4":"has-post-thumbnail","6":"product_cat-smartphones","8":"first","9":"instock","10":"shipping-taxable","11":"purchasable","12":"product-type-simple"},"_links":{"self":[{"href":"https:\/\/plataformaprojetos.site\/loja1wagner\/wp-json\/wp\/v2\/product\/3022","targetHints":{"allow":["GET"]}}],"collection":[{"href":"https:\/\/plataformaprojetos.site\/loja1wagner\/wp-json\/wp\/v2\/product"}],"about":[{"href":"https:\/\/plataformaprojetos.site\/loja1wagner\/wp-json\/wp\/v2\/types\/product"}],"replies":[{"embeddable":true,"href":"https:\/\/plataformaprojetos.site\/loja1wagner\/wp-json\/wp\/v2\/comments?post=3022"}],"wp:featuredmedia":[{"embeddable":true,"href":"https:\/\/plataformaprojetos.site\/loja1wagner\/wp-json\/wp\/v2\/media\/3024"}],"wp:attachment":[{"href":"https:\/\/plataformaprojetos.site\/loja1wagner\/wp-json\/wp\/v2\/media?parent=3022"}],"wp:term":[{"taxonomy":"product_brand","embeddable":true,"href":"https:\/\/plataformaprojetos.site\/loja1wagner\/wp-json\/wp\/v2\/product_brand?post=3022"},{"taxonomy":"product_cat","embeddable":true,"href":"https:\/\/plataformaprojetos.site\/loja1wagner\/wp-json\/wp\/v2\/product_cat?post=3022"},{"taxonomy":"product_tag","embeddable":true,"href":"https:\/\/plataformaprojetos.site\/loja1wagner\/wp-json\/wp\/v2\/product_tag?post=3022"}],"curies":[{"name":"wp","href":"https:\/\/api.w.org\/{rel}","templated":true}]}}