{"id":3039,"date":"2025-11-13T18:35:34","date_gmt":"2025-11-13T21:35:34","guid":{"rendered":"https:\/\/plataformaprojetos.site\/loja1wagner\/?post_type=product&#038;p=3039"},"modified":"2025-11-13T19:56:53","modified_gmt":"2025-11-13T22:56:53","slug":"smartphone-motorola-moto-g15-grafite-256gb-smartphone-motorola-moto-g15-grafite-256gb-descubra-o-poder-e-a-resistencia-do-smartphone-motorola-moto-g15-o-salto-que-faltava-para-transformar-sua-experie","status":"publish","type":"product","link":"https:\/\/plataformaprojetos.site\/loja1wagner\/produto\/smartphone-motorola-moto-g15-grafite-256gb-smartphone-motorola-moto-g15-grafite-256gb-descubra-o-poder-e-a-resistencia-do-smartphone-motorola-moto-g15-o-salto-que-faltava-para-transformar-sua-experie\/","title":{"rendered":"Smartphone Motorola Moto g15 Grafite 256GB Smartphone Motorola Moto g15 Grafite 256GB"},"content":{"rendered":"<div id=\"product-special-content-partner\" data-testid=\"product-special-content\">\n<div class=\"css-1n35da2\" data-component=\"special-content\" data-version=\"1.0.1-2\">\n<div class=\"css-1wb3f7s\">\n<div class=\"css-gbwsnk\">Smartphone Motorola Moto g15 Grafite 256GB Smartphone Motorola Moto g15 Grafite 256GB Descubra o poder e a resist\u00eancia do Smartphone Motorola Moto G15, o salto que faltava para transformar sua experi\u00eancia m\u00f3vel. Com display de 6,7\u201d protegido por Gorilla Glass 3 e acabamento em Vegan Leather, ele une design sofisticado e estrutura robusta. A tecnologia Smart Water Touch garante usabilidade mesmo com as m\u00e3os molhadas. Desempenho fluido e multitarefa sem travamentos com 4GB de RAM + 8GB de RAM Boost e o potente processador Helio G81 Extreme Octa-Core de 2,0 GHz. Grave v\u00eddeos, jogue, navegue e edite com agilidade e estabilidade em tempo real. Capture cada momento com qualidade profissional. A c\u00e2mera traseira com intelig\u00eancia artificial oferece recursos como Night Vision para fotos noturnas e C\u00e2mera Lenta para v\u00eddeos criativos. Registre tudo com nitidez e estilo. Autonomia para o dia inteiro com a bateria de 5.200mAh, que proporciona at\u00e9 40 horas de uso cont\u00ednuo. E quando precisar recarregar, o carregador TurboPower de 20W garante uma recarga r\u00e1pida e eficiente. Mais praticidade e seguran\u00e7a no seu dia a dia. Com gestos personalizados, voc\u00ea ativa fun\u00e7\u00f5es como c\u00e2mera, lanterna e modo silencioso com simples movimentos. O desbloqueio facial e o sensor de impress\u00e3o digital lateral oferecem prote\u00e7\u00e3o extra e acesso r\u00e1pido ao seu aparelho. O Moto G15 \u00e9 a escolha ideal para quem busca tecnologia, resist\u00eancia, desempenho e praticidade em um smartphone moderno e completo.<\/div>\n<div class=\"css-gbwsnk\"><img decoding=\"async\" src=\"https:\/\/imgs.via.com.br\/special-contents\/90ef1063-d2b5-4c2a-90e3-de18bcd400cc\/8a3d051a-fccc-4c72-a473-b1e027c3eb9a.jpg\" alt=\"Desempenho de alta qualidade\" \/><\/div>\n<div class=\"css-gbwsnk\"><img decoding=\"async\" src=\"https:\/\/imgs.via.com.br\/special-contents\/90ef1063-d2b5-4c2a-90e3-de18bcd400cc\/36f3a795-932d-41bc-b530-324be2c11d68.jpg\" alt=\"Desempenho de alta qualidade\" \/><\/div>\n<div class=\"css-gbwsnk\"><img decoding=\"async\" src=\"https:\/\/imgs.via.com.br\/special-contents\/90ef1063-d2b5-4c2a-90e3-de18bcd400cc\/b4998b12-7bbe-4c60-b53b-8886d8fb3e67.jpg\" alt=\"Desempenho de alta qualidade\" \/><\/div>\n<div class=\"css-gbwsnk\"><img decoding=\"async\" src=\"https:\/\/imgs.via.com.br\/special-contents\/90ef1063-d2b5-4c2a-90e3-de18bcd400cc\/672884a0-0267-42ec-90e6-88dfbdd4a057.jpg\" alt=\"Desempenho de alta qualidade\" \/><\/div>\n<div class=\"css-gbwsnk\"><img decoding=\"async\" src=\"https:\/\/imgs.via.com.br\/special-contents\/90ef1063-d2b5-4c2a-90e3-de18bcd400cc\/7b3dd9fa-d4f1-40ba-8c5a-79e84cf235a5.jpg\" alt=\"Desempenho de alta qualidade\" \/><\/div>\n<div class=\"css-gbwsnk\"><img decoding=\"async\" src=\"https:\/\/imgs.via.com.br\/special-contents\/90ef1063-d2b5-4c2a-90e3-de18bcd400cc\/5c130957-9fe3-4da9-973a-76aba1b6411e.jpg\" alt=\"Desempenho de alta qualidade\" \/><\/div>\n<div class=\"css-gbwsnk\"><img decoding=\"async\" src=\"https:\/\/imgs.via.com.br\/special-contents\/90ef1063-d2b5-4c2a-90e3-de18bcd400cc\/f8556abc-3937-4a28-a41c-bd2447e78860.jpg\" alt=\"Desempenho de alta qualidade\" \/><\/div>\n<div class=\"css-gbwsnk\"><img decoding=\"async\" src=\"https:\/\/imgs.via.com.br\/special-contents\/90ef1063-d2b5-4c2a-90e3-de18bcd400cc\/c62d119d-a3b8-4f49-a0da-13bd0253f21c.jpg\" alt=\"Desempenho de alta qualidade\" \/><\/div>\n<div class=\"css-gbwsnk\"><img decoding=\"async\" src=\"https:\/\/imgs.via.com.br\/special-contents\/90ef1063-d2b5-4c2a-90e3-de18bcd400cc\/95dd8348-2c2d-4ea9-8290-d1e7a12a3e73.jpg\" alt=\"Desempenho de alta qualidade\" \/><\/div>\n<div class=\"css-gbwsnk\"><img decoding=\"async\" src=\"https:\/\/imgs.via.com.br\/special-contents\/90ef1063-d2b5-4c2a-90e3-de18bcd400cc\/036937d1-a11f-48a2-9102-6b84b8262769.jpg\" alt=\"Desempenho de alta qualidade\" \/><\/div>\n<div class=\"css-gbwsnk\"><img decoding=\"async\" src=\"https:\/\/imgs.via.com.br\/special-contents\/90ef1063-d2b5-4c2a-90e3-de18bcd400cc\/b090c3aa-9e8b-4614-8cf8-f503b7254fcb.jpg\" alt=\"Desempenho de alta qualidade\" \/><\/div>\n<div class=\"css-gbwsnk\"><img decoding=\"async\" src=\"https:\/\/imgs.via.com.br\/special-contents\/90ef1063-d2b5-4c2a-90e3-de18bcd400cc\/b08a5241-92d5-47e5-aa51-b193b2b2b342.jpg\" alt=\"Desempenho de alta qualidade\" \/><\/div>\n<\/div>\n<\/div>\n<\/div>\n<div>\n<div id=\"product-description\">Desempenho de alto n\u00edvel com Dimensity 7300<br \/>\nO Motorola Edge 60 Fusion 5G na cor rosa traz um desempenho de primeira linha, gra\u00e7as ao seu processador Dimensity 7300. Ele oferece um equil\u00edbrio perfeito entre pot\u00eancia e efici\u00eancia energ\u00e9tica, al\u00e9m de suportar a conectividade 5G para garantir que voc\u00ea esteja sempre \u00e0 frente. Com 8 GB de RAM e 256 GB de armazenamento interno, o smartphone oferece espa\u00e7o de sobra para suas fotos, v\u00eddeos e aplicativos, garantindo tamb\u00e9m um desempenho \u00e1gil e sem travamentos. A tecnologia RAM Boost Inteligente, que pode expandir sua mem\u00f3ria at\u00e9 16 GB, proporciona uma navega\u00e7\u00e3o ainda mais fluida, permitindo multitarefas sem esfor\u00e7o.Design sofisticado e resist\u00eancia impressionante<br \/>\nO Motorola Edge 60 Fusion 5G rosa \u00e9 a combina\u00e7\u00e3o ideal de sofistica\u00e7\u00e3o e resist\u00eancia. Sua tela de bordas curvas e o elegante acabamento fazem do smartphone um verdadeiro destaque visual. A prote\u00e7\u00e3o Gorilla Glass 7i proporciona resist\u00eancia superior a arranh\u00f5es e quedas, enquanto a classifica\u00e7\u00e3o IP69 e IP68 assegura que o dispositivo esteja completamente protegido contra poeira e imers\u00f5es em \u00e1gua, al\u00e9m de resistir a jatos de alta press\u00e3o \u2014 uma op\u00e7\u00e3o perfeita para quem busca um smartphone que acompanhe o ritmo acelerado da vida cotidiana.<\/p>\n<p>Tela incr\u00edvel e som envolvente<br \/>\nA tela de 6,7 polegadas do Smartphone Motorola Edge 60 Fusion 5G se destaca por sua incr\u00edvel nitidez, mesmo sob luz intensa, oferecendo uma experi\u00eancia visual imersiva. Com a tecnologia Dolby Atmos, o \u00e1udio tamb\u00e9m \u00e9 impec\u00e1vel, proporcionando um som tridimensional e envolvente para que voc\u00ea aproveite suas m\u00fasicas, filmes e jogos com uma qualidade impressionante. \u00c9 o dispositivo perfeito para quem valoriza uma experi\u00eancia multim\u00eddia completa, tanto na parte visual quanto sonora.<\/p>\n<p>Fotografia profissional e intelig\u00eancia artificial<br \/>\nA c\u00e2mera Sony LYTIA 700C de 50MP do celular Motorola Edge 60 Fusion 5G Rosa \u00e9 ideal para quem deseja capturar imagens de qualidade profissional. Gra\u00e7as \u00e0 tecnologia Moto AI, o dispositivo ajusta automaticamente configura\u00e7\u00f5es de captura, garantindo fotos com cores vibrantes e detalhes n\u00edtidos. Seja para registros r\u00e1pidos ou v\u00eddeos em alta qualidade, o smartphone permite que voc\u00ea crie imagens incr\u00edveis com facilidade, otimizando seu dia a dia e proporcionando uma experi\u00eancia de fotografia sem complica\u00e7\u00e3o.<\/p>\n<\/div>\n<\/div>\n","protected":false},"excerpt":{"rendered":"<p>Smartphone Motorola Moto g15 Grafite 256GB Smartphone Motorola Moto g15 Grafite 256GB Descubra o poder e a resist\u00eancia do Smartphone Motorola Moto G15, o salto que faltava para transformar sua experi\u00eancia m\u00f3vel. Com display de 6,7\u201d protegido por Gorilla Glass 3 e acabamento em Vegan Leather, ele une design sofisticado e estrutura robusta. A tecnologia [&hellip;]<\/p>\n","protected":false},"featured_media":3041,"comment_status":"open","ping_status":"closed","template":"","meta":[],"product_brand":[],"product_cat":[67],"product_tag":[],"class_list":{"0":"post-3039","1":"product","2":"type-product","3":"status-publish","4":"has-post-thumbnail","6":"product_cat-smartphones","8":"first","9":"instock","10":"shipping-taxable","11":"purchasable","12":"product-type-simple"},"_links":{"self":[{"href":"https:\/\/plataformaprojetos.site\/loja1wagner\/wp-json\/wp\/v2\/product\/3039","targetHints":{"allow":["GET"]}}],"collection":[{"href":"https:\/\/plataformaprojetos.site\/loja1wagner\/wp-json\/wp\/v2\/product"}],"about":[{"href":"https:\/\/plataformaprojetos.site\/loja1wagner\/wp-json\/wp\/v2\/types\/product"}],"replies":[{"embeddable":true,"href":"https:\/\/plataformaprojetos.site\/loja1wagner\/wp-json\/wp\/v2\/comments?post=3039"}],"wp:featuredmedia":[{"embeddable":true,"href":"https:\/\/plataformaprojetos.site\/loja1wagner\/wp-json\/wp\/v2\/media\/3041"}],"wp:attachment":[{"href":"https:\/\/plataformaprojetos.site\/loja1wagner\/wp-json\/wp\/v2\/media?parent=3039"}],"wp:term":[{"taxonomy":"product_brand","embeddable":true,"href":"https:\/\/plataformaprojetos.site\/loja1wagner\/wp-json\/wp\/v2\/product_brand?post=3039"},{"taxonomy":"product_cat","embeddable":true,"href":"https:\/\/plataformaprojetos.site\/loja1wagner\/wp-json\/wp\/v2\/product_cat?post=3039"},{"taxonomy":"product_tag","embeddable":true,"href":"https:\/\/plataformaprojetos.site\/loja1wagner\/wp-json\/wp\/v2\/product_tag?post=3039"}],"curies":[{"name":"wp","href":"https:\/\/api.w.org\/{rel}","templated":true}]}}