{"id":3064,"date":"2025-11-13T18:58:46","date_gmt":"2025-11-13T21:58:46","guid":{"rendered":"https:\/\/plataformaprojetos.site\/loja1wagner\/?post_type=product&#038;p=3064"},"modified":"2025-12-15T13:33:29","modified_gmt":"2025-12-15T16:33:29","slug":"apple-iphone-16e-de-128gb-preto","status":"publish","type":"product","link":"https:\/\/plataformaprojetos.site\/loja1wagner\/produto\/apple-iphone-16e-de-128gb-preto\/","title":{"rendered":"Apple iPhone 16e de 128GB &#8211; Preto"},"content":{"rendered":"<div id=\"product-special-content-partner\" data-testid=\"product-special-content\">\n<div class=\"css-1n35da2\" data-component=\"special-content\" data-version=\"1.0.1-2\">\n<div class=\"css-1wb3f7s\">\n<div class=\"css-gbwsnk\"><img decoding=\"async\" src=\"https:\/\/imgs.via.com.br\/special-contents\/35ac588a-3140-4c3f-8b73-b0b5da8aa5b6\/25681105-100c-46c0-9424-51f38db0d5d4.jpg\" alt=\"Apple iPhone 16e de 128GB\" \/><\/div>\n<div class=\"css-gbwsnk\"><img decoding=\"async\" src=\"https:\/\/imgs.via.com.br\/special-contents\/35ac588a-3140-4c3f-8b73-b0b5da8aa5b6\/28a344eb-054b-417c-86db-2f40e678633b.jpg\" alt=\"Apple iPhone 16e de 128GB\" \/><\/div>\n<div class=\"css-gbwsnk\"><img decoding=\"async\" src=\"https:\/\/imgs.via.com.br\/special-contents\/35ac588a-3140-4c3f-8b73-b0b5da8aa5b6\/a67d56d8-1595-4c71-b206-cbc4224ab64a.jpg\" alt=\"Apple iPhone 16e de 128GB\" \/><\/div>\n<div class=\"css-gbwsnk\"><img decoding=\"async\" src=\"https:\/\/imgs.via.com.br\/special-contents\/35ac588a-3140-4c3f-8b73-b0b5da8aa5b6\/78d398c2-2713-4509-9676-fb231bdbf5c9.jpg\" alt=\"Apple iPhone 16e de 128GB\" \/><\/div>\n<div class=\"css-gbwsnk\"><img decoding=\"async\" src=\"https:\/\/imgs.via.com.br\/special-contents\/35ac588a-3140-4c3f-8b73-b0b5da8aa5b6\/1772642e-e3cd-492a-a426-9a65831d8d86.jpg\" alt=\"Apple iPhone 16e de 128GB\" \/><\/div>\n<div class=\"css-gbwsnk\"><img decoding=\"async\" src=\"https:\/\/imgs.via.com.br\/special-contents\/35ac588a-3140-4c3f-8b73-b0b5da8aa5b6\/c6aa2fef-c4eb-434e-9a5e-0c62d7d52b92.jpg\" alt=\"Apple iPhone 16e de 128GB\" \/><\/div>\n<div class=\"css-gbwsnk\"><img decoding=\"async\" src=\"https:\/\/imgs.via.com.br\/special-contents\/35ac588a-3140-4c3f-8b73-b0b5da8aa5b6\/844ea6c2-4515-45a3-815f-657b77c03bdf.jpg\" alt=\"Apple iPhone 16e de 128GB\" \/><\/div>\n<div class=\"css-gbwsnk\"><img decoding=\"async\" src=\"https:\/\/imgs.via.com.br\/special-contents\/35ac588a-3140-4c3f-8b73-b0b5da8aa5b6\/11c65d4c-585a-44d1-83ea-cd5475dfb870.jpg\" alt=\"Apple iPhone 16e de 128GB\" \/><\/div>\n<div class=\"css-gbwsnk\"><img decoding=\"async\" src=\"https:\/\/imgs.via.com.br\/special-contents\/35ac588a-3140-4c3f-8b73-b0b5da8aa5b6\/c7d4ed83-d18b-4159-9971-de806ec2657f.jpg\" alt=\"Apple iPhone 16e de 128GB\" \/><\/div>\n<\/div>\n<\/div>\n<\/div>\n<div>\n<div id=\"product-description\">O iPhone 16e \u00e9 feito para Apple Intelligence e conta com a pot\u00eancia do chip A18*. Fotografe em alt\u00edssima resolu\u00e7\u00e3o com a c\u00e2mera Fusion de 48MP. E ganhe mais tempo para enviar mensagens, navegar e fazer outras coisas com sua superbateria.<\/div>\n<\/div>\n","protected":false},"excerpt":{"rendered":"<p>O iPhone 16e \u00e9 feito para Apple Intelligence e conta com a pot\u00eancia do chip A18*. Fotografe em alt\u00edssima resolu\u00e7\u00e3o com a c\u00e2mera Fusion de 48MP. E ganhe mais tempo para enviar mensagens, navegar e fazer outras coisas com sua superbateria.<\/p>\n","protected":false},"featured_media":3066,"comment_status":"open","ping_status":"closed","template":"","meta":[],"product_brand":[],"product_cat":[66],"product_tag":[],"class_list":{"0":"post-3064","1":"product","2":"type-product","3":"status-publish","4":"has-post-thumbnail","6":"product_cat-iphones","8":"first","9":"instock","10":"shipping-taxable","11":"purchasable","12":"product-type-simple"},"_links":{"self":[{"href":"https:\/\/plataformaprojetos.site\/loja1wagner\/wp-json\/wp\/v2\/product\/3064","targetHints":{"allow":["GET"]}}],"collection":[{"href":"https:\/\/plataformaprojetos.site\/loja1wagner\/wp-json\/wp\/v2\/product"}],"about":[{"href":"https:\/\/plataformaprojetos.site\/loja1wagner\/wp-json\/wp\/v2\/types\/product"}],"replies":[{"embeddable":true,"href":"https:\/\/plataformaprojetos.site\/loja1wagner\/wp-json\/wp\/v2\/comments?post=3064"}],"wp:featuredmedia":[{"embeddable":true,"href":"https:\/\/plataformaprojetos.site\/loja1wagner\/wp-json\/wp\/v2\/media\/3066"}],"wp:attachment":[{"href":"https:\/\/plataformaprojetos.site\/loja1wagner\/wp-json\/wp\/v2\/media?parent=3064"}],"wp:term":[{"taxonomy":"product_brand","embeddable":true,"href":"https:\/\/plataformaprojetos.site\/loja1wagner\/wp-json\/wp\/v2\/product_brand?post=3064"},{"taxonomy":"product_cat","embeddable":true,"href":"https:\/\/plataformaprojetos.site\/loja1wagner\/wp-json\/wp\/v2\/product_cat?post=3064"},{"taxonomy":"product_tag","embeddable":true,"href":"https:\/\/plataformaprojetos.site\/loja1wagner\/wp-json\/wp\/v2\/product_tag?post=3064"}],"curies":[{"name":"wp","href":"https:\/\/api.w.org\/{rel}","templated":true}]}}