{"id":3085,"date":"2025-11-13T19:23:58","date_gmt":"2025-11-13T22:23:58","guid":{"rendered":"https:\/\/plataformaprojetos.site\/loja1wagner\/?post_type=product&#038;p=3085"},"modified":"2025-12-15T13:25:02","modified_gmt":"2025-12-15T16:25:02","slug":"cafeteira-expresso-arno-dolce-gusto-genio-s-dgs5-basic-automatica-multibebidas-grafite-110v","status":"publish","type":"product","link":"https:\/\/plataformaprojetos.site\/loja1wagner\/produto\/cafeteira-expresso-arno-dolce-gusto-genio-s-dgs5-basic-automatica-multibebidas-grafite-110v\/","title":{"rendered":"Cafeteira Expresso Arno Dolce Gusto Genio S DGS5 Basic Autom\u00e1tica Multibebidas \u2013 Grafite &#8211; 110V"},"content":{"rendered":"<div id=\"product-special-content-partner\" data-testid=\"product-special-content\">\n<div class=\"css-1n35da2\" data-component=\"special-content\" data-version=\"1.0.1-2\">\n<div class=\"css-1wb3f7s\">\n<div class=\"css-gbwsnk\"><img decoding=\"async\" src=\"https:\/\/imgs.via.com.br\/special-contents\/deff8b41-06f8-4930-a961-d2585be61345\/7a47893e-a6ce-40eb-ab4c-8d68c3cc9e2e.jpg\" alt=\"Cafeteira Expresso Genio S DGS5 Arno Dolce Gusto\" \/><\/div>\n<div class=\"css-qk8zzo\">\n<div>\n<h2 class=\"ql-align-justify\"><strong>Cafeteira Expresso Genio S DGS5 Arno Dolce Gusto<\/strong><\/h2>\n<p class=\"ql-align-justify\">Caf\u00e9s e outras bebidas saborosas em c\u00e1psulas \u00e9 com a\u00a0<strong>Cafeteira Expresso Genio S DGS5 Arno Dolce Gusto. Autom\u00e1tica<\/strong>,<strong>\u00a0<\/strong>ela prepara at\u00e9 30 tipos diferentes de bebidas quentes ou geladas, tudo com a assinatura da Nescaf\u00e9. Pr\u00e1tica e intuitiva, ela \u00e9 perfeita para o uso em qualquer momento do dia.<\/p>\n<\/div>\n<\/div>\n<div class=\"css-gbwsnk\"><img decoding=\"async\" src=\"https:\/\/imgs.via.com.br\/special-contents\/deff8b41-06f8-4930-a961-d2585be61345\/d85faf3d-09fe-4660-a8b7-dd732167e540.jpg\" alt=\"caf\u00e9s\" \/><\/div>\n<div class=\"css-qk8zzo\">\n<div>\n<h3 class=\"ql-align-justify\"><strong>Design e tecnologia moderna<\/strong><\/h3>\n<p class=\"ql-align-justify\">Com a cafeteira Dolce Gusto Genio S Plus, voc\u00ea agrega muita beleza ao ambiente, gra\u00e7as ao design moderno e elegante, com destaque para a cor grafite. J\u00e1 no preparo das bebidas, funcionalidades como a\u00a0<strong>Fun\u00e7\u00e3o XL,<\/strong>\u00a0que prepara um extralongo com mais 30ml de bebida com um s\u00f3 clique, te oferecem resultados perfeitos.<\/p>\n<\/div>\n<\/div>\n<div class=\"css-gbwsnk\"><img decoding=\"async\" src=\"https:\/\/imgs.via.com.br\/special-contents\/deff8b41-06f8-4930-a961-d2585be61345\/81f2897b-1b9c-49ff-8d2d-b7af32b33dca.jpg\" alt=\"1350W de pot\u00eancia\" \/><\/div>\n<div class=\"css-qk8zzo\">\n<div>\n<h3 class=\"ql-align-justify\"><strong>F\u00e1cil limpeza<\/strong><\/h3>\n<p class=\"ql-align-justify\">E, al\u00e9m de te ajudar a preparar sua bebida preferida, esta\u00a0<a href=\"https:\/\/www.casasbahia.com.br\/cafeteira-expresso-arno\/b?&amp;utm_source=paginaespecial&amp;utm_medium=casasbahia&amp;utm_campaign=cafeteira_expresso\" target=\"_blank\" rel=\"noopener noreferrer\"><strong><u>cafeteira Expresso da Arno<\/u><\/strong><\/a>\u00a0d\u00e1 uma grande for\u00e7a na hora de limp\u00e1-la. Com a\u00a0<strong>Fun\u00e7\u00e3o Limpeza<\/strong>, ela te avisa quando chega o momento de higienizar a parte interna do produto, eliminando os vest\u00edgios de outros preparos, deixando-a perfeita para as pr\u00f3ximas utiliza\u00e7\u00f5es.<\/p>\n<\/div>\n<\/div>\n<div class=\"css-gbwsnk\"><img decoding=\"async\" src=\"https:\/\/imgs.via.com.br\/special-contents\/deff8b41-06f8-4930-a961-d2585be61345\/19b7860c-1138-4c45-a891-feb118c48558.jpg\" alt=\"Press\u00e3o de 15 BAR\" \/><\/div>\n<\/div>\n<\/div>\n<\/div>\n<div>\n<div id=\"product-description\">Versatilidade de bebidas<br \/>\nA Cafeteira Expresso Nescaf\u00e9 Dolce Gusto Genio S Plus da Arno \u00e9 uma verdadeira m\u00e1quina multibebidas, oferecendo a possibilidade de preparar mais de 45 tipos diferentes de bebidas. Desde um caf\u00e9 expresso cl\u00e1ssico at\u00e9 bebidas geladas ou quentes, a Genio S Plus se adapta \u00e0s suas prefer\u00eancias com facilidade, gra\u00e7as ao seu controle de temperatura ajust\u00e1vel em 4 op\u00e7\u00f5es.<\/p>\n<p>Qualidade profissional<br \/>\nEquipado com um sistema de 15 Bars de press\u00e3o, o Dolce Gusto Genio S Plus garante a melhor qualidade, aroma e cremosidade para suas bebidas. Esta press\u00e3o de alta intensidade permite um resultado profissional, semelhante ao obtido pelos baristas, proporcionando um caf\u00e9 com sabor e textura inigual\u00e1veis. A tecnologia Espresso Boost intensifica ainda mais a experi\u00eancia, umedecendo o caf\u00e9 expresso antes do preparo para um sabor mais concentrado e rico.<\/p>\n<p>Fun\u00e7\u00f5es e conveni\u00eancia<br \/>\nA Cafeteira Genio S Plus vem com uma fun\u00e7\u00e3o XL, que permite preparar bebidas de at\u00e9 300 ml, ideal para quem gosta de uma dose maior de suas bebidas favoritas. O tanque remov\u00edvel de \u00e1gua com capacidade de 0,8L facilita o reabastecimento e a limpeza. Al\u00e9m disso, o alerta de limpeza ajuda a manter sua m\u00e1quina em perfeito estado, e a fun\u00e7\u00e3o Eco Mode desliga automaticamente a cafeteira ap\u00f3s 1 minuto de inatividade, promovendo economia de energia.<\/p>\n<p>Transforme seu caf\u00e9<br \/>\nTransforme seu momento de caf\u00e9 com a Cafeteira Expresso Nescaf\u00e9 Dolce Gusto Genio S Plus. Com suas m\u00faltiplas op\u00e7\u00f5es de bebidas, controle de temperatura e tecnologia avan\u00e7ada, ela proporciona uma experi\u00eancia de caf\u00e9 personalizada e de alta qualidade a cada x\u00edcara.<\/p><\/div>\n<\/div>\n","protected":false},"excerpt":{"rendered":"<p>Cafeteira Expresso Genio S DGS5 Arno Dolce Gusto Caf\u00e9s e outras bebidas saborosas em c\u00e1psulas \u00e9 com a\u00a0Cafeteira Expresso Genio S DGS5 Arno Dolce Gusto. Autom\u00e1tica,\u00a0ela prepara at\u00e9 30 tipos diferentes de bebidas quentes ou geladas, tudo com a assinatura da Nescaf\u00e9. Pr\u00e1tica e intuitiva, ela \u00e9 perfeita para o uso em qualquer momento do [&hellip;]<\/p>\n","protected":false},"featured_media":3093,"comment_status":"open","ping_status":"closed","template":"","meta":[],"product_brand":[],"product_cat":[72,79],"product_tag":[],"class_list":{"0":"post-3085","1":"product","2":"type-product","3":"status-publish","4":"has-post-thumbnail","6":"product_cat-eletroportateis","7":"product_cat-utilidades-domestica","9":"first","10":"instock","11":"shipping-taxable","12":"purchasable","13":"product-type-simple"},"_links":{"self":[{"href":"https:\/\/plataformaprojetos.site\/loja1wagner\/wp-json\/wp\/v2\/product\/3085","targetHints":{"allow":["GET"]}}],"collection":[{"href":"https:\/\/plataformaprojetos.site\/loja1wagner\/wp-json\/wp\/v2\/product"}],"about":[{"href":"https:\/\/plataformaprojetos.site\/loja1wagner\/wp-json\/wp\/v2\/types\/product"}],"replies":[{"embeddable":true,"href":"https:\/\/plataformaprojetos.site\/loja1wagner\/wp-json\/wp\/v2\/comments?post=3085"}],"wp:featuredmedia":[{"embeddable":true,"href":"https:\/\/plataformaprojetos.site\/loja1wagner\/wp-json\/wp\/v2\/media\/3093"}],"wp:attachment":[{"href":"https:\/\/plataformaprojetos.site\/loja1wagner\/wp-json\/wp\/v2\/media?parent=3085"}],"wp:term":[{"taxonomy":"product_brand","embeddable":true,"href":"https:\/\/plataformaprojetos.site\/loja1wagner\/wp-json\/wp\/v2\/product_brand?post=3085"},{"taxonomy":"product_cat","embeddable":true,"href":"https:\/\/plataformaprojetos.site\/loja1wagner\/wp-json\/wp\/v2\/product_cat?post=3085"},{"taxonomy":"product_tag","embeddable":true,"href":"https:\/\/plataformaprojetos.site\/loja1wagner\/wp-json\/wp\/v2\/product_tag?post=3085"}],"curies":[{"name":"wp","href":"https:\/\/api.w.org\/{rel}","templated":true}]}}