{"id":3106,"date":"2025-11-13T19:41:24","date_gmt":"2025-11-13T22:41:24","guid":{"rendered":"https:\/\/plataformaprojetos.site\/loja1wagner\/?post_type=product&#038;p=3106"},"modified":"2025-12-15T13:24:56","modified_gmt":"2025-12-15T16:24:56","slug":"cafeteira-expresso-arno-dolce-gusto-genio-s-basic-multibebidas-branca-110v-cod-item-55015213-outros-produtos-arno","status":"publish","type":"product","link":"https:\/\/plataformaprojetos.site\/loja1wagner\/produto\/cafeteira-expresso-arno-dolce-gusto-genio-s-basic-multibebidas-branca-110v-cod-item-55015213-outros-produtos-arno\/","title":{"rendered":"Cafeteira Expresso Arno Dolce Gusto Genio S Basic Multibebidas &#8211; Branca &#8211; 110V (C\u00f3d. Item 55015213)  Outros produtos Arno"},"content":{"rendered":"<div id=\"product-special-content-partner\" data-testid=\"product-special-content\">\n<div class=\"css-1n35da2\" data-component=\"special-content\" data-version=\"1.0.1-2\">\n<div class=\"css-1wb3f7s\">\n<div class=\"css-gbwsnk\"><img decoding=\"async\" src=\"https:\/\/imgs.via.com.br\/special-contents\/68691f6f-b55a-46e9-8df3-03ffce7861a1\/e30f471e-b6c3-4f65-80cb-990936a2719c.jpg\" alt=\"Diversidade de bebidas. A Cafeteira Expresso Arno Dolce Gusto Genio S Basic \u00e9 ideal para quem aprecia uma vasta gama de bebidas. Com a capacidade de preparar mais de 45 tipos diferentes de bebidas, tanto quentes quanto frias, ela oferece uma solu\u00e7\u00e3o completa para todas as suas prefer\u00eancias.\" \/><\/div>\n<div class=\"css-gbwsnk\"><img decoding=\"async\" src=\"https:\/\/imgs.via.com.br\/special-contents\/68691f6f-b55a-46e9-8df3-03ffce7861a1\/51dda522-5266-4f8e-8e33-8cad7e991156.jpg\" alt=\"Diversidade de bebidas. A Cafeteira Expresso Arno Dolce Gusto Genio S Basic \u00e9 ideal para quem aprecia uma vasta gama de bebidas. Com a capacidade de preparar mais de 45 tipos diferentes de bebidas, tanto quentes quanto frias, ela oferece uma solu\u00e7\u00e3o completa para todas as suas prefer\u00eancias.\" \/><\/div>\n<div class=\"css-gbwsnk\"><img decoding=\"async\" src=\"https:\/\/imgs.via.com.br\/special-contents\/68691f6f-b55a-46e9-8df3-03ffce7861a1\/c265abc5-1928-45f8-b89e-ed9da56ea95a.jpg\" alt=\"Diversidade de bebidas. A Cafeteira Expresso Arno Dolce Gusto Genio S Basic \u00e9 ideal para quem aprecia uma vasta gama de bebidas. Com a capacidade de preparar mais de 45 tipos diferentes de bebidas, tanto quentes quanto frias, ela oferece uma solu\u00e7\u00e3o completa para todas as suas prefer\u00eancias.\" \/><\/div>\n<div class=\"css-gbwsnk\"><img decoding=\"async\" src=\"https:\/\/imgs.via.com.br\/special-contents\/68691f6f-b55a-46e9-8df3-03ffce7861a1\/4ac80215-f734-4237-bdb2-293c78f41986.jpg\" alt=\"Diversidade de bebidas. A Cafeteira Expresso Arno Dolce Gusto Genio S Basic \u00e9 ideal para quem aprecia uma vasta gama de bebidas. Com a capacidade de preparar mais de 45 tipos diferentes de bebidas, tanto quentes quanto frias, ela oferece uma solu\u00e7\u00e3o completa para todas as suas prefer\u00eancias.\" \/><\/div>\n<div class=\"css-gbwsnk\"><img decoding=\"async\" src=\"https:\/\/imgs.via.com.br\/special-contents\/68691f6f-b55a-46e9-8df3-03ffce7861a1\/07e6052e-c85f-4107-92ff-5816dc025582.jpg\" alt=\"Diversidade de bebidas. A Cafeteira Expresso Arno Dolce Gusto Genio S Basic \u00e9 ideal para quem aprecia uma vasta gama de bebidas. Com a capacidade de preparar mais de 45 tipos diferentes de bebidas, tanto quentes quanto frias, ela oferece uma solu\u00e7\u00e3o completa para todas as suas prefer\u00eancias.\" \/><\/div>\n<div class=\"css-gbwsnk\"><img decoding=\"async\" src=\"https:\/\/imgs.via.com.br\/special-contents\/68691f6f-b55a-46e9-8df3-03ffce7861a1\/bf22c2c4-1885-4515-b9b2-0a535a76b200.jpg\" alt=\"Diversidade de bebidas. A Cafeteira Expresso Arno Dolce Gusto Genio S Basic \u00e9 ideal para quem aprecia uma vasta gama de bebidas. Com a capacidade de preparar mais de 45 tipos diferentes de bebidas, tanto quentes quanto frias, ela oferece uma solu\u00e7\u00e3o completa para todas as suas prefer\u00eancias.\" \/><\/div>\n<\/div>\n<\/div>\n<\/div>\n<div>\n<div id=\"product-description\">Diversidade de bebidas<br \/>\nA Cafeteira Expresso Arno Dolce Gusto Genio S Basic \u00e9 ideal para quem aprecia uma vasta gama de bebidas. Com a capacidade de preparar mais de 45 tipos diferentes de bebidas, tanto quentes quanto frias, ela oferece uma solu\u00e7\u00e3o completa para todas as suas prefer\u00eancias.<\/p>\n<p>Sistema de press\u00e3o de 15 bars<br \/>\nEquipado com um avan\u00e7ado sistema de 15 Bars de press\u00e3o, este modelo garante a melhor qualidade, aroma e cremosidade em cada bebida. A press\u00e3o ideal proporciona um resultado compar\u00e1vel ao que \u00e9 obtido pelos baristas profissionais, assegurando que cada x\u00edcara tenha a perfei\u00e7\u00e3o esperada.<\/p>\n<p>Fun\u00e7\u00e3o XL e tanque remov\u00edvel<br \/>\nPara quem gosta de beber grandes quantidades, a fun\u00e7\u00e3o XL \u00e9 um destaque especial, permitindo preparar bebidas de at\u00e9 300 ml. O tanque de \u00e1gua remov\u00edvel com capacidade de 0,8 litros facilita o reabastecimento e a manuten\u00e7\u00e3o da m\u00e1quina, tornando a sua experi\u00eancia ainda mais pr\u00e1tica e conveniente.<\/p>\n<p>Recursos adicionais<br \/>\nA Arno Dolce Gusto Genio S Basic tamb\u00e9m inclui um alerta de limpeza para garantir que sua m\u00e1quina permane\u00e7a em \u00f3timas condi\u00e7\u00f5es. Al\u00e9m disso, a fun\u00e7\u00e3o eco mode desliga automaticamente a m\u00e1quina ap\u00f3s 1 minuto de inatividade, contribuindo para a efici\u00eancia energ\u00e9tica e preservando a durabilidade do aparelho.<\/p><\/div>\n<\/div>\n","protected":false},"excerpt":{"rendered":"<p>Diversidade de bebidas A Cafeteira Expresso Arno Dolce Gusto Genio S Basic \u00e9 ideal para quem aprecia uma vasta gama de bebidas. Com a capacidade de preparar mais de 45 tipos diferentes de bebidas, tanto quentes quanto frias, ela oferece uma solu\u00e7\u00e3o completa para todas as suas prefer\u00eancias. Sistema de press\u00e3o de 15 bars Equipado [&hellip;]<\/p>\n","protected":false},"featured_media":3108,"comment_status":"open","ping_status":"closed","template":"","meta":[],"product_brand":[],"product_cat":[72,79],"product_tag":[],"class_list":{"0":"post-3106","1":"product","2":"type-product","3":"status-publish","4":"has-post-thumbnail","6":"product_cat-eletroportateis","7":"product_cat-utilidades-domestica","9":"first","10":"instock","11":"shipping-taxable","12":"purchasable","13":"product-type-simple"},"_links":{"self":[{"href":"https:\/\/plataformaprojetos.site\/loja1wagner\/wp-json\/wp\/v2\/product\/3106","targetHints":{"allow":["GET"]}}],"collection":[{"href":"https:\/\/plataformaprojetos.site\/loja1wagner\/wp-json\/wp\/v2\/product"}],"about":[{"href":"https:\/\/plataformaprojetos.site\/loja1wagner\/wp-json\/wp\/v2\/types\/product"}],"replies":[{"embeddable":true,"href":"https:\/\/plataformaprojetos.site\/loja1wagner\/wp-json\/wp\/v2\/comments?post=3106"}],"wp:featuredmedia":[{"embeddable":true,"href":"https:\/\/plataformaprojetos.site\/loja1wagner\/wp-json\/wp\/v2\/media\/3108"}],"wp:attachment":[{"href":"https:\/\/plataformaprojetos.site\/loja1wagner\/wp-json\/wp\/v2\/media?parent=3106"}],"wp:term":[{"taxonomy":"product_brand","embeddable":true,"href":"https:\/\/plataformaprojetos.site\/loja1wagner\/wp-json\/wp\/v2\/product_brand?post=3106"},{"taxonomy":"product_cat","embeddable":true,"href":"https:\/\/plataformaprojetos.site\/loja1wagner\/wp-json\/wp\/v2\/product_cat?post=3106"},{"taxonomy":"product_tag","embeddable":true,"href":"https:\/\/plataformaprojetos.site\/loja1wagner\/wp-json\/wp\/v2\/product_tag?post=3106"}],"curies":[{"name":"wp","href":"https:\/\/api.w.org\/{rel}","templated":true}]}}