{"id":3120,"date":"2025-11-13T19:48:24","date_gmt":"2025-11-13T22:48:24","guid":{"rendered":"https:\/\/plataformaprojetos.site\/loja1wagner\/?post_type=product&#038;p=3120"},"modified":"2025-12-15T13:24:47","modified_gmt":"2025-12-15T16:24:47","slug":"cafeteira-arno-dolce-gusto-genio-s-plus-preta-para-cafe-espresso-dgs2-110v","status":"publish","type":"product","link":"https:\/\/plataformaprojetos.site\/loja1wagner\/produto\/cafeteira-arno-dolce-gusto-genio-s-plus-preta-para-cafe-espresso-dgs2-110v\/","title":{"rendered":"Cafeteira Arno Dolce Gusto\u00ae Genio S Plus Preta para Caf\u00e9 Espresso &#8211; DGS2 &#8211; 110V"},"content":{"rendered":"<p>15 Bars, Caf\u00e9 em C\u00e1psulas, 0,8 Litros de Capacidade, Prepara 01 X\u00edcara por C\u00e1psula<\/p>\n<p>A NESCAF\u00c9 Dolce Gusto Genio S Plus Preta da Arno \u00e9 uma m\u00e1quina Multi-Bebidas que prepara mais de 30 tipos de bebidas em c\u00e1psulas com inova\u00e7\u00f5es a cada ano. Voc\u00ea pode preparar um cremoso caf\u00e9 Espresso, um Chococcino quentinho ou at\u00e9 um ch\u00e1 gelado na sua casa com passos simples e de forma super r\u00e1pida.<\/p>\n<p>A NESCAF\u00c9 Dolce Gusto Geno S Plus da Arno \u00e9 ideal para quem deseja uma m\u00e1quina autom\u00e1tica com bastante precis\u00e3o e resultados quentes ou gelados sempre muito saborosos. Al\u00e9m das fun\u00e7\u00f5es tradicionais das m\u00e1quinas autom\u00e1ticas NESCAF\u00c9 Dolce Gusto, a Genio S Plus possui funcionalidades inovadoras para tornar a sua experi\u00eancia ainda mais completa e agrad\u00e1vel.<\/p>\n<p>A Genio S Plus prepara desde um verdadeiro Espresso, Cappuccino e v\u00e1rias outras bebidas em quest\u00e3o de segundos. Para isso, basta selecionar o n\u00edvel de \u00e1gua indicado na c\u00e1psula, a temperatura da bebida e ela para automaticamente quando sua bebida estiver pronta. A NESCAF\u00c9 Dolce Gusto Genio S Plus possui reservat\u00f3rio de \u00e1gua com grande capacidade e fun\u00e7\u00e3o ECO.<\/p>\n<p>Assim como todas as m\u00e1quinas NESCAF\u00c9 Dolce Gusto da Arno, possui 15 BAR de press\u00e3o que garante a melhor qualidade, aroma e cremosidade para todas as bebidas, permitindo resultado semelhante ao obtido pelos baristas profissionais.<\/p>\n<p>Com design arrojado e na cor preta que combina com todos os tipos de ambiente de forma elegante e moderna, essa m\u00e1quina faz sucesso em qualquer lugar. Escolha seu sabor preferido e viva a experiencia de NESCAF\u00c9 Dolce Gusto!<\/p>\n<p>Destaques<\/p>\n<p>Anel de Controle<br \/>\nAjuste o tamanho da bebida de forma f\u00e1cil e simplificada.<\/p>\n<p>Controle de Temperatura<br \/>\nCom 4 ajustes que v\u00e3o de ambiente at\u00e9 muito quente personalizar sua bebida e agradar a todos os diferentes gostos.<\/p>\n<p>Espresso Boost<br \/>\nExperi\u00eancia ainda mais intensa que pr\u00e9 umedece seu espresso antes do preparo para caf\u00e9 mais concentrado.<\/p>\n<p>Fun\u00e7\u00e3o Limpeza<br \/>\nAvisa a hora de limpar vest\u00edgios de caf\u00e9, leite e chocolate das partes internas garantindo que sua m\u00e1quina fique sempre em excelentes condi\u00e7\u00f5es e dure por muito mais tempo.<\/p>\n<p>Fun\u00e7\u00e3o XL<br \/>\nPrepare um extra longo com +30ml de bebida com um s\u00f3 clique.<\/p>\n<p>Caracter\u00edsticas<br \/>\nTipo: Espresso Autom\u00e1tica<br \/>\nTipo de Caf\u00e9: C\u00e1psula<br \/>\nCapacidade do Reservat\u00f3rio: 0,8 Litros<br \/>\nPress\u00e3o: 15 Bars<br \/>\nQuantidade de X\u00edcaras: 1 por vez<br \/>\nTipos de Bebidas: Multi-Bebidas, prepara mais de 30 tipos de bebidas em c\u00e1psulas. Voc\u00ea pode preparar um cremoso caf\u00e9 Espresso, um Chococcino quentinho ou at\u00e9 um ch\u00e1 gelado.<br \/>\nBandeja para Res\u00edduos<br \/>\nIndicador do n\u00edvel de \u00e1gua<br \/>\nReservat\u00f3rio Remov\u00edvel<br \/>\nDesligamento Autom\u00e1tico<br \/>\nLuz Indicadora de Funcionamento<\/p>\n<p>Especifica\u00e7\u00f5es T\u00e9cnicas<br \/>\nModelo: DGS2<br \/>\nCor: Preta<br \/>\nPot\u00eancia: 1350 W<br \/>\nVoltagem: 110V\/220V (N\u00e3o \u00e9 Bivolt)<br \/>\nEAN: 3016661158865 (110V) \/ 3016661158872 (220V)<br \/>\nGarantia: 12 meses<\/p>\n<p>Dimens\u00f5es e Peso<br \/>\nDimens\u00f5es do produto com embalagem (AxLxP): 327x143x326 mm<br \/>\nPeso do produto com embalagem: 1,9 kg<\/p>\n<p>Itens Inclusos<br \/>\n01 Nescaf\u00e9 Dolce Gusto<br \/>\nManual de Instru\u00e7\u00f5es<\/p>\n<p>Agente Validador<br \/>\nProduto possui certifica\u00e7\u00e3o de seguran\u00e7a compuls\u00f3ria, certificado pela UL-BR 20.0445, organismo acreditado pela CGCRE do Inmetro.<\/p>\n","protected":false},"excerpt":{"rendered":"<p>15 Bars, Caf\u00e9 em C\u00e1psulas, 0,8 Litros de Capacidade, Prepara 01 X\u00edcara por C\u00e1psula A NESCAF\u00c9 Dolce Gusto Genio S Plus Preta da Arno \u00e9 uma m\u00e1quina Multi-Bebidas que prepara mais de 30 tipos de bebidas em c\u00e1psulas com inova\u00e7\u00f5es a cada ano. Voc\u00ea pode preparar um cremoso caf\u00e9 Espresso, um Chococcino quentinho ou at\u00e9 [&hellip;]<\/p>\n","protected":false},"featured_media":3121,"comment_status":"open","ping_status":"closed","template":"","meta":[],"product_brand":[],"product_cat":[72,79],"product_tag":[],"class_list":{"0":"post-3120","1":"product","2":"type-product","3":"status-publish","4":"has-post-thumbnail","6":"product_cat-eletroportateis","7":"product_cat-utilidades-domestica","9":"first","10":"instock","11":"shipping-taxable","12":"purchasable","13":"product-type-simple"},"_links":{"self":[{"href":"https:\/\/plataformaprojetos.site\/loja1wagner\/wp-json\/wp\/v2\/product\/3120","targetHints":{"allow":["GET"]}}],"collection":[{"href":"https:\/\/plataformaprojetos.site\/loja1wagner\/wp-json\/wp\/v2\/product"}],"about":[{"href":"https:\/\/plataformaprojetos.site\/loja1wagner\/wp-json\/wp\/v2\/types\/product"}],"replies":[{"embeddable":true,"href":"https:\/\/plataformaprojetos.site\/loja1wagner\/wp-json\/wp\/v2\/comments?post=3120"}],"wp:featuredmedia":[{"embeddable":true,"href":"https:\/\/plataformaprojetos.site\/loja1wagner\/wp-json\/wp\/v2\/media\/3121"}],"wp:attachment":[{"href":"https:\/\/plataformaprojetos.site\/loja1wagner\/wp-json\/wp\/v2\/media?parent=3120"}],"wp:term":[{"taxonomy":"product_brand","embeddable":true,"href":"https:\/\/plataformaprojetos.site\/loja1wagner\/wp-json\/wp\/v2\/product_brand?post=3120"},{"taxonomy":"product_cat","embeddable":true,"href":"https:\/\/plataformaprojetos.site\/loja1wagner\/wp-json\/wp\/v2\/product_cat?post=3120"},{"taxonomy":"product_tag","embeddable":true,"href":"https:\/\/plataformaprojetos.site\/loja1wagner\/wp-json\/wp\/v2\/product_tag?post=3120"}],"curies":[{"name":"wp","href":"https:\/\/api.w.org\/{rel}","templated":true}]}}