{"id":3150,"date":"2025-11-17T10:04:03","date_gmt":"2025-11-17T13:04:03","guid":{"rendered":"https:\/\/plataformaprojetos.site\/loja1wagner\/?post_type=product&#038;p=3150"},"modified":"2025-12-15T13:24:18","modified_gmt":"2025-12-15T16:24:18","slug":"lava-e-seca-samsung-wd11m-3-em-1-inox-look-com-lavagem-a-seco-wd11m4473px-11-kg-110v","status":"publish","type":"product","link":"https:\/\/plataformaprojetos.site\/loja1wagner\/produto\/lava-e-seca-samsung-wd11m-3-em-1-inox-look-com-lavagem-a-seco-wd11m4473px-11-kg-110v\/","title":{"rendered":"Lava e Seca Samsung WD11M 3 em 1 Inox Look com Lavagem a Seco WD11M4473PX \u2013 11 kg &#8211; 110V"},"content":{"rendered":"<div id=\"product-special-content-partner\" data-testid=\"product-special-content\">\n<div class=\"css-1n35da2\" data-component=\"special-content\" data-version=\"1.0.1-2\">\n<div class=\"css-1wb3f7s\">\n<div id=\"product-special-content-partner\">\n<div id=\"FlixmediaContent\">\n<div id=\"flix-inpage\">\n<div id=\"flixinpage_21741521763384027219\">\n<div id=\"flix-samsung-inpage\" data-flix-lang=\"br\">\n<div id=\"flix-std-inpage\" class=\"flix-samsung-t3 flix-smart-samsung flix-width-1000\">\n<div id=\"inpage_container\" class=\"inpage_900\" data-flx-p=\"2174152\" data-flixtime3=\"1763384121091\">\n<div class=\"inpage_selector_feature\">\n<div class=\"flix-std-container-fluid\">\n<div>\n<div class=\"\" data-module=\"FM00020C\" data-modtarget=\"FM00020C-al5eg\" data-modv=\"1\">\n<div class=\"flix-std-conta1ner-flu1d\">\n<div class=\"flix-std-row flix-samsung-black-text flix-samsung-module-white\">\n<div class=\"flix-std-clmn-lg-12 flix-std-clmn-sm-12 flix-std-clmn-xs-12\">\n<div class=\"flix-background-image\"><img decoding=\"async\" class=\"flix-img-responsive\" src=\"https:\/\/media.flixcar.com\/modular\/static\/inpage\/9\/images\/loading.gif\" srcset=\"https:\/\/media.flixcar.com\/webp\/synd-asset\/Samsung-276417546-br-feature-combo-wd80t4046cwef-544652508--ORIGIN_IMG-.jpg\" alt=\"Lava e Seca WD11M 11kg 1\" data-flixsrcset=\"https:\/\/media.flixcar.com\/webp\/synd-asset\/Samsung-276417518-br-feature-combo-wd80t4046cwef-544652509--ORIGIN_IMG-.jpg 200w, https:\/\/media.flixcar.com\/webp\/synd-asset\/Samsung-276417518-br-feature-combo-wd80t4046cwef-544652509--ORIGIN_IMG-.jpg 400w, https:\/\/media.flixcar.com\/webp\/synd-asset\/Samsung-276417518-br-feature-combo-wd80t4046cwef-544652509--ORIGIN_IMG-.jpg 600w, https:\/\/media.flixcar.com\/webp\/synd-asset\/Samsung-276417546-br-feature-combo-wd80t4046cwef-544652508--ORIGIN_IMG-.jpg 800w, https:\/\/media.flixcar.com\/webp\/synd-asset\/Samsung-276417546-br-feature-combo-wd80t4046cwef-544652508--ORIGIN_IMG-.jpg 1000w\" data-sizes=\"auto\" \/><\/div>\n<\/div>\n<\/div>\n<\/div>\n<\/div>\n<div class=\"flix-bannerBgClr flix-BackgroundThemeYN flix-text-dark flix-samsung-black-text\" data-module=\"FM00002A\" data-modv=\"1\" data-modtarget=\"FM00002A-apu5z\">\n<div class=\"flix-std-container-fluid\">\n<div class=\"flix-std-row\">\n<div class=\"flix-std-clmn-lg-12\">\n<div class=\"flix-std-clmn-lg-10 flix-std-clmn-lg-push-1\">\n<div class=\"flix-std-content flix-std-center\">\n<div class=\"flix-p3-title flix-d-h3 feature_modular_map_title\" role=\"heading\" aria-level=\"3\">Lava, seca e esteriliza a seco<\/div>\n<div class=\"flix-p3-subtitle flix-d-h5 feature_modular_map_sub_title\" role=\"heading\" aria-level=\"5\">3 em 1<a href=\"https:\/\/www.casasbahia.com.br\/lava-e-seca-samsung-wd11m-3-em-1-inox-look-com-lavagem-a-seco-wd11m4473px-11-kg-55048501.html#dcmr\"><sup>1<\/sup><\/a><\/div>\n<div class=\"flix-p3-desc flix-d-p feature_modular_map_desc\">Roupas sempre bem cuidadas com a lavadora que lava, seca e esteriliza a seco. Com o ciclo de lavagem a seco, voc\u00ea elimina odores indesej\u00e1veis e at\u00e9 99,9% das bact\u00e9rias e al\u00e9rgenos que causam problemas respirat\u00f3rios, sem usar \u00e1gua ou sab\u00e3o. Ideal para proteger sua sa\u00fade e a da sua fam\u00edlia.<\/div>\n<\/div>\n<\/div>\n<div class=\"flix-std-clmn-lg-12 flix-std-clmn-sm-12 flix-std-margintop flix-std-margintop\">\n<div class=\"flix-feature-image\"><img decoding=\"async\" class=\"flix-img-responsive\" src=\"https:\/\/media.flixcar.com\/modular\/static\/inpage\/9\/images\/loading.gif\" srcset=\"https:\/\/media.flixcar.com\/webp\/synd-asset\/Samsung-100983269-br-feature-combo-wd80t4046cwef-531455684--FB_TYPE_A_JPG-.jpg\" alt=\"Lava, seca e esteriliza a seco\" data-flixsrcset=\"https:\/\/media.flixcar.com\/webp\/synd-asset\/Samsung-100983261-br-feature-combo-wd80t4046cwef-531455685--FB_TYPE_A_MO_JPG-.jpg 200w, https:\/\/media.flixcar.com\/webp\/synd-asset\/Samsung-100983261-br-feature-combo-wd80t4046cwef-531455685--FB_TYPE_A_MO_JPG-.jpg 400w, https:\/\/media.flixcar.com\/webp\/synd-asset\/Samsung-100983261-br-feature-combo-wd80t4046cwef-531455685--FB_TYPE_A_MO_JPG-.jpg 600w, https:\/\/media.flixcar.com\/webp\/synd-asset\/Samsung-100983269-br-feature-combo-wd80t4046cwef-531455684--FB_TYPE_A_JPG-.jpg 800w, https:\/\/media.flixcar.com\/webp\/synd-asset\/Samsung-100983269-br-feature-combo-wd80t4046cwef-531455684--FB_TYPE_A_JPG-.jpg 1000w\" data-sizes=\"auto\" \/><\/div>\n<\/div>\n<div class=\"flix-std-clmn-lg-12\"><\/div>\n<\/div>\n<\/div>\n<\/div>\n<\/div>\n<div class=\"flix-bannerBgClr flix-BackgroundThemeYN flix-text-dark flix-samsung-black-text\" data-module=\"FM00002A\" data-modv=\"1\" data-modtarget=\"FM00002A-19rkk\">\n<div class=\"flix-std-container-fluid\">\n<div class=\"flix-std-row\">\n<div class=\"flix-std-clmn-lg-12\">\n<div class=\"flix-std-clmn-lg-10 flix-std-clmn-lg-push-1\">\n<div class=\"flix-std-content flix-std-center\">\n<div class=\"flix-p3-title flix-d-h3 feature_modular_map_title\" role=\"heading\" aria-level=\"3\">Maior economia, mais silenciosa e 20 anos de garantia<\/div>\n<div class=\"flix-p3-subtitle flix-d-h5 feature_modular_map_sub_title\" role=\"heading\" aria-level=\"5\">Motor Digital Inverter<a href=\"https:\/\/www.casasbahia.com.br\/lava-e-seca-samsung-wd11m-3-em-1-inox-look-com-lavagem-a-seco-wd11m4473px-11-kg-55048501.html#dcmr\"><sup>2<\/sup><\/a><\/div>\n<div class=\"flix-p3-desc flix-d-p feature_modular_map_desc\">A tecnologia Digital Inverter garante mais economia, menor n\u00edvel de ru\u00eddo e maior durabilidade* com 20 anos de garantia no motor**.<\/div>\n<\/div>\n<\/div>\n<div class=\"flix-std-clmn-lg-12 flix-std-clmn-sm-12 flix-std-margintop flix-std-margintop\">\n<div class=\"flix-feature-image\"><img decoding=\"async\" class=\"flix-img-responsive\" src=\"https:\/\/media.flixcar.com\/modular\/static\/inpage\/9\/images\/loading.gif\" srcset=\"https:\/\/media.flixcar.com\/webp\/synd-asset\/Samsung-116764289-br-feature-combo-wd80t4046cwef-535279916--FB_TYPE_A_JPG-.jpg\" alt=\"Maior economia, mais silenciosa e 20 anos de garantia\" data-flixsrcset=\"https:\/\/media.flixcar.com\/webp\/synd-asset\/Samsung-116764283-br-feature-combo-wd80t4046cwef-535279917--FB_TYPE_A_MO_JPG-.jpg 200w, https:\/\/media.flixcar.com\/webp\/synd-asset\/Samsung-116764283-br-feature-combo-wd80t4046cwef-535279917--FB_TYPE_A_MO_JPG-.jpg 400w, https:\/\/media.flixcar.com\/webp\/synd-asset\/Samsung-116764283-br-feature-combo-wd80t4046cwef-535279917--FB_TYPE_A_MO_JPG-.jpg 600w, https:\/\/media.flixcar.com\/webp\/synd-asset\/Samsung-116764289-br-feature-combo-wd80t4046cwef-535279916--FB_TYPE_A_JPG-.jpg 800w, https:\/\/media.flixcar.com\/webp\/synd-asset\/Samsung-116764289-br-feature-combo-wd80t4046cwef-535279916--FB_TYPE_A_JPG-.jpg 1000w\" data-sizes=\"auto\" \/><\/div>\n<\/div>\n<div class=\"flix-std-clmn-lg-12\"><\/div>\n<\/div>\n<\/div>\n<\/div>\n<\/div>\n<div class=\"flix-bannerBgClr flix-BackgroundThemeYN flix-text-dark flix-samsung-black-text\" data-module=\"FM00002A\" data-modv=\"1\" data-modtarget=\"FM00002A-0gjor\">\n<div class=\"flix-std-container-fluid\">\n<div class=\"flix-std-row\">\n<div class=\"flix-std-clmn-lg-12\">\n<div class=\"flix-std-clmn-lg-10 flix-std-clmn-lg-push-1\">\n<div class=\"flix-std-content flix-std-center\">\n<div class=\"flix-p3-title flix-d-h3 feature_modular_map_title\" role=\"heading\" aria-level=\"3\">Praticidade e rapidez<\/div>\n<div class=\"flix-p3-subtitle flix-d-h5 feature_modular_map_sub_title\" role=\"heading\" aria-level=\"5\">Lavagem r\u00e1pida em 15min e Lava e Seca em 59min<a href=\"https:\/\/www.casasbahia.com.br\/lava-e-seca-samsung-wd11m-3-em-1-inox-look-com-lavagem-a-seco-wd11m4473px-11-kg-55048501.html#dcmr\"><sup>3<\/sup><\/a><\/div>\n<div class=\"flix-p3-desc flix-d-p feature_modular_map_desc\">A WD11M lava e centrifuga as roupas em 15min no ciclo r\u00e1pido destinado a pequenas cargas, com sujeira leve. Ela ainda possui um ciclo de lavagem e secagem de 59min para garantir mais praticidade e tempo pra voc\u00ea.<\/div>\n<\/div>\n<\/div>\n<div class=\"flix-std-clmn-lg-12 flix-std-clmn-sm-12 flix-std-margintop flix-std-margintop\">\n<div class=\"flix-feature-image\"><img decoding=\"async\" class=\"flix-img-responsive\" src=\"https:\/\/media.flixcar.com\/modular\/static\/inpage\/9\/images\/loading.gif\" srcset=\"https:\/\/media.flixcar.com\/webp\/synd-asset\/Samsung-100983355-br-feature-combo-wd80t4046cwef-531455688--FB_TYPE_A_JPG-.jpg\" alt=\"Praticidade e rapidez\" data-flixsrcset=\"https:\/\/media.flixcar.com\/webp\/synd-asset\/Samsung-100983346-br-feature-combo-wd80t4046cwef-531455689--FB_TYPE_A_MO_JPG-.jpg 200w, https:\/\/media.flixcar.com\/webp\/synd-asset\/Samsung-100983346-br-feature-combo-wd80t4046cwef-531455689--FB_TYPE_A_MO_JPG-.jpg 400w, https:\/\/media.flixcar.com\/webp\/synd-asset\/Samsung-100983346-br-feature-combo-wd80t4046cwef-531455689--FB_TYPE_A_MO_JPG-.jpg 600w, https:\/\/media.flixcar.com\/webp\/synd-asset\/Samsung-100983355-br-feature-combo-wd80t4046cwef-531455688--FB_TYPE_A_JPG-.jpg 800w, https:\/\/media.flixcar.com\/webp\/synd-asset\/Samsung-100983355-br-feature-combo-wd80t4046cwef-531455688--FB_TYPE_A_JPG-.jpg 1000w\" data-sizes=\"auto\" \/><\/div>\n<\/div>\n<div class=\"flix-std-clmn-lg-12\"><\/div>\n<\/div>\n<\/div>\n<\/div>\n<\/div>\n<div class=\"flix-bannerBgClr flix-BackgroundThemeYN flix-text-dark flix-samsung-black-text\" data-module=\"FM00002C\" data-modv=\"1\" data-modtarget=\"FM00002C-6f7u7\">\n<div class=\"flix-std-container-fluid\">\n<div class=\"flix-std-row\">\n<div class=\"flix-std-clmn-lg-6 flix-std-clmn-sm-12 flix-std-left\">\n<div class=\"flix-std-clmn-lg-10 flix-std-clmn-lg-push-1\">\n<div class=\"flix-std-content\">\n<div class=\"flix-p3-title flix-d-h3 feature_modular_map_title\" role=\"heading\" aria-level=\"3\">Sua m\u00e1quina sempre limpa<\/div>\n<div class=\"flix-p3-subtitle flix-d-h3 feature_modular_map_sub_title\" role=\"heading\" aria-level=\"3\">Lavagem do Tambor Eco<a href=\"https:\/\/www.casasbahia.com.br\/lava-e-seca-samsung-wd11m-3-em-1-inox-look-com-lavagem-a-seco-wd11m4473px-11-kg-55048501.html#dcmr\"><sup>4<\/sup><\/a><\/div>\n<div class=\"flix-p3-desc flix-d-p feature_modular_map_desc\">Mantenha sua m\u00e1quina limpa de maneira ecol\u00f3gica. A Lavagem do Tambor Eco remove 99,9% das bact\u00e9rias causadoras de odor do tambor sem usar produtos qu\u00edmicos e ainda ajuda na manuten\u00e7\u00e3o do seu produto. E voc\u00ea ainda recebe uma notifica\u00e7\u00e3o de quando a sua m\u00e1quina precisa ser limpa.<\/div>\n<\/div>\n<\/div>\n<\/div>\n<div class=\"flix-std-clmn-lg-6 flix-std-clmn-sm-12 flix-img-right\">\n<div class=\"flix-feature-image\"><img decoding=\"async\" class=\"flix-img-responsive\" src=\"https:\/\/media.flixcar.com\/modular\/static\/inpage\/9\/images\/loading.gif\" srcset=\"https:\/\/media.flixcar.com\/webp\/synd-asset\/Samsung-100983372-br-feature-combo-wd80t4046cwef-531455691--FB_TYPE_B_MO_JPG-.jpg\" alt=\"Sua m\u00e1quina sempre limpa\" data-flixsrcset=\"https:\/\/media.flixcar.com\/webp\/synd-asset\/Samsung-100983372-br-feature-combo-wd80t4046cwef-531455691--FB_TYPE_B_MO_JPG-.jpg 200w, https:\/\/media.flixcar.com\/webp\/synd-asset\/Samsung-100983372-br-feature-combo-wd80t4046cwef-531455691--FB_TYPE_B_MO_JPG-.jpg 400w, https:\/\/media.flixcar.com\/webp\/synd-asset\/Samsung-100983372-br-feature-combo-wd80t4046cwef-531455691--FB_TYPE_B_MO_JPG-.jpg 600w, https:\/\/media.flixcar.com\/webp\/synd-asset\/Samsung-100983389-br-feature-combo-wd80t4046cwef-531455690--FB_TYPE_B_JPG-.jpg 800w, https:\/\/media.flixcar.com\/webp\/synd-asset\/Samsung-100983389-br-feature-combo-wd80t4046cwef-531455690--FB_TYPE_B_JPG-.jpg 1000w\" data-sizes=\"auto\" \/><\/div>\n<\/div>\n<\/div>\n<\/div>\n<\/div>\n<div class=\"flix-bannerBgClr flix-BackgroundThemeYN flix-text-dark flix-samsung-black-text\" data-module=\"FM00002C\" data-modv=\"1\" data-modtarget=\"FM00002C-n4wt9\">\n<div class=\"flix-std-container-fluid\">\n<div class=\"flix-std-row\">\n<div class=\"flix-std-clmn-lg-6 flix-std-clmn-lg-push-6 flix-std-clmn-sm-12 flix-std-clmn-sm-push-0 flix-std-left\">\n<div class=\"flix-std-clmn-lg-10 flix-std-clmn-lg-push-1\">\n<div class=\"flix-std-content\">\n<div class=\"flix-p3-title flix-d-h3 feature_modular_map_title\" role=\"heading\" aria-level=\"3\">Delicadeza para proteger os tecidos<\/div>\n<div class=\"flix-p3-subtitle flix-d-h3 feature_modular_map_sub_title\" role=\"heading\" aria-level=\"3\">Diamond Drum<\/div>\n<div class=\"flix-p3-desc flix-d-p feature_modular_map_desc\">O design do tambor da lava e seca Samsung \u00e9 delicado com as suas roupas. Seus pequenos orif\u00edcios em formato de diamante tamb\u00e9m ajudam a proteger os tecidos, reduzindo o atrito e prevenindo que suas roupas desfiem durante a lavagem.<\/div>\n<\/div>\n<\/div>\n<\/div>\n<div class=\"flix-std-clmn-lg-6 flix-std-clmn-lg-pull-6 flix-std-clmn-sm-12 flix-std-clmn-sm-pull-0 flix-img-left\">\n<div class=\"flix-feature-image\"><img decoding=\"async\" class=\"flix-img-responsive\" src=\"https:\/\/media.flixcar.com\/modular\/static\/inpage\/9\/images\/loading.gif\" srcset=\"https:\/\/media.flixcar.com\/webp\/synd-asset\/Samsung-100983407-br-feature-combo-wd80t4046cwef-531455693--FB_TYPE_C_MO_JPG-.jpg\" alt=\"Delicadeza para proteger os tecidos\" data-flixsrcset=\"https:\/\/media.flixcar.com\/webp\/synd-asset\/Samsung-100983407-br-feature-combo-wd80t4046cwef-531455693--FB_TYPE_C_MO_JPG-.jpg 200w, https:\/\/media.flixcar.com\/webp\/synd-asset\/Samsung-100983407-br-feature-combo-wd80t4046cwef-531455693--FB_TYPE_C_MO_JPG-.jpg 400w, https:\/\/media.flixcar.com\/webp\/synd-asset\/Samsung-100983407-br-feature-combo-wd80t4046cwef-531455693--FB_TYPE_C_MO_JPG-.jpg 600w, https:\/\/media.flixcar.com\/webp\/synd-asset\/Samsung-100983421-br-feature-combo-wd80t4046cwef-531455692--FB_TYPE_C_JPG-.jpg 800w, https:\/\/media.flixcar.com\/webp\/synd-asset\/Samsung-100983421-br-feature-combo-wd80t4046cwef-531455692--FB_TYPE_C_JPG-.jpg 1000w\" data-sizes=\"auto\" \/><\/div>\n<\/div>\n<\/div>\n<\/div>\n<\/div>\n<div class=\"flix-bannerBgClr flix-BackgroundThemeYN flix-text-dark flix-samsung-black-text\" data-module=\"FM00002C\" data-modv=\"1\" data-modtarget=\"FM00002C-oyxpj\">\n<div class=\"flix-std-container-fluid\">\n<div class=\"flix-std-row\">\n<div class=\"flix-std-clmn-lg-6 flix-std-clmn-sm-12 flix-std-left\">\n<div class=\"flix-std-clmn-lg-10 flix-std-clmn-lg-push-1\">\n<div class=\"flix-std-content\">\n<div class=\"flix-p3-title flix-d-h3 feature_modular_map_title\" role=\"heading\" aria-level=\"3\">Remove os res\u00edduos<\/div>\n<div class=\"flix-p3-subtitle flix-d-h3 feature_modular_map_sub_title\" role=\"heading\" aria-level=\"3\">Dispenser sempre limpo<\/div>\n<div class=\"flix-p3-desc flix-d-p feature_modular_map_desc\">O dispenser projetado com um sistema de passagem de \u00e1gua facilita a sa\u00edda do sab\u00e3o, mantendo-o limpo e evitando desperd\u00edcio de insumos.<\/div>\n<\/div>\n<\/div>\n<\/div>\n<div class=\"flix-std-clmn-lg-6 flix-std-clmn-sm-12 flix-img-right\">\n<div class=\"flix-feature-image\"><img decoding=\"async\" class=\"flix-img-responsive\" src=\"https:\/\/media.flixcar.com\/modular\/static\/inpage\/9\/images\/loading.gif\" srcset=\"https:\/\/media.flixcar.com\/webp\/synd-asset\/Samsung-100983440-br-feature-combo-wd80t4046cwef-531455697--FB_TYPE_B_MO_JPG-.jpg\" alt=\"Remove os res\u00edduos\" data-flixsrcset=\"https:\/\/media.flixcar.com\/webp\/synd-asset\/Samsung-100983440-br-feature-combo-wd80t4046cwef-531455697--FB_TYPE_B_MO_JPG-.jpg 200w, https:\/\/media.flixcar.com\/webp\/synd-asset\/Samsung-100983440-br-feature-combo-wd80t4046cwef-531455697--FB_TYPE_B_MO_JPG-.jpg 400w, https:\/\/media.flixcar.com\/webp\/synd-asset\/Samsung-100983440-br-feature-combo-wd80t4046cwef-531455697--FB_TYPE_B_MO_JPG-.jpg 600w, https:\/\/media.flixcar.com\/webp\/synd-asset\/Samsung-100983457-br-feature-combo-wd80t4046cwef-531455696--FB_TYPE_B_JPG-.jpg 800w, https:\/\/media.flixcar.com\/webp\/synd-asset\/Samsung-100983457-br-feature-combo-wd80t4046cwef-531455696--FB_TYPE_B_JPG-.jpg 1000w\" data-sizes=\"auto\" \/><\/div>\n<\/div>\n<\/div>\n<\/div>\n<\/div>\n<div class=\"flix-bannerBgClr flix-BackgroundThemeYN flix-text-dark flix-samsung-black-text\" data-module=\"FM000029A\" data-modv=\"1\" data-modtarget=\"FM000029A-ydp8l\">\n<div class=\"flix-std-container-fluid\">\n<div class=\"flix-std-row\">\n<div class=\"flix-std-clmn-lg-12\">\n<div class=\"flix-std-clmn-lg-10 flix-std-clmn-lg-push-1\">\n<div class=\"flix-std-content flix-std-center\"><\/div>\n<\/div>\n<\/div>\n<\/div>\n<\/div>\n<\/div>\n<\/div>\n<\/div>\n<\/div>\n<div>\n<div class=\"psg inpage_product_assets inpage_selector_gallery\" data-module=\"FM00007C\" data-modv=\"1\" data-modtarget=\"FM00007C-vbrhp\">\n<div class=\"inpage_block\">\n<div class=\"jcarousel-container jcarousel-container-horizontal\">\n<div class=\"flixkeycode jcarousel-next jcarousel-next-horizontal\" tabindex=\"0\" role=\"button\" aria-label=\"Next Image\" data-flix-media=\"next\"><\/div>\n<\/div>\n<div class=\"inpage_clear\"><\/div>\n<\/div>\n<\/div>\n<\/div>\n<div>\n<div class=\"inpage_selector_specification flix-samsung-new-specs  inpage_desktop\" data-module=\"FM00010B\" data-modv=\"1\" data-modtarget=\"FM00010B-20ohg\">\n<div class=\"inpage_selector_specification inpage_desktop\">\n<div class=\"inpage_block flix-specs flix-hidden2\">\n<div class=\"inpage_block_inner\">\n<div class=\"flix-spec-flex-section\">\n<div class=\"flix-spec-big-title\" role=\"heading\" aria-level=\"3\">Especifica\u00e7\u00f5es<\/div>\n<div class=\"flix-spec-toggle-element\">\n<div class=\"flix-expand-button flixkeycode\" tabindex=\"0\" role=\"button\" data-flix-media=\"Expandir tudo\" aria-label=\"Expandir tudo\" data-expanded=\"false\"><span class=\"flix-expanded-title\">Expandir tudo<\/span><\/div>\n<\/div>\n<\/div>\n<div class=\"inpage_spec_img\"><\/div>\n<div class=\"inpage_spec-section\">\n<div class=\"inpage_spec-list\">\n<div class=\"inpage_h4 inpage_tit flixkeycode open\" tabindex=\"0\" role=\"button\" aria-label=\"Click to toggle visibility\" aria-expanded=\"true\" data-flix-media=\"Expanded Specs\"><\/div>\n<div class=\"flix-li-row-wrapper\" aria-expanded=\"true\">\n<div class=\"li-row\">\n<ul>\n<li>\n<div class=\"inpage_spec\">\n<div class=\"inpage_h5 flix-d-h6\">Capacidade de lavagem (kg)<\/div>\n<div class=\"inpage_desc flix-d-p feature_modular_map_desc\">11<\/div>\n<\/div>\n<\/li>\n<li>\n<div class=\"inpage_spec\">\n<div class=\"inpage_h5 flix-d-h6\">Capacidade de Secagem (kg)<\/div>\n<div class=\"inpage_desc flix-d-p feature_modular_map_desc\">7<\/div>\n<\/div>\n<\/li>\n<li>\n<div class=\"inpage_spec\">\n<div class=\"inpage_h5 flix-d-h6\">Dimens\u00f5es s\/ embalagem (LxAxP)<\/div>\n<div class=\"inpage_desc flix-d-p feature_modular_map_desc\">600 x 850 x 650 mm<\/div>\n<\/div>\n<\/li>\n<li>\n<div class=\"inpage_spec\">\n<div class=\"inpage_h5 flix-d-h6\">Peso l\u00edquido<\/div>\n<div class=\"inpage_desc flix-d-p feature_modular_map_desc\">68 kg<\/div>\n<\/div>\n<\/li>\n<\/ul>\n<\/div>\n<\/div>\n<div class=\"inpage_clear\"><\/div>\n<\/div>\n<div class=\"inpage_spec-list\"><\/div>\n<div class=\"inpage_spec-list\">\n<div class=\"inpage_h4 inpage_tit flixkeycode\" tabindex=\"0\" role=\"button\" aria-label=\"Especifica\u00e7\u00f5es F\u00edsicas\" aria-expanded=\"false\" data-flix-media=\"Expanded Specs\"><\/div>\n<div class=\"inpage_clear\"><\/div>\n<\/div>\n<\/div>\n<\/div>\n<\/div>\n<\/div>\n<\/div>\n<\/div>\n<div>\n<div class=\"flix-footnote-module\" data-module=\"FM00011A\" data-modv=\"1\" data-modtarget=\"FM00011A-dqx48\" data-flixtime3=\"1763384127607\">\n<div class=\"flix-std-container-fluid flix-std-margintop\">\n<div class=\"flix-std-row\">\n<div class=\"inpage_product_assets flix-std-clmn-lg-12\">\n<div class=\"flix-std-content {{sub_inner_class_name}}\">\n<div class=\"flix-std-sup flix-d-small feature_modular_map_footnote\">* O recurso principal pode ser diferente das especifica\u00e7\u00f5es principais<\/div>\n<\/div>\n<\/div>\n<\/div>\n<\/div>\n<\/div>\n<\/div>\n<\/div>\n<\/div>\n<\/div>\n<p><span id=\"inpage-data-2174152\"><\/span><\/div>\n<div><span id=\"flix-privacy-policy\"><a class=\"flix-privacy-policy-link\" tabindex=\"0\" role=\"button\" href=\"https:\/\/www.casasbahia.com.br\/lava-e-seca-samsung-wd11m-3-em-1-inox-look-com-lavagem-a-seco-wd11m4473px-11-kg-55048501.html#\" aria-expanded=\"false\"><img decoding=\"async\" title=\"Powered by Flixmedia\" src=\"https:\/\/media.flixcar.com\/modular\/static\/images\/icon_privacy_policy.svg\" alt=\"Powered by Flixmedia\" \/><\/a><\/span><\/p>\n<div class=\"flix-policytext-container\"><\/div>\n<\/div>\n<\/div>\n<\/div>\n<\/div>\n<\/div>\n<\/div>\n<\/div>\n<div>\n<div id=\"product-description\">Lave e seque roupas com mais rapidez, efici\u00eancia e praticidade no dia a dia com a Lava e Seca Samsung WD11M Inox Look. Ela lava, seca e esteriliza a seco, mantendo suas as roupas muito bem cuidadas.<\/p>\n<p>Seu sistema de lavagem a seco ajuda a eliminar odores, bact\u00e9rias e al\u00e9rgenos, garantindo mais sa\u00fade a toda a fam\u00edlia.<\/p>\n<p>Se voc\u00ea tem poucas pe\u00e7as para lavar e que est\u00e3o levemente sujas, n\u00e3o tem problema. A Lava e Seca WD11M, da Samsung, conta com programas de lavagem r\u00e1pida em 15 min. Tem, ainda, o ciclo Lava e Seca em 59 min. Ou seja, em menos de 1 hora a m\u00e1quina lava, enxagua, centrifuga e seca suas roupas com efici\u00eancia, poupando seu tempo e facilitando sua vida.<\/p>\n<p>E mais! O Tambor Diamond Drum traz um ambiente perfeito para lavagens delicadas, ajudando a proteger os tecidos para que n\u00e3o desfiem durante a lavagem.<\/p>\n<p>E tudo isso, com um Motor Digital Inverter que proporciona mais economia de energia, menor n\u00edvel de ru\u00eddo e desempenho duradouro.<\/p><\/div>\n<\/div>\n","protected":false},"excerpt":{"rendered":"<p>Lava, seca e esteriliza a seco 3 em 11 Roupas sempre bem cuidadas com a lavadora que lava, seca e esteriliza a seco. Com o ciclo de lavagem a seco, voc\u00ea elimina odores indesej\u00e1veis e at\u00e9 99,9% das bact\u00e9rias e al\u00e9rgenos que causam problemas respirat\u00f3rios, sem usar \u00e1gua ou sab\u00e3o. Ideal para proteger sua sa\u00fade [&hellip;]<\/p>\n","protected":false},"featured_media":3168,"comment_status":"open","ping_status":"closed","template":"","meta":[],"product_brand":[],"product_cat":[69,79],"product_tag":[],"class_list":{"0":"post-3150","1":"product","2":"type-product","3":"status-publish","4":"has-post-thumbnail","6":"product_cat-eletrodomesticos","7":"product_cat-utilidades-domestica","9":"first","10":"instock","11":"shipping-taxable","12":"purchasable","13":"product-type-simple"},"_links":{"self":[{"href":"https:\/\/plataformaprojetos.site\/loja1wagner\/wp-json\/wp\/v2\/product\/3150","targetHints":{"allow":["GET"]}}],"collection":[{"href":"https:\/\/plataformaprojetos.site\/loja1wagner\/wp-json\/wp\/v2\/product"}],"about":[{"href":"https:\/\/plataformaprojetos.site\/loja1wagner\/wp-json\/wp\/v2\/types\/product"}],"replies":[{"embeddable":true,"href":"https:\/\/plataformaprojetos.site\/loja1wagner\/wp-json\/wp\/v2\/comments?post=3150"}],"wp:featuredmedia":[{"embeddable":true,"href":"https:\/\/plataformaprojetos.site\/loja1wagner\/wp-json\/wp\/v2\/media\/3168"}],"wp:attachment":[{"href":"https:\/\/plataformaprojetos.site\/loja1wagner\/wp-json\/wp\/v2\/media?parent=3150"}],"wp:term":[{"taxonomy":"product_brand","embeddable":true,"href":"https:\/\/plataformaprojetos.site\/loja1wagner\/wp-json\/wp\/v2\/product_brand?post=3150"},{"taxonomy":"product_cat","embeddable":true,"href":"https:\/\/plataformaprojetos.site\/loja1wagner\/wp-json\/wp\/v2\/product_cat?post=3150"},{"taxonomy":"product_tag","embeddable":true,"href":"https:\/\/plataformaprojetos.site\/loja1wagner\/wp-json\/wp\/v2\/product_tag?post=3150"}],"curies":[{"name":"wp","href":"https:\/\/api.w.org\/{rel}","templated":true}]}}