{"id":3175,"date":"2025-11-17T10:17:34","date_gmt":"2025-11-17T13:17:34","guid":{"rendered":"https:\/\/plataformaprojetos.site\/loja1wagner\/?post_type=product&#038;p=3175"},"modified":"2025-12-15T13:24:04","modified_gmt":"2025-12-15T16:24:04","slug":"geladeira-midea-cycle-defrost-duplex-md-rt411fgf01-branca-294l-110v","status":"publish","type":"product","link":"https:\/\/plataformaprojetos.site\/loja1wagner\/produto\/geladeira-midea-cycle-defrost-duplex-md-rt411fgf01-branca-294l-110v\/","title":{"rendered":"Geladeira Midea Cycle Defrost Duplex MD-RT411FGF01 Branca &#8211; 294L &#8211; 110V"},"content":{"rendered":"<div id=\"product-special-content-partner\" data-testid=\"product-special-content\">\n<div class=\"css-1n35da2\" data-component=\"special-content\" data-version=\"1.0.1-2\">\n<div class=\"css-1wb3f7s\">\n<div class=\"css-gbwsnk\"><img decoding=\"async\" src=\"https:\/\/imgs.via.com.br\/special-contents\/f03db953-c159-4768-b0dc-1538e5d553fc\/42f65cb6-db7e-4924-b9fc-220a81335913.jpg\" alt=\"Amplo espa\u00e7o para manter seus alimentos fresquinhos Ideal para quem precisa de espa\u00e7o e efici\u00eancia. Com uma capacidade total de 294 litros, sendo 69 litros dedicados ao freezer e 225 litros ao refrigerador, ela proporciona amplo espa\u00e7o para armazenar todos os seus alimentos e bebidas de forma organizada. Seu design pr\u00e1tico e moderno se adapta facilmente a qualquer cozinha.\" \/><\/div>\n<div class=\"css-gbwsnk\"><img decoding=\"async\" src=\"https:\/\/imgs.via.com.br\/special-contents\/f03db953-c159-4768-b0dc-1538e5d553fc\/543885cd-61d2-4eaf-89dc-6407522a104e.jpg\" alt=\"Amplo espa\u00e7o para manter seus alimentos fresquinhos Ideal para quem precisa de espa\u00e7o e efici\u00eancia. Com uma capacidade total de 294 litros, sendo 69 litros dedicados ao freezer e 225 litros ao refrigerador, ela proporciona amplo espa\u00e7o para armazenar todos os seus alimentos e bebidas de forma organizada. Seu design pr\u00e1tico e moderno se adapta facilmente a qualquer cozinha.\" \/><\/div>\n<div class=\"css-gbwsnk\"><img decoding=\"async\" src=\"https:\/\/imgs.via.com.br\/special-contents\/f03db953-c159-4768-b0dc-1538e5d553fc\/f3c7f2f7-6b58-4b31-be8b-a904f7afe425.jpg\" alt=\"Amplo espa\u00e7o para manter seus alimentos fresquinhos Ideal para quem precisa de espa\u00e7o e efici\u00eancia. Com uma capacidade total de 294 litros, sendo 69 litros dedicados ao freezer e 225 litros ao refrigerador, ela proporciona amplo espa\u00e7o para armazenar todos os seus alimentos e bebidas de forma organizada. Seu design pr\u00e1tico e moderno se adapta facilmente a qualquer cozinha.\" \/><\/div>\n<div class=\"css-gbwsnk\"><img decoding=\"async\" src=\"https:\/\/imgs.via.com.br\/special-contents\/f03db953-c159-4768-b0dc-1538e5d553fc\/f562176b-e6b1-4f76-95a1-0e743890d4a3.jpg\" alt=\"Amplo espa\u00e7o para manter seus alimentos fresquinhos Ideal para quem precisa de espa\u00e7o e efici\u00eancia. Com uma capacidade total de 294 litros, sendo 69 litros dedicados ao freezer e 225 litros ao refrigerador, ela proporciona amplo espa\u00e7o para armazenar todos os seus alimentos e bebidas de forma organizada. Seu design pr\u00e1tico e moderno se adapta facilmente a qualquer cozinha.\" \/><\/div>\n<div class=\"css-gbwsnk\"><img decoding=\"async\" src=\"https:\/\/imgs.via.com.br\/special-contents\/f03db953-c159-4768-b0dc-1538e5d553fc\/5901f42e-6116-4b17-bd53-5a541eba9285.jpg\" alt=\"Amplo espa\u00e7o para manter seus alimentos fresquinhos Ideal para quem precisa de espa\u00e7o e efici\u00eancia. Com uma capacidade total de 294 litros, sendo 69 litros dedicados ao freezer e 225 litros ao refrigerador, ela proporciona amplo espa\u00e7o para armazenar todos os seus alimentos e bebidas de forma organizada. Seu design pr\u00e1tico e moderno se adapta facilmente a qualquer cozinha.\" \/><\/div>\n<div class=\"css-gbwsnk\"><img decoding=\"async\" src=\"https:\/\/imgs.via.com.br\/special-contents\/f03db953-c159-4768-b0dc-1538e5d553fc\/752b8d64-38e7-41b1-8ef2-74e73b72ec38.jpg\" alt=\"Amplo espa\u00e7o para manter seus alimentos fresquinhos Ideal para quem precisa de espa\u00e7o e efici\u00eancia. Com uma capacidade total de 294 litros, sendo 69 litros dedicados ao freezer e 225 litros ao refrigerador, ela proporciona amplo espa\u00e7o para armazenar todos os seus alimentos e bebidas de forma organizada. Seu design pr\u00e1tico e moderno se adapta facilmente a qualquer cozinha.\" \/><\/div>\n<div class=\"css-gbwsnk\"><img decoding=\"async\" src=\"https:\/\/imgs.via.com.br\/special-contents\/f03db953-c159-4768-b0dc-1538e5d553fc\/3423f4c2-4cb2-433d-a804-d1c2fdda332a.jpg\" alt=\"Amplo espa\u00e7o para manter seus alimentos fresquinhos Ideal para quem precisa de espa\u00e7o e efici\u00eancia. Com uma capacidade total de 294 litros, sendo 69 litros dedicados ao freezer e 225 litros ao refrigerador, ela proporciona amplo espa\u00e7o para armazenar todos os seus alimentos e bebidas de forma organizada. Seu design pr\u00e1tico e moderno se adapta facilmente a qualquer cozinha.\" \/><\/div>\n<\/div>\n<\/div>\n<\/div>\n<div>\n<div id=\"product-description\">Amplo espa\u00e7o para manter seus alimentos fresquinhos<br \/>\nIdeal para quem precisa de espa\u00e7o e efici\u00eancia. Com uma capacidade total de 294 litros, sendo 69 litros dedicados ao freezer e 225 litros ao refrigerador, ela proporciona amplo espa\u00e7o para armazenar todos os seus alimentos e bebidas de forma organizada. Seu design pr\u00e1tico e moderno se adapta facilmente a qualquer cozinha.<\/p>\n<p>Prateleiras de vidro e gavet\u00e3o hortifruti<br \/>\nOrganiza\u00e7\u00e3o e limpeza s\u00e3o facilitadas pelas prateleiras de vidro da Geladeira Midea. Essas prateleiras s\u00e3o f\u00e1ceis de limpar, permitindo que voc\u00ea mantenha tudo em ordem sem esfor\u00e7o. Al\u00e9m disso, o gavet\u00e3o hortifruti \u00e9 perfeito para armazenar frutas, legumes e verduras, garantindo frescor e praticidade no dia a dia.<\/p>\n<p>Sin\u00f4nimo de efici\u00eancia energ\u00e9tica<br \/>\nA economia \u00e9 um dos pontos fortes da Geladeira Duplex Cycle Defrost MD-RT411. O modelo 127V possui classifica\u00e7\u00e3o energ\u00e9tica A, enquanto o modelo 220V recebe a classifica\u00e7\u00e3o A+, garantindo efici\u00eancia energ\u00e9tica e redu\u00e7\u00e3o no consumo de eletricidade. Dessa forma, voc\u00ea pode preservar seus alimentos de maneira econ\u00f4mica, sem comprometer o desempenho do aparelho.<\/p>\n<p>Funcionalidades adicionais<br \/>\nPara completar, a Geladeira Midea Cycle Defrost Duplex MD-RT411 vem equipada com Chiller Box e desodorizador. O Chiller Box \u00e9 ideal para armazenar alimentos que necessitam de temperaturas mais baixas, como carnes e latic\u00ednios, enquanto o desodorizador mant\u00e9m o interior da geladeira livre de odores indesejados. Esses recursos adicionais garantem maior praticidade e conveni\u00eancia para o seu dia a dia.<\/p><\/div>\n<\/div>\n","protected":false},"excerpt":{"rendered":"<p>Amplo espa\u00e7o para manter seus alimentos fresquinhos Ideal para quem precisa de espa\u00e7o e efici\u00eancia. Com uma capacidade total de 294 litros, sendo 69 litros dedicados ao freezer e 225 litros ao refrigerador, ela proporciona amplo espa\u00e7o para armazenar todos os seus alimentos e bebidas de forma organizada. Seu design pr\u00e1tico e moderno se adapta [&hellip;]<\/p>\n","protected":false},"featured_media":3180,"comment_status":"open","ping_status":"closed","template":"","meta":[],"product_brand":[],"product_cat":[69,79],"product_tag":[],"class_list":{"0":"post-3175","1":"product","2":"type-product","3":"status-publish","4":"has-post-thumbnail","6":"product_cat-eletrodomesticos","7":"product_cat-utilidades-domestica","9":"first","10":"instock","11":"shipping-taxable","12":"purchasable","13":"product-type-simple"},"_links":{"self":[{"href":"https:\/\/plataformaprojetos.site\/loja1wagner\/wp-json\/wp\/v2\/product\/3175","targetHints":{"allow":["GET"]}}],"collection":[{"href":"https:\/\/plataformaprojetos.site\/loja1wagner\/wp-json\/wp\/v2\/product"}],"about":[{"href":"https:\/\/plataformaprojetos.site\/loja1wagner\/wp-json\/wp\/v2\/types\/product"}],"replies":[{"embeddable":true,"href":"https:\/\/plataformaprojetos.site\/loja1wagner\/wp-json\/wp\/v2\/comments?post=3175"}],"wp:featuredmedia":[{"embeddable":true,"href":"https:\/\/plataformaprojetos.site\/loja1wagner\/wp-json\/wp\/v2\/media\/3180"}],"wp:attachment":[{"href":"https:\/\/plataformaprojetos.site\/loja1wagner\/wp-json\/wp\/v2\/media?parent=3175"}],"wp:term":[{"taxonomy":"product_brand","embeddable":true,"href":"https:\/\/plataformaprojetos.site\/loja1wagner\/wp-json\/wp\/v2\/product_brand?post=3175"},{"taxonomy":"product_cat","embeddable":true,"href":"https:\/\/plataformaprojetos.site\/loja1wagner\/wp-json\/wp\/v2\/product_cat?post=3175"},{"taxonomy":"product_tag","embeddable":true,"href":"https:\/\/plataformaprojetos.site\/loja1wagner\/wp-json\/wp\/v2\/product_tag?post=3175"}],"curies":[{"name":"wp","href":"https:\/\/api.w.org\/{rel}","templated":true}]}}