{"id":3184,"date":"2025-11-17T10:21:42","date_gmt":"2025-11-17T13:21:42","guid":{"rendered":"https:\/\/plataformaprojetos.site\/loja1wagner\/?post_type=product&#038;p=3184"},"modified":"2025-12-15T13:23:57","modified_gmt":"2025-12-15T16:23:57","slug":"geladeira-midea-cycle-defrost-duplex-294-litros-branca-md-rt411-110v","status":"publish","type":"product","link":"https:\/\/plataformaprojetos.site\/loja1wagner\/produto\/geladeira-midea-cycle-defrost-duplex-294-litros-branca-md-rt411-110v\/","title":{"rendered":"Geladeira Midea Cycle Defrost Duplex 294 Litros Branca MD-RT411 110V"},"content":{"rendered":"<p>Geladeira Midea Cycle Defrost Duplex 294 Litros Branca MD-RT411 110V<\/p>\n<p>Geladeira Midea Cycle Defrost Duplex 294 Litros Branca MD-RT411<\/p>\n<p>A geladeira Duplex Cycle Defrost MD-RT411 Midea 294L Branca veio para proporcionar um amplo espa\u00e7o para preservar seus alimentos e bebidas, gra\u00e7as aos 69L de freezer e 225L de refrigerador.<\/p>\n<p>Possui prateleiras de vidro, tornando mais f\u00e1cil a limpeza e organiza\u00e7\u00e3o, al\u00e9m de contar com um gavet\u00e3o hortifruti, para armazengaem mais pr\u00e1tica de frutas, legumes e verduras.<\/p>\n<p>Econ\u00f4mica:<br \/>\nClassifica\u00e7\u00e3o Energ\u00e9tica A para modelo 127V e A+ para modelo 220V.<\/p>\n<p>Ampla capacidade:<br \/>\nFreezer de 69L e um total de 294L de espa\u00e7o para a sua fam\u00edlia.<\/p>\n<p>Cycle defrost:<br \/>\n\u00c9 necess\u00e1rio o processo manual de degelo para essa geladeira.<\/p>\n<p>Prateleiras de vidro:<br \/>\nMais f\u00e1cil de limpar e organizar seus alimentos.<\/p>\n<p>Gavet\u00e3o hortifruti:<br \/>\nArmazene frutas, verduras e legumes de forma pr\u00e1tica e r\u00e1pida, facilitando na organiza\u00e7\u00e3o da geladeira.<\/p>\n<p>Especifica\u00e7\u00f5es T\u00e9cnicas:<\/p>\n<p>Marca: Midea<br \/>\nTipo: Duplex<br \/>\nModelo: MD-RT411<br \/>\nDisponivel nas Voltagens: 127V e 220V<br \/>\nDegelo: Cycle Defrost<br \/>\nCapacidade \u00datil do Refrigerador (L): 225<br \/>\nCapacidade \u00datil do Freezer (L): 69<br \/>\nCapacidade \u00datil Total (L): 294<br \/>\nCor: Branca<br \/>\nClassifica\u00e7\u00e3o Procel\/Efici\u00eancia Energ\u00e9tica: A<br \/>\nConsumo Aproximado de Energia: 40,4 kWh\/m\u00eas<br \/>\nInverter: N\u00e3o<br \/>\nPainel de Controle: Mec\u00e2nico<br \/>\nControle de Temperatura do Freezer no Painel Externo:<br \/>\nPorta Ovo: Sim (2)<br \/>\nIlumina\u00e7\u00e3o: Sim<br \/>\nQuantidade de Prateleiras no Refrigerador: 4 (vidro)<br \/>\nPrateleiras no freezer: 1 (vidro)<br \/>\nBandeja na porta: 3<br \/>\nGavetas para frutas e legumes: Sim<br \/>\nPot\u00eancia de Opera\u00e7\u00e3o (W):<br \/>\nG\u00e1s refrigerante: R600a<br \/>\nDesodorizador: N\u00e3o<br \/>\nTipo de Tomada: 10A<\/p>\n<p>Itens inclusos na embalagem: 1 manual, 1 bandeja de gelo, 1 p\u00e1 para retirada de gelo e 2 bandejas de ovos.<\/p>\n<p>de Registro no Inmetro: 2032\/2024<\/p>\n<p>Dimens\u00f5es e peso:<br \/>\nAltura: 176 cm<br \/>\nLargura: 59,5 cm<br \/>\nProfundidade: 55 cm<br \/>\nPeso: 47 Kg<\/p>\n<p>:<br \/>\n01 Ano (Sendo 3 meses de legal e mais 9 meses de para de fabrica\u00e7\u00e3o e 10 anos de no compressor.)<\/p>\n","protected":false},"excerpt":{"rendered":"<p>Geladeira Midea Cycle Defrost Duplex 294 Litros Branca MD-RT411 110V Geladeira Midea Cycle Defrost Duplex 294 Litros Branca MD-RT411 A geladeira Duplex Cycle Defrost MD-RT411 Midea 294L Branca veio para proporcionar um amplo espa\u00e7o para preservar seus alimentos e bebidas, gra\u00e7as aos 69L de freezer e 225L de refrigerador. Possui prateleiras de vidro, tornando mais [&hellip;]<\/p>\n","protected":false},"featured_media":3188,"comment_status":"open","ping_status":"closed","template":"","meta":[],"product_brand":[],"product_cat":[69,79],"product_tag":[],"class_list":{"0":"post-3184","1":"product","2":"type-product","3":"status-publish","4":"has-post-thumbnail","6":"product_cat-eletrodomesticos","7":"product_cat-utilidades-domestica","9":"first","10":"instock","11":"shipping-taxable","12":"purchasable","13":"product-type-simple"},"_links":{"self":[{"href":"https:\/\/plataformaprojetos.site\/loja1wagner\/wp-json\/wp\/v2\/product\/3184","targetHints":{"allow":["GET"]}}],"collection":[{"href":"https:\/\/plataformaprojetos.site\/loja1wagner\/wp-json\/wp\/v2\/product"}],"about":[{"href":"https:\/\/plataformaprojetos.site\/loja1wagner\/wp-json\/wp\/v2\/types\/product"}],"replies":[{"embeddable":true,"href":"https:\/\/plataformaprojetos.site\/loja1wagner\/wp-json\/wp\/v2\/comments?post=3184"}],"wp:featuredmedia":[{"embeddable":true,"href":"https:\/\/plataformaprojetos.site\/loja1wagner\/wp-json\/wp\/v2\/media\/3188"}],"wp:attachment":[{"href":"https:\/\/plataformaprojetos.site\/loja1wagner\/wp-json\/wp\/v2\/media?parent=3184"}],"wp:term":[{"taxonomy":"product_brand","embeddable":true,"href":"https:\/\/plataformaprojetos.site\/loja1wagner\/wp-json\/wp\/v2\/product_brand?post=3184"},{"taxonomy":"product_cat","embeddable":true,"href":"https:\/\/plataformaprojetos.site\/loja1wagner\/wp-json\/wp\/v2\/product_cat?post=3184"},{"taxonomy":"product_tag","embeddable":true,"href":"https:\/\/plataformaprojetos.site\/loja1wagner\/wp-json\/wp\/v2\/product_tag?post=3184"}],"curies":[{"name":"wp","href":"https:\/\/api.w.org\/{rel}","templated":true}]}}