{"id":3194,"date":"2025-11-17T10:40:26","date_gmt":"2025-11-17T13:40:26","guid":{"rendered":"https:\/\/plataformaprojetos.site\/loja1wagner\/?post_type=product&#038;p=3194"},"modified":"2025-12-15T13:23:27","modified_gmt":"2025-12-15T16:23:27","slug":"geladeira-midea-duplex-cycle-defrost-294l-md-rt411-110v","status":"publish","type":"product","link":"https:\/\/plataformaprojetos.site\/loja1wagner\/produto\/geladeira-midea-duplex-cycle-defrost-294l-md-rt411-110v\/","title":{"rendered":"Geladeira Midea Duplex Cycle Defrost 294L MD-RT411 &#8211; 110V"},"content":{"rendered":"<p>A geladeira Duplex Cycle Defrost MD-RT411 Midea 294L Branca veio para proporcionar um amplo espa\u00e7o para preservar seus alimentos e bebidas, gra\u00e7as aos 69L de freezer e 225L de refrigerador. Possui prateleiras de vidro, tornando mais f\u00e1cil a limpeza e organiza\u00e7\u00e3o, al\u00e9m de contar com um gavet\u00e3o hortifruti, para armazengaem mais pr\u00e1tica de frutas, legumes e verduras. Ela tamb\u00e9m \u00e9 econ\u00f4mica, com classifica\u00e7\u00e3o A -modelo 127V- e A+ -modelo 220V-.<br \/>\nMODELO: MD-RT411<br \/>\nEcon\u00f4mico: Classifica\u00e7\u00e3o Energ\u00e9tica A para modelo 127V e A+ para modelo 220V.<br \/>\nGavet\u00e3o hortifruti: armazene frutas, verduras e legumes de forma pr\u00e1tica e r\u00e1pida, facilitando na organiza\u00e7\u00e3o da geladeira.<br \/>\nPrateleiras de vidro: mais f\u00e1cil de limpar e organizar seus alimentos.<br \/>\nAmpla capacidade: freezer de 69L e um total de 294L de espa\u00e7o para a sua fam\u00edlia.<br \/>\nCycle defrost: \u00e9 necess\u00e1rio o processo manual de degelo para essa geladeira.<br \/>\nAltura: 176 cm<br \/>\nLargura: 59,5 cm<br \/>\nProfundidade: 55 cm<br \/>\nPeso: 47 Kg<br \/>\nGarantia: 12 meses<\/p>\n","protected":false},"excerpt":{"rendered":"<p>A geladeira Duplex Cycle Defrost MD-RT411 Midea 294L Branca veio para proporcionar um amplo espa\u00e7o para preservar seus alimentos e bebidas, gra\u00e7as aos 69L de freezer e 225L de refrigerador. Possui prateleiras de vidro, tornando mais f\u00e1cil a limpeza e organiza\u00e7\u00e3o, al\u00e9m de contar com um gavet\u00e3o hortifruti, para armazengaem mais pr\u00e1tica de frutas, legumes [&hellip;]<\/p>\n","protected":false},"featured_media":3197,"comment_status":"open","ping_status":"closed","template":"","meta":[],"product_brand":[],"product_cat":[69,79],"product_tag":[],"class_list":{"0":"post-3194","1":"product","2":"type-product","3":"status-publish","4":"has-post-thumbnail","6":"product_cat-eletrodomesticos","7":"product_cat-utilidades-domestica","9":"first","10":"instock","11":"shipping-taxable","12":"purchasable","13":"product-type-simple"},"_links":{"self":[{"href":"https:\/\/plataformaprojetos.site\/loja1wagner\/wp-json\/wp\/v2\/product\/3194","targetHints":{"allow":["GET"]}}],"collection":[{"href":"https:\/\/plataformaprojetos.site\/loja1wagner\/wp-json\/wp\/v2\/product"}],"about":[{"href":"https:\/\/plataformaprojetos.site\/loja1wagner\/wp-json\/wp\/v2\/types\/product"}],"replies":[{"embeddable":true,"href":"https:\/\/plataformaprojetos.site\/loja1wagner\/wp-json\/wp\/v2\/comments?post=3194"}],"wp:featuredmedia":[{"embeddable":true,"href":"https:\/\/plataformaprojetos.site\/loja1wagner\/wp-json\/wp\/v2\/media\/3197"}],"wp:attachment":[{"href":"https:\/\/plataformaprojetos.site\/loja1wagner\/wp-json\/wp\/v2\/media?parent=3194"}],"wp:term":[{"taxonomy":"product_brand","embeddable":true,"href":"https:\/\/plataformaprojetos.site\/loja1wagner\/wp-json\/wp\/v2\/product_brand?post=3194"},{"taxonomy":"product_cat","embeddable":true,"href":"https:\/\/plataformaprojetos.site\/loja1wagner\/wp-json\/wp\/v2\/product_cat?post=3194"},{"taxonomy":"product_tag","embeddable":true,"href":"https:\/\/plataformaprojetos.site\/loja1wagner\/wp-json\/wp\/v2\/product_tag?post=3194"}],"curies":[{"name":"wp","href":"https:\/\/api.w.org\/{rel}","templated":true}]}}