{"id":3199,"date":"2025-11-17T10:45:51","date_gmt":"2025-11-17T13:45:51","guid":{"rendered":"https:\/\/plataformaprojetos.site\/loja1wagner\/?post_type=product&#038;p=3199"},"modified":"2025-12-15T13:23:19","modified_gmt":"2025-12-15T16:23:19","slug":"geladeira-refrigerador-brastemp-375-litros-frost-free-2-portas-brm44-110v","status":"publish","type":"product","link":"https:\/\/plataformaprojetos.site\/loja1wagner\/produto\/geladeira-refrigerador-brastemp-375-litros-frost-free-2-portas-brm44-110v\/","title":{"rendered":"Geladeira\/Refrigerador Brastemp 375 Litros Frost Free 2 Portas BRM44 &#8211; 110V"},"content":{"rendered":"<p>A Geladeira Brastemp Frost Free Duplex BRM44 375 litros conta com design sofisticado e grande capacidade para armazenar os alimentos.<br \/>\nVem com Painel Eletr\u00f4nico, compartimento Latas e Long Necks e compartimento Extrafrio.<\/p>\n<p>Latas e Long Necks<br \/>\nCompartimento especial que se encaixa perfeitamente no freezer ou na geladeira e possibilita gelar as bebidas de forma eficaz. Com o espa\u00e7o perfeito para 3 garrafas long neck ou 6 latas, ele pode gelar tanto a cerveja quanto o refrigerante.<br \/>\nCompartimento extrafrio<br \/>\nGele as bebibas mais r\u00e1pido e conserve melhor frios e latic\u00ednios.<br \/>\nGavet\u00e3o de legumes Fresh Zone<br \/>\nSuas frutas e verduras organizadas e conservadas por mais tempo com o sistema Fresh Zone.<br \/>\nA Geladeira Brastemp Frost Free Duplex 375 litros &#8211; BRM44 &#8211; tem design sofisticado e grande capacidade para armazenar os alimentos. Com o compartimento Latas e Long Necks se encaixa perfeitamente no freezer ou na geladeira e possibilita gelar as bebidas de forma eficaz. J\u00e1 o compartimento extrafrio, gele as bebidas mais r\u00e1pido e conserve melhor frios e latic\u00ednios.<br \/>\nCompartimento de f\u00e1cil acesso para armazenar os itens que voc\u00ea mais usa.<br \/>\nCompartimento espec\u00edfico para guardar e deixar seus temperos sempre \u00e0 m\u00e3o.<\/p>\n<p>Caracter\u00edsticas:<br \/>\nCapacidade total l\u00edquida -l-: 375<br \/>\nTipo de degelo: frost free<br \/>\nM\u00e9todo de preparo: 1<br \/>\nN\u00famero de portas: 2<br \/>\nPainel de controle: externo<br \/>\nPosi\u00e7\u00e3o do freezer: em cima<br \/>\nPot\u00eancia 127 v -w-: 110<br \/>\nPot\u00eancia 220 v -w-: 104<br \/>\nConsumo aproximado de energia 127 v -kwh-: 54<br \/>\nConsumo aproximado de energia 220 v -kwh-: 54<br \/>\nCorrente -amperagem- 127 v -a-: 2<br \/>\nFrequ\u00eancia 127 v -hz-: 60<br \/>\nCorrente -amperagem- 220 v -a-: 1<br \/>\nFrequ\u00eancia 220 v -hz-: 60<br \/>\nSelo inmetro no produto: sim<br \/>\nCertifica\u00e7\u00e3o do inmetro: n\u00e3o<br \/>\nAplic\u00e1vel n\u00edvel de ru\u00eddo -dba-: 42<br \/>\nPainel de controle: externo<br \/>\nTipo de controle do painel: eletr\u00f4nico<br \/>\nTipo de display: led<br \/>\nControle de temperatura no refrigerador: sim<br \/>\nN\u00famero de n\u00edveis de temperatura do refrigerador: 5<br \/>\nFun\u00e7\u00e3o trava painel: n\u00e3o<br \/>\nControle de temperatura no freezer: sim<br \/>\nAviso de porta aberta: n\u00e3o<br \/>\nAviso troca filtro: n\u00e3o<br \/>\nN\u00famero de n\u00edveis de temperatura do freezer: 3<br \/>\nClassifica\u00e7\u00e3o energ\u00e9tica -127 v-: A<br \/>\nClassifica\u00e7\u00e3o energ\u00e9tica -220 v-: A<\/p>\n<p>Dimens\u00f5es:<br \/>\nAltura: 176 cm<br \/>\nLargura: 62.1 cm<br \/>\nProfundidade: 75.5 cm<br \/>\nPeso: 58 kg<\/p>\n<p>Garantia do Fornecedor de 12 Meses<\/p>\n","protected":false},"excerpt":{"rendered":"<p>A Geladeira Brastemp Frost Free Duplex BRM44 375 litros conta com design sofisticado e grande capacidade para armazenar os alimentos. Vem com Painel Eletr\u00f4nico, compartimento Latas e Long Necks e compartimento Extrafrio. Latas e Long Necks Compartimento especial que se encaixa perfeitamente no freezer ou na geladeira e possibilita gelar as bebidas de forma eficaz. [&hellip;]<\/p>\n","protected":false},"featured_media":3201,"comment_status":"open","ping_status":"closed","template":"","meta":[],"product_brand":[],"product_cat":[69,79],"product_tag":[],"class_list":{"0":"post-3199","1":"product","2":"type-product","3":"status-publish","4":"has-post-thumbnail","6":"product_cat-eletrodomesticos","7":"product_cat-utilidades-domestica","9":"first","10":"instock","11":"shipping-taxable","12":"purchasable","13":"product-type-simple"},"_links":{"self":[{"href":"https:\/\/plataformaprojetos.site\/loja1wagner\/wp-json\/wp\/v2\/product\/3199","targetHints":{"allow":["GET"]}}],"collection":[{"href":"https:\/\/plataformaprojetos.site\/loja1wagner\/wp-json\/wp\/v2\/product"}],"about":[{"href":"https:\/\/plataformaprojetos.site\/loja1wagner\/wp-json\/wp\/v2\/types\/product"}],"replies":[{"embeddable":true,"href":"https:\/\/plataformaprojetos.site\/loja1wagner\/wp-json\/wp\/v2\/comments?post=3199"}],"wp:featuredmedia":[{"embeddable":true,"href":"https:\/\/plataformaprojetos.site\/loja1wagner\/wp-json\/wp\/v2\/media\/3201"}],"wp:attachment":[{"href":"https:\/\/plataformaprojetos.site\/loja1wagner\/wp-json\/wp\/v2\/media?parent=3199"}],"wp:term":[{"taxonomy":"product_brand","embeddable":true,"href":"https:\/\/plataformaprojetos.site\/loja1wagner\/wp-json\/wp\/v2\/product_brand?post=3199"},{"taxonomy":"product_cat","embeddable":true,"href":"https:\/\/plataformaprojetos.site\/loja1wagner\/wp-json\/wp\/v2\/product_cat?post=3199"},{"taxonomy":"product_tag","embeddable":true,"href":"https:\/\/plataformaprojetos.site\/loja1wagner\/wp-json\/wp\/v2\/product_tag?post=3199"}],"curies":[{"name":"wp","href":"https:\/\/api.w.org\/{rel}","templated":true}]}}