{"id":3215,"date":"2025-11-17T11:10:46","date_gmt":"2025-11-17T14:10:46","guid":{"rendered":"https:\/\/plataformaprojetos.site\/loja1wagner\/?post_type=product&#038;p=3215"},"modified":"2025-12-15T13:23:07","modified_gmt":"2025-12-15T16:23:07","slug":"geladeira-brastemp-duplex-brm55fk-frost-free-com-painel-click-black-e-turbo-freezer-463l-inox-110v","status":"publish","type":"product","link":"https:\/\/plataformaprojetos.site\/loja1wagner\/produto\/geladeira-brastemp-duplex-brm55fk-frost-free-com-painel-click-black-e-turbo-freezer-463l-inox-110v\/","title":{"rendered":"Geladeira Brastemp Duplex BRM55FK Frost Free com Painel Click Black e Turbo Freezer 463L \u2013 Inox &#8211; 110V"},"content":{"rendered":"<div id=\"product-special-content-partner\" data-testid=\"product-special-content\">\n<div class=\"css-1n35da2\" data-component=\"special-content\" data-version=\"1.0.1-2\">\n<div class=\"css-1wb3f7s\">\n<div class=\"css-qk8zzo\">\n<div>\n<h2 class=\"ql-align-center\"><strong>Geladeira Brastemp Duplex BRM55FK<\/strong>\u00a0<strong>463L &#8211; Inox<\/strong><\/h2>\n<p>A\u00a0<strong>Geladeira Brastemp Duplex BRM55FK<\/strong>\u00a0\u00e9 a escolha ideal para quem valoriza espa\u00e7o amplo, efici\u00eancia energ\u00e9tica e tecnologia avan\u00e7ada. Com capacidade total de\u00a0<strong>463 litros<\/strong>, sendo 357 litros para o refrigerador e 106 litros para o freezer, ela apresenta a classifica\u00e7\u00e3o energ\u00e9tica\u00a0<strong>A+++,<\/strong>\u00a0proporcionando uma economia de energia significativa, at\u00e9 30% superior \u00e0 categoria A do INMETRO, enquanto mant\u00e9m seus alimentos frescos por mais tempo.<\/p>\n<\/div>\n<\/div>\n<div class=\"css-gbwsnk\"><img decoding=\"async\" src=\"https:\/\/imgs.via.com.br\/special-contents\/5bb2f0bc-13cd-4e32-ab95-28ac01402ceb\/d4dc3a38-5e99-44f0-bb1a-11ef86fd92f3.png\" alt=\"Economia de energia.\" \/><\/div>\n<div class=\"css-qk8zzo\">\n<div>\n<h2 class=\"ql-align-center\"><strong>Desempenho e preserva\u00e7\u00e3o dos alimentos<\/strong><\/h2>\n<p>A fun\u00e7\u00e3o\u00a0<strong>Smart Cold<\/strong>\u00a0ajusta automaticamente a temperatura interna para otimizar a conserva\u00e7\u00e3o dos alimentos, independentemente da quantidade armazenada ou das condi\u00e7\u00f5es externas. Al\u00e9m disso, o recurso\u00a0<strong>Turbo Freezer<\/strong>\u00a0proporciona um congelamento r\u00e1pido, ideal para quando voc\u00ea precisa de alimentos congelados rapidamente ou bebidas geladas.<\/p>\n<\/div>\n<\/div>\n<div class=\"css-gbwsnk\"><img decoding=\"async\" src=\"https:\/\/imgs.via.com.br\/special-contents\/5bb2f0bc-13cd-4e32-ab95-28ac01402ceb\/6284c274-1b51-4e84-8be8-da39f6f09a34.jpg\" alt=\"Otimizar a conserva\u00e7\u00e3o dos alimentos\" \/><\/div>\n<div class=\"css-qk8zzo\">\n<div>\n<h2 class=\"ql-align-center\"><strong>Design inteligente e organiza\u00e7\u00e3o pr\u00e1tica<\/strong><\/h2>\n<p class=\"ql-align-center\">Projetada com\u00a0<strong>Prateleiras Infinity<\/strong>, a geladeira facilita a organiza\u00e7\u00e3o interna e a visualiza\u00e7\u00e3o dos alimentos, oferecendo um espa\u00e7o bem estruturado para todos os tipos de mantimentos. O sistema\u00a0<strong>Space Adapt\u00a0<\/strong>permite ajustar as prateleiras conforme necess\u00e1rio, garantindo flexibilidade para acomodar itens de diferentes tamanhos.<\/p>\n<\/div>\n<\/div>\n<div class=\"css-gbwsnk\"><img decoding=\"async\" src=\"https:\/\/imgs.via.com.br\/special-contents\/5bb2f0bc-13cd-4e32-ab95-28ac01402ceb\/264b65b1-1605-4c35-8475-f4af464b787e.png\" alt=\"Organiza\u00e7\u00e3o interna e a visualiza\u00e7\u00e3o dos alimentos\" \/><\/div>\n<div class=\"css-qk8zzo\">\n<div>\n<h2 class=\"ql-align-center\"><strong>Ilumina\u00e7\u00e3o eficiente\u00a0e conforto<\/strong><\/h2>\n<p>Equipada com\u00a0<strong>ilumina\u00e7\u00e3o<\/strong>\u00a0<strong>LED<\/strong>, a geladeira oferece uma luz clara e uniforme em todo o interior, melhorando a visibilidade e facilitando a localiza\u00e7\u00e3o dos alimentos. O\u00a0<strong>Painel Click<\/strong>, com sua interface intuitiva sens\u00edvel ao toque, permite controlar todas as fun\u00e7\u00f5es do aparelho com facilidade, garantindo uma experi\u00eancia moderna e eficiente.<\/p>\n<\/div>\n<\/div>\n<div class=\"css-gbwsnk\"><img decoding=\"async\" src=\"https:\/\/imgs.via.com.br\/special-contents\/5bb2f0bc-13cd-4e32-ab95-28ac01402ceb\/8bcdb251-c643-43ca-8428-d680f50711c9.jpg\" alt=\"Luz clara e uniforme\" \/><\/div>\n<\/div>\n<\/div>\n<\/div>\n<div>\n<div id=\"product-description\">Inova\u00e7\u00e3o e Efici\u00eancia Energ\u00e9tica<br \/>\nGra\u00e7as \u00e0 classifica\u00e7\u00e3o A+++, a Geladeira Brastemp oferece uma performance eficiente que economiza at\u00e9 30% de energia, devido \u00e0 sua tecnologia avan\u00e7ada. Al\u00e9m disso, voc\u00ea pode controlar todas as fun\u00e7\u00f5es da geladeira com facilidade pelo Painel Click Black, que possui um design moderno e intuitivo.<\/p>\n<p>Aproveite o Frescor Duradouro<br \/>\nO Fresh Box \u00e9 um compartimento projetado para manter frutas e legumes frescos por at\u00e9 15 dias, garantindo a qualidade dos alimentos por muito mais tempo. Al\u00e9m disso, o exclusivo Cold Room conserva frios e latic\u00ednios na temperatura ideal sem congel\u00e1-los.<\/p>\n<p>Praticidade para o Seu Dia a Dia<br \/>\nA tecnologia Turbo Freezer agiliza o resfriamento de sobremesas e bebidas, economizando tempo na cozinha. J\u00e1 a tecnologia Smart Cold mant\u00e9m a refrigera\u00e7\u00e3o ideal e a temperatura est\u00e1vel em qualquer situa\u00e7\u00e3o, seja qual for a quantidade de alimentos na geladeira ou as varia\u00e7\u00f5es de temperatura ambiente.<\/p>\n<p>Ajuste a Temperatura Como Preferir<br \/>\nA Geladeira Brastemp Duplex Frost Free oferece modos de refrigera\u00e7\u00e3o inteligente para diferentes necessidades. O Modo Compras acelera o resfriamento para acomodar novos alimentos rapidamente. O Modo Festa mant\u00e9m a temperatura est\u00e1vel durante eventos, mesmo com v\u00e1rias aberturas de porta. J\u00e1 o Modo F\u00e9rias, ideal para per\u00edodos de viagem, reduz o consumo de energia enquanto preserva os alimentos.<\/p>\n<p>Organiza\u00e7\u00e3o Inteligente e Eficiente<br \/>\nAproveite a organiza\u00e7\u00e3o inteligente com o Space Adapt, que permite ajustar as prateleiras conforme suas necessidades. As prateleiras Infinity oferecem uma vis\u00e3o panor\u00e2mica do interior da geladeira, facilitando a organiza\u00e7\u00e3o. Al\u00e9m disso, a ilumina\u00e7\u00e3o LED proporciona maior visibilidade e economia de energia na sua cozinha.<\/p>\n<p>Garantia de Durabilidade e Qualidade<br \/>\nCom o revestimento especial Bvox e uma garantia de 3 anos, sua Geladeira Brastemp est\u00e1 protegida contra ferrugens e corros\u00f5es, oferecendo durabilidade e tranquilidade para voc\u00ea e sua fam\u00edlia. Transforme sua rotina na cozinha com a Geladeira Brastemp, a escolha ideal para quem busca qualidade, tecnologia e praticidade.<\/p><\/div>\n<\/div>\n","protected":false},"excerpt":{"rendered":"<p>Geladeira Brastemp Duplex BRM55FK\u00a0463L &#8211; Inox A\u00a0Geladeira Brastemp Duplex BRM55FK\u00a0\u00e9 a escolha ideal para quem valoriza espa\u00e7o amplo, efici\u00eancia energ\u00e9tica e tecnologia avan\u00e7ada. Com capacidade total de\u00a0463 litros, sendo 357 litros para o refrigerador e 106 litros para o freezer, ela apresenta a classifica\u00e7\u00e3o energ\u00e9tica\u00a0A+++,\u00a0proporcionando uma economia de energia significativa, at\u00e9 30% superior \u00e0 categoria [&hellip;]<\/p>\n","protected":false},"featured_media":3219,"comment_status":"open","ping_status":"closed","template":"","meta":[],"product_brand":[],"product_cat":[69,79],"product_tag":[],"class_list":{"0":"post-3215","1":"product","2":"type-product","3":"status-publish","4":"has-post-thumbnail","6":"product_cat-eletrodomesticos","7":"product_cat-utilidades-domestica","9":"first","10":"instock","11":"shipping-taxable","12":"purchasable","13":"product-type-simple"},"_links":{"self":[{"href":"https:\/\/plataformaprojetos.site\/loja1wagner\/wp-json\/wp\/v2\/product\/3215","targetHints":{"allow":["GET"]}}],"collection":[{"href":"https:\/\/plataformaprojetos.site\/loja1wagner\/wp-json\/wp\/v2\/product"}],"about":[{"href":"https:\/\/plataformaprojetos.site\/loja1wagner\/wp-json\/wp\/v2\/types\/product"}],"replies":[{"embeddable":true,"href":"https:\/\/plataformaprojetos.site\/loja1wagner\/wp-json\/wp\/v2\/comments?post=3215"}],"wp:featuredmedia":[{"embeddable":true,"href":"https:\/\/plataformaprojetos.site\/loja1wagner\/wp-json\/wp\/v2\/media\/3219"}],"wp:attachment":[{"href":"https:\/\/plataformaprojetos.site\/loja1wagner\/wp-json\/wp\/v2\/media?parent=3215"}],"wp:term":[{"taxonomy":"product_brand","embeddable":true,"href":"https:\/\/plataformaprojetos.site\/loja1wagner\/wp-json\/wp\/v2\/product_brand?post=3215"},{"taxonomy":"product_cat","embeddable":true,"href":"https:\/\/plataformaprojetos.site\/loja1wagner\/wp-json\/wp\/v2\/product_cat?post=3215"},{"taxonomy":"product_tag","embeddable":true,"href":"https:\/\/plataformaprojetos.site\/loja1wagner\/wp-json\/wp\/v2\/product_tag?post=3215"}],"curies":[{"name":"wp","href":"https:\/\/api.w.org\/{rel}","templated":true}]}}