{"id":3225,"date":"2025-11-17T11:15:48","date_gmt":"2025-11-17T14:15:48","guid":{"rendered":"https:\/\/plataformaprojetos.site\/loja1wagner\/?post_type=product&#038;p=3225"},"modified":"2025-12-15T13:22:59","modified_gmt":"2025-12-15T16:22:59","slug":"refrigerador-brastemp-inverse-frost-free-a-447-litros-inox-com-smart-flow-e-fresh-box-bre57fk-110v-cod-item-1566352609-outros-produtos-brastemp","status":"publish","type":"product","link":"https:\/\/plataformaprojetos.site\/loja1wagner\/produto\/refrigerador-brastemp-inverse-frost-free-a-447-litros-inox-com-smart-flow-e-fresh-box-bre57fk-110v-cod-item-1566352609-outros-produtos-brastemp\/","title":{"rendered":"Refrigerador Brastemp Inverse Frost Free A+++ 447 Litros Inox com Smart Flow e Fresh Box &#8211; BRE57FK &#8211; 110V (C\u00f3d. Item 1566352609)  Outros produtos Brastemp"},"content":{"rendered":"<p>A Geladeira Brastemp Frost Free Inverse A+++ 447 litros conta com a tecnologia Smart Flow, que distribui o ar frio igualmente na geladeira. Voc\u00ea pode organizar tudo do seu pr\u00f3prio jeito! Com a gaveta Fresh Box, preserve frutas e legumes frescos por at\u00e9 15 dias*, e com o Carbon Air Filter, n\u00e3o se preocupe com odores indesej\u00e1veis. O modelo conta tamb\u00e9m com a tecnologia Safe Power, que protege sua geladeira dos picos de energia. *Resultados obtidos a partir de testes internos com tomate, ma\u00e7\u00e3, kiwi, pera, piment\u00e3o e chuchu. Destaques Tecnologia A+++ Com a tecnologia A+++, o refrigerador Brastemp economiza at\u00e9 30% de energia em rela\u00e7\u00e3o a classifica\u00e7\u00e3o energ\u00e9tica A do INMETRO. Smart Flow Tecnologia que distribui o ar frio igualmente na geladeira. Carbon AirFilter Tecnologia que filtra o ar e neutraliza odores da sua geladeira. Safe Power Tecnologia que protege sua geladeira dos picos de energia. Caracter\u00edsticas Tipo: Freezer Invertido Quantidade de Portas: 02 Frost Free Alarme de Porta Aberta Gaveta: Fresh Box Prateleiras: Vidro Especifica\u00e7\u00f5es T\u00e9cnicas Modelo: BRE57FK Cor: Inox Capacidade Total: 447 Litros Capacidade de Armazenamento do Freezer: 136 Litros Capacidade de Armazenamento do Refrigerador: 311 Litros Selo Procel (Efici\u00eancia Energ\u00e9tica): A Consumo de Energia: 46,5 kW\/h Voltagem: 110V\/220V (N\u00e3o \u00e9 bivolt) EAN: 7891129564060 (110V) \/ 7891129564077 (220V) Garantia: 12 meses Dimens\u00f5es e Peso Dimens\u00f5es do produto sem embalagem (AxLxP): 1845x700x755 mm Dimens\u00f5es do produto com embalagem (AxLxP): 1882x750x786 mm Peso do produto sem embalagem: 77 kg Peso do produto com embalagem: 79 kg Itens Inclusos 01 Refrigerador Manual Servi\u00e7o de Instala\u00e7\u00e3o e Orienta\u00e7\u00e3o de Uso Para sua comodidade, a Fast Shop disp\u00f5e do servi\u00e7o de Instala\u00e7\u00e3o* e Orienta\u00e7\u00e3o de Uso, com equipe especializada e autorizada pelo fabricante que poder\u00e1 realizar a medi\u00e7\u00e3o de todos os acessos, retirando as portas do produto caso necess\u00e1rio. Esse servi\u00e7o pode ser adquirido em contato com nosso canal Bl\u00e1 pelo WhatsApp no n\u00famero (11) 3232-2949 ou em uma de nossas lojas. Consulte os valores e regi\u00f5es atendidas.<\/p>\n","protected":false},"excerpt":{"rendered":"<p>A Geladeira Brastemp Frost Free Inverse A+++ 447 litros conta com a tecnologia Smart Flow, que distribui o ar frio igualmente na geladeira. Voc\u00ea pode organizar tudo do seu pr\u00f3prio jeito! Com a gaveta Fresh Box, preserve frutas e legumes frescos por at\u00e9 15 dias*, e com o Carbon Air Filter, n\u00e3o se preocupe com [&hellip;]<\/p>\n","protected":false},"featured_media":3226,"comment_status":"open","ping_status":"closed","template":"","meta":[],"product_brand":[],"product_cat":[69,79],"product_tag":[],"class_list":{"0":"post-3225","1":"product","2":"type-product","3":"status-publish","4":"has-post-thumbnail","6":"product_cat-eletrodomesticos","7":"product_cat-utilidades-domestica","9":"first","10":"instock","11":"shipping-taxable","12":"purchasable","13":"product-type-simple"},"_links":{"self":[{"href":"https:\/\/plataformaprojetos.site\/loja1wagner\/wp-json\/wp\/v2\/product\/3225","targetHints":{"allow":["GET"]}}],"collection":[{"href":"https:\/\/plataformaprojetos.site\/loja1wagner\/wp-json\/wp\/v2\/product"}],"about":[{"href":"https:\/\/plataformaprojetos.site\/loja1wagner\/wp-json\/wp\/v2\/types\/product"}],"replies":[{"embeddable":true,"href":"https:\/\/plataformaprojetos.site\/loja1wagner\/wp-json\/wp\/v2\/comments?post=3225"}],"wp:featuredmedia":[{"embeddable":true,"href":"https:\/\/plataformaprojetos.site\/loja1wagner\/wp-json\/wp\/v2\/media\/3226"}],"wp:attachment":[{"href":"https:\/\/plataformaprojetos.site\/loja1wagner\/wp-json\/wp\/v2\/media?parent=3225"}],"wp:term":[{"taxonomy":"product_brand","embeddable":true,"href":"https:\/\/plataformaprojetos.site\/loja1wagner\/wp-json\/wp\/v2\/product_brand?post=3225"},{"taxonomy":"product_cat","embeddable":true,"href":"https:\/\/plataformaprojetos.site\/loja1wagner\/wp-json\/wp\/v2\/product_cat?post=3225"},{"taxonomy":"product_tag","embeddable":true,"href":"https:\/\/plataformaprojetos.site\/loja1wagner\/wp-json\/wp\/v2\/product_tag?post=3225"}],"curies":[{"name":"wp","href":"https:\/\/api.w.org\/{rel}","templated":true}]}}