{"id":3230,"date":"2025-11-17T11:19:17","date_gmt":"2025-11-17T14:19:17","guid":{"rendered":"https:\/\/plataformaprojetos.site\/loja1wagner\/?post_type=product&#038;p=3230"},"modified":"2025-12-15T13:22:24","modified_gmt":"2025-12-15T16:22:24","slug":"geladeira-brastemp-inverse-3-frost-free-419-litros-cor-preta-com-freeze-control-pro-bry59ce-geladeira-brastemp-inverse-3-frost-free-419-litros-preta","status":"publish","type":"product","link":"https:\/\/plataformaprojetos.site\/loja1wagner\/produto\/geladeira-brastemp-inverse-3-frost-free-419-litros-cor-preta-com-freeze-control-pro-bry59ce-geladeira-brastemp-inverse-3-frost-free-419-litros-preta\/","title":{"rendered":"Geladeira Brastemp Inverse 3 Frost Free 419 litros cor Preta com Freeze Control Pro BRY59CE &#8211; Geladeira Brastemp Inverse 3 Frost Free 419 litros Preta"},"content":{"rendered":"<p>A Geladeira Brastemp Frost Free Inverse 3 com 419 litros possui configura\u00e7\u00e3o Inverse, com geladeira em cima e freezer embaixo, deixando os alimentos na altura dos seus olhos. Com o Freeze Control PRO tenha 3 compartimentos com controle de temperatura independente e escolha entre 4 modos: carnes prontas para corte, cerveja a -4\u00b0C, frios e latic\u00ednios al\u00e9m de vinhos e espumantes. Possui tamb\u00e9m o Turbo Ice para fabricar gelo em at\u00e9 3 horas e o Twist Ice Advanced para abastecer as formas de gelo sem molhar o ch\u00e3o.<\/p>\n","protected":false},"excerpt":{"rendered":"<p>A Geladeira Brastemp Frost Free Inverse 3 com 419 litros possui configura\u00e7\u00e3o Inverse, com geladeira em cima e freezer embaixo, deixando os alimentos na altura dos seus olhos. Com o Freeze Control PRO tenha 3 compartimentos com controle de temperatura independente e escolha entre 4 modos: carnes prontas para corte, cerveja a -4\u00b0C, frios e [&hellip;]<\/p>\n","protected":false},"featured_media":3231,"comment_status":"open","ping_status":"closed","template":"","meta":[],"product_brand":[],"product_cat":[69,79],"product_tag":[],"class_list":{"0":"post-3230","1":"product","2":"type-product","3":"status-publish","4":"has-post-thumbnail","6":"product_cat-eletrodomesticos","7":"product_cat-utilidades-domestica","9":"first","10":"instock","11":"shipping-taxable","12":"purchasable","13":"product-type-simple"},"_links":{"self":[{"href":"https:\/\/plataformaprojetos.site\/loja1wagner\/wp-json\/wp\/v2\/product\/3230","targetHints":{"allow":["GET"]}}],"collection":[{"href":"https:\/\/plataformaprojetos.site\/loja1wagner\/wp-json\/wp\/v2\/product"}],"about":[{"href":"https:\/\/plataformaprojetos.site\/loja1wagner\/wp-json\/wp\/v2\/types\/product"}],"replies":[{"embeddable":true,"href":"https:\/\/plataformaprojetos.site\/loja1wagner\/wp-json\/wp\/v2\/comments?post=3230"}],"wp:featuredmedia":[{"embeddable":true,"href":"https:\/\/plataformaprojetos.site\/loja1wagner\/wp-json\/wp\/v2\/media\/3231"}],"wp:attachment":[{"href":"https:\/\/plataformaprojetos.site\/loja1wagner\/wp-json\/wp\/v2\/media?parent=3230"}],"wp:term":[{"taxonomy":"product_brand","embeddable":true,"href":"https:\/\/plataformaprojetos.site\/loja1wagner\/wp-json\/wp\/v2\/product_brand?post=3230"},{"taxonomy":"product_cat","embeddable":true,"href":"https:\/\/plataformaprojetos.site\/loja1wagner\/wp-json\/wp\/v2\/product_cat?post=3230"},{"taxonomy":"product_tag","embeddable":true,"href":"https:\/\/plataformaprojetos.site\/loja1wagner\/wp-json\/wp\/v2\/product_tag?post=3230"}],"curies":[{"name":"wp","href":"https:\/\/api.w.org\/{rel}","templated":true}]}}