{"id":3236,"date":"2025-11-17T11:59:28","date_gmt":"2025-11-17T14:59:28","guid":{"rendered":"https:\/\/plataformaprojetos.site\/loja1wagner\/?post_type=product&#038;p=3236"},"modified":"2025-12-15T13:22:18","modified_gmt":"2025-12-15T16:22:18","slug":"frigobar-brastemp-retro-76-litros-blue-zircon-bra08hw-110v","status":"publish","type":"product","link":"https:\/\/plataformaprojetos.site\/loja1wagner\/produto\/frigobar-brastemp-retro-76-litros-blue-zircon-bra08hw-110v\/","title":{"rendered":"Frigobar Brastemp Retr\u00f4 76 Litros Blue Zircon &#8211; BRA08HW &#8211; 110V"},"content":{"rendered":"<p>O Frigobar Brastemp Retr\u00f4 76 litros transforma qualquer ambiente no seu mundo! O design inconfund\u00edvel conta com os acabamentos vintage com p\u00e9s palito, puxadores met\u00e1licos e o ic\u00f4nico logo Brastemp dos anos 50. Em 8 op\u00e7\u00f5es de cores exclusivas, sejam as cl\u00e1ssicas ou as inspiradas nas tend\u00eancias mais atuais do design, pra voc\u00ea escolher a que representa melhor o seu estilo. Al\u00e9m disso, se surpreenda com a possibilidade de armazenar tudo como voc\u00ea quiser, seja com os compartimentos modulares, cesto cromado ou no freezer &#8211; que d\u00e1 um gelo em qualquer frigobar.<\/p>\n","protected":false},"excerpt":{"rendered":"<p>O Frigobar Brastemp Retr\u00f4 76 litros transforma qualquer ambiente no seu mundo! O design inconfund\u00edvel conta com os acabamentos vintage com p\u00e9s palito, puxadores met\u00e1licos e o ic\u00f4nico logo Brastemp dos anos 50. Em 8 op\u00e7\u00f5es de cores exclusivas, sejam as cl\u00e1ssicas ou as inspiradas nas tend\u00eancias mais atuais do design, pra voc\u00ea escolher a [&hellip;]<\/p>\n","protected":false},"featured_media":3238,"comment_status":"open","ping_status":"closed","template":"","meta":[],"product_brand":[],"product_cat":[69,79],"product_tag":[],"class_list":{"0":"post-3236","1":"product","2":"type-product","3":"status-publish","4":"has-post-thumbnail","6":"product_cat-eletrodomesticos","7":"product_cat-utilidades-domestica","9":"first","10":"instock","11":"shipping-taxable","12":"purchasable","13":"product-type-simple"},"_links":{"self":[{"href":"https:\/\/plataformaprojetos.site\/loja1wagner\/wp-json\/wp\/v2\/product\/3236","targetHints":{"allow":["GET"]}}],"collection":[{"href":"https:\/\/plataformaprojetos.site\/loja1wagner\/wp-json\/wp\/v2\/product"}],"about":[{"href":"https:\/\/plataformaprojetos.site\/loja1wagner\/wp-json\/wp\/v2\/types\/product"}],"replies":[{"embeddable":true,"href":"https:\/\/plataformaprojetos.site\/loja1wagner\/wp-json\/wp\/v2\/comments?post=3236"}],"wp:featuredmedia":[{"embeddable":true,"href":"https:\/\/plataformaprojetos.site\/loja1wagner\/wp-json\/wp\/v2\/media\/3238"}],"wp:attachment":[{"href":"https:\/\/plataformaprojetos.site\/loja1wagner\/wp-json\/wp\/v2\/media?parent=3236"}],"wp:term":[{"taxonomy":"product_brand","embeddable":true,"href":"https:\/\/plataformaprojetos.site\/loja1wagner\/wp-json\/wp\/v2\/product_brand?post=3236"},{"taxonomy":"product_cat","embeddable":true,"href":"https:\/\/plataformaprojetos.site\/loja1wagner\/wp-json\/wp\/v2\/product_cat?post=3236"},{"taxonomy":"product_tag","embeddable":true,"href":"https:\/\/plataformaprojetos.site\/loja1wagner\/wp-json\/wp\/v2\/product_tag?post=3236"}],"curies":[{"name":"wp","href":"https:\/\/api.w.org\/{rel}","templated":true}]}}