{"id":3248,"date":"2025-11-17T12:12:11","date_gmt":"2025-11-17T15:12:11","guid":{"rendered":"https:\/\/plataformaprojetos.site\/loja1wagner\/?post_type=product&#038;p=3248"},"modified":"2025-12-15T13:21:57","modified_gmt":"2025-12-15T16:21:57","slug":"frigobar-brastemp-retro-76-litros-classic-black-bra08he-110v","status":"publish","type":"product","link":"https:\/\/plataformaprojetos.site\/loja1wagner\/produto\/frigobar-brastemp-retro-76-litros-classic-black-bra08he-110v\/","title":{"rendered":"Frigobar Brastemp Retr\u00f4 76 Litros Classic Black &#8211; BRA08HE &#8211; 110V"},"content":{"rendered":"<p>Porta N\u00famero de Portas: 01 Frost Free Porta-Latas Porta-Garrafas Especifica\u00e7\u00f5es T\u00e9cnicas Modelo: BRA08HE Capacidade Total: 76 Litros Capacidade armazenamento do Freezer: 8 Litros Capacidade Armazenamento do Refrigerador: 68 Litros Selo Procel (Efici\u00eancia Energ\u00e9tica): A Consumo de Energia: 16.8 kwh\/m\u00eas Cor: Preto Voltagem: 110V e 220V (n\u00e3o \u00e9 bivolt) EAN: 7891129576445 (110V) 7891129576629 (220V) Garantia: 12 meses Dimens\u00f5es e Peso Dimens\u00f5es do produto com embalagem (AxLxP): 530x660x570 mm Dimens\u00f5es L\u00edquidas do Produto com Puxador (AxLxP): 810x480x550 mm Peso do produto com embalagem: 25 kg Peso do produto sem embalagem: 23 kg Servi\u00e7o de Instala\u00e7\u00e3o e Orienta\u00e7\u00e3o de Uso Para sua comodidade e seguran\u00e7a, a Fast Shop disp\u00f5e do servi\u00e7o de Instala\u00e7\u00e3o e Orienta\u00e7\u00e3o de Uso*. Agendamos o servi\u00e7o para voc\u00ea, executamos a instala\u00e7\u00e3o com equipes pr\u00f3prias especializadas e autorizadas pelo fabricante, ensinamos como utilizar os produtos da melhor forma e temos uma \u00e1rea de qualidade para acompanhar e garantir que tudo d\u00ea certo.<\/p>\n","protected":false},"excerpt":{"rendered":"<p>Porta N\u00famero de Portas: 01 Frost Free Porta-Latas Porta-Garrafas Especifica\u00e7\u00f5es T\u00e9cnicas Modelo: BRA08HE Capacidade Total: 76 Litros Capacidade armazenamento do Freezer: 8 Litros Capacidade Armazenamento do Refrigerador: 68 Litros Selo Procel (Efici\u00eancia Energ\u00e9tica): A Consumo de Energia: 16.8 kwh\/m\u00eas Cor: Preto Voltagem: 110V e 220V (n\u00e3o \u00e9 bivolt) EAN: 7891129576445 (110V) 7891129576629 (220V) Garantia: 12 [&hellip;]<\/p>\n","protected":false},"featured_media":3249,"comment_status":"open","ping_status":"closed","template":"","meta":[],"product_brand":[],"product_cat":[69,79],"product_tag":[],"class_list":{"0":"post-3248","1":"product","2":"type-product","3":"status-publish","4":"has-post-thumbnail","6":"product_cat-eletrodomesticos","7":"product_cat-utilidades-domestica","9":"first","10":"instock","11":"shipping-taxable","12":"purchasable","13":"product-type-simple"},"_links":{"self":[{"href":"https:\/\/plataformaprojetos.site\/loja1wagner\/wp-json\/wp\/v2\/product\/3248","targetHints":{"allow":["GET"]}}],"collection":[{"href":"https:\/\/plataformaprojetos.site\/loja1wagner\/wp-json\/wp\/v2\/product"}],"about":[{"href":"https:\/\/plataformaprojetos.site\/loja1wagner\/wp-json\/wp\/v2\/types\/product"}],"replies":[{"embeddable":true,"href":"https:\/\/plataformaprojetos.site\/loja1wagner\/wp-json\/wp\/v2\/comments?post=3248"}],"wp:featuredmedia":[{"embeddable":true,"href":"https:\/\/plataformaprojetos.site\/loja1wagner\/wp-json\/wp\/v2\/media\/3249"}],"wp:attachment":[{"href":"https:\/\/plataformaprojetos.site\/loja1wagner\/wp-json\/wp\/v2\/media?parent=3248"}],"wp:term":[{"taxonomy":"product_brand","embeddable":true,"href":"https:\/\/plataformaprojetos.site\/loja1wagner\/wp-json\/wp\/v2\/product_brand?post=3248"},{"taxonomy":"product_cat","embeddable":true,"href":"https:\/\/plataformaprojetos.site\/loja1wagner\/wp-json\/wp\/v2\/product_cat?post=3248"},{"taxonomy":"product_tag","embeddable":true,"href":"https:\/\/plataformaprojetos.site\/loja1wagner\/wp-json\/wp\/v2\/product_tag?post=3248"}],"curies":[{"name":"wp","href":"https:\/\/api.w.org\/{rel}","templated":true}]}}