{"id":3253,"date":"2025-11-17T12:17:35","date_gmt":"2025-11-17T15:17:35","guid":{"rendered":"https:\/\/plataformaprojetos.site\/loja1wagner\/?post_type=product&#038;p=3253"},"modified":"2025-12-15T13:21:48","modified_gmt":"2025-12-15T16:21:48","slug":"liquidificador-philco-ph900-preto-1200w-com-12-velocidades-110v","status":"publish","type":"product","link":"https:\/\/plataformaprojetos.site\/loja1wagner\/produto\/liquidificador-philco-ph900-preto-1200w-com-12-velocidades-110v\/","title":{"rendered":"Liquidificador Philco PH900 Preto 1200W com 12 Velocidades &#8211; 110V"},"content":{"rendered":"<div id=\"product-special-content-partner\" data-testid=\"product-special-content\">\n<div class=\"css-1n35da2\" data-component=\"special-content\" data-version=\"1.0.1-2\">\n<div class=\"css-1wb3f7s\">\n<div class=\"css-gbwsnk\"><img decoding=\"async\" src=\"https:\/\/imgs.via.com.br\/special-contents\/4fa96e0a-baea-4952-b885-c701518ed60f\/ec8c4abe-04b7-4fe0-949d-e06f259ea849.jpg\" alt=\"Liquidificador Philco PH900 preto imagem frontal frente frutas kiwi manga morango pedras gelo bancada marrom madeira fundo cozinha\" \/><\/div>\n<div class=\"css-qk8zzo\">\n<div>\n<h2><strong>Liquidificador Philco PH900<\/strong><\/h2>\n<p>Se voc\u00ea quer mais praticidade na sua cozinha, ent\u00e3o d\u00e1 uma conferida em todos os benef\u00edcios que o Liquidificador Philco PH900 traz para o seu dia a dia. Ele tem\u00a0<strong>12 velocidades<\/strong>, elaborando os preparos com agilidade e rapidez, e conta com as\u00a0<strong>fun\u00e7\u00f5es Pulsar<\/strong>, para autolimpeza, e\u00a0<strong>Ice<\/strong>, que tritura gelo com facilidade.<\/p>\n<\/div>\n<\/div>\n<div class=\"css-gbwsnk\"><img decoding=\"async\" src=\"https:\/\/imgs.via.com.br\/special-contents\/4fa96e0a-baea-4952-b885-c701518ed60f\/e3116e1f-3f45-4789-9010-87670c98b085.jpg\" alt=\"detalhe destaque tampa preta copo transparente liquidificador philco com fruta mesa bancada branca\" \/><\/div>\n<div class=\"css-qk8zzo\">\n<div>\n<h3><strong>Copo resistente\u00a0\u00a0<\/strong><\/h3>\n<p>Fabricado em acr\u00edlico, o copo do liquidificador \u00e9 resistente e altamente dur\u00e1vel. Com capacidade para 3 litros e\u00a0<strong>al\u00e7a anat\u00f4mica<\/strong>, ele torna o manuseio firme e confort\u00e1vel. A\u00a0<strong>tampa\u00a0<\/strong>vem com sobretampa e orif\u00edcio que permite a inclus\u00e3o de ingredientes durante o preparo, e, ao servir, ela nem precisa ser removida do copo.<\/p>\n<\/div>\n<\/div>\n<div class=\"css-gbwsnk\"><img decoding=\"async\" src=\"https:\/\/imgs.via.com.br\/special-contents\/4fa96e0a-baea-4952-b885-c701518ed60f\/73e91858-8e89-4cae-82ef-8ee00193c59b.jpg\" alt=\"base liquidificador copo removido m\u00e3o imagens frutas legumes\" \/><\/div>\n<div class=\"css-qk8zzo\">\n<div>\n<h3><strong>Base antiderrapante<\/strong><\/h3>\n<h3><\/h3>\n<p>Al\u00e9m de ser bem estruturado, e contar com\u00a0<strong>l\u00e2minas serrilhadas e afiadas<\/strong>, outra vantagem do<strong>\u00a0<\/strong><a href=\"https:\/\/www.casasbahia.com.br\/liquidificador-philco\/b?&amp;utm_source=paginaespecial&amp;utm_medium=casasbahia&amp;utm_campaign=liquidificador_philco\" target=\"_blank\" rel=\"noopener noreferrer\"><u>Liquidificador Philco<\/u><\/a>\u00a0\u00e9 que ele prioriza a sua seguran\u00e7a. Com\u00a0<strong>base antiderrapante<\/strong>, impede qualquer movimento inesperado do equipamento. E ele s\u00f3 funciona se o copo estiver bem encaixado, evitando qualquer problema durante o uso. \u00a0\u00a0<strong>\u00a0<\/strong>\u00a0<strong>\u00a0<\/strong><\/p>\n<\/div>\n<\/div>\n<\/div>\n<\/div>\n<\/div>\n<div>\n<div id=\"product-description\">O Liquidificador Philco PH900 d\u00e1 um show em praticidade e efici\u00eancia em sua cozinha!<\/p>\n<p>Esse incr\u00edvel liquidificador possui 12 velocidades, fun\u00e7\u00e3o pulsar e autolimpeza, ideais para o preparo de diversos tipos de alimentos como vitaminas, bolos, tortas, molhos, sucos, sopas cremosas, misturas homog\u00eaneas e muito mais!<\/p>\n<p>O PH900 tamb\u00e9m possui Fun\u00e7\u00e3o Ice, que tritura gelo com maior facilidade e rapidez, gra\u00e7as as l\u00e2minas serrilhadas ultra afiadas e resistentes, que garantem um desempenho impec\u00e1vel para qualquer receita.<\/p>\n<p>Ele \u00e9 acompanhado de filtro remov\u00edvel, perfeito para o preparo de sucos sem sementes e baga\u00e7o, tampa com sobretampa e orif\u00edcio que permite adi\u00e7\u00e3o de ingredientes durante o preparo e copo de acr\u00edlico super resistente com capacidade m\u00e1xima de at\u00e9 3 litros.<\/p>\n<p>De alta qualidade, longa durabilidade e desempenho incompar\u00e1vel, o PH900 ainda foi especialmente desenvolvido para o seu bem-estar e seguran\u00e7a, pois cont\u00e9m base antiderrapante que impossibilita que o liquidificador movimente-se durante o funcionamento e Sistema de Seguran\u00e7a que s\u00f3 permite que o liquidificador funcione com o copo devidamente encaixado.<\/p>\n<p>N\u00e3o perca essa oportunidade de adquirir um produto de efici\u00eancia comprovada que ir\u00e1 facilitar o seu dia a dia na cozinha! Adquira agora mesmo o seu Liquidificador Philco PH900!<\/p><\/div>\n<\/div>\n","protected":false},"excerpt":{"rendered":"<p>Liquidificador Philco PH900 Se voc\u00ea quer mais praticidade na sua cozinha, ent\u00e3o d\u00e1 uma conferida em todos os benef\u00edcios que o Liquidificador Philco PH900 traz para o seu dia a dia. Ele tem\u00a012 velocidades, elaborando os preparos com agilidade e rapidez, e conta com as\u00a0fun\u00e7\u00f5es Pulsar, para autolimpeza, e\u00a0Ice, que tritura gelo com facilidade. Copo [&hellip;]<\/p>\n","protected":false},"featured_media":3255,"comment_status":"open","ping_status":"closed","template":"","meta":[],"product_brand":[],"product_cat":[72,79],"product_tag":[],"class_list":{"0":"post-3253","1":"product","2":"type-product","3":"status-publish","4":"has-post-thumbnail","6":"product_cat-eletroportateis","7":"product_cat-utilidades-domestica","9":"first","10":"instock","11":"shipping-taxable","12":"purchasable","13":"product-type-simple"},"_links":{"self":[{"href":"https:\/\/plataformaprojetos.site\/loja1wagner\/wp-json\/wp\/v2\/product\/3253","targetHints":{"allow":["GET"]}}],"collection":[{"href":"https:\/\/plataformaprojetos.site\/loja1wagner\/wp-json\/wp\/v2\/product"}],"about":[{"href":"https:\/\/plataformaprojetos.site\/loja1wagner\/wp-json\/wp\/v2\/types\/product"}],"replies":[{"embeddable":true,"href":"https:\/\/plataformaprojetos.site\/loja1wagner\/wp-json\/wp\/v2\/comments?post=3253"}],"wp:featuredmedia":[{"embeddable":true,"href":"https:\/\/plataformaprojetos.site\/loja1wagner\/wp-json\/wp\/v2\/media\/3255"}],"wp:attachment":[{"href":"https:\/\/plataformaprojetos.site\/loja1wagner\/wp-json\/wp\/v2\/media?parent=3253"}],"wp:term":[{"taxonomy":"product_brand","embeddable":true,"href":"https:\/\/plataformaprojetos.site\/loja1wagner\/wp-json\/wp\/v2\/product_brand?post=3253"},{"taxonomy":"product_cat","embeddable":true,"href":"https:\/\/plataformaprojetos.site\/loja1wagner\/wp-json\/wp\/v2\/product_cat?post=3253"},{"taxonomy":"product_tag","embeddable":true,"href":"https:\/\/plataformaprojetos.site\/loja1wagner\/wp-json\/wp\/v2\/product_tag?post=3253"}],"curies":[{"name":"wp","href":"https:\/\/api.w.org\/{rel}","templated":true}]}}