{"id":3276,"date":"2025-11-17T13:00:28","date_gmt":"2025-11-17T16:00:28","guid":{"rendered":"https:\/\/plataformaprojetos.site\/loja1wagner\/?post_type=product&#038;p=3276"},"modified":"2025-12-15T13:21:25","modified_gmt":"2025-12-15T16:21:25","slug":"lavadora-de-roupas-brastemp-bwk13a9-com-ciclo-tira-manchas-advanced-e-ciclo-antibolinha-cinza-platinum-13kg-110v-2","status":"publish","type":"product","link":"https:\/\/plataformaprojetos.site\/loja1wagner\/produto\/lavadora-de-roupas-brastemp-bwk13a9-com-ciclo-tira-manchas-advanced-e-ciclo-antibolinha-cinza-platinum-13kg-110v-2\/","title":{"rendered":"Lavadora de Roupas Brastemp BWK13A9 com Ciclo Tira Manchas Advanced e Ciclo Antibolinha Cinza Platinum &#8211; 13kg &#8211; 110V"},"content":{"rendered":"<div id=\"product-special-content-partner\" data-testid=\"product-special-content\">\n<div class=\"css-1n35da2\" data-component=\"special-content\" data-version=\"1.0.1-2\">\n<div class=\"css-1wb3f7s\">\n<div class=\"css-gbwsnk\"><img decoding=\"async\" src=\"https:\/\/imgs.via.com.br\/special-contents\/15096a05-b0cc-4b73-829d-9bdf1a61aceb\/15791fc8-05ba-479e-a0e0-41bae93f60c0.jpg\" alt=\"Lavadora Brastemp 13Kg BWK13AB\" \/><\/div>\n<div class=\"css-qk8zzo\">\n<div>\n<h2><strong>Lavadora Brastemp 13Kg BWK13AB<\/strong><\/h2>\n<h3>Vem c\u00e1! Sua m\u00e1quina de lavar roupas \u00e9 daquelas que faz um barulh\u00e3o e n\u00e3o tem nenhuma modernidade em suas fun\u00e7\u00f5es? Ent\u00e3o, est\u00e1 na hora de troc\u00e1-la pela\u00a0<strong>Lavadora Brastemp BWK13AB<\/strong>. Com capacidade para\u00a0<strong>13kg<\/strong>, ela \u00e9 moderna e, al\u00e9m de lavar todos os tipos de roupa, ainda tem fun\u00e7\u00f5es que tratam com cuidado cada um dos tecidos. Ela tamb\u00e9m te faz economizar \u00e1gua, energia, produtos de limpeza e tempo. Confira mais:<\/h3>\n<\/div>\n<\/div>\n<div class=\"css-gbwsnk\"><img decoding=\"async\" src=\"https:\/\/imgs.via.com.br\/special-contents\/15096a05-b0cc-4b73-829d-9bdf1a61aceb\/43227496-d2fd-46d1-9561-45b84988b581.jpg\" alt=\"Cesto com porta transparente\" \/><\/div>\n<div class=\"css-qk8zzo\">\n<div>\n<h2><strong>Tira Manchas e Antibolinhas<\/strong><\/h2>\n<h3>Quem lava roupas sempre, sabe que as bolinhas nos tecidos e as manchas s\u00e3o os principais inimigos deste trabalho. Para acabar com isso de uma vez por todas, a BWK13AB da Brastemp traz dois ciclos exclusivos: o\u00a0<strong>Tira Manchas Advanced<\/strong>, que remove mais de 40 tipos de manchas, e o Ciclo\u00a0<strong>Antibolinhas<\/strong>, que previne esse desgaste nas roupas, deixando-as com apar\u00eancia de novas por mais tempo.<\/h3>\n<\/div>\n<\/div>\n<div class=\"css-gbwsnk\"><img decoding=\"async\" src=\"https:\/\/imgs.via.com.br\/special-contents\/15096a05-b0cc-4b73-829d-9bdf1a61aceb\/f2297acc-bb59-4f1c-9e16-acf609727e24.jpg\" alt=\"Visual elegante e esteticamente agrad\u00e1vel\" \/><\/div>\n<div class=\"css-qk8zzo\">\n<div>\n<h2><strong>Limpeza potencializada<\/strong><\/h2>\n<h3>Para potencializar a limpeza das pe\u00e7as, esta\u00a0<a href=\"https:\/\/www.casasbahia.com.br\/lavadora-brastemp\/b?utm_source=paginaespecial&amp;utm_medium=casasbahia&amp;utm_campaign=eletrodomesticos\" target=\"_blank\" rel=\"noopener noreferrer\"><strong><u>m\u00e1quina de lavar da Brastemp<\/u><\/strong><\/a>\u00a0conta com mais de 10 programas que permitem lavar as roupas com todo o cuidado e efici\u00eancia. S\u00e3o fun\u00e7\u00f5es como o ciclo\u00a0<strong>Edredom<\/strong>,\u00a0<strong>Roupas Delicadas<\/strong>,\u00a0<strong>Enx\u00e1gue Antial\u00e9rgico, Cores Douradas,\u00a0<\/strong>entre outras que<strong>\u00a0<\/strong>est\u00e3o presentes para tornar a tarefa de lavar roupas mais f\u00e1cil.<\/h3>\n<\/div>\n<\/div>\n<\/div>\n<\/div>\n<\/div>\n<div>\n<div id=\"product-description\">A M\u00e1quina de Lavar BWK13AB da Brastemp \u00e9 tudo o que voc\u00ea precisa para lavar as suas roupas com praticidade e efici\u00eancia!<\/p>\n<p>Seu design moderno e exclusivo oferece uma alta performance atrav\u00e9s do Ciclo Tira-Manchas Advanced, que retira at\u00e9 as manchas mais dif\u00edceis. Oferece ainda o m\u00e1ximo cuidado com as suas roupas, pois possui o Ciclo Antibolinhas que evita o desgaste do tecido e mant\u00e9m suas roupas com apar\u00eancia de novas por mais tempo.Seu cesto \u00e9 muito resistente e conta com a modernidade do acabamento inox no interior da lavadora.<\/p>\n<p>E mais: a Lavadora BWK13AB possui enx\u00e1gue antial\u00e9rgico, etapas adicionais de enx\u00e1gue promovem a remo\u00e7\u00e3o de res\u00edduos de sab\u00e3o de forma mais eficiente, minimizando riscos de irrita\u00e7\u00e3o na pele.<\/p>\n<p>Incr\u00edvel essa Lavadora BWK13AB da Brastemp, n\u00e3o \u00e9 mesmo?<br \/>\nN\u00e3o perca mais tempo e adquira agora mesmo a sua, pois ela \u00e9 indispens\u00e1vel no dia a dia da sua casa!<\/p><\/div>\n<\/div>\n","protected":false},"excerpt":{"rendered":"<p>Lavadora Brastemp 13Kg BWK13AB Vem c\u00e1! Sua m\u00e1quina de lavar roupas \u00e9 daquelas que faz um barulh\u00e3o e n\u00e3o tem nenhuma modernidade em suas fun\u00e7\u00f5es? Ent\u00e3o, est\u00e1 na hora de troc\u00e1-la pela\u00a0Lavadora Brastemp BWK13AB. Com capacidade para\u00a013kg, ela \u00e9 moderna e, al\u00e9m de lavar todos os tipos de roupa, ainda tem fun\u00e7\u00f5es que tratam com [&hellip;]<\/p>\n","protected":false},"featured_media":3277,"comment_status":"open","ping_status":"closed","template":"","meta":[],"product_brand":[],"product_cat":[69,79],"product_tag":[],"class_list":{"0":"post-3276","1":"product","2":"type-product","3":"status-publish","4":"has-post-thumbnail","6":"product_cat-eletrodomesticos","7":"product_cat-utilidades-domestica","9":"first","10":"instock","11":"shipping-taxable","12":"purchasable","13":"product-type-simple"},"_links":{"self":[{"href":"https:\/\/plataformaprojetos.site\/loja1wagner\/wp-json\/wp\/v2\/product\/3276","targetHints":{"allow":["GET"]}}],"collection":[{"href":"https:\/\/plataformaprojetos.site\/loja1wagner\/wp-json\/wp\/v2\/product"}],"about":[{"href":"https:\/\/plataformaprojetos.site\/loja1wagner\/wp-json\/wp\/v2\/types\/product"}],"replies":[{"embeddable":true,"href":"https:\/\/plataformaprojetos.site\/loja1wagner\/wp-json\/wp\/v2\/comments?post=3276"}],"wp:featuredmedia":[{"embeddable":true,"href":"https:\/\/plataformaprojetos.site\/loja1wagner\/wp-json\/wp\/v2\/media\/3277"}],"wp:attachment":[{"href":"https:\/\/plataformaprojetos.site\/loja1wagner\/wp-json\/wp\/v2\/media?parent=3276"}],"wp:term":[{"taxonomy":"product_brand","embeddable":true,"href":"https:\/\/plataformaprojetos.site\/loja1wagner\/wp-json\/wp\/v2\/product_brand?post=3276"},{"taxonomy":"product_cat","embeddable":true,"href":"https:\/\/plataformaprojetos.site\/loja1wagner\/wp-json\/wp\/v2\/product_cat?post=3276"},{"taxonomy":"product_tag","embeddable":true,"href":"https:\/\/plataformaprojetos.site\/loja1wagner\/wp-json\/wp\/v2\/product_tag?post=3276"}],"curies":[{"name":"wp","href":"https:\/\/api.w.org\/{rel}","templated":true}]}}