{"id":3288,"date":"2025-11-17T13:10:39","date_gmt":"2025-11-17T16:10:39","guid":{"rendered":"https:\/\/plataformaprojetos.site\/loja1wagner\/?post_type=product&#038;p=3288"},"modified":"2025-12-15T13:21:19","modified_gmt":"2025-12-15T16:21:19","slug":"geladeira-consul-duplex-crm44ab-frost-free-386l-com-altura-flex-funcao-turbo-iluminacao-em-led-e-freezer-espacoso-branca-220v","status":"publish","type":"product","link":"https:\/\/plataformaprojetos.site\/loja1wagner\/produto\/geladeira-consul-duplex-crm44ab-frost-free-386l-com-altura-flex-funcao-turbo-iluminacao-em-led-e-freezer-espacoso-branca-220v\/","title":{"rendered":"Geladeira Consul Duplex CRM44AB Frost Free 386L com Altura Flex, Fun\u00e7\u00e3o Turbo, Ilumina\u00e7\u00e3o em LED e Freezer Espa\u00e7oso &#8211; Branca &#8211; 220V"},"content":{"rendered":"<div id=\"product-special-content-partner\" data-testid=\"product-special-content\">\n<div class=\"css-1n35da2\" data-component=\"special-content\" data-version=\"1.0.1-2\">\n<div class=\"css-1wb3f7s\">\n<div class=\"css-gbwsnk\"><img decoding=\"async\" src=\"https:\/\/imgs.via.com.br\/special-contents\/1d5e3cf0-6066-49ce-9de9-982b857c1a71\/e7ec3b35-1ff3-455e-8b5d-11ddfdd8a76a.jpg\" alt=\"Geladeira Duplex Consul CRM44AB 386L Branca\" \/><\/div>\n<div class=\"css-qk8zzo\">\n<div>\n<h2 class=\"ql-align-justify\"><strong>Geladeira Duplex Consul CRM44AB 386L &#8211; Branca<\/strong><\/h2>\n<p>Se voc\u00ea est\u00e1 em busca de um refrigerador duplex, com design clean e espa\u00e7o interno bem distribu\u00eddo, o modelo<strong>\u00a0CRM44AB da Consul<\/strong>\u00a0\u00e9 uma excelente op\u00e7\u00e3o. Com\u00a0<strong>386 litros de capacidade<\/strong>, distribu\u00eddos entre 96L do freezer e 290L da geladeira, ele vai deixar seus alimentos e bebidas muito bem conservados.<\/p>\n<\/div>\n<\/div>\n<div class=\"css-gbwsnk\"><img decoding=\"async\" src=\"https:\/\/imgs.via.com.br\/special-contents\/1d5e3cf0-6066-49ce-9de9-982b857c1a71\/6ed97b8b-8408-48d5-911e-fe8ffd4ad7b1.jpg\" alt=\"Geladeira Duplex Consul CRM44AB fun\u00e7\u00e3o turbo\" \/><\/div>\n<div class=\"css-qk8zzo\">\n<div>\n<h3 class=\"ql-align-justify\"><strong>Refrigerador Frost Free com Fun\u00e7\u00e3o Turbo<\/strong><\/h3>\n<p>A\u00a0<a href=\"https:\/\/www.casasbahia.com.br\/geladeira-consul\/b?&amp;utm_source=paginaespecial&amp;utm_medium=casasbahia&amp;utm_campaign=geladeira_consul\" target=\"_blank\" rel=\"noopener noreferrer\"><u>geladeira Consul Duplex<\/u><\/a>\u00a0CRM44AB \u00e9 um modelo Frost Free, que\u00a0<strong>n\u00e3o forma gelo<\/strong>\u00a0nas paredes do congelador e, por isso, n\u00e3o precisa ser descongelada nunca. E, para garantir ainda mais praticidade, ela disp\u00f5e da\u00a0<strong>fun\u00e7\u00e3o Turbo<\/strong>, ideal para ser ativada quando o equipamento est\u00e1 cheio, j\u00e1 que garante um\u00a0<strong>resfriamento muito mais r\u00e1pido<\/strong>.<\/p>\n<\/div>\n<\/div>\n<div class=\"css-gbwsnk\"><img decoding=\"async\" src=\"https:\/\/imgs.via.com.br\/special-contents\/1d5e3cf0-6066-49ce-9de9-982b857c1a71\/42165e8c-6dcf-4948-ab14-05abcbe3eac7.jpg\" alt=\"Refrigerador Duplex Consul CRM44AB prateleiras ajust\u00e1veis\" \/><\/div>\n<div class=\"css-qk8zzo\">\n<div>\n<h3 class=\"ql-align-justify\"><strong>Prateleiras com altura ajust\u00e1vel<\/strong><\/h3>\n<p>Projetadas com\u00a0<strong>altura Flex<\/strong>, as prateleiras do\u00a0<strong>refrigerador Consul CRM44AB\u00a0<\/strong>podem ser ajustadas em\u00a0<strong>at\u00e9 4 n\u00edveis de altura<\/strong>, possibilitando a organiza\u00e7\u00e3o de itens de diversos tamanhos, sem a necessidade de retir\u00e1-los da geladeira. Muito bem pensado!<\/p>\n<\/div>\n<\/div>\n<\/div>\n<\/div>\n<\/div>\n<div>\n<div id=\"product-description\">Deseja guardar os alimentos com mais praticidade na geladeira e quer aproveitar para modernizar a sua cozinha? Ent\u00e3o leve agora mesmo a Geladeira Consul Frost Free Duplex CRM44AB Branca de 386 litros de capacidade.<\/p>\n<p>Ela conta com altura flex que permite ajustar as prateleiras em at\u00e9 4 n\u00edveis diferentes, assim voc\u00ea n\u00e3o ter\u00e1 dificuldade para guardar diversos tipos de alimentos ou embalagens, cabe da jarra \u00e0 melancia tranquilamente.<\/p>\n<p>Al\u00e9m disso, a Geladeira Consul possui um freezer espa\u00e7oso que permite guardar todos os congelados, sem a necessidade de malabarismos. E mais! Tem ilumina\u00e7\u00e3o em LED, Fun\u00e7\u00e3o Turbo que gela r\u00e1pido at\u00e9 quando est\u00e1 cheia, forminhas de gelo e porta-ovos.<\/p>\n<p>Um refrigerador perfeito para facilitar o seu dia a dia. Confira!<\/p><\/div>\n<\/div>\n","protected":false},"excerpt":{"rendered":"<p>Geladeira Duplex Consul CRM44AB 386L &#8211; Branca Se voc\u00ea est\u00e1 em busca de um refrigerador duplex, com design clean e espa\u00e7o interno bem distribu\u00eddo, o modelo\u00a0CRM44AB da Consul\u00a0\u00e9 uma excelente op\u00e7\u00e3o. Com\u00a0386 litros de capacidade, distribu\u00eddos entre 96L do freezer e 290L da geladeira, ele vai deixar seus alimentos e bebidas muito bem conservados. Refrigerador [&hellip;]<\/p>\n","protected":false},"featured_media":3292,"comment_status":"open","ping_status":"closed","template":"","meta":[],"product_brand":[],"product_cat":[69,79],"product_tag":[],"class_list":{"0":"post-3288","1":"product","2":"type-product","3":"status-publish","4":"has-post-thumbnail","6":"product_cat-eletrodomesticos","7":"product_cat-utilidades-domestica","9":"first","10":"instock","11":"shipping-taxable","12":"purchasable","13":"product-type-simple"},"_links":{"self":[{"href":"https:\/\/plataformaprojetos.site\/loja1wagner\/wp-json\/wp\/v2\/product\/3288","targetHints":{"allow":["GET"]}}],"collection":[{"href":"https:\/\/plataformaprojetos.site\/loja1wagner\/wp-json\/wp\/v2\/product"}],"about":[{"href":"https:\/\/plataformaprojetos.site\/loja1wagner\/wp-json\/wp\/v2\/types\/product"}],"replies":[{"embeddable":true,"href":"https:\/\/plataformaprojetos.site\/loja1wagner\/wp-json\/wp\/v2\/comments?post=3288"}],"wp:featuredmedia":[{"embeddable":true,"href":"https:\/\/plataformaprojetos.site\/loja1wagner\/wp-json\/wp\/v2\/media\/3292"}],"wp:attachment":[{"href":"https:\/\/plataformaprojetos.site\/loja1wagner\/wp-json\/wp\/v2\/media?parent=3288"}],"wp:term":[{"taxonomy":"product_brand","embeddable":true,"href":"https:\/\/plataformaprojetos.site\/loja1wagner\/wp-json\/wp\/v2\/product_brand?post=3288"},{"taxonomy":"product_cat","embeddable":true,"href":"https:\/\/plataformaprojetos.site\/loja1wagner\/wp-json\/wp\/v2\/product_cat?post=3288"},{"taxonomy":"product_tag","embeddable":true,"href":"https:\/\/plataformaprojetos.site\/loja1wagner\/wp-json\/wp\/v2\/product_tag?post=3288"}],"curies":[{"name":"wp","href":"https:\/\/api.w.org\/{rel}","templated":true}]}}