{"id":3301,"date":"2025-11-17T13:16:49","date_gmt":"2025-11-17T16:16:49","guid":{"rendered":"https:\/\/plataformaprojetos.site\/loja1wagner\/?post_type=product&#038;p=3301"},"modified":"2025-12-15T13:21:13","modified_gmt":"2025-12-15T16:21:13","slug":"fogao-5-bocas-electrolux-fe5gb-efficient-preto-bivolt","status":"publish","type":"product","link":"https:\/\/plataformaprojetos.site\/loja1wagner\/produto\/fogao-5-bocas-electrolux-fe5gb-efficient-preto-bivolt\/","title":{"rendered":"Fog\u00e3o 5 Bocas Electrolux FE5GB Efficient Preto Bivolt"},"content":{"rendered":"<h1>Fog\u00e3o 5 Bocas Electrolux FE5GB Efficient Preto: Mais Sabor, Praticidade e Tecnologia na Sua Cozinha<\/h1>\n<h1><\/h1>\n<p>Se voc\u00ea procura um fog\u00e3o moderno, potente e f\u00e1cil de limpar, o Fog\u00e3o 5 Bocas Electrolux\u00a0<strong>Preto Efficient com Mesa de Vidro, PerfectCook e Grades de Ferro (FE5GB)\u00a0<\/strong>\u00e9 a escolha ideal para transformar sua experi\u00eancia na cozinha. Pensado para quem ama cozinhar com agilidade, seguran\u00e7a e resultados incr\u00edveis, esse fog\u00e3o une design sofisticado com tecnologias que fazem a diferen\u00e7a no dia a dia.<\/p>\n<h1><\/h1>\n<h2>Cozimento uniforme com a tecnologia PerfectCook<\/h2>\n<p>&nbsp;<\/p>\n<p>O forno do\u00a0<strong>Fog\u00e3o Electrolux Efficient<\/strong>\u00a0conta com a exclusiva fun\u00e7\u00e3o\u00a0<strong>PerfectCook,\u00a0<\/strong>que garante um assado mais uniforme e saboroso. Gra\u00e7as \u00e0 cavidade selada, cantos arredondados e excelente isolamento t\u00e9rmico, os alimentos ficam suculentos por dentro e dourados por fora \u2014 com redu\u00e7\u00e3o de at\u00e9 18% no tempo de preparo\u00b9. Mais sabor com menos espera.<\/p>\n<p>&nbsp;<\/p>\n<h2>Mais croc\u00e2ncia com o VaporBake\u00ae<\/h2>\n<p>&nbsp;<\/p>\n<p>A inova\u00e7\u00e3o tamb\u00e9m est\u00e1 presente com a tecnologia<strong>\u00a0VaporBake\u00ae<\/strong>, que utiliza o poder do vapor para preparar receitas com at\u00e9 2x\u00b2 mais croc\u00e2ncia e textura. E para o dia a dia, a fun\u00e7\u00e3o<strong>\u00a0Regenerar a Vapor<\/strong>\u00a0aquece as refei\u00e7\u00f5es sem ressecar, preservando o sabor e o aroma original dos alimentos.<\/p>\n<p>&nbsp;<\/p>\n<h2>Tripla Chama e Acendimento Autom\u00e1tico: pot\u00eancia e precis\u00e3o<\/h2>\n<p>&nbsp;<\/p>\n<p>Quer agilidade sem perder o ponto ideal? A\u00a0<strong>boca Tripla Chama<\/strong>\u00a0acelera o preparo dos alimentos mais exigentes, oferecendo pot\u00eancia m\u00e1xima com total controle. O acendimento autom\u00e1tico garante praticidade e seguran\u00e7a com apenas um clique.<\/p>\n<p>&nbsp;<\/p>\n<h2>Mesa de Vidro Temperado com 2 anos de garantia<\/h2>\n<p>&nbsp;<\/p>\n<p>Al\u00e9m de funcional, o<strong>\u00a0Fog\u00e3o Electrolux 5 Bocas FE5GB<\/strong>\u00a0\u00e9 um charme \u00e0 parte na sua cozinha. Sua\u00a0<strong>mesa de vidro temperado<\/strong>\u00a0confere um toque moderno, \u00e9 super f\u00e1cil de limpar e tem<strong>\u00a02 anos de garantia<\/strong>, garantindo durabilidade e beleza por muito mais tempo.<\/p>\n<p>&nbsp;<\/p>\n<h2>Limpeza r\u00e1pida com FastClean e detalhes que fazem a diferen\u00e7a<\/h2>\n<p>&nbsp;<\/p>\n<p>Com o\u00a0<strong>revestimento FastClean<\/strong>, o interior do forno recebe um esmalte vitrificado que evita o ac\u00famulo de sujeira, facilitando a limpeza di\u00e1ria. O\u00a0<strong>vidro interno remov\u00edvel<\/strong>, os\u00a0<strong>queimadores selados<\/strong>\u00a0e os\u00a0<strong>bot\u00f5es remov\u00edveis<\/strong>\u00a0completam a experi\u00eancia, tornando a manuten\u00e7\u00e3o muito mais simples e eficiente.<\/p>\n<p>&nbsp;<\/p>\n<h2>Grades de Ferro Fundido e praticidade no uso<\/h2>\n<p>&nbsp;<\/p>\n<p>As\u00a0<strong>Grades (trempes) de ferro fundido<\/strong>\u00a0proporcionam mais estabilidade e seguran\u00e7a durante o preparo, al\u00e9m de serem resistentes e dur\u00e1veis. J\u00e1 as\u00a0<strong>grades individuais<\/strong>\u00a0do forno facilitam o uso e a limpeza, enquanto as\u00a0<strong>duas prateleiras manuais<\/strong>\u00a0permitem preparar mais de uma receita ao mesmo tempo, otimizando seu tempo na cozinha.<\/p>\n","protected":false},"excerpt":{"rendered":"<p>Fog\u00e3o 5 Bocas Electrolux FE5GB Efficient Preto: Mais Sabor, Praticidade e Tecnologia na Sua Cozinha Se voc\u00ea procura um fog\u00e3o moderno, potente e f\u00e1cil de limpar, o Fog\u00e3o 5 Bocas Electrolux\u00a0Preto Efficient com Mesa de Vidro, PerfectCook e Grades de Ferro (FE5GB)\u00a0\u00e9 a escolha ideal para transformar sua experi\u00eancia na cozinha. Pensado para quem ama [&hellip;]<\/p>\n","protected":false},"featured_media":3306,"comment_status":"open","ping_status":"closed","template":"","meta":[],"product_brand":[],"product_cat":[69,79],"product_tag":[],"class_list":{"0":"post-3301","1":"product","2":"type-product","3":"status-publish","4":"has-post-thumbnail","6":"product_cat-eletrodomesticos","7":"product_cat-utilidades-domestica","9":"first","10":"instock","11":"shipping-taxable","12":"purchasable","13":"product-type-simple"},"_links":{"self":[{"href":"https:\/\/plataformaprojetos.site\/loja1wagner\/wp-json\/wp\/v2\/product\/3301","targetHints":{"allow":["GET"]}}],"collection":[{"href":"https:\/\/plataformaprojetos.site\/loja1wagner\/wp-json\/wp\/v2\/product"}],"about":[{"href":"https:\/\/plataformaprojetos.site\/loja1wagner\/wp-json\/wp\/v2\/types\/product"}],"replies":[{"embeddable":true,"href":"https:\/\/plataformaprojetos.site\/loja1wagner\/wp-json\/wp\/v2\/comments?post=3301"}],"wp:featuredmedia":[{"embeddable":true,"href":"https:\/\/plataformaprojetos.site\/loja1wagner\/wp-json\/wp\/v2\/media\/3306"}],"wp:attachment":[{"href":"https:\/\/plataformaprojetos.site\/loja1wagner\/wp-json\/wp\/v2\/media?parent=3301"}],"wp:term":[{"taxonomy":"product_brand","embeddable":true,"href":"https:\/\/plataformaprojetos.site\/loja1wagner\/wp-json\/wp\/v2\/product_brand?post=3301"},{"taxonomy":"product_cat","embeddable":true,"href":"https:\/\/plataformaprojetos.site\/loja1wagner\/wp-json\/wp\/v2\/product_cat?post=3301"},{"taxonomy":"product_tag","embeddable":true,"href":"https:\/\/plataformaprojetos.site\/loja1wagner\/wp-json\/wp\/v2\/product_tag?post=3301"}],"curies":[{"name":"wp","href":"https:\/\/api.w.org\/{rel}","templated":true}]}}