{"id":3310,"date":"2025-11-17T13:20:41","date_gmt":"2025-11-17T16:20:41","guid":{"rendered":"https:\/\/plataformaprojetos.site\/loja1wagner\/?post_type=product&#038;p=3310"},"modified":"2025-12-15T13:21:05","modified_gmt":"2025-12-15T16:21:05","slug":"fogao-dako-supreme-5-bocas-com-mesa-inox-acendimento-automatico-branco-bivolt","status":"publish","type":"product","link":"https:\/\/plataformaprojetos.site\/loja1wagner\/produto\/fogao-dako-supreme-5-bocas-com-mesa-inox-acendimento-automatico-branco-bivolt\/","title":{"rendered":"Fog\u00e3o Dako Supreme 5 Bocas com Mesa Inox Acendimento Automatico Branco Bivolt"},"content":{"rendered":"<p>O Fog\u00e3o Dako Supreme Glass chega para revolucionar sua cozinha com design moderno e performance excepcional. Desenvolvido para atender \u00e0s exig\u00eancias do cozinheiro contempor\u00e2neo, este modelo de piso apresenta 5 bocas bivolt alimentadas a g\u00e1s, garantindo praticidade e efici\u00eancia em cada preparo.<\/p>\n<p>Sua mesa em inox, com trempe em ferro fundido e apoio em 6 pontos, alia robustez e eleg\u00e2ncia. Com acendimento autom\u00e1tico, a aus\u00eancia de tampa e man\u00edpulos Top Control de formato redondo e remov\u00edveis, o modelo proporciona um manuseio intuitivo e seguro.<\/p>\n<p>Os queimadores, com acabamento em alum\u00ednio jateado e escovado com capa esmaltada, oferecem uma pot\u00eancia total de 10,7kW. A configura\u00e7\u00e3o inclui uma Tripla Chama de 3,3kW, dois queimadores da fam\u00edlia de 2,0kW e dois semi-r\u00e1pidos de 1,7kW, garantindo o controle ideal da chama para diversas t\u00e9cnicas culin\u00e1rias.<\/p>\n<p>Com forno de 100L, a excel\u00eancia se mant\u00e9m com acabamento interno em esmalte limpa f\u00e1cil, 2 prateleiras deslizantes, ilumina\u00e7\u00e3o interna e visor total. Equipado com puxador em alum\u00ednio extrudado de tamanho grande, vidro duplo temperado na porta e v\u00e1lvula de seguran\u00e7a, o forno refor\u00e7a o compromisso da Dako com qualidade e seguran\u00e7a.<\/p>\n<p>O Fog\u00e3o Dako Supreme Glass \u00e9 a escolha perfeita para quem busca unir modernidade, desempenho e um alto padr\u00e3o de qualidade em sua cozinha.<\/p>\n<p>Caracter\u00edsticas:<\/p>\n<p>&#8211; Marca: Dako<br \/>\n&#8211; Linha: Supreme Glass<br \/>\n&#8211; Ref.: 300001835<br \/>\n&#8211; Quantidade de bocas: 5<br \/>\n&#8211; Voltagem: Bivolt<br \/>\n&#8211; Alimenta\u00e7\u00e3o: G\u00e1s<br \/>\n&#8211; Cor: Branco<br \/>\n&#8211; Tipo: Piso<\/p>\n<p>Mesa:<\/p>\n<p>&#8211; Tipo: Mesa de Inox<br \/>\n&#8211; Trempe: Ferro fundido<br \/>\n&#8211; Trempe Apoio: 6<br \/>\n&#8211; Acendimento: Autom\u00e1tico<br \/>\n&#8211; Tampa de mesa: N\u00e3o possui<br \/>\n&#8211; Posi\u00e7\u00e3o Man\u00edpulos: Top Control<br \/>\n&#8211; Tipo de Manipuladores: Redondo<br \/>\n&#8211; Manipulador Remov\u00edvel: Sim<\/p>\n<p>Queimadores:<\/p>\n<p>&#8211; Quantidade: 5<br \/>\n&#8211; Tipo de queimador: Alum\u00ednio Jateado e Escovado com Capa Esmaltada<br \/>\n&#8211; Tripla Chama: 1 (3,3kW)<br \/>\n&#8211; Fam\u00edlia: 2 (2,0kW)<br \/>\n&#8211; Mega Chama: N\u00e3o possui<br \/>\n&#8211; R\u00e1pido: N\u00e3o possui<br \/>\n&#8211; Semi R\u00e1pido: 2 (1,7kW)<br \/>\n&#8211; Mini: N\u00e3o possui<br \/>\n&#8211; Pot\u00eancia: 10,7kW<br \/>\nForno:<br \/>\n&#8211; Capacidade: 100L<br \/>\n&#8211; Alimenta\u00e7\u00e3o: G\u00e1s<br \/>\n&#8211; Grill: N\u00e3o possui<br \/>\n&#8211; Pot\u00eancia do forno: 2,65kW<br \/>\n&#8211; Acabamento Interno do Forno: Esmalte Limpa F\u00e1cil<br \/>\n&#8211; Prateleiras: 2 Deslizantes<br \/>\n&#8211; Luz no forno: Sim<br \/>\n&#8211; L\u00e2mpada 127v ou 220v: 220v<br \/>\n&#8211; Vidro porta do forno: Vidro Duplo Temperado<br \/>\n&#8211; Puxador: Alum\u00ednio Extrudado<br \/>\n&#8211; Tamanho puxador: Grande<br \/>\n&#8211; Visor porta do forno: Total<br \/>\n&#8211; V\u00e1lvula de seguran\u00e7a do forno: Sim<\/p>\n<p>Fun\u00e7\u00f5es:<\/p>\n<p>&#8211; Timer: N\u00e3o<br \/>\n&#8211; Vapor: N\u00e3o<br \/>\n&#8211; Convec\u00e7\u00e3o: N\u00e3o<br \/>\n&#8211; Food Sensor: N\u00e3o<br \/>\n&#8211; AirFryer: N\u00e3o<br \/>\n&#8211; Sensor de Pr\u00e9-Aquecimento: N\u00e3o<\/p>\n<p>Dimens\u00f5es de peso aproximados:<\/p>\n<p>&#8211; Altura: 96cm<br \/>\n&#8211; Largura: 77,3cm<br \/>\n&#8211; Profundidade: 64,7cm<br \/>\n&#8211; Peso: 30,7Kg<\/p>\n<p>Importante: Imprescind\u00edvel \u00e0 confer\u00eancia no ato da entrega. Em caso de anormalidade, recuse o recebimento.<br \/>\nTodas as informa\u00e7\u00f5es divulgadas s\u00e3o de responsabilidade do fabricante, podendo sofrer altera\u00e7\u00f5es sem nenhum aviso pr\u00e9vio.<br \/>\nGarantia de 12 meses contra defeitos de fabrica\u00e7\u00e3o de acordo com as normas do fabricante.<\/p>\n","protected":false},"excerpt":{"rendered":"<p>O Fog\u00e3o Dako Supreme Glass chega para revolucionar sua cozinha com design moderno e performance excepcional. Desenvolvido para atender \u00e0s exig\u00eancias do cozinheiro contempor\u00e2neo, este modelo de piso apresenta 5 bocas bivolt alimentadas a g\u00e1s, garantindo praticidade e efici\u00eancia em cada preparo. Sua mesa em inox, com trempe em ferro fundido e apoio em 6 [&hellip;]<\/p>\n","protected":false},"featured_media":3313,"comment_status":"open","ping_status":"closed","template":"","meta":[],"product_brand":[],"product_cat":[69,79],"product_tag":[],"class_list":{"0":"post-3310","1":"product","2":"type-product","3":"status-publish","4":"has-post-thumbnail","6":"product_cat-eletrodomesticos","7":"product_cat-utilidades-domestica","9":"first","10":"instock","11":"shipping-taxable","12":"purchasable","13":"product-type-simple"},"_links":{"self":[{"href":"https:\/\/plataformaprojetos.site\/loja1wagner\/wp-json\/wp\/v2\/product\/3310","targetHints":{"allow":["GET"]}}],"collection":[{"href":"https:\/\/plataformaprojetos.site\/loja1wagner\/wp-json\/wp\/v2\/product"}],"about":[{"href":"https:\/\/plataformaprojetos.site\/loja1wagner\/wp-json\/wp\/v2\/types\/product"}],"replies":[{"embeddable":true,"href":"https:\/\/plataformaprojetos.site\/loja1wagner\/wp-json\/wp\/v2\/comments?post=3310"}],"wp:featuredmedia":[{"embeddable":true,"href":"https:\/\/plataformaprojetos.site\/loja1wagner\/wp-json\/wp\/v2\/media\/3313"}],"wp:attachment":[{"href":"https:\/\/plataformaprojetos.site\/loja1wagner\/wp-json\/wp\/v2\/media?parent=3310"}],"wp:term":[{"taxonomy":"product_brand","embeddable":true,"href":"https:\/\/plataformaprojetos.site\/loja1wagner\/wp-json\/wp\/v2\/product_brand?post=3310"},{"taxonomy":"product_cat","embeddable":true,"href":"https:\/\/plataformaprojetos.site\/loja1wagner\/wp-json\/wp\/v2\/product_cat?post=3310"},{"taxonomy":"product_tag","embeddable":true,"href":"https:\/\/plataformaprojetos.site\/loja1wagner\/wp-json\/wp\/v2\/product_tag?post=3310"}],"curies":[{"name":"wp","href":"https:\/\/api.w.org\/{rel}","templated":true}]}}