{"id":3315,"date":"2025-11-17T13:48:09","date_gmt":"2025-11-17T16:48:09","guid":{"rendered":"https:\/\/plataformaprojetos.site\/loja1wagner\/?post_type=product&#038;p=3315"},"modified":"2025-12-15T13:20:58","modified_gmt":"2025-12-15T16:20:58","slug":"geladeira-brastemp-frost-free-duplex-brm44hb-com-compartimento-extrafrio-fresh-zone-branca-375l-110v","status":"publish","type":"product","link":"https:\/\/plataformaprojetos.site\/loja1wagner\/produto\/geladeira-brastemp-frost-free-duplex-brm44hb-com-compartimento-extrafrio-fresh-zone-branca-375l-110v\/","title":{"rendered":"Geladeira Brastemp Frost Free Duplex BRM44HB com Compartimento Extrafrio Fresh Zone Branca &#8211; 375L &#8211; 110V"},"content":{"rendered":"<div id=\"product-special-content-partner\" data-testid=\"product-special-content\">\n<div class=\"css-1n35da2\" data-component=\"special-content\" data-version=\"1.0.1-2\">\n<div class=\"css-1wb3f7s\">\n<div class=\"css-gbwsnk\"><img decoding=\"async\" src=\"https:\/\/imgs.via.com.br\/special-contents\/ff3bad64-ef15-4825-b8bd-cb97954ea488\/680b0f8b-ed5c-42b9-9b29-92d1e202af4e.jpg\" alt=\"Geladeira Frost Free Duplex Brastemp BRM44HB Branca\" \/><\/div>\n<div class=\"css-qk8zzo\">\n<div>\n<h2 class=\"ql-align-justify\"><strong>Geladeira Frost Free Duplex Brastemp BRM44HB &#8211; Branca<\/strong><\/h2>\n<p class=\"ql-align-justify\">Vem c\u00e1 conhecer a geladeira que voc\u00ea vai ter em sua cozinha com a ajuda das Casas Bahia, a\u00a0<strong>Brastemp Frost Free Duplex BRM44HB<\/strong>! Com capacidade de\u00a0<strong>375 litros<\/strong>, divididos entre o freezer (86 litros) e o refrigerador (288 litros), ela traz toda a praticidade e tecnologia para armazenar os alimentos de forma ideal, conservando-os por mais tempo.<\/p>\n<\/div>\n<\/div>\n<div class=\"css-gbwsnk\"><img decoding=\"async\" src=\"https:\/\/imgs.via.com.br\/special-contents\/ff3bad64-ef15-4825-b8bd-cb97954ea488\/8c98191d-a382-4cde-a0d9-852da012783a.jpg\" alt=\"Refrigerador Brastemp BRM44HB\" \/><\/div>\n<div class=\"css-qk8zzo\">\n<div>\n<h3 class=\"ql-align-justify\"><strong>Compartimento extrafrio<\/strong><\/h3>\n<p class=\"ql-align-justify\">Para gelar bebidas rapidamente e guardar melhor frios e latic\u00ednios, o Brastemp BRM44HB conta com o compartimento extrafrio. Ah, e tamb\u00e9m tem o\u00a0<strong>espa\u00e7o para latas e Long Necks<\/strong>, que voc\u00ea pode encaixar onde preferir: no freezer ou na geladeira.<\/p>\n<\/div>\n<\/div>\n<div class=\"css-gbwsnk\"><img decoding=\"async\" src=\"https:\/\/imgs.via.com.br\/special-contents\/ff3bad64-ef15-4825-b8bd-cb97954ea488\/96ccae7b-cede-4c5b-ad1d-1e02d98bcf75.jpg\" alt=\"Geladeira Brastemp BRM44HB\" \/><\/div>\n<div class=\"css-qk8zzo\">\n<div>\n<h3 class=\"ql-align-justify\"><strong>Fresh Zone<\/strong><\/h3>\n<p class=\"ql-align-justify\">E as frutas e legumes n\u00e3o ficam esquecidas nessa\u00a0<a href=\"https:\/\/www.casasbahia.com.br\/geladeira-brastemp\/b?utm_source=paginaespecial&amp;utm_medium=casasbahia&amp;utm_campaign=moveis\" target=\"_blank\" rel=\"noopener noreferrer\"><u>geladeira da Brastemp<\/u><\/a>. O\u00a0<strong>gavet\u00e3o Fresh Zone<\/strong>\u00a0garante que eles permane\u00e7am bem armazenados, podendo durar mais, mantendo o sabor e os nutrientes. E vale ressaltar que este \u00e9 um\u00a0<strong>refrigerador Frost Free<\/strong>, ou seja, n\u00e3o precisa descongelar para tirar o gelo!<\/p>\n<\/div>\n<\/div>\n<\/div>\n<\/div>\n<\/div>\n<div>\n<div id=\"product-description\">Se voc\u00ea est\u00e1 em busca de uma geladeira, com design inovador, praticidade e tecnologia, o Refrigerador Brastemp BRM44HB \u00e9 o eletrodom\u00e9stico perfeito. Com uma capacidade de 375 litros no total, ela disp\u00f5e de 86 litros para o freezer somados aos 288 litros do refrigerador. Tudo isso com um painel eletr\u00f4nico de f\u00e1cil manuseio.<\/p>\n<p>Com o compartimento Latas e Long Necks se encaixa perfeitamente no freezer ou na geladeira e possibilita gelar as bebidas de forma eficaz. J\u00e1 o compartimento extrafrio, gele as bebidas mais r\u00e1pido e conserve melhor frios e latic\u00ednios.<\/p><\/div>\n<\/div>\n","protected":false},"excerpt":{"rendered":"<p>Geladeira Frost Free Duplex Brastemp BRM44HB &#8211; Branca Vem c\u00e1 conhecer a geladeira que voc\u00ea vai ter em sua cozinha com a ajuda das Casas Bahia, a\u00a0Brastemp Frost Free Duplex BRM44HB! Com capacidade de\u00a0375 litros, divididos entre o freezer (86 litros) e o refrigerador (288 litros), ela traz toda a praticidade e tecnologia para armazenar [&hellip;]<\/p>\n","protected":false},"featured_media":3316,"comment_status":"open","ping_status":"closed","template":"","meta":[],"product_brand":[],"product_cat":[69,79],"product_tag":[],"class_list":{"0":"post-3315","1":"product","2":"type-product","3":"status-publish","4":"has-post-thumbnail","6":"product_cat-eletrodomesticos","7":"product_cat-utilidades-domestica","9":"first","10":"instock","11":"shipping-taxable","12":"purchasable","13":"product-type-simple"},"_links":{"self":[{"href":"https:\/\/plataformaprojetos.site\/loja1wagner\/wp-json\/wp\/v2\/product\/3315","targetHints":{"allow":["GET"]}}],"collection":[{"href":"https:\/\/plataformaprojetos.site\/loja1wagner\/wp-json\/wp\/v2\/product"}],"about":[{"href":"https:\/\/plataformaprojetos.site\/loja1wagner\/wp-json\/wp\/v2\/types\/product"}],"replies":[{"embeddable":true,"href":"https:\/\/plataformaprojetos.site\/loja1wagner\/wp-json\/wp\/v2\/comments?post=3315"}],"wp:featuredmedia":[{"embeddable":true,"href":"https:\/\/plataformaprojetos.site\/loja1wagner\/wp-json\/wp\/v2\/media\/3316"}],"wp:attachment":[{"href":"https:\/\/plataformaprojetos.site\/loja1wagner\/wp-json\/wp\/v2\/media?parent=3315"}],"wp:term":[{"taxonomy":"product_brand","embeddable":true,"href":"https:\/\/plataformaprojetos.site\/loja1wagner\/wp-json\/wp\/v2\/product_brand?post=3315"},{"taxonomy":"product_cat","embeddable":true,"href":"https:\/\/plataformaprojetos.site\/loja1wagner\/wp-json\/wp\/v2\/product_cat?post=3315"},{"taxonomy":"product_tag","embeddable":true,"href":"https:\/\/plataformaprojetos.site\/loja1wagner\/wp-json\/wp\/v2\/product_tag?post=3315"}],"curies":[{"name":"wp","href":"https:\/\/api.w.org\/{rel}","templated":true}]}}