{"id":3327,"date":"2025-11-17T13:54:53","date_gmt":"2025-11-17T16:54:53","guid":{"rendered":"https:\/\/plataformaprojetos.site\/loja1wagner\/?post_type=product&#038;p=3327"},"modified":"2025-12-15T13:20:49","modified_gmt":"2025-12-15T16:20:49","slug":"geladeira-brastemp-375l-brm44hk-frost-free-duplex-extrafrio-fresh-zone-inox-110v-2","status":"publish","type":"product","link":"https:\/\/plataformaprojetos.site\/loja1wagner\/produto\/geladeira-brastemp-375l-brm44hk-frost-free-duplex-extrafrio-fresh-zone-inox-110v-2\/","title":{"rendered":"Geladeira Brastemp 375L BRM44HK Frost Free Duplex Extrafrio Fresh Zone Inox &#8211; 110V"},"content":{"rendered":"<div class=\"css-gbwsnk\"><img decoding=\"async\" src=\"https:\/\/imgs.via.com.br\/special-contents\/89182040-b6ce-4939-8427-7c28059df655\/a5a2a9e1-08ba-475f-882c-6ef00fbc3ecd.jpg\" alt=\"Geladeira Frost Free Duplex Brastemp BRM44HK Inox\" \/><\/div>\n<div class=\"css-qk8zzo\">\n<div>\n<h2><strong>Geladeira Frost Free Duplex Brastemp BRM44HK \u2013 Inox<\/strong><\/h2>\n<h3>Transforme sua cozinha com a geladeira\u00a0<strong>Brastemp Frost Free Duplex BRM44HK<\/strong>, dispon\u00edvel nas Casas Bahia. Com 375 litros de capacidade total, ela oferece espa\u00e7o ideal para armazenar alimentos com praticidade e tecnologia avan\u00e7ada.<\/h3>\n<\/div>\n<\/div>\n<div class=\"css-gbwsnk\"><img decoding=\"async\" src=\"https:\/\/imgs.via.com.br\/special-contents\/89182040-b6ce-4939-8427-7c28059df655\/107ab7d8-7c19-4504-b568-44b0858bd94f.jpg\" alt=\"Compartimento extrafrio do Refrigerador Brastemp BRM44HK\" \/><\/div>\n<div class=\"css-qk8zzo\">\n<div>\n<h2><strong>Compartimento extrafrio<\/strong><\/h2>\n<h3>O compartimento extrafrio\u00a0\u00e9 perfeito para gelar bebidas rapidamente e conservar frios e latic\u00ednios com efici\u00eancia. Al\u00e9m disso, o espa\u00e7o para latas e long necks pode ser ajustado no freezer ou no refrigerador, conforme sua prefer\u00eancia.<\/h3>\n<\/div>\n<\/div>\n<div class=\"css-gbwsnk\"><img decoding=\"async\" src=\"https:\/\/imgs.via.com.br\/special-contents\/89182040-b6ce-4939-8427-7c28059df655\/63c50c93-c76e-4665-8c83-fcc5a66c7b97.jpg\" alt=\"Gavet\u00e3o de legumes Fresh Zone Geladeira Brastemp BRM44HK\" \/><\/div>\n<div class=\"css-qk8zzo\">\n<div>\n<h2><strong>Fresh Zone<\/strong><\/h2>\n<h3>E as frutas e legumes n\u00e3o ficam esquecidas nessa\u00a0<u>geladeira da Brastemp<\/u>. O\u00a0<strong>gavet\u00e3o Fresh Zone<\/strong>\u00a0garante que eles permane\u00e7am bem armazenados, podendo durar mais, mantendo o sabor e os nutrientes. E vale ressaltar que este \u00e9 um\u00a0<strong>refrigerador Frost Free<\/strong>, ou seja, n\u00e3o precisa descongelar para tirar o gelo!<\/h3>\n<\/div>\n<\/div>\n<div class=\"css-gbwsnk\"><img decoding=\"async\" src=\"https:\/\/imgs.via.com.br\/special-contents\/89182040-b6ce-4939-8427-7c28059df655\/e9fef7f4-e7e5-41aa-a1e5-75be1ca06b4f.jpg\" alt=\"Cozinha decorada com o Refrigerador Brastemp BRM44HK Inox \" \/><\/div>\n<div class=\"css-qk8zzo\">\n<div>\n<h2>Design moderno, funcionalidade inteligente e alta capacidade\u00a0fazem da\u00a0<a href=\"https:\/\/www.casasbahia.com.br\/c\/Brastemp?Filtro=m62\" target=\"_blank\" rel=\"noopener noreferrer\"><strong>Brastemp\u00a0<\/strong><\/a>BRM44HK a escolha ideal para quem busca uma geladeira dur\u00e1vel, eficiente e cheia de recursos para o dia a dia.<\/h2>\n<\/div>\n<\/div>\n","protected":false},"excerpt":{"rendered":"<p>Geladeira Frost Free Duplex Brastemp BRM44HK \u2013 Inox Transforme sua cozinha com a geladeira\u00a0Brastemp Frost Free Duplex BRM44HK, dispon\u00edvel nas Casas Bahia. Com 375 litros de capacidade total, ela oferece espa\u00e7o ideal para armazenar alimentos com praticidade e tecnologia avan\u00e7ada. Compartimento extrafrio O compartimento extrafrio\u00a0\u00e9 perfeito para gelar bebidas rapidamente e conservar frios e latic\u00ednios [&hellip;]<\/p>\n","protected":false},"featured_media":3328,"comment_status":"open","ping_status":"closed","template":"","meta":[],"product_brand":[],"product_cat":[69,79],"product_tag":[],"class_list":{"0":"post-3327","1":"product","2":"type-product","3":"status-publish","4":"has-post-thumbnail","6":"product_cat-eletrodomesticos","7":"product_cat-utilidades-domestica","9":"first","10":"instock","11":"shipping-taxable","12":"purchasable","13":"product-type-simple"},"_links":{"self":[{"href":"https:\/\/plataformaprojetos.site\/loja1wagner\/wp-json\/wp\/v2\/product\/3327","targetHints":{"allow":["GET"]}}],"collection":[{"href":"https:\/\/plataformaprojetos.site\/loja1wagner\/wp-json\/wp\/v2\/product"}],"about":[{"href":"https:\/\/plataformaprojetos.site\/loja1wagner\/wp-json\/wp\/v2\/types\/product"}],"replies":[{"embeddable":true,"href":"https:\/\/plataformaprojetos.site\/loja1wagner\/wp-json\/wp\/v2\/comments?post=3327"}],"wp:featuredmedia":[{"embeddable":true,"href":"https:\/\/plataformaprojetos.site\/loja1wagner\/wp-json\/wp\/v2\/media\/3328"}],"wp:attachment":[{"href":"https:\/\/plataformaprojetos.site\/loja1wagner\/wp-json\/wp\/v2\/media?parent=3327"}],"wp:term":[{"taxonomy":"product_brand","embeddable":true,"href":"https:\/\/plataformaprojetos.site\/loja1wagner\/wp-json\/wp\/v2\/product_brand?post=3327"},{"taxonomy":"product_cat","embeddable":true,"href":"https:\/\/plataformaprojetos.site\/loja1wagner\/wp-json\/wp\/v2\/product_cat?post=3327"},{"taxonomy":"product_tag","embeddable":true,"href":"https:\/\/plataformaprojetos.site\/loja1wagner\/wp-json\/wp\/v2\/product_tag?post=3327"}],"curies":[{"name":"wp","href":"https:\/\/api.w.org\/{rel}","templated":true}]}}