{"id":205,"date":"2025-08-13T02:51:48","date_gmt":"2025-08-13T02:51:48","guid":{"rendered":"https:\/\/plataformaprojetos.site\/phdconstrutora\/?page_id=205"},"modified":"2025-08-13T13:04:35","modified_gmt":"2025-08-13T13:04:35","slug":"sobre-nos","status":"publish","type":"page","link":"https:\/\/plataformaprojetos.site\/phdconstrutora\/sobre-nos\/","title":{"rendered":"Sobre N\u00f3s"},"content":{"rendered":"\t\t<div data-elementor-type=\"wp-page\" data-elementor-id=\"205\" class=\"elementor elementor-205\" data-elementor-post-type=\"page\">\n\t\t\t\t<div class=\"elementor-element elementor-element-ffad774 e-flex e-con-boxed e-con e-parent\" data-id=\"ffad774\" data-element_type=\"container\" data-settings=\"{&quot;background_background&quot;:&quot;classic&quot;}\">\n\t\t\t\t\t<div class=\"e-con-inner\">\n\t\t\t\t<div class=\"elementor-element elementor-element-68aa732 elementor-widget elementor-widget-heading\" data-id=\"68aa732\" data-element_type=\"widget\" data-widget_type=\"heading.default\">\n\t\t\t\t\t<h2 class=\"elementor-heading-title elementor-size-default\">Sobre N\u00f3s<\/h2>\t\t\t\t<\/div>\n\t\t\t\t\t<\/div>\n\t\t\t\t<\/div>\n\t\t<div class=\"elementor-element elementor-element-ad241d0 e-con-full e-flex e-con e-parent\" data-id=\"ad241d0\" data-element_type=\"container\">\n\t\t<div class=\"elementor-element elementor-element-923fe38 e-con-full e-flex e-con e-child\" data-id=\"923fe38\" data-element_type=\"container\">\n\t\t\t\t<div class=\"elementor-element elementor-element-fc36618 elementor-widget__width-initial elementor-widget elementor-widget-image\" data-id=\"fc36618\" data-element_type=\"widget\" data-widget_type=\"image.default\">\n\t\t\t\t\t\t\t\t\t\t\t\t\t\t\t<img fetchpriority=\"high\" decoding=\"async\" width=\"1080\" height=\"1080\" src=\"https:\/\/plataformaprojetos.site\/phdconstrutora\/wp-content\/uploads\/2025\/08\/Design-sem-nome-2025-08-12T201744.764.png\" class=\"attachment-full size-full wp-image-46\" alt=\"\" srcset=\"https:\/\/plataformaprojetos.site\/phdconstrutora\/wp-content\/uploads\/2025\/08\/Design-sem-nome-2025-08-12T201744.764.png 1080w, https:\/\/plataformaprojetos.site\/phdconstrutora\/wp-content\/uploads\/2025\/08\/Design-sem-nome-2025-08-12T201744.764-300x300.png 300w, https:\/\/plataformaprojetos.site\/phdconstrutora\/wp-content\/uploads\/2025\/08\/Design-sem-nome-2025-08-12T201744.764-1024x1024.png 1024w, https:\/\/plataformaprojetos.site\/phdconstrutora\/wp-content\/uploads\/2025\/08\/Design-sem-nome-2025-08-12T201744.764-150x150.png 150w, https:\/\/plataformaprojetos.site\/phdconstrutora\/wp-content\/uploads\/2025\/08\/Design-sem-nome-2025-08-12T201744.764-768x768.png 768w\" sizes=\"(max-width: 1080px) 100vw, 1080px\" \/>\t\t\t\t\t\t\t\t\t\t\t\t\t\t\t<\/div>\n\t\t<div class=\"elementor-element elementor-element-e73a091 e-con-full e-flex e-con e-child\" data-id=\"e73a091\" data-element_type=\"container\" data-settings=\"{&quot;background_background&quot;:&quot;gradient&quot;}\">\n\t\t\t\t<div class=\"elementor-element elementor-element-2492127 elementor-widget elementor-widget-icon-box\" data-id=\"2492127\" data-element_type=\"widget\" data-widget_type=\"icon-box.default\">\n\t\t\t\t\t\t\t<div class=\"elementor-icon-box-wrapper\">\n\n\t\t\t\n\t\t\t\t\t\t<div class=\"elementor-icon-box-content\">\n\n\t\t\t\t\t\t\t\t\t<h3 class=\"elementor-icon-box-title\">\n\t\t\t\t\t\t<span  >\n\t\t\t\t\t\t\t600+\t\t\t\t\t\t<\/span>\n\t\t\t\t\t<\/h3>\n\t\t\t\t\n\t\t\t\t\t\t\t\t\t<p class=\"elementor-icon-box-description\">\n\t\t\t\t\t\tProjetos Entregues\t\t\t\t\t<\/p>\n\t\t\t\t\n\t\t\t<\/div>\n\t\t\t\n\t\t<\/div>\n\t\t\t\t\t\t<\/div>\n\t\t\t\t<div class=\"elementor-element elementor-element-09cf9f9 elementor-widget__width-initial elementor-widget elementor-widget-text-editor\" data-id=\"09cf9f9\" data-element_type=\"widget\" data-widget_type=\"text-editor.default\">\n\t\t\t\t\t\t\t\t\t<p>Obras Entregues no Prazo Nenhum atraso nos \u00faltimos 3 anos de opera\u00e7\u00e3o.<\/p>\t\t\t\t\t\t\t\t<\/div>\n\t\t\t\t<\/div>\n\t\t\t\t<\/div>\n\t\t<div class=\"elementor-element elementor-element-a6236b1 e-con-full e-flex e-con e-child\" data-id=\"a6236b1\" data-element_type=\"container\">\n\t\t\t\t<div class=\"elementor-element elementor-element-b7838c3 elementor-widget elementor-widget-heading\" data-id=\"b7838c3\" data-element_type=\"widget\" data-widget_type=\"heading.default\">\n\t\t\t\t\t<h2 class=\"elementor-heading-title elementor-size-default\">Sobre n\u00f3s<\/h2>\t\t\t\t<\/div>\n\t\t\t\t<div class=\"elementor-element elementor-element-d7a3b78 elementor-widget elementor-widget-heading\" data-id=\"d7a3b78\" data-element_type=\"widget\" data-widget_type=\"heading.default\">\n\t\t\t\t\t<h2 class=\"elementor-heading-title elementor-size-default\">Construindo com Qualidade e Confian\u00e7a h\u00e1 Mais de 6 Anos<\/h2>\t\t\t\t<\/div>\n\t\t\t\t<div class=\"elementor-element elementor-element-6f80ec1 elementor-widget elementor-widget-text-editor\" data-id=\"6f80ec1\" data-element_type=\"widget\" data-widget_type=\"text-editor.default\">\n\t\t\t\t\t\t\t\t\t<article class=\"text-token-text-primary w-full focus:outline-none scroll-mt-[calc(var(--header-height)+min(200px,max(70px,20svh)))]\" dir=\"auto\" tabindex=\"-1\" data-turn-id=\"request-689b3cce-7c84-832b-bdb0-ca85d0cb8cac-1\" data-testid=\"conversation-turn-22\" data-scroll-anchor=\"true\" data-turn=\"assistant\"><div class=\"text-base my-auto mx-auto pb-10 [--thread-content-margin:--spacing(4)] @[37rem]:[--thread-content-margin:--spacing(6)] @[72rem]:[--thread-content-margin:--spacing(16)] px-(--thread-content-margin)\"><div class=\"[--thread-content-max-width:32rem] @[34rem]:[--thread-content-max-width:40rem] @[64rem]:[--thread-content-max-width:48rem] mx-auto max-w-(--thread-content-max-width) flex-1 group\/turn-messages focus-visible:outline-hidden relative flex w-full min-w-0 flex-col agent-turn\" tabindex=\"-1\"><div class=\"flex max-w-full flex-col grow\"><div class=\"min-h-8 text-message relative flex w-full flex-col items-end gap-2 text-start break-words whitespace-normal [.text-message+&amp;]:mt-5\" dir=\"auto\" data-message-author-role=\"assistant\" data-message-id=\"bdb986b0-4c54-42ce-aab5-2c325b7c3dd3\" data-message-model-slug=\"gpt-5\"><div class=\"flex w-full flex-col gap-1 empty:hidden first:pt-[3px]\"><div class=\"markdown prose dark:prose-invert w-full break-words light markdown-new-styling\"><p data-start=\"90\" data-end=\"830\" data-is-last-node=\"\" data-is-only-node=\"\">Fundada em Vian\u00f3polis (GO), a <strong data-start=\"133\" data-end=\"157\">Construtora PhD Ltda<\/strong> se destaca no mercado da constru\u00e7\u00e3o civil pela excel\u00eancia e seriedade no atendimento. Atuamos na execu\u00e7\u00e3o de obras residenciais e comerciais, assessoria completa para projetos e na venda de casas prontas ou personalizadas na planta.<br data-start=\"390\" data-end=\"393\" \/>Com mais de 6 anos de experi\u00eancia, garantimos que cada obra seja entregue no prazo e dentro do or\u00e7amento, evitando retrabalhos e surpresas indesejadas. Nosso processo \u00e9 pautado em planejamento, transpar\u00eancia e aten\u00e7\u00e3o a cada detalhe, desde a funda\u00e7\u00e3o at\u00e9 a entrega das chaves.<br data-start=\"669\" data-end=\"672\" \/>O nosso objetivo \u00e9 transformar seu sonho em realidade, oferecendo solu\u00e7\u00f5es inteligentes, seguras e com alto padr\u00e3o de qualidade em todas as etapas do projeto<\/p><\/div><\/div><\/div><\/div><\/div><\/div><\/article>\t\t\t\t\t\t\t\t<\/div>\n\t\t\t\t<div class=\"elementor-element elementor-element-7937438 elementor-widget elementor-widget-button\" data-id=\"7937438\" data-element_type=\"widget\" data-widget_type=\"button.default\">\n\t\t\t\t\t\t\t\t\t\t<a class=\"elementor-button elementor-button-link elementor-size-sm\" href=\"https:\/\/wa.me\/5562996731552\">\n\t\t\t\t\t\t<span class=\"elementor-button-content-wrapper\">\n\t\t\t\t\t\t\t\t\t<span class=\"elementor-button-text\">SOLICITE SEU OR\u00c7AMENTO<\/span>\n\t\t\t\t\t<\/span>\n\t\t\t\t\t<\/a>\n\t\t\t\t\t\t\t\t<\/div>\n\t\t\t\t<\/div>\n\t\t\t\t<\/div>\n\t\t<div class=\"elementor-element elementor-element-5a2fa96 e-grid e-con-full e-con e-child\" data-id=\"5a2fa96\" data-element_type=\"container\">\n\t\t\t\t<div class=\"elementor-element elementor-element-f5edcd2 elementor-widget elementor-widget-icon-box\" data-id=\"f5edcd2\" data-element_type=\"widget\" data-widget_type=\"icon-box.default\">\n\t\t\t\t\t\t\t<div class=\"elementor-icon-box-wrapper\">\n\n\t\t\t\n\t\t\t\t\t\t<div class=\"elementor-icon-box-content\">\n\n\t\t\t\t\t\t\t\t\t<h3 class=\"elementor-icon-box-title\">\n\t\t\t\t\t\t<span  >\n\t\t\t\t\t\t\tMiss\u00e3o\t\t\t\t\t\t<\/span>\n\t\t\t\t\t<\/h3>\n\t\t\t\t\n\t\t\t\t\t\t\t\t\t<p class=\"elementor-icon-box-description\">\n\t\t\t\t\t\tEntregar obras residenciais e comerciais com qualidade, pontualidade e transpar\u00eancia, transformando projetos em espa\u00e7os funcionais e acolhedores que superem as expectativas dos nossos clientes.\n\n\t\t\t\t\t<\/p>\n\t\t\t\t\n\t\t\t<\/div>\n\t\t\t\n\t\t<\/div>\n\t\t\t\t\t\t<\/div>\n\t\t\t\t<div class=\"elementor-element elementor-element-ed9a604 elementor-widget elementor-widget-icon-box\" data-id=\"ed9a604\" data-element_type=\"widget\" data-widget_type=\"icon-box.default\">\n\t\t\t\t\t\t\t<div class=\"elementor-icon-box-wrapper\">\n\n\t\t\t\n\t\t\t\t\t\t<div class=\"elementor-icon-box-content\">\n\n\t\t\t\t\t\t\t\t\t<h3 class=\"elementor-icon-box-title\">\n\t\t\t\t\t\t<span  >\n\t\t\t\t\t\t\tVis\u00e3o\t\t\t\t\t\t<\/span>\n\t\t\t\t\t<\/h3>\n\t\t\t\t\n\t\t\t\t\t\t\t\t\t<p class=\"elementor-icon-box-description\">\n\t\t\t\t\t\tSer reconhecida em Vian\u00f3polis e regi\u00e3o como refer\u00eancia em constru\u00e7\u00e3o civil, pela excel\u00eancia na execu\u00e7\u00e3o, inova\u00e7\u00e3o nos projetos e comprometimento com a satisfa\u00e7\u00e3o total de cada cliente.\t\t\t\t\t<\/p>\n\t\t\t\t\n\t\t\t<\/div>\n\t\t\t\n\t\t<\/div>\n\t\t\t\t\t\t<\/div>\n\t\t\t\t<div class=\"elementor-element elementor-element-2ff8a86 elementor-widget elementor-widget-icon-box\" data-id=\"2ff8a86\" data-element_type=\"widget\" data-widget_type=\"icon-box.default\">\n\t\t\t\t\t\t\t<div class=\"elementor-icon-box-wrapper\">\n\n\t\t\t\n\t\t\t\t\t\t<div class=\"elementor-icon-box-content\">\n\n\t\t\t\t\t\t\t\t\t<h3 class=\"elementor-icon-box-title\">\n\t\t\t\t\t\t<span  >\n\t\t\t\t\t\t\t Valores\t\t\t\t\t\t<\/span>\n\t\t\t\t\t<\/h3>\n\t\t\t\t\n\t\t\t\t\t\t\t\t\t<p class=\"elementor-icon-box-description\">\n\t\t\t\t\t\tCompromisso com prazos e or\u00e7amentos, respeito ao cliente, transpar\u00eancia em todas as etapas, uso de materiais de qualidade e dedica\u00e7\u00e3o integral para garantir o melhor resultado poss\u00edvel.\t\t\t\t\t<\/p>\n\t\t\t\t\n\t\t\t<\/div>\n\t\t\t\n\t\t<\/div>\n\t\t\t\t\t\t<\/div>\n\t\t\t\t<\/div>\n\t\t<div class=\"elementor-element elementor-element-6f48573 e-flex e-con-boxed e-con e-parent\" data-id=\"6f48573\" data-element_type=\"container\">\n\t\t\t\t\t<div class=\"e-con-inner\">\n\t\t<div class=\"elementor-element elementor-element-dd2bb15 e-con-full e-flex e-con e-child\" data-id=\"dd2bb15\" data-element_type=\"container\" data-settings=\"{&quot;background_background&quot;:&quot;classic&quot;}\">\n\t\t<div class=\"elementor-element elementor-element-f9c5ac9 e-con-full e-flex e-con e-child\" data-id=\"f9c5ac9\" data-element_type=\"container\">\n\t\t\t\t<div class=\"elementor-element elementor-element-5056e2e elementor-widget elementor-widget-heading\" data-id=\"5056e2e\" data-element_type=\"widget\" data-widget_type=\"heading.default\">\n\t\t\t\t\t<h2 class=\"elementor-heading-title elementor-size-default\">Entre em contato<\/h2>\t\t\t\t<\/div>\n\t\t\t\t<div class=\"elementor-element elementor-element-efd4908 elementor-widget__width-initial elementor-widget elementor-widget-heading\" data-id=\"efd4908\" data-element_type=\"widget\" data-widget_type=\"heading.default\">\n\t\t\t\t\t<h2 class=\"elementor-heading-title elementor-size-default\">Solicite a<br>  An\u00e1lise do Seu Projeto<\/h2>\t\t\t\t<\/div>\n\t\t\t\t<div class=\"elementor-element elementor-element-3b63bf0 elementor-button-align-stretch elementor-widget elementor-widget-form\" data-id=\"3b63bf0\" data-element_type=\"widget\" data-settings=\"{&quot;step_next_label&quot;:&quot;Pr\\u00f3ximo&quot;,&quot;step_previous_label&quot;:&quot;Anterior&quot;,&quot;button_width&quot;:&quot;100&quot;,&quot;step_type&quot;:&quot;number_text&quot;,&quot;step_icon_shape&quot;:&quot;circle&quot;}\" data-widget_type=\"form.default\">\n\t\t\t\t\t\t\t<form class=\"elementor-form\" method=\"post\" name=\"Novo formul\u00e1rio\" aria-label=\"Novo formul\u00e1rio\">\n\t\t\t<input type=\"hidden\" name=\"post_id\" value=\"205\"\/>\n\t\t\t<input type=\"hidden\" name=\"form_id\" value=\"3b63bf0\"\/>\n\t\t\t<input type=\"hidden\" name=\"referer_title\" value=\"\" \/>\n\n\t\t\t\n\t\t\t<div class=\"elementor-form-fields-wrapper elementor-labels-\">\n\t\t\t\t\t\t\t\t<div class=\"elementor-field-type-text elementor-field-group elementor-column elementor-field-group-name elementor-col-100\">\n\t\t\t\t\t\t\t\t\t\t\t\t<label for=\"form-field-name\" class=\"elementor-field-label elementor-screen-only\">\n\t\t\t\t\t\t\t\tNome\t\t\t\t\t\t\t<\/label>\n\t\t\t\t\t\t\t\t\t\t\t\t\t\t<input size=\"1\" type=\"text\" name=\"form_fields[name]\" id=\"form-field-name\" class=\"elementor-field elementor-size-sm  elementor-field-textual\" placeholder=\"Digite seu nome\">\n\t\t\t\t\t\t\t\t\t\t\t<\/div>\n\t\t\t\t\t\t\t\t<div class=\"elementor-field-type-email elementor-field-group elementor-column elementor-field-group-email elementor-col-100 elementor-field-required\">\n\t\t\t\t\t\t\t\t\t\t\t\t<label for=\"form-field-email\" class=\"elementor-field-label elementor-screen-only\">\n\t\t\t\t\t\t\t\tE-mail\t\t\t\t\t\t\t<\/label>\n\t\t\t\t\t\t\t\t\t\t\t\t\t\t<input size=\"1\" type=\"email\" name=\"form_fields[email]\" id=\"form-field-email\" class=\"elementor-field elementor-size-sm  elementor-field-textual\" placeholder=\"Seu e-mail ou WhatsApp para contato\" required=\"required\">\n\t\t\t\t\t\t\t\t\t\t\t<\/div>\n\t\t\t\t\t\t\t\t<div class=\"elementor-field-type-select elementor-field-group elementor-column elementor-field-group-field_c565b1d elementor-col-100\">\n\t\t\t\t\t\t\t\t\t\t\t\t<label for=\"form-field-field_c565b1d\" class=\"elementor-field-label elementor-screen-only\">\n\t\t\t\t\t\t\t\tTipo de projeto\t\t\t\t\t\t\t<\/label>\n\t\t\t\t\t\t\t\t<div class=\"elementor-field elementor-select-wrapper remove-before \">\n\t\t\t<div class=\"select-caret-down-wrapper\">\n\t\t\t\t<svg aria-hidden=\"true\" class=\"e-font-icon-svg e-eicon-caret-down\" viewBox=\"0 0 571.4 571.4\" xmlns=\"http:\/\/www.w3.org\/2000\/svg\"><path d=\"M571 393Q571 407 561 418L311 668Q300 679 286 679T261 668L11 418Q0 407 0 393T11 368 36 357H536Q550 357 561 368T571 393Z\"><\/path><\/svg>\t\t\t<\/div>\n\t\t\t<select name=\"form_fields[field_c565b1d]\" id=\"form-field-field_c565b1d\" class=\"elementor-field-textual elementor-size-sm\">\n\t\t\t\t\t\t\t\t\t<option value=\"Tipo de projeto\">Tipo de projeto<\/option>\n\t\t\t\t\t\t\t\t\t<option value=\"Casa pronta\">Casa pronta<\/option>\n\t\t\t\t\t\t\t\t\t<option value=\"Casa na planta \">Casa na planta <\/option>\n\t\t\t\t\t\t\t\t\t<option value=\"Obra residencial\">Obra residencial<\/option>\n\t\t\t\t\t\t\t\t\t<option value=\"Obra comercial\">Obra comercial<\/option>\n\t\t\t\t\t\t\t\t\t<option value=\"Assessoria de projetos\">Assessoria de projetos<\/option>\n\t\t\t\t\t\t\t<\/select>\n\t\t<\/div>\n\t\t\t\t\t\t<\/div>\n\t\t\t\t\t\t\t\t<div class=\"elementor-field-group elementor-column elementor-field-type-submit elementor-col-100 e-form__buttons\">\n\t\t\t\t\t<button class=\"elementor-button elementor-size-sm\" type=\"submit\">\n\t\t\t\t\t\t<span class=\"elementor-button-content-wrapper\">\n\t\t\t\t\t\t\t\t\t\t\t\t\t\t\t\t\t\t\t\t\t\t<span class=\"elementor-button-text\">SOLICITAR AN\u00c1LISE DO PROJETO<\/span>\n\t\t\t\t\t\t\t\t\t\t\t\t\t<\/span>\n\t\t\t\t\t<\/button>\n\t\t\t\t<\/div>\n\t\t\t<\/div>\n\t\t<\/form>\n\t\t\t\t\t\t<\/div>\n\t\t\t\t<\/div>\n\t\t<div class=\"elementor-element elementor-element-960c9e8 e-con-full e-flex e-con e-child\" data-id=\"960c9e8\" data-element_type=\"container\">\n\t\t\t\t<div class=\"elementor-element elementor-element-fa36aaa elementor-widget elementor-widget-image\" data-id=\"fa36aaa\" data-element_type=\"widget\" data-widget_type=\"image.default\">\n\t\t\t\t\t\t\t\t\t\t\t\t\t\t\t<img decoding=\"async\" width=\"663\" height=\"650\" src=\"https:\/\/plataformaprojetos.site\/phdconstrutora\/wp-content\/uploads\/2025\/08\/Design-sem-nome-2025-08-12T212004.041-e1755045532885.png\" class=\"attachment-full size-full wp-image-65\" alt=\"\" srcset=\"https:\/\/plataformaprojetos.site\/phdconstrutora\/wp-content\/uploads\/2025\/08\/Design-sem-nome-2025-08-12T212004.041-e1755045532885.png 663w, https:\/\/plataformaprojetos.site\/phdconstrutora\/wp-content\/uploads\/2025\/08\/Design-sem-nome-2025-08-12T212004.041-e1755045532885-300x294.png 300w\" sizes=\"(max-width: 663px) 100vw, 663px\" \/>\t\t\t\t\t\t\t\t\t\t\t\t\t\t\t<\/div>\n\t\t\t\t<\/div>\n\t\t\t\t<\/div>\n\t\t\t\t\t<\/div>\n\t\t\t\t<\/div>\n\t\t\t\t<\/div>\n\t\t","protected":false},"excerpt":{"rendered":"<p>Sobre N\u00f3s 600+ Projetos Entregues Obras Entregues no Prazo Nenhum atraso nos \u00faltimos 3 anos de opera\u00e7\u00e3o. Sobre n\u00f3s Construindo com Qualidade e Confian\u00e7a h\u00e1 Mais de 6 Anos Fundada em Vian\u00f3polis (GO), a Construtora PhD Ltda se destaca no mercado da constru\u00e7\u00e3o civil pela excel\u00eancia e seriedade no atendimento. Atuamos na execu\u00e7\u00e3o de obras [&hellip;]<\/p>\n","protected":false},"author":1,"featured_media":0,"parent":0,"menu_order":0,"comment_status":"closed","ping_status":"closed","template":"elementor_header_footer","meta":{"footnotes":""},"class_list":["post-205","page","type-page","status-publish","hentry"],"_links":{"self":[{"href":"https:\/\/plataformaprojetos.site\/phdconstrutora\/wp-json\/wp\/v2\/pages\/205","targetHints":{"allow":["GET"]}}],"collection":[{"href":"https:\/\/plataformaprojetos.site\/phdconstrutora\/wp-json\/wp\/v2\/pages"}],"about":[{"href":"https:\/\/plataformaprojetos.site\/phdconstrutora\/wp-json\/wp\/v2\/types\/page"}],"author":[{"embeddable":true,"href":"https:\/\/plataformaprojetos.site\/phdconstrutora\/wp-json\/wp\/v2\/users\/1"}],"replies":[{"embeddable":true,"href":"https:\/\/plataformaprojetos.site\/phdconstrutora\/wp-json\/wp\/v2\/comments?post=205"}],"version-history":[{"count":16,"href":"https:\/\/plataformaprojetos.site\/phdconstrutora\/wp-json\/wp\/v2\/pages\/205\/revisions"}],"predecessor-version":[{"id":264,"href":"https:\/\/plataformaprojetos.site\/phdconstrutora\/wp-json\/wp\/v2\/pages\/205\/revisions\/264"}],"wp:attachment":[{"href":"https:\/\/plataformaprojetos.site\/phdconstrutora\/wp-json\/wp\/v2\/media?parent=205"}],"curies":[{"name":"wp","href":"https:\/\/api.w.org\/{rel}","templated":true}]}}