{"id":220,"date":"2025-08-13T03:02:01","date_gmt":"2025-08-13T03:02:01","guid":{"rendered":"https:\/\/plataformaprojetos.site\/phdconstrutora\/?page_id=220"},"modified":"2025-08-13T13:06:30","modified_gmt":"2025-08-13T13:06:30","slug":"contato","status":"publish","type":"page","link":"https:\/\/plataformaprojetos.site\/phdconstrutora\/contato\/","title":{"rendered":"Contato"},"content":{"rendered":"\t\t<div data-elementor-type=\"wp-page\" data-elementor-id=\"220\" class=\"elementor elementor-220\" data-elementor-post-type=\"page\">\n\t\t\t\t<div class=\"elementor-element elementor-element-02f8c29 e-flex e-con-boxed e-con e-parent\" data-id=\"02f8c29\" data-element_type=\"container\" data-settings=\"{&quot;background_background&quot;:&quot;classic&quot;}\">\n\t\t\t\t\t<div class=\"e-con-inner\">\n\t\t\t\t<div class=\"elementor-element elementor-element-461e284 elementor-widget elementor-widget-heading\" data-id=\"461e284\" data-element_type=\"widget\" data-widget_type=\"heading.default\">\n\t\t\t\t\t<h2 class=\"elementor-heading-title elementor-size-default\">Contato<\/h2>\t\t\t\t<\/div>\n\t\t\t\t\t<\/div>\n\t\t\t\t<\/div>\n\t\t<div class=\"elementor-element elementor-element-ab04f1d e-flex e-con-boxed e-con e-parent\" data-id=\"ab04f1d\" data-element_type=\"container\">\n\t\t\t\t\t<div class=\"e-con-inner\">\n\t\t<div class=\"elementor-element elementor-element-5160e77 e-con-full e-flex e-con e-child\" data-id=\"5160e77\" data-element_type=\"container\">\n\t\t\t\t<div class=\"elementor-element elementor-element-affeeb1 elementor-widget elementor-widget-heading\" data-id=\"affeeb1\" data-element_type=\"widget\" data-widget_type=\"heading.default\">\n\t\t\t\t\t<h2 class=\"elementor-heading-title elementor-size-default\">Onde Estamos?<\/h2>\t\t\t\t<\/div>\n\t\t\t\t<div class=\"elementor-element elementor-element-e1b7d21 elementor-view-stacked elementor-shape-square elementor-position-left elementor-mobile-position-top elementor-widget elementor-widget-icon-box\" data-id=\"e1b7d21\" data-element_type=\"widget\" data-widget_type=\"icon-box.default\">\n\t\t\t\t\t\t\t<div class=\"elementor-icon-box-wrapper\">\n\n\t\t\t\t\t\t<div class=\"elementor-icon-box-icon\">\n\t\t\t\t<span  class=\"elementor-icon\">\n\t\t\t\t<svg xmlns=\"http:\/\/www.w3.org\/2000\/svg\" xmlns:xlink=\"http:\/\/www.w3.org\/1999\/xlink\" id=\"Capa_1\" x=\"0px\" y=\"0px\" viewBox=\"0 0 368.16 368.16\" style=\"enable-background:new 0 0 368.16 368.16;\" xml:space=\"preserve\"><g>\t<g>\t\t<g>\t\t\t<path d=\"M184.08,0c-74.992,0-136,61.008-136,136c0,24.688,11.072,51.24,11.536,52.36c3.576,8.488,10.632,21.672,15.72,29.4    l93.248,141.288c3.816,5.792,9.464,9.112,15.496,9.112s11.68-3.32,15.496-9.104l93.256-141.296    c5.096-7.728,12.144-20.912,15.72-29.4c0.464-1.112,11.528-27.664,11.528-52.36C320.08,61.008,259.072,0,184.08,0z     M293.8,182.152c-3.192,7.608-9.76,19.872-14.328,26.8l-93.256,141.296c-1.84,2.792-2.424,2.792-4.264,0L88.696,208.952    c-4.568-6.928-11.136-19.2-14.328-26.808C74.232,181.816,64.08,157.376,64.08,136c0-66.168,53.832-120,120-120    c66.168,0,120,53.832,120,120C304.08,157.408,293.904,181.912,293.8,182.152z\"><\/path>\t\t\t<path d=\"M184.08,64.008c-39.704,0-72,32.304-72,72c0,39.696,32.296,72,72,72c39.704,0,72-32.304,72-72    C256.08,96.312,223.784,64.008,184.08,64.008z M184.08,192.008c-30.872,0-56-25.12-56-56s25.128-56,56-56s56,25.12,56,56    S214.952,192.008,184.08,192.008z\"><\/path>\t\t<\/g>\t<\/g><\/g><g><\/g><g><\/g><g><\/g><g><\/g><g><\/g><g><\/g><g><\/g><g><\/g><g><\/g><g><\/g><g><\/g><g><\/g><g><\/g><g><\/g><g><\/g><\/svg>\t\t\t\t<\/span>\n\t\t\t<\/div>\n\t\t\t\n\t\t\t\t\t\t<div class=\"elementor-icon-box-content\">\n\n\t\t\t\t\t\t\t\t\t<h3 class=\"elementor-icon-box-title\">\n\t\t\t\t\t\t<span  >\n\t\t\t\t\t\t\tConstrutora PhD\t\t\t\t\t\t<\/span>\n\t\t\t\t\t<\/h3>\n\t\t\t\t\n\t\t\t\t\t\t\t\t\t<p class=\"elementor-icon-box-description\">\n\t\t\t\t\t\tAvenida Engenheiro Calil Elias Neto, 1422, Bairro Vista Alegre, Vian\u00f3polis, Goi\u00e1s, CEP 75265-000. \t\t\t\t\t<\/p>\n\t\t\t\t\n\t\t\t<\/div>\n\t\t\t\n\t\t<\/div>\n\t\t\t\t\t\t<\/div>\n\t\t\t\t<div class=\"elementor-element elementor-element-a84532c elementor-view-stacked elementor-shape-square elementor-position-left elementor-mobile-position-top elementor-widget elementor-widget-icon-box\" data-id=\"a84532c\" data-element_type=\"widget\" data-widget_type=\"icon-box.default\">\n\t\t\t\t\t\t\t<div class=\"elementor-icon-box-wrapper\">\n\n\t\t\t\t\t\t<div class=\"elementor-icon-box-icon\">\n\t\t\t\t<span  class=\"elementor-icon\">\n\t\t\t\t<svg xmlns=\"http:\/\/www.w3.org\/2000\/svg\" id=\"Layer_1\" height=\"512\" viewBox=\"0 0 90 90\" width=\"512\"><g><path d=\"m32.991 24.801h46.908l-25.624 20.122c-.543.426-1.189.634-1.775.691-.59-.058-1.238-.266-1.787-.691l-18.312-14.385c-.194-.156-.413-.275-.654-.349.862-1.216 1.354-2.687 1.328-4.272-.005-.363-.037-.737-.084-1.116zm-11.929-12.941c.059.01.156.047.367.145.417.198 1.08.708 1.729 1.419 1.307 1.424 2.613 3.581 3.291 5.005.021.042.043.088.063.135 1.924 3.301 2.754 5.826 2.779 7.41.027 1.591-.4 2.276-1.749 3.051l-3.48 2.006c-2.267 1.305-3.338 3.644-3.604 5.826-.267 2.183.126 4.304 1.097 5.981l8.59 14.805c.973 1.676 2.634 3.078 4.665 3.939 2.033.863 4.604 1.107 6.871-.195l3.48-2.002c1.348-.773 2.163-.789 3.532.025 1.373.816 3.156 2.787 5.072 6.09.027.049.053.09.084.137.898 1.295 2.121 3.492 2.711 5.332.293.914.408 1.74.371 2.197-.041.459-.051.412-.172.484l-2.648 1.518c-6.652 2.885-12.749 2.234-18.198-.592-5.459-2.838-10.204-7.963-13.512-13.98-.011-.012-.016-.027-.025-.035l-7.246-12.488c-.012-.012-.017-.023-.027-.039-3.585-5.86-5.674-12.513-5.412-18.634.262-6.112 2.742-11.684 8.584-15.971l2.649-1.513c.061-.035.081-.062.138-.056zm.027-3.721c-.701-.011-1.416.136-2.059.509l-2.801 1.611c-.063.036-.121.073-.178.109-6.739 4.932-9.842 11.798-10.145 18.875-.303 7.074 2.059 14.375 5.961 20.758l7.222 12.445-.017-.037c3.605 6.551 8.771 12.234 15.084 15.508 6.316 3.279 13.84 4.039 21.504.697.063-.027.127-.057.184-.092l2.805-1.611c1.297-.738 1.949-2.174 2.055-3.428.109-1.25-.146-2.467-.533-3.666-.758-2.371-2.08-4.674-3.172-6.254-2.063-3.549-4.055-6.012-6.357-7.389-2.32-1.383-5.105-1.363-7.377-.057l-3.48 2.006c-1.028.592-2.23.523-3.495-.012-1.259-.535-2.425-1.605-2.858-2.355l-8.59-14.804c-.434-.754-.789-2.292-.621-3.648.162-1.352.711-2.411 1.74-3.004l3.381-1.944c.088.453.344.864.715 1.14l18.313 14.388c1.191.936 2.602 1.457 4.023 1.539.072.004.146.004.219 0 1.422-.082 2.826-.604 4.018-1.539l25.222-19.814v32.734c0 .498-.568 1.154-1.682 1.154h-17.461c-1.051-.006-1.902.842-1.902 1.887 0 1.043.852 1.891 1.902 1.885h17.461c2.854 0 5.477-2.063 5.477-4.926v-34.849c0-2.865-2.623-4.927-5.477-4.927h-48.218c-.534-1.335-1.239-2.75-2.127-4.288-.831-1.73-2.179-4.017-3.866-5.856-.852-.932-1.771-1.758-2.92-2.292v.005c-.571-.27-1.25-.443-1.95-.458z\"><\/path><\/g><\/svg>\t\t\t\t<\/span>\n\t\t\t<\/div>\n\t\t\t\n\t\t\t\t\t\t<div class=\"elementor-icon-box-content\">\n\n\t\t\t\t\t\t\t\t\t<h3 class=\"elementor-icon-box-title\">\n\t\t\t\t\t\t<span  >\n\t\t\t\t\t\t\tAtendimento das 08H \u00e0s 18:00 horas\t\t\t\t\t\t<\/span>\n\t\t\t\t\t<\/h3>\n\t\t\t\t\n\t\t\t\t\t\t\t\t\t<p class=\"elementor-icon-box-description\">\n\t\t\t\t\t\t(62) 99673-1552<br>vinniciusphd@gmail.com\t\t\t\t\t<\/p>\n\t\t\t\t\n\t\t\t<\/div>\n\t\t\t\n\t\t<\/div>\n\t\t\t\t\t\t<\/div>\n\t\t\t\t<\/div>\n\t\t<div class=\"elementor-element elementor-element-f653261 e-con-full e-flex e-con e-child\" data-id=\"f653261\" data-element_type=\"container\">\n\t\t\t\t<div class=\"elementor-element elementor-element-2dd5141 elementor-widget elementor-widget-heading\" data-id=\"2dd5141\" data-element_type=\"widget\" data-widget_type=\"heading.default\">\n\t\t\t\t\t<h2 class=\"elementor-heading-title elementor-size-default\">Fale Conosco<\/h2>\t\t\t\t<\/div>\n\t\t\t\t<div class=\"elementor-element elementor-element-78b3ef0 elementor-widget__width-initial elementor-widget elementor-widget-text-editor\" data-id=\"78b3ef0\" data-element_type=\"widget\" data-widget_type=\"text-editor.default\">\n\t\t\t\t\t\t\t\t\t<p>Pelo canal de atendimento ao cliente estamos dispon\u00edveis para atend\u00ea-lo(a) da melhor forma<\/p>\t\t\t\t\t\t\t\t<\/div>\n\t\t\t\t<div class=\"elementor-element elementor-element-78bd2eb elementor-button-align-stretch elementor-widget elementor-widget-form\" data-id=\"78bd2eb\" data-element_type=\"widget\" data-settings=\"{&quot;step_next_label&quot;:&quot;Pr\\u00f3ximo&quot;,&quot;step_previous_label&quot;:&quot;Anterior&quot;,&quot;button_width&quot;:&quot;100&quot;,&quot;step_type&quot;:&quot;number_text&quot;,&quot;step_icon_shape&quot;:&quot;circle&quot;}\" data-widget_type=\"form.default\">\n\t\t\t\t\t\t\t<form class=\"elementor-form\" method=\"post\" name=\"Formulario da pagina de Contato\" aria-label=\"Formulario da pagina de Contato\">\n\t\t\t<input type=\"hidden\" name=\"post_id\" value=\"220\"\/>\n\t\t\t<input type=\"hidden\" name=\"form_id\" value=\"78bd2eb\"\/>\n\t\t\t<input type=\"hidden\" name=\"referer_title\" value=\"\" \/>\n\n\t\t\t\n\t\t\t<div class=\"elementor-form-fields-wrapper elementor-labels-\">\n\t\t\t\t\t\t\t\t<div class=\"elementor-field-type-text elementor-field-group elementor-column elementor-field-group-name elementor-col-100\">\n\t\t\t\t\t\t\t\t\t\t\t\t<label for=\"form-field-name\" class=\"elementor-field-label elementor-screen-only\">\n\t\t\t\t\t\t\t\tNome\t\t\t\t\t\t\t<\/label>\n\t\t\t\t\t\t\t\t\t\t\t\t\t\t<input size=\"1\" type=\"text\" name=\"form_fields[name]\" id=\"form-field-name\" class=\"elementor-field elementor-size-sm  elementor-field-textual\" placeholder=\"Nome\">\n\t\t\t\t\t\t\t\t\t\t\t<\/div>\n\t\t\t\t\t\t\t\t<div class=\"elementor-field-type-email elementor-field-group elementor-column elementor-field-group-email elementor-col-50 elementor-field-required\">\n\t\t\t\t\t\t\t\t\t\t\t\t<label for=\"form-field-email\" class=\"elementor-field-label elementor-screen-only\">\n\t\t\t\t\t\t\t\tE-mail\t\t\t\t\t\t\t<\/label>\n\t\t\t\t\t\t\t\t\t\t\t\t\t\t<input size=\"1\" type=\"email\" name=\"form_fields[email]\" id=\"form-field-email\" class=\"elementor-field elementor-size-sm  elementor-field-textual\" placeholder=\"E-mail\" required=\"required\">\n\t\t\t\t\t\t\t\t\t\t\t<\/div>\n\t\t\t\t\t\t\t\t<div class=\"elementor-field-type-tel elementor-field-group elementor-column elementor-field-group-field_f80bcdc elementor-col-50 elementor-field-required\">\n\t\t\t\t\t\t\t\t\t\t\t\t<label for=\"form-field-field_f80bcdc\" class=\"elementor-field-label elementor-screen-only\">\n\t\t\t\t\t\t\t\tTelefone\t\t\t\t\t\t\t<\/label>\n\t\t\t\t\t\t\t\t<input size=\"1\" type=\"tel\" name=\"form_fields[field_f80bcdc]\" id=\"form-field-field_f80bcdc\" class=\"elementor-field elementor-size-sm  elementor-field-textual\" placeholder=\"Telefone\" required=\"required\" pattern=\"[0-9()#&amp;+*-=.]+\" title=\"Apenas n\u00fameros e caracteres de telefone (#, -, *, etc.) s\u00e3o aceitos.\">\n\n\t\t\t\t\t\t<\/div>\n\t\t\t\t\t\t\t\t<div class=\"elementor-field-type-select elementor-field-group elementor-column elementor-field-group-field_c565b1d elementor-col-100\">\n\t\t\t\t\t\t\t\t\t\t\t\t<label for=\"form-field-field_c565b1d\" class=\"elementor-field-label elementor-screen-only\">\n\t\t\t\t\t\t\t\tTipo de projeto\t\t\t\t\t\t\t<\/label>\n\t\t\t\t\t\t\t\t<div class=\"elementor-field elementor-select-wrapper remove-before \">\n\t\t\t<div class=\"select-caret-down-wrapper\">\n\t\t\t\t<svg aria-hidden=\"true\" class=\"e-font-icon-svg e-eicon-caret-down\" viewBox=\"0 0 571.4 571.4\" xmlns=\"http:\/\/www.w3.org\/2000\/svg\"><path d=\"M571 393Q571 407 561 418L311 668Q300 679 286 679T261 668L11 418Q0 407 0 393T11 368 36 357H536Q550 357 561 368T571 393Z\"><\/path><\/svg>\t\t\t<\/div>\n\t\t\t<select name=\"form_fields[field_c565b1d]\" id=\"form-field-field_c565b1d\" class=\"elementor-field-textual elementor-size-sm\">\n\t\t\t\t\t\t\t\t\t<option value=\"Tipo de projeto\">Tipo de projeto<\/option>\n\t\t\t\t\t\t\t\t\t<option value=\"Casa pronta\">Casa pronta<\/option>\n\t\t\t\t\t\t\t\t\t<option value=\"Casa na planta \">Casa na planta <\/option>\n\t\t\t\t\t\t\t\t\t<option value=\"Obra residencial\">Obra residencial<\/option>\n\t\t\t\t\t\t\t\t\t<option value=\"Obra comercial\">Obra comercial<\/option>\n\t\t\t\t\t\t\t\t\t<option value=\"Assessoria de projetos\">Assessoria de projetos<\/option>\n\t\t\t\t\t\t\t<\/select>\n\t\t<\/div>\n\t\t\t\t\t\t<\/div>\n\t\t\t\t\t\t\t\t<div class=\"elementor-field-type-textarea elementor-field-group elementor-column elementor-field-group-field_f297540 elementor-col-100\">\n\t\t\t\t\t\t\t\t\t\t\t\t<label for=\"form-field-field_f297540\" class=\"elementor-field-label elementor-screen-only\">\n\t\t\t\t\t\t\t\tMensagem\t\t\t\t\t\t\t<\/label>\n\t\t\t\t\t\t<textarea class=\"elementor-field-textual elementor-field  elementor-size-sm\" name=\"form_fields[field_f297540]\" id=\"form-field-field_f297540\" rows=\"5\" placeholder=\"Mensagem\"><\/textarea>\t\t\t\t<\/div>\n\t\t\t\t\t\t\t\t<div class=\"elementor-field-group elementor-column elementor-field-type-submit elementor-col-100 e-form__buttons\">\n\t\t\t\t\t<button class=\"elementor-button elementor-size-sm\" type=\"submit\">\n\t\t\t\t\t\t<span class=\"elementor-button-content-wrapper\">\n\t\t\t\t\t\t\t\t\t\t\t\t\t\t\t\t\t\t\t\t\t\t<span class=\"elementor-button-text\">ENVIAR<\/span>\n\t\t\t\t\t\t\t\t\t\t\t\t\t<\/span>\n\t\t\t\t\t<\/button>\n\t\t\t\t<\/div>\n\t\t\t<\/div>\n\t\t<\/form>\n\t\t\t\t\t\t<\/div>\n\t\t\t\t<\/div>\n\t\t\t\t\t<\/div>\n\t\t\t\t<\/div>\n\t\t<div class=\"elementor-element elementor-element-6e5f62e e-flex e-con-boxed e-con e-parent\" data-id=\"6e5f62e\" data-element_type=\"container\">\n\t\t\t\t\t<div class=\"e-con-inner\">\n\t\t\t\t<div class=\"elementor-element elementor-element-550e353 elementor-widget elementor-widget-google_maps\" data-id=\"550e353\" data-element_type=\"widget\" data-widget_type=\"google_maps.default\">\n\t\t\t\t\t\t\t<div class=\"elementor-custom-embed\">\n\t\t\t<iframe loading=\"lazy\"\n\t\t\t\t\tsrc=\"https:\/\/maps.google.com\/maps?q=Avenida%20Engenheiro%20Calil%20Elias%20Neto%2C%201422%2C%20Bairro%20Vista%20Alegre%2C%20Vian%C3%B3polis%2C%20Goi%C3%A1s%2C%20CEP%2075265-000.%20&#038;t=m&#038;z=16&#038;output=embed&#038;iwloc=near\"\n\t\t\t\t\ttitle=\"Avenida Engenheiro Calil Elias Neto, 1422, Bairro Vista Alegre, Vian\u00f3polis, Goi\u00e1s, CEP 75265-000. \"\n\t\t\t\t\taria-label=\"Avenida Engenheiro Calil Elias Neto, 1422, Bairro Vista Alegre, Vian\u00f3polis, Goi\u00e1s, CEP 75265-000. \"\n\t\t\t><\/iframe>\n\t\t<\/div>\n\t\t\t\t\t\t<\/div>\n\t\t\t\t\t<\/div>\n\t\t\t\t<\/div>\n\t\t\t\t<\/div>\n\t\t","protected":false},"excerpt":{"rendered":"<p>Contato Onde Estamos? Construtora PhD Avenida Engenheiro Calil Elias Neto, 1422, Bairro Vista Alegre, Vian\u00f3polis, Goi\u00e1s, CEP 75265-000. Atendimento das 08H \u00e0s 18:00 horas (62) 99673-1552vinniciusphd@gmail.com Fale Conosco Pelo canal de atendimento ao cliente estamos dispon\u00edveis para atend\u00ea-lo(a) da melhor forma<\/p>\n","protected":false},"author":1,"featured_media":0,"parent":0,"menu_order":0,"comment_status":"closed","ping_status":"closed","template":"elementor_header_footer","meta":{"footnotes":""},"class_list":["post-220","page","type-page","status-publish","hentry"],"_links":{"self":[{"href":"https:\/\/plataformaprojetos.site\/phdconstrutora\/wp-json\/wp\/v2\/pages\/220","targetHints":{"allow":["GET"]}}],"collection":[{"href":"https:\/\/plataformaprojetos.site\/phdconstrutora\/wp-json\/wp\/v2\/pages"}],"about":[{"href":"https:\/\/plataformaprojetos.site\/phdconstrutora\/wp-json\/wp\/v2\/types\/page"}],"author":[{"embeddable":true,"href":"https:\/\/plataformaprojetos.site\/phdconstrutora\/wp-json\/wp\/v2\/users\/1"}],"replies":[{"embeddable":true,"href":"https:\/\/plataformaprojetos.site\/phdconstrutora\/wp-json\/wp\/v2\/comments?post=220"}],"version-history":[{"count":19,"href":"https:\/\/plataformaprojetos.site\/phdconstrutora\/wp-json\/wp\/v2\/pages\/220\/revisions"}],"predecessor-version":[{"id":276,"href":"https:\/\/plataformaprojetos.site\/phdconstrutora\/wp-json\/wp\/v2\/pages\/220\/revisions\/276"}],"wp:attachment":[{"href":"https:\/\/plataformaprojetos.site\/phdconstrutora\/wp-json\/wp\/v2\/media?parent=220"}],"curies":[{"name":"wp","href":"https:\/\/api.w.org\/{rel}","templated":true}]}}